{"id":30298,"date":"2021-07-14T12:01:00","date_gmt":"2021-07-14T10:01:00","guid":{"rendered":"https:\/\/www.esteri.it\/?page_id=30298"},"modified":"2024-08-05T14:32:16","modified_gmt":"2024-08-05T12:32:16","slug":"cos-e-la-proprieta-intellettuale","status":"publish","type":"page","link":"https:\/\/www.esteri.it\/it\/diplomazia-economica-e-politica-commerciale\/diplomaziaeconomica\/tutela-e-promozione-della-proprieta\/cos-e-la-proprieta-intellettuale\/","title":{"rendered":"Cos\u2019\u00e8 la propriet\u00e0 intellettuale"},"content":{"rendered":"<p>La propriet\u00e0 intellettuale si riferisce a un sistema di tutela giuridica del frutto dell\u2019attivit\u00e0 creativa e inventiva umana nel campo artistico, scientifico e industriale. I diritti di propriet\u00e0 intellettuale non proteggono il bene fisico in cui la creazione o l\u2019invenzione \u00e8 contenuta, ma la creazione intellettuale in quanto tale.<\/p>\n<p>Essi consentono a chi ne \u00e8 titolare di utilizzare o riprodurre la creazione e l\u2019invenzione in via esclusiva, a determinate condizioni, e di ricavarne un ritorno economico. Si tratta dunque di un bene immateriale e intangibile essenziale per il vantaggio competitivo delle imprese all\u2019estero e per l\u2019internazionalizzazione del sistema produttivo in un\u2019economia globale fondata su conoscenza, creativit\u00e0, ricerca e innovazione.<\/p>\n<p>I principali diritti di propriet\u00e0 intellettuale (diritto d\u2019autore, marchi, brevetti, disegni industriali e indicazioni geografiche) sono riconosciuti a livello internazionale. La loro tutela \u00e8 tuttavia in gran parte demandata alla normativa nazionale. La frammentazione territoriale che ne deriva costituisce una delle sfide centrali per la competitivit\u00e0 delle imprese che operano sui mercati esteri.<\/p>\n","protected":false},"excerpt":{"rendered":"La propriet\u00e0 intellettuale si riferisce a un sistema di tutela giuridica del frutto dell\u2019attivit\u00e0 creativa e inventiva umana nel campo artistico, scientifico e industriale. I diritti di propriet\u00e0 intellettuale non proteggono il bene fisico in cui la creazione o l\u2019invenzione \u00e8 contenuta, ma la creazione intellettuale in quanto tale. Essi consentono a chi ne \u00e8 [&hellip;]","protected":false},"author":1,"featured_media":0,"parent":30295,"menu_order":1,"comment_status":"closed","ping_status":"closed","template":"page-imprese.php","meta":{"footnotes":""},"class_list":["post-30298","page","type-page","status-publish","hentry"],"_links":{"self":[{"href":"https:\/\/www.esteri.it\/it\/wp-json\/wp\/v2\/pages\/30298","targetHints":{"allow":["GET"]}}],"collection":[{"href":"https:\/\/www.esteri.it\/it\/wp-json\/wp\/v2\/pages"}],"about":[{"href":"https:\/\/www.esteri.it\/it\/wp-json\/wp\/v2\/types\/page"}],"author":[{"embeddable":true,"href":"https:\/\/www.esteri.it\/it\/wp-json\/wp\/v2\/users\/1"}],"replies":[{"embeddable":true,"href":"https:\/\/www.esteri.it\/it\/wp-json\/wp\/v2\/comments?post=30298"}],"version-history":[{"count":1,"href":"https:\/\/www.esteri.it\/it\/wp-json\/wp\/v2\/pages\/30298\/revisions"}],"predecessor-version":[{"id":121464,"href":"https:\/\/www.esteri.it\/it\/wp-json\/wp\/v2\/pages\/30298\/revisions\/121464"}],"up":[{"embeddable":true,"href":"https:\/\/www.esteri.it\/it\/wp-json\/wp\/v2\/pages\/30295"}],"wp:attachment":[{"href":"https:\/\/www.esteri.it\/it\/wp-json\/wp\/v2\/media?parent=30298"}],"curies":[{"name":"wp","href":"https:\/\/api.w.org\/{rel}","templated":true}]}}