{"id":30301,"date":"2021-07-14T12:01:43","date_gmt":"2021-07-14T10:01:43","guid":{"rendered":"https:\/\/www.esteri.it\/?page_id=30301"},"modified":"2024-08-05T14:33:31","modified_gmt":"2024-08-05T12:33:31","slug":"perche-tutelare-la-proprieta-intellettuale","status":"publish","type":"page","link":"https:\/\/www.esteri.it\/it\/diplomazia-economica-e-politica-commerciale\/diplomaziaeconomica\/tutela-e-promozione-della-proprieta\/perche-tutelare-la-proprieta-intellettuale\/","title":{"rendered":"Perch\u00e9 tutelare la propriet\u00e0 intellettuale"},"content":{"rendered":"<p>Le imprese \u2013 grandi e piccole \u2013 che fanno un utilizzo intensivo dei diritti di propriet\u00e0 intellettuale costituiscono un settore vitale per l\u2019economia nazionale. Al successo del\u00a0<i>made in Italy<\/i>\u00a0contribuiscono in maniera determinante gli investimenti in ricerca e innovazione, che i diritti di propriet\u00e0 intellettuale delle imprese consentono di tutelare sia nell\u2019ambito dell\u2019organizzazione aziendale che nei confronti di concorrenti e consumatori.<\/p>\n<p>Tali diritti rappresentano quindi uno strumento fondamentale di cui inventori, artisti,\u00a0<i>designer<\/i>, imprese di grandi e piccole dimensioni, inclusi piccoli produttori agricoli e artigianali, possono servirsi per trarre beneficio economico dai propri punti di forza in termini di creativit\u00e0, originalit\u00e0 e innovativit\u00e0, cos\u00ec come di reputazione che i loro prodotti hanno acquisito sul mercato.<\/p>\n<p>Permettendo di salvaguardare efficacemente il frutto degli investimenti in attivit\u00e0 creative e innovative, i diritti di propriet\u00e0 intellettuale divengono, in un mondo sempre pi\u00f9 globalizzato, un fattore imprescindibile di crescita e competitivit\u00e0 per le imprese sui mercati internazionali, nonch\u00e9 elemento strategico per lo sviluppo economico, per la crescita dell\u2019occupazione e per il progresso sociale del Paese.<\/p>\n","protected":false},"excerpt":{"rendered":"Le imprese \u2013 grandi e piccole \u2013 che fanno un utilizzo intensivo dei diritti di propriet\u00e0 intellettuale costituiscono un settore vitale per l\u2019economia nazionale. Al successo del\u00a0made in Italy\u00a0contribuiscono in maniera determinante gli investimenti in ricerca e innovazione, che i diritti di propriet\u00e0 intellettuale delle imprese consentono di tutelare sia nell\u2019ambito dell\u2019organizzazione aziendale che nei [&hellip;]","protected":false},"author":1,"featured_media":0,"parent":30295,"menu_order":2,"comment_status":"closed","ping_status":"closed","template":"page-imprese.php","meta":{"footnotes":""},"class_list":["post-30301","page","type-page","status-publish","hentry"],"_links":{"self":[{"href":"https:\/\/www.esteri.it\/it\/wp-json\/wp\/v2\/pages\/30301","targetHints":{"allow":["GET"]}}],"collection":[{"href":"https:\/\/www.esteri.it\/it\/wp-json\/wp\/v2\/pages"}],"about":[{"href":"https:\/\/www.esteri.it\/it\/wp-json\/wp\/v2\/types\/page"}],"author":[{"embeddable":true,"href":"https:\/\/www.esteri.it\/it\/wp-json\/wp\/v2\/users\/1"}],"replies":[{"embeddable":true,"href":"https:\/\/www.esteri.it\/it\/wp-json\/wp\/v2\/comments?post=30301"}],"version-history":[{"count":1,"href":"https:\/\/www.esteri.it\/it\/wp-json\/wp\/v2\/pages\/30301\/revisions"}],"predecessor-version":[{"id":121466,"href":"https:\/\/www.esteri.it\/it\/wp-json\/wp\/v2\/pages\/30301\/revisions\/121466"}],"up":[{"embeddable":true,"href":"https:\/\/www.esteri.it\/it\/wp-json\/wp\/v2\/pages\/30295"}],"wp:attachment":[{"href":"https:\/\/www.esteri.it\/it\/wp-json\/wp\/v2\/media?parent=30301"}],"curies":[{"name":"wp","href":"https:\/\/api.w.org\/{rel}","templated":true}]}}