{"id":30400,"date":"2021-07-15T14:12:25","date_gmt":"2021-07-15T12:12:25","guid":{"rendered":"https:\/\/www.esteri.it\/?page_id=30400"},"modified":"2023-01-12T15:47:51","modified_gmt":"2023-01-12T14:47:51","slug":"import-export","status":"publish","type":"page","link":"https:\/\/www.esteri.it\/it\/politica-estera-e-cooperazione-allo-sviluppo\/politica_europea\/politica-commerciale-internazionale\/import-export\/","title":{"rendered":"Import\/Export e regimi autorizzativi"},"content":{"rendered":"<p>Quest&#8217;area permette la consultazione di informazioni, modulistica e documenti a operatori interessati alle attivit\u00e0 di import\/export.\u00a0Per i settori indicati, \u00e8\u00a0possibile acquisire informazioni sui principali Regolamenti e accordi che disciplinano gli scambi commerciali, in particolare nei casi in cui si applichino restrizioni temporanee, adottate\u00a0dalla Commissione Europea\u00a0in base alle procedure previste.<\/p>\n<p><em>Per l\u2019accettazione delle richieste e il ritiro dei certificati di import\/export \u00e8 attivo lo Sportello UASC, presso l\u2019ingresso lato Olimpico, via Tommaso Tittoni, osservando i seguenti orari: luned\u00ec, mercoled\u00ec e gioved\u00ec dalle 11.00 alle 13.30; marted\u00ec e venerd\u00ec dalle 13.30 alle 15.00.<\/em><\/p>\n<p><em>Telefono sportello: 06\/36913251; Telefono operatori: 06\/36912046\/2083\/2059.<\/em><\/p>\n","protected":false},"excerpt":{"rendered":"Quest&#8217;area permette la consultazione di informazioni, modulistica e documenti a operatori interessati alle attivit\u00e0 di import\/export.\u00a0Per i settori indicati, \u00e8\u00a0possibile acquisire informazioni sui principali Regolamenti e accordi che disciplinano gli scambi commerciali, in particolare nei casi in cui si applichino restrizioni temporanee, adottate\u00a0dalla Commissione Europea\u00a0in base alle procedure previste. Per l\u2019accettazione delle richieste e il [&hellip;]","protected":false},"author":1,"featured_media":0,"parent":30730,"menu_order":6,"comment_status":"closed","ping_status":"closed","template":"page-estera.php","meta":{"footnotes":""},"class_list":["post-30400","page","type-page","status-publish","hentry"],"_links":{"self":[{"href":"https:\/\/www.esteri.it\/it\/wp-json\/wp\/v2\/pages\/30400","targetHints":{"allow":["GET"]}}],"collection":[{"href":"https:\/\/www.esteri.it\/it\/wp-json\/wp\/v2\/pages"}],"about":[{"href":"https:\/\/www.esteri.it\/it\/wp-json\/wp\/v2\/types\/page"}],"author":[{"embeddable":true,"href":"https:\/\/www.esteri.it\/it\/wp-json\/wp\/v2\/users\/1"}],"replies":[{"embeddable":true,"href":"https:\/\/www.esteri.it\/it\/wp-json\/wp\/v2\/comments?post=30400"}],"version-history":[{"count":3,"href":"https:\/\/www.esteri.it\/it\/wp-json\/wp\/v2\/pages\/30400\/revisions"}],"predecessor-version":[{"id":94595,"href":"https:\/\/www.esteri.it\/it\/wp-json\/wp\/v2\/pages\/30400\/revisions\/94595"}],"up":[{"embeddable":true,"href":"https:\/\/www.esteri.it\/it\/wp-json\/wp\/v2\/pages\/30730"}],"wp:attachment":[{"href":"https:\/\/www.esteri.it\/it\/wp-json\/wp\/v2\/media?parent=30400"}],"curies":[{"name":"wp","href":"https:\/\/api.w.org\/{rel}","templated":true}]}}