{"id":30450,"date":"2021-07-16T11:36:30","date_gmt":"2021-07-16T09:36:30","guid":{"rendered":"https:\/\/www.esteri.it\/?page_id=30450"},"modified":"2026-04-08T12:46:35","modified_gmt":"2026-04-08T10:46:35","slug":"agroalimentare","status":"publish","type":"page","link":"https:\/\/www.esteri.it\/it\/politica-estera-e-cooperazione-allo-sviluppo\/politica_europea\/politica-commerciale-internazionale\/import-export\/agroalimentare\/","title":{"rendered":"Agroalimentare"},"content":{"rendered":"<div style=\"padding: 20px; border: 2px solid #ff0000;\">\n<p style=\"color: #ff0000; margin: 0;\"><span style=\"color: #ff0000;\"><strong>AVVISO<\/strong><\/span><\/p>\n<p><em>Nell&#8217;imminenza dell&#8217;avvio del nuovo sistema di richiesta ed emissione dei titoli di importazione\/esportazione di prodotti agroalimentari, che prender\u00e0 il posto dell\u2019esistente SIIE-SIECA, si avvisa la spettabile utenza che le domande relative ai suddetti titoli dovranno essere indirizzate esclusivamente al seguente indirizzo di posta elettronica certificata: <a href=\"mailto:dgue11@cert.esteri.it\">dgue11@cert.esteri.it<\/a>, ovvero presentate presso lo sportello UASC della Farnesina. <\/em><br \/>\n<em>Tutte le domande sinora presentate sul sistema SIIE sono state correttamente acquisite.<\/em><br \/>\n<em>Sia le predette domande gi\u00e0 presentate, sia quelle che perverranno al menzionato indirizzo PEC, verranno lavorate mediante il nuovo sistema, che sar\u00e0 avviato a breve.<\/em><br \/>\n<em>Di conseguenza i relativi titoli saranno rilasciati contestualmente all&#8217;avvio dello stesso.\u00a0<\/em><\/p>\n<\/div>\n<p>&nbsp;<\/p>\n<p style=\"font-weight: 400;\"><em>Questa sezione si riferisce all&#8217;import \/export dell&#8217;agroalimentare. Se stai cercando altri temi dell&#8217;industria alimentare (ad esempio, l&#8217;etichettatura) vedi\u00a0<a href=\"https:\/\/www.mise.gov.it\/index.php\/it\/impresa\/competitivita-e-nuove-imprese\/industria-alimentare\">Industria alimentare<\/a><\/em><\/p>\n<p style=\"font-weight: 400;\">Le operazioni doganali di importazione e di esportazione con Paesi terzi di prodotti agroalimentari rientranti nell&#8217;organizzazione comune dei mercati agricoli (Reg.UE 1308\/2013 del Parlamento europeo e del Consiglio recante organizzazione comune dei mercati dei prodotti agricoli) possono essere subordinate al rilascio di un titolo di importazione o di esportazione emesso da questa Amministrazione secondo le modalit\u00e0 stabilite nel\u00a0<a href=\"https:\/\/www.esteri.it\/mae\/images\/stories\/commercio_internazionale\/agroalimentare\/Reg_2016_1237.pdf\">Regolamento delegato UE 2016\/1237<\/a>\u00a0della Commissione e nel\u00a0<a href=\"https:\/\/www.esteri.it\/mae\/images\/stories\/commercio_internazionale\/agroalimentare\/Reg_2016_1239.pdf\">Regolamento di esecuzione 2016\/1239<\/a>.<\/p>\n<p style=\"font-weight: 400;\"><a href=\"https:\/\/www.esteri.it\/mae\/resource\/doc\/2020\/11\/celex_2020-760_it_txt.pdf\">REGOLAMENTO DELEGATO (UE) 2020\/760<\/a>\u00a0DELLA COMMISSIONE\u00a0<em>del 17 dicembre 2019, che integra il regolamento (UE) n. 1308\/2013 del Parlamento europeo e del Consiglio per quanto riguarda le norme di gestione dei contingenti tariffari di importazione e di esportazione soggetti a titoli e che integra il regolamento (UE) n. 1306\/2013 del Parlamento europeo e del Consiglio per quanto riguarda la costituzione di cauzioni nella gestione dei contingenti tariffari.<\/em><br \/>\n<a href=\"https:\/\/www.esteri.it\/mae\/resource\/doc\/2020\/11\/celex_2020-761_it_txt.pdf\">REGOLAMENTO DI ESECUZIONE (UE) 2020\/761<\/a>\u00a0DELLA COMMISSIONE\u00a0<em>del 17 dicembre 2019 recante modalit\u00e0 di applicazione dei regolamenti (UE) n. 1306\/2013, (UE) n. 1308\/2013 e (UE) n. 510\/2014 del Parlamento europeo e del Consiglio per quanto riguarda il sistema di gestione dei contingenti tariffari con titoli.<\/em><\/p>\n<p style=\"font-weight: 400;\">A tal proposito leggasi il\u00a0<a href=\"https:\/\/www.esteri.it\/it\/politica-estera-e-cooperazione-allo-sviluppo\/politica_europea\/politica-commerciale-internazionale\/import-export\/agroalimentare\/comunicato-settore-agroalimentare-3-agosto-2016\/\">Comunicato n.6 del 3.8.2016\u00a0<\/a>.<\/p>\n<p>I settori per i quali attualmente sono previsti certificati per l&#8217;importazione, l&#8217;esportazione sono:<\/p>\n<ul style=\"font-weight: 400;\">\n<li><a href=\"https:\/\/www.esteri.it\/it\/politica-estera-e-cooperazione-allo-sviluppo\/politica_europea\/politica-commerciale-internazionale\/import-export\/agroalimentare\/cereali\">CEREALI<\/a><\/li>\n<li><a href=\"https:\/\/www.esteri.it\/it\/politica-estera-e-cooperazione-allo-sviluppo\/politica_europea\/politica-commerciale-internazionale\/import-export\/agroalimentare\/riso\">RISO<\/a><\/li>\n<li><a href=\"https:\/\/www.esteri.it\/it\/politica-estera-e-cooperazione-allo-sviluppo\/politica_europea\/politica-commerciale-internazionale\/import-export\/agroalimentare\/zucchero\">ZUCCHERO<\/a><\/li>\n<li><a href=\"https:\/\/www.esteri.it\/it\/politica-estera-e-cooperazione-allo-sviluppo\/politica_europea\/politica-commerciale-internazionale\/import-export\/agroalimentare\/olio-di-oliva\">OLIO DI OLIVA<\/a><\/li>\n<li><a href=\"https:\/\/www.esteri.it\/it\/politica-estera-e-cooperazione-allo-sviluppo\/politica_europea\/politica-commerciale-internazionale\/import-export\/agroalimentare\/ortofrutticoli\">ORTOFRUTTICOLI<\/a><\/li>\n<li><a href=\"https:\/\/www.esteri.it\/it\/politica-estera-e-cooperazione-allo-sviluppo\/politica_europea\/politica-commerciale-internazionale\/import-export\/agroalimentare\/carni-bovine\">CARNI BOVINE<\/a><\/li>\n<li><a href=\"https:\/\/www.esteri.it\/it\/politica-estera-e-cooperazione-allo-sviluppo\/politica_europea\/politica-commerciale-internazionale\/import-export\/agroalimentare\/latte-e-prodotti-lattiero-caseari\/\">LATTE E PRODOTTI LATTIERO-CASEARI<\/a><\/li>\n<li><a href=\"https:\/\/www.esteri.it\/it\/politica-estera-e-cooperazione-allo-sviluppo\/politica_europea\/politica-commerciale-internazionale\/import-export\/agroalimentare\/carni-suine\">CARNI SUINE<\/a><\/li>\n<li><a href=\"https:\/\/www.esteri.it\/it\/politica-estera-e-cooperazione-allo-sviluppo\/politica_europea\/politica-commerciale-internazionale\/import-export\/agroalimentare\/pollame\">UOVA E POLLAME<\/a><\/li>\n<li><a href=\"https:\/\/www.esteri.it\/it\/politica-estera-e-cooperazione-allo-sviluppo\/politica_europea\/politica-commerciale-internazionale\/import-export\/agroalimentare\/settore-alcool-importazioni-alcool-non-soggette-a-contingenti-tariffari\">ALCOOL -IMPORTAZIONI NON SOGGETTE A CONTINGENTI TARIFFARI<\/a><\/li>\n<li><a href=\"https:\/\/www.esteri.it\/it\/politica-estera-e-cooperazione-allo-sviluppo\/politica_europea\/politica-commerciale-internazionale\/import-export\/agroalimentare\/settore-agroalimentare-ucraina\">UCRAINA<\/a><\/li>\n<li><a href=\"https:\/\/www.esteri.it\/it\/politica-estera-e-cooperazione-allo-sviluppo\/politica_europea\/politica-commerciale-internazionale\/import-export\/agroalimentare\/settore-agroalimentare-canada\">CANADA<\/a><\/li>\n<li><a href=\"http:\/\/siie.sviluppoeconomico.gov.it\/\">INTEROPERABILITA&#8217;<\/a><\/li>\n<li><a href=\"https:\/\/www.esteri.it\/it\/politica-estera-e-cooperazione-allo-sviluppo\/politica_europea\/politica-commerciale-internazionale\/import-export\/agroalimentare\/statistiche-agroalimentare\">STATISTICHE AGROALIMENTARE<\/a><\/li>\n<li><a href=\"https:\/\/www.esteri.it\/it\/politica-estera-e-cooperazione-allo-sviluppo\/politica_europea\/politica-commerciale-internazionale\/import-export\/agroalimentare\/importexport-agroalimentare-questionario-di-gradimento\">QUESTIONARIO DI GRADIMENTO<\/a><\/li>\n<li><a href=\"https:\/\/www.esteri.it\/it\/politica-estera-e-cooperazione-allo-sviluppo\/politica_europea\/politica-commerciale-internazionale\/import-export\/agroalimentare\/comunicati-settore-agroalimentare\">VEDI COMUNICATI DELL&#8217;AGROALIMENTARE<\/a><\/li>\n<\/ul>\n<p style=\"font-weight: 400;\">Il Regolamento di esecuzione 2016\/1239 ha introdotto, all\u2019art. 2, l\u2019obbligo dei titoli elettronici, richiedibili accedendo all\u2019indirizzo:\u00a0<a href=\"http:\/\/siie.sviluppoeconomico.gov.it\/\">http:\/\/siie.sviluppoeconomico.gov.it<\/a>. Contestualmente al rilascio di tali titoli, al richiedente verr\u00e0 inviata una mail che confermer\u00e0 la possibilit\u00e0 di utilizzare il titolo in dogana in tempo reale.<\/p>\n<p style=\"font-weight: 400;\">Per qualsiasi delucidazione relativa ai soli titoli elettronici, si pu\u00f2 scrivere alla casella di posta elettronica dedicata:\u00a0<a href=\"mailto:assistenza.siie@mise.gov.it\">assistenza.siie@mise.gov.it<\/a><\/p>\n<p style=\"font-weight: 400;\">Nelle schede, che \u00e8 possibile consultare cliccando sui singoli settori, sono contenute tutte le informazioni necessarie per poter richiedere i relativi titoli.<\/p>\n<p>I titoli, emessi dai competenti organismi degli Stati membri su richiesta degli interessati e utilizzabili \u2013 quelli cartacei\u00a0in tutto il territorio\u00a0dell\u2019Unione Europea, quelli elettronici solo in Italia, salvo richiedere un estratto cartaceo &#8211; , autorizzano e obbligano ad importare ed esportare, entro il periodo della propria validit\u00e0, il quantitativo di prodotto in essi indicato. Per maggiori dettagli sulla compilazione delle richieste, si rinvia alla\u00a0<a href=\"https:\/\/www.esteri.it\/mae\/images\/stories\/commercio_internazionale\/agroalimentare\/nota_esplicativa.pdf\">Nota esplicativa C 278\/34 del 30\/07\/2016<\/a>.<\/p>\n<p style=\"font-weight: 400;\">I diritti derivanti dai titoli sono cedibili; a meno che non sia diversamente previsto dalla normativa di settore. Durante il periodo di efficacia del certificato \u00e8 pertanto previsto che il titolare possa trasferire &#8211; ad un solo cessionario &#8211; le quantit\u00e0 non ancora imputate sul certificato o sull&#8217;estratto.<\/p>\n<p>Inoltre, per consentire la realizzazione simultanea di pi\u00f9 operazioni sulla base di uno stesso documento, \u00e8 stato previsto il rilascio di estratti del titolo che producono gli stessi effetti giuridici dei relativi certificati limitatamente alle quantit\u00e0 per le quali sono rilasciati.<\/p>\n<p>Le richieste di titolo, redatte secondo gli appositi formulari previsti dall\u2019all. I del Regolamento di esecuzione 2016\/1239 o su carta semplice intestata alla ditta (in caso di malfunzionamento delle applicazioni informatiche), dovranno essere compilate in conformit\u00e0 all\u2019art. 2 del succitato regolamento avendo cura di indicare il CODICE EORI della Ditta o del richiedente.<\/p>\n<p style=\"font-weight: 400;\">Le domande, firmate dal titolare della ditta o da un suo delegato e indirizzate al Ministero degli Affari Esteri e della Cooperazione Internazionale \u2013 Direzione Generale per l\u2019Unione Europea \u2013 Ufficio XI \u2013 Piazzale della Farnesina 01 &#8211; 00135 Roma \u2013 potranno essere trasmesse anche via fax.<\/p>\n<p>Nei casi in cui la ditta si debba impegnare ad osservare particolari adempimenti o si debba assumere la responsabilit\u00e0 di specifiche dichiarazioni, \u00e8 necessario che tali attestazioni siano redatte su carta intestata alla ditta richiedente e firmate dal titolare dell&#8217;azienda o da un suo legale rappresentante.<\/p>\n<p>La cauzione, che \u00e8 diversa a seconda dei prodotti per i quali si richiede un titolo ed \u00e8 in funzione delle quantit\u00e0 richieste, dovr\u00e0 essere costituita entro le ore 13 del giorno in cui \u00e8 presentata la domanda di titolo. Nel caso in cui venga attribuito un quantitativo ridotto rispetto a quanto richiesto, la stessa si intender\u00e0 proporzionalmente ridotta. La cauzione potr\u00e0 essere prestata:<br \/>\n&#8211; in contanti, mediante deposito provvisorio nei modi d&#8217;uso presso la Tesoreria provinciale del tesoro competente per territorio<br \/>\n&#8211; sotto forma di\u00a0<a href=\"https:\/\/www.esteri.it\/mae\/resource\/doc\/2020\/03\/rev2dgue_xi_-_fidejussione_singola.docx\">garanzia fidejussoria\u00a0<\/a>prestata da una banca o da una societ\u00e0 assicuratrice autorizzata all&#8217;esercizio del ramo cauzioni, con sede nell&#8217;Unione Europea<br \/>\n&#8211; a valere su una\u00a0<a href=\"https:\/\/www.esteri.it\/mae\/resource\/doc\/2020\/02\/dgue_xi_-_fidejussione_cumulativa_rev.docx\">garanzia fidejussoria cumulativa<\/a> di importo non inferiore a 10.000 (diecimila) euro e gi\u00e0 presente agli atti del Ministero in originale.<br \/>\nSi fa presente che non \u00e8 possibile tenere pi\u00f9 di una garanzia cumulativa accesa.<\/p>\n<p style=\"font-weight: 400;\">Se l&#8217;importo della cauzione di un titolo:<br \/>\n&#8211; \u00e8 pari o inferiore a 100 euro: la cauzione non \u00e8 dovuta<br \/>\n&#8211; \u00e8 compreso tra i 100,01 e i 499,99 euro: la cauzione pu\u00f2 essere non richiesta dall&#8217;Amministrazione competente la quale pu\u00f2 rinunciare ad esigere la cauzione ed accettare la prevista dichiarazione di impegno dell&#8217;interessato a pagare successivamente l&#8217;eventuale somma incamerata<\/p>\n<p style=\"font-weight: 400;\"><b><strong><br \/>\nCONTINGENTI TARIFFARI DI IMPORTAZIONE, SOGGETTI AD UN REGIME DI TITOLI<\/strong><\/b><\/p>\n<p style=\"font-weight: 400;\">E\u2019 previsto che alcuni prodotti agricoli possano essere importati in esenzione totale o parziale dai dazi. Le norme generali per la gestione di tali contingenti tariffari, soggetti ad un regime di titoli, sono indicate nel Reg. CE 1301 del 31.8.2006.<\/p>\n<p>I contingenti sono aperti per un periodo di tempo di dodici mesi consecutivi (periodo contingentale) che pu\u00f2 essere suddiviso in pi\u00f9 sottoperiodi.<\/p>\n<p>Possono parteciparvi, ad esclusione degli agenti doganali e dei rappresentanti in dogana, tutti gli operatori in grado di comprovare, con documenti doganali, il commercio con Paesi Terzi dei prodotti del settore negli ultimi 2 anni.<\/p>\n<p>La domanda, che indicher\u00e0 il numero d\u2019ordine del contingente che si intende richiedere, dovr\u00e0 essere presentata nello Stato membro in cui si risiede e nel quale si \u00e8 iscritti nel registro dell\u2019IVA.\u00a0Pu\u00f2 essere presentata una sola istanza per lo stesso numero d\u2019ordine del contingente tariffario in un dato periodo (o sottoperiodo) contingentale. Le modalit\u00e0 relative alla presentazione delle istanze e le ulteriori norme di gestione sono stabilite dai regolamenti della Commissione relativi ai singoli contingenti.<\/p>\n<p style=\"font-weight: 400;\"><b><strong>SVINCOLO DELLA CAUZIONE<\/strong><\/b><\/p>\n<p style=\"font-weight: 400;\">La cauzione relativa ad un titolo \u00e8 svincolata se gli obblighi di cui all\u2019art. 24 del Reg. UE n. 907\/2014 e all\u2019art. 14 del Reg. di esecuzione 2016\/1239 sono stati adempiuti.<\/p>\n<p style=\"font-weight: 400;\">Il diritto di immissione in libera pratica o di esportazione di prodotti \u00e8 considerato esercitato e l\u2019obbligo corrispondente \u00e8 considerato adempiuto il giorno in cui la relativa dichiarazione doganale \u00e8 accettata, durante il periodo di validit\u00e0 del titolo a condizione che:<\/p>\n<ul style=\"font-weight: 400;\">\n<li>in caso di immissione in libera pratica, i prodotti siano effettivamente immessi in libera pratica;<\/li>\n<li>in caso di esportazione, i prodotti abbiano lasciato il territorio doganale dell\u2019Unione entro un termine di 150 giorni di calendario a decorrere dalla data di accettazione della dichiarazione doganale.<\/li>\n<\/ul>\n<p style=\"font-weight: 400;\">La prova dell\u2019adempimento dell\u2019obbligo di immissione in libera pratica dei prodotti \u00e8 costituita dall\u2019esemplare del titolo o dell\u2019estratto destinato al titolare o al cessionario, debitamente vistato dalle autorit\u00e0 doganali, oppure dal suo equivalente elettronico.<\/p>\n<p style=\"font-weight: 400;\">La prova dell\u2019immissione in libera pratica dei prodotti deve pervenire all\u2019organismo emittente entro 60 giorni di calendario dalla scadenza del periodo di validit\u00e0 del titolo.<\/p>\n<p style=\"font-weight: 400;\">La prova dell\u2019avvenuta esportazione e dell\u2019uscita dal territorio doganale dell\u2019Unione deve pervenire all\u2019organismo emittente entro 180 giorni di calendario dopo la scadenza del titolo.<\/p>\n<p style=\"font-weight: 400;\">In caso di distruzione parziale o totale o di smarrimento di un titolo o di un estratto, il titolare o il cessionario possono chiedere all\u2019organismo emittente un titolo o un estratto sostitutivo dell\u2019originale per i quali \u00e8 costituita una cauzione pari al 150% della cauzione del titolo originale. Se il titolo originale smarrito o parzialmente distrutto \u00e8 ritrovato, il titolare \u00e8 tenuto a restituirlo a questo Ufficio che svincola l\u2019importo residuo della relativa cauzione. Un titolo o un estratto sostitutivo possono essere rilasciati una sola volta, per il periodo di validit\u00e0 e per il saldo del quantitativo rimanente del titolo o dell\u2019estratto originale. Non \u00e8 rilasciato un titolo o un estratto sostitutivo qualora si tratti di prodotti per cui il rilascio \u00e8 sospeso o qualora si tratti di un contingente tariffario all\u2019importazione o esportazione.<\/p>\n<p style=\"font-weight: 400;\">In caso di smarrimento o distruzione di un titolo o di un estratto su supporto cartaceo, e se il documento smarrito \u00e8 stato utilizzato completamente o in parte, al solo fine di svincolare la cauzione ancora in sospeso si pu\u00f2 richiedere il rilascio di un duplicato del titolo o dell\u2019estratto. Un duplicato pu\u00f2 essere rilasciato soltanto una volta.<\/p>\n<p style=\"font-weight: 400;\">Nel caso in cui l\u2019importazione o l\u2019esportazione non possano essere effettuate durante il periodo di validit\u00e0 del titolo a causa di circostanze eccezionali, indipendenti dall\u2019operatore e le cui conseguenze non avrebbero potuto essere evitate, il titolare del titolopu\u00f2 invocare la causa di forza maggiore e chiedere la proroga della durata di validit\u00e0 o l\u2019annullamento dello stesso (Reg. UE 2016\/1239 art. 16)<\/p>\n<p style=\"font-weight: 400;\">Le istanze indirizzate alla DGUE &#8211; UFFICIO XI, oltre che inviate, possono essere presentate direttamente presso l\u2019Ufficio<a href=\"https:\/\/www.esteri.it\/it\/politica-estera-e-cooperazione-allo-sviluppo\/politica_europea\/politica-commerciale-internazionale\/import-export\/uasc-ufficio-accettazione-spedizione-corrispondenza\">\u00a0UASC, (Ufficio Accettazione Spedizione Corrispondenza)<\/a>\u00a0dell&#8217;Ufficio. L\u2019Ufficio, aperto al pubblico tutti i giorni dal luned\u00ec al venerd\u00ec, provvede anche alla spedizione e consegna degli atti e provvedimenti adottati dall\u2019Amministrazione.<\/p>\n<p><b><i><span style=\"font-family: 'Calibri',sans-serif; color: black;\">Il Dirigente<br \/>\nDott. Lucio Loiero<br \/>\ntel. +39 06 36915083<br \/>\ne-mail:\u00a0<a href=\"mailto:lucio.loiero@esteri.it\">lucio.loiero@esteri.it<br \/>\n<\/a>e-mail Ufficio:\u00a0<a href=\"mailto:dgue-11@esteri.it\">dgue11@esteri.it<br \/>\n<\/a>pec:\u00a0<\/span><\/i><\/b><span style=\"font-family: 'Calibri',sans-serif; color: black;\"><a href=\"mailto:dgue.11@cert.esteri.it\"><b><i>dgue11@cert.esteri.it<\/i><\/b><\/a><\/span><\/p>\n","protected":false},"excerpt":{"rendered":"AVVISO Nell&#8217;imminenza dell&#8217;avvio del nuovo sistema di richiesta ed emissione dei titoli di importazione\/esportazione di prodotti agroalimentari, che prender\u00e0 il posto dell\u2019esistente SIIE-SIECA, si avvisa la spettabile utenza che le domande relative ai suddetti titoli dovranno essere indirizzate esclusivamente al seguente indirizzo di posta elettronica certificata: dgue11@cert.esteri.it, ovvero presentate presso lo sportello UASC della Farnesina. [&hellip;]","protected":false},"author":1,"featured_media":0,"parent":30400,"menu_order":3,"comment_status":"closed","ping_status":"closed","template":"page-estera.php","meta":{"footnotes":""},"class_list":["post-30450","page","type-page","status-publish","hentry"],"_links":{"self":[{"href":"https:\/\/www.esteri.it\/it\/wp-json\/wp\/v2\/pages\/30450","targetHints":{"allow":["GET"]}}],"collection":[{"href":"https:\/\/www.esteri.it\/it\/wp-json\/wp\/v2\/pages"}],"about":[{"href":"https:\/\/www.esteri.it\/it\/wp-json\/wp\/v2\/types\/page"}],"author":[{"embeddable":true,"href":"https:\/\/www.esteri.it\/it\/wp-json\/wp\/v2\/users\/1"}],"replies":[{"embeddable":true,"href":"https:\/\/www.esteri.it\/it\/wp-json\/wp\/v2\/comments?post=30450"}],"version-history":[{"count":6,"href":"https:\/\/www.esteri.it\/it\/wp-json\/wp\/v2\/pages\/30450\/revisions"}],"predecessor-version":[{"id":182094,"href":"https:\/\/www.esteri.it\/it\/wp-json\/wp\/v2\/pages\/30450\/revisions\/182094"}],"up":[{"embeddable":true,"href":"https:\/\/www.esteri.it\/it\/wp-json\/wp\/v2\/pages\/30400"}],"wp:attachment":[{"href":"https:\/\/www.esteri.it\/it\/wp-json\/wp\/v2\/media?parent=30450"}],"curies":[{"name":"wp","href":"https:\/\/api.w.org\/{rel}","templated":true}]}}