{"id":30476,"date":"2021-07-16T12:08:11","date_gmt":"2021-07-16T10:08:11","guid":{"rendered":"https:\/\/www.esteri.it\/?page_id=30476"},"modified":"2026-03-30T09:52:13","modified_gmt":"2026-03-30T07:52:13","slug":"africa","status":"publish","type":"page","link":"https:\/\/www.esteri.it\/it\/politica-estera-e-cooperazione-allo-sviluppo\/aree_geografiche\/africa\/","title":{"rendered":"Africa"},"content":{"rendered":"<p>L\u2019<strong>Africa Sub-sahariana\u00a0<\/strong>presenta, accanto a persistenti aree di crisi, sempre maggiori <strong>opportunit\u00e0 di crescita,<\/strong> grazie alle rilevanti potenzialit\u00e0 economiche di cui dispone, in termini di risorse naturali, e alla giovane et\u00e0 media della popolazione. Tuttavia, le capacit\u00e0 economiche del Continente non sono ancora state pienamente messe a frutto ed \u00e8 auspicabile una sempre maggiore integrazione dell\u2019Africa nei circuiti dell\u2019economia mondiale, nel rispetto delle esigenze e dei piani di sviluppo relativi ad ogni contesto locale.<\/p>\n<p>Nel corso del <strong>Vertice Italia \u2013 Africa<\/strong>, svoltosi a Roma nel gennaio 2024, l\u2019Italia ha lanciato il <strong>Piano Mattei per l\u2019Africa<\/strong>, programma di interventi ispirato ad un approccio paritario e volto a contribuire alla crescita del Continente, con un focus su alcuni settori prioritari: istruzione e formazione; salute; agricoltura; acqua ed energia; infrastrutture.<\/p>\n<p>A fronte degli iniziali <strong>9 Paesi pilota<\/strong> \u2013 Algeria, Congo, Costa d\u2019Avorio, Egitto, Etiopia, Kenya, Marocco, Mozambico e Tunisia \u2013 il 9 gennaio 2025 il Governo italiano ha ampliato la portata del Piano ad <strong>altri 5 Paesi:<\/strong> Angola, Ghana, Mauritania, Tanzania e Senegal. In linea con lo spirito del Piano, la definizione delle iniziative scaturisce dal dialogo con i partner africani beneficiari del progetto, nel rispetto della piena ownership da parte degli stessi degli obiettivi e di tutte le fasi attuative delle attivit\u00e0.<\/p>\n<p>Nel novembre 2025 si \u00e8 svolto a Luanda, in Angola, il <strong>Settimo Vertice Unione Europea \u2013 Unione Africana<\/strong>, che ha rappresentato un\u2019occasione per gli Stati membri delle due Organizzazioni per analizzare i progressi compiuti e riflettere sugli sviluppi futuri del partenariato tra i due Continenti. Al centro di tale partenariato si colloca la componente del <strong>Global Gateway<\/strong> dell\u2019UE dedicata all\u2019Africa: dei 300 miliardi di euro che il Piano UE si impegna a stanziare, 150 miliardi, da mobilitare entro il 2027, sono ad esclusivo beneficio dei Paesi africani.<\/p>\n<p>In questo quadro, tanto le istituzioni dell\u2019UE quanto l\u2019Unione Africana riconoscono l\u2019importanza delle <strong>sinergie tra Global Gateway e Piano Mattei<\/strong> attivate dal Governo italiano, nonch\u00e9 la valenza del Piano quale strumento attuativo del Global Gateway, secondo un approccio che chiama gli Stati Membri dell\u2019Unione a svolgere un ruolo sussidiario rispetto all\u2019UE (cd approccio \u201c<strong>Team Europe<\/strong>\u201d).<\/p>\n","protected":false},"excerpt":{"rendered":"L\u2019Africa Sub-sahariana\u00a0presenta, accanto a persistenti aree di crisi, sempre maggiori opportunit\u00e0 di crescita, grazie alle rilevanti potenzialit\u00e0 economiche di cui dispone, in termini di risorse naturali, e alla giovane et\u00e0 media della popolazione. Tuttavia, le capacit\u00e0 economiche del Continente non sono ancora state pienamente messe a frutto ed \u00e8 auspicabile una sempre maggiore integrazione dell\u2019Africa [&hellip;]","protected":false},"author":1,"featured_media":0,"parent":301,"menu_order":1,"comment_status":"closed","ping_status":"closed","template":"page-estera.php","meta":{"footnotes":""},"class_list":["post-30476","page","type-page","status-publish","hentry"],"_links":{"self":[{"href":"https:\/\/www.esteri.it\/it\/wp-json\/wp\/v2\/pages\/30476","targetHints":{"allow":["GET"]}}],"collection":[{"href":"https:\/\/www.esteri.it\/it\/wp-json\/wp\/v2\/pages"}],"about":[{"href":"https:\/\/www.esteri.it\/it\/wp-json\/wp\/v2\/types\/page"}],"author":[{"embeddable":true,"href":"https:\/\/www.esteri.it\/it\/wp-json\/wp\/v2\/users\/1"}],"replies":[{"embeddable":true,"href":"https:\/\/www.esteri.it\/it\/wp-json\/wp\/v2\/comments?post=30476"}],"version-history":[{"count":5,"href":"https:\/\/www.esteri.it\/it\/wp-json\/wp\/v2\/pages\/30476\/revisions"}],"predecessor-version":[{"id":165661,"href":"https:\/\/www.esteri.it\/it\/wp-json\/wp\/v2\/pages\/30476\/revisions\/165661"}],"up":[{"embeddable":true,"href":"https:\/\/www.esteri.it\/it\/wp-json\/wp\/v2\/pages\/301"}],"wp:attachment":[{"href":"https:\/\/www.esteri.it\/it\/wp-json\/wp\/v2\/media?parent=30476"}],"curies":[{"name":"wp","href":"https:\/\/api.w.org\/{rel}","templated":true}]}}