{"id":30489,"date":"2021-07-16T12:26:29","date_gmt":"2021-07-16T10:26:29","guid":{"rendered":"https:\/\/www.esteri.it\/?page_id=30489"},"modified":"2026-01-28T11:04:48","modified_gmt":"2026-01-28T10:04:48","slug":"mediterr_mo","status":"publish","type":"page","link":"https:\/\/www.esteri.it\/it\/politica-estera-e-cooperazione-allo-sviluppo\/aree_geografiche\/mediterr_mo\/","title":{"rendered":"Mediterraneo e Medio Oriente"},"content":{"rendered":"<p class=\"x_MsoNormal\">La regione del Mediterraneo allargato \u00e8 densa di sfide delicate e interconnesse, ma anche di rilevanti opportunit\u00e0. In parallelo alla ricerca della sicurezza e della stabilit\u00e0 per la regione, l\u2019Italia si \u00e8, pertanto, resa fautrice di un approccio inclusivo, coniugando prevenzione, contenimento e risoluzione di crisi e conflitti, con la promozione di un\u2019\u201cagenda positiva\u201d. L\u2019Italia \u00e8 convinta che il Mediterraneo potr\u00e0 essere tanto pi\u00f9 sicuro e prospero quanto pi\u00f9 i Paesi rivieraschi sapranno tutelare e gestire, in maniera condivisa, i cd. \u201cbeni comuni mediterranei\u201d (quali la transizione verde, l\u2019economia blu, la ricerca e l\u2019innovazione digitale, la diplomazia scientifica e culturale, la salute).<\/p>\n<p class=\"x_MsoNormal\">Anche in un contesto frammentato quale quello mediterraneo, la sfida \u00e8 quella di costruire un multilateralismo, basato su una logica a somma positiva, che affianchi l\u2019azione bilaterale. La sicurezza &#8211; declinata in un\u2019accezione ampia che include soluzioni politiche, assistenza umanitaria, ricostruzione civile, consolidamento istituzionale e sviluppo economico &#8211; costituisce un punto fermo della diplomazia italiana. L\u2019Italia \u00e8 sempre alla ricerca, in ambito ONU, UE, NATO e OSCE, di meccanismi mediterranei di sicurezza collettiva o cooperativa.<\/p>\n<p class=\"x_MsoNormal\">La Direzione Centrale per i Paesi del Mediterraneo e del Medio Oriente sovrintende alle relazioni con i 19 Paesi dell\u2019area, coprendo un arco compreso tra Marocco e Afghanistan. Essa segue sia i rapporti bilaterali, sia quelli multilaterali e tratta questioni di stringente attualit\u00e0. Tra queste: le crisi libica e siriana, il\u00a0<b>Processo di Pace israelo-palestinese<\/b>, gli sviluppi in\u00a0<b>Afghanistan<\/b>\u00a0e i loro riflessi sul piano regionale e internazionale, la transizione dei Paesi dell\u2019area verso una pi\u00f9 compiuta democrazia. La DC MENA segue le complesse vicende politico-istituzionali in\u00a0<b>Tunisia<\/b>\u00a0e\u00a0<b>Libano<\/b>, le relazioni con l\u2019<b>Iran<\/b>, inclusa la questione nucleare, i formati di cooperazione euro-mediterranea, i flussi migratori, il sostegno ai rapporti economico-commerciali e lo sviluppo delle imprese italiane nella regione.<\/p>\n","protected":false},"excerpt":{"rendered":"La regione del Mediterraneo allargato \u00e8 densa di sfide delicate e interconnesse, ma anche di rilevanti opportunit\u00e0. In parallelo alla ricerca della sicurezza e della stabilit\u00e0 per la regione, l\u2019Italia si \u00e8, pertanto, resa fautrice di un approccio inclusivo, coniugando prevenzione, contenimento e risoluzione di crisi e conflitti, con la promozione di un\u2019\u201cagenda positiva\u201d. L\u2019Italia [&hellip;]","protected":false},"author":1,"featured_media":0,"parent":301,"menu_order":6,"comment_status":"closed","ping_status":"closed","template":"page-estera.php","meta":{"footnotes":""},"class_list":["post-30489","page","type-page","status-publish","hentry"],"_links":{"self":[{"href":"https:\/\/www.esteri.it\/it\/wp-json\/wp\/v2\/pages\/30489","targetHints":{"allow":["GET"]}}],"collection":[{"href":"https:\/\/www.esteri.it\/it\/wp-json\/wp\/v2\/pages"}],"about":[{"href":"https:\/\/www.esteri.it\/it\/wp-json\/wp\/v2\/types\/page"}],"author":[{"embeddable":true,"href":"https:\/\/www.esteri.it\/it\/wp-json\/wp\/v2\/users\/1"}],"replies":[{"embeddable":true,"href":"https:\/\/www.esteri.it\/it\/wp-json\/wp\/v2\/comments?post=30489"}],"version-history":[{"count":2,"href":"https:\/\/www.esteri.it\/it\/wp-json\/wp\/v2\/pages\/30489\/revisions"}],"predecessor-version":[{"id":75375,"href":"https:\/\/www.esteri.it\/it\/wp-json\/wp\/v2\/pages\/30489\/revisions\/75375"}],"up":[{"embeddable":true,"href":"https:\/\/www.esteri.it\/it\/wp-json\/wp\/v2\/pages\/301"}],"wp:attachment":[{"href":"https:\/\/www.esteri.it\/it\/wp-json\/wp\/v2\/media?parent=30489"}],"curies":[{"name":"wp","href":"https:\/\/api.w.org\/{rel}","templated":true}]}}