{"id":30534,"date":"2021-07-19T10:47:59","date_gmt":"2021-07-19T08:47:59","guid":{"rendered":"https:\/\/www.esteri.it\/?page_id=30534"},"modified":"2025-12-02T12:09:19","modified_gmt":"2025-12-02T11:09:19","slug":"sahel-e-africa-occidentale","status":"publish","type":"page","link":"https:\/\/www.esteri.it\/it\/politica-estera-e-cooperazione-allo-sviluppo\/aree_geografiche\/africa\/sahel-e-africa-occidentale\/","title":{"rendered":"Sahel e Africa occidentale"},"content":{"rendered":"<p>La regione del Sahel \u00e8 di fatto la frontiera meridionale dell\u2019Europa ed assume per l\u2019Italia valore strategico sotto il profilo della sicurezza, della gestione del fenomeno migratorio e del contrasto ai traffici illeciti favoriti dal fragile tessuto, economico e istituzionale.<\/p>\n<p>Nell\u2019area saheliana, caratterizzata da precariet\u00e0 socio-economica, vulnerabilit\u00e0 ambientale, frammentazione e difficolt\u00e0 di funzionamento delle istituzioni nei territori periferici, si sono aggiunti ulteriori fattori di instabilit\u00e0 derivanti dai cambiamenti climatici, dalla crescita demografica, dalla pandemia e dall\u2019estremismo jihadista.<\/p>\n<p>Di concerto con l\u2019UE, l\u2019Italia assicura un crescente impegno a favore della stabilizzazione della regione, promuovendo un bilanciamento tra il contributo sul piano della sicurezza, del rafforzamento delle istituzioni e della Cooperazione allo Sviluppo. L\u2019azione dell\u2019Italia continua attraverso le attivit\u00e0 della MISIN (missione militare di addestramento alle forze del Niger), con la partecipazione alle missioni dell\u2019UE e promuove il ruolo di Organizzazioni Regionali come l\u2019ECOWAS e l\u2019Unione Africana.<\/p>\n<p>In Africa occidentale sono evidenti le interconnessioni tra sostenibilit\u00e0, pace, lotta al terrorismo, alla criminalit\u00e0 e ai traffici illeciti, sviluppo, progresso, flussi di migranti e rifugiati e cambiamenti climatici.<\/p>\n<p>L\u2019Italia \u00e8 impegnata a indirizzare le risorse della cooperazione e gli investimenti privati verso i settori prioritari della formazione, dell\u2019educazione, nonch\u00e9 verso la creazione di una rete di imprese locali.\u00a0 Inoltre \u00e8 essenziale il dialogo sui diritti umani e la governance.<\/p>\n","protected":false},"excerpt":{"rendered":"La regione del Sahel \u00e8 di fatto la frontiera meridionale dell\u2019Europa ed assume per l\u2019Italia valore strategico sotto il profilo della sicurezza, della gestione del fenomeno migratorio e del contrasto ai traffici illeciti favoriti dal fragile tessuto, economico e istituzionale. Nell\u2019area saheliana, caratterizzata da precariet\u00e0 socio-economica, vulnerabilit\u00e0 ambientale, frammentazione e difficolt\u00e0 di funzionamento delle istituzioni [&hellip;]","protected":false},"author":1,"featured_media":0,"parent":30476,"menu_order":1,"comment_status":"closed","ping_status":"closed","template":"page-estera.php","meta":{"footnotes":""},"class_list":["post-30534","page","type-page","status-publish","hentry"],"_links":{"self":[{"href":"https:\/\/www.esteri.it\/it\/wp-json\/wp\/v2\/pages\/30534","targetHints":{"allow":["GET"]}}],"collection":[{"href":"https:\/\/www.esteri.it\/it\/wp-json\/wp\/v2\/pages"}],"about":[{"href":"https:\/\/www.esteri.it\/it\/wp-json\/wp\/v2\/types\/page"}],"author":[{"embeddable":true,"href":"https:\/\/www.esteri.it\/it\/wp-json\/wp\/v2\/users\/1"}],"replies":[{"embeddable":true,"href":"https:\/\/www.esteri.it\/it\/wp-json\/wp\/v2\/comments?post=30534"}],"version-history":[{"count":3,"href":"https:\/\/www.esteri.it\/it\/wp-json\/wp\/v2\/pages\/30534\/revisions"}],"predecessor-version":[{"id":162187,"href":"https:\/\/www.esteri.it\/it\/wp-json\/wp\/v2\/pages\/30534\/revisions\/162187"}],"up":[{"embeddable":true,"href":"https:\/\/www.esteri.it\/it\/wp-json\/wp\/v2\/pages\/30476"}],"wp:attachment":[{"href":"https:\/\/www.esteri.it\/it\/wp-json\/wp\/v2\/media?parent=30534"}],"curies":[{"name":"wp","href":"https:\/\/api.w.org\/{rel}","templated":true}]}}