{"id":30536,"date":"2021-07-19T10:48:35","date_gmt":"2021-07-19T08:48:35","guid":{"rendered":"https:\/\/www.esteri.it\/?page_id=30536"},"modified":"2025-12-02T12:12:40","modified_gmt":"2025-12-02T11:12:40","slug":"africa-australe","status":"publish","type":"page","link":"https:\/\/www.esteri.it\/it\/politica-estera-e-cooperazione-allo-sviluppo\/aree_geografiche\/africa\/africa-australe\/","title":{"rendered":"Africa Australe"},"content":{"rendered":"<p><strong>Paesi compresi nell\u2019area<\/strong>: Angola, Botswana, Burundi, Comore, Eswatini, Lesotho, Madagascar, Malawi, Mauritius, Mozambico, Namibia, Repubblica Democratica del Congo, Ruanda, S\u00e3o Tom\u00e9 e Pr\u00edncipe, Sudafrica, Tanzania, Zambia, Zimbabwe.<\/p>\n<p>L\u2019<strong>Africa australe <\/strong>rappresenta un\u2019area di crescente importanza per le iniziative italiane in molti ambiti, da quello economico a quello della sicurezza e della stabilit\u00e0 politica, passando per i campi culturale e scientifico. Negli anni recenti, il nostro Paese ha dedicato una particolare attenzione alle tematiche della transizione energetica, della protezione ambientale, della connettivit\u00e0 infrastrutturale e dello sviluppo agro-industriale sostenibile, negoziando intese con diversi Stati della regione.<\/p>\n<p>Dal punto di vista delle <strong>relazioni in ambito economico<\/strong>, i Paesi partner principali sono <strong>Angola<\/strong> e <strong>Sudafrica<\/strong>, che esercitano un ruolo proattivo fondamentale per molte iniziative a livello regionale e continentale e coi quali l\u2019Italia vanta storicamente ottimi rapporti, sia politici che economici. Ad essi si affianca il <strong>Mozambico<\/strong>, partner storico grazie al ruolo centrale svolto dal nostro Paese nei negoziati che nel 1992 posero fine alla guerra civile, che rappresenta uno dei Paesi focus della Cooperazione allo Sviluppo italiana. In costante crescita sono anche i rapporti con altri Paesi della regione, tra cui <strong>Tanzania<\/strong> e <strong>Zambia<\/strong>.<\/p>\n<p>&nbsp;<\/p>\n<p>A riprova della grande importanza per l\u2019Italia, tre Paesi della regione sono stati scelti come target del <strong>Piano Mattei per l\u2019Africa<\/strong> (Mozambico, fin dal lancio nel 2024, Angola e Tanzania, dal 2025), con altri Stati per ora interessati dai singoli progetti. L\u2019estensione del Piano Mattei in tale regione \u00e8 il risultato della straordinaria ricchezza di molti Paesi in <strong>materie prime <\/strong>e <strong>minerali critici<\/strong>, fondamentali nelle catene del valore globali, nonch\u00e9 dell\u2019immenso potenziale energetico e agricolo, in larga parte non sfruttato per la necessit\u00e0 di <strong>investimenti infrastrutturali<\/strong>. In alcune delle iniziative in questi ambiti, l\u2019azione del nostro Paese si coordina con quella dell\u2019Unione Europea (Global Gateway) e del G7 (PGII), come per il progetto infrastrutturale del Corridoio di Lobito.<\/p>\n<p>Altra priorit\u00e0 per il nostro Paese \u00e8 quella della <strong>sicurezza e stabilit\u00e0<\/strong> della regione, presupposto per il consolidamento dei risultati di sviluppo ottenuti, a cui \u00e8 dedicato il costante contributo italiano in numerose iniziative in sinergia con i propri partner, soprattutto l\u2019Unione Europea, concentrate in due principali scenari di crisi.<\/p>\n<p>Nella regione dei <strong>Grandi Laghi<\/strong>, l\u2019oltre trentennale conflitto nelle province orientali della <strong>Repubblica Democratica del Congo<\/strong>, legato alle conseguenze del genocidio del Ruanda (1994) e di due grandi guerre regionali (1996-1997 e 1998-2003), attraversa una fase complessa. Varie iniziative di mediazione regionali e internazionali sono alla ricerca di una soluzione alle tensioni tra gli Stati confinanti (come <strong>Ruanda<\/strong> e <strong>Burundi<\/strong>) e all\u2019<strong>emergenza umanitaria <\/strong>che interessa l\u2019intera area.<\/p>\n<p>Sulla costa dell\u2019Oceano Indiano, altra situazione critica \u00e8 quella della provincia di <strong>Cabo Delgado<\/strong>, la pi\u00f9 settentrionale del Mozambico, interessata dal 2017 dall\u2019insurrezione del <strong>gruppo terroristico islamista Al-Shabaab\/Ansar al-Sunna<\/strong>. Il nostro Paese contribuisce in tale contesto tramite il sostegno alla Missione di addestramento militare dell\u2019Unione europea in Mozambico (EUMAM Mozambico, in precedenza EUTM-M).<\/p>\n<p>Oltre alle relazioni bilaterali con i singoli Paesi, sul piano multilaterale l\u2019Italia intrattiene rapporti stabili con le <strong>principali organizzazioni economiche regionali<\/strong>: la East African Community (EAC), il Common Market for Eastern and Southern Africa (COMESA) e la Southern African Development Community (SADC). Il nostro Paese \u00e8 anche sostenitore di un dialogo approfondito tra queste organizzazioni e l\u2019Unione Europea, rinforzando il modello dell\u2019integrazione europea.<\/p>\n","protected":false},"excerpt":{"rendered":"Paesi compresi nell\u2019area: Angola, Botswana, Burundi, Comore, Eswatini, Lesotho, Madagascar, Malawi, Mauritius, Mozambico, Namibia, Repubblica Democratica del Congo, Ruanda, S\u00e3o Tom\u00e9 e Pr\u00edncipe, Sudafrica, Tanzania, Zambia, Zimbabwe. L\u2019Africa australe rappresenta un\u2019area di crescente importanza per le iniziative italiane in molti ambiti, da quello economico a quello della sicurezza e della stabilit\u00e0 politica, passando per i [&hellip;]","protected":false},"author":1,"featured_media":0,"parent":30476,"menu_order":3,"comment_status":"closed","ping_status":"closed","template":"page-estera.php","meta":{"footnotes":""},"class_list":["post-30536","page","type-page","status-publish","hentry"],"_links":{"self":[{"href":"https:\/\/www.esteri.it\/it\/wp-json\/wp\/v2\/pages\/30536","targetHints":{"allow":["GET"]}}],"collection":[{"href":"https:\/\/www.esteri.it\/it\/wp-json\/wp\/v2\/pages"}],"about":[{"href":"https:\/\/www.esteri.it\/it\/wp-json\/wp\/v2\/types\/page"}],"author":[{"embeddable":true,"href":"https:\/\/www.esteri.it\/it\/wp-json\/wp\/v2\/users\/1"}],"replies":[{"embeddable":true,"href":"https:\/\/www.esteri.it\/it\/wp-json\/wp\/v2\/comments?post=30536"}],"version-history":[{"count":3,"href":"https:\/\/www.esteri.it\/it\/wp-json\/wp\/v2\/pages\/30536\/revisions"}],"predecessor-version":[{"id":162190,"href":"https:\/\/www.esteri.it\/it\/wp-json\/wp\/v2\/pages\/30536\/revisions\/162190"}],"up":[{"embeddable":true,"href":"https:\/\/www.esteri.it\/it\/wp-json\/wp\/v2\/pages\/30476"}],"wp:attachment":[{"href":"https:\/\/www.esteri.it\/it\/wp-json\/wp\/v2\/media?parent=30536"}],"curies":[{"name":"wp","href":"https:\/\/api.w.org\/{rel}","templated":true}]}}