{"id":30543,"date":"2021-07-19T11:18:44","date_gmt":"2021-07-19T09:18:44","guid":{"rendered":"https:\/\/www.esteri.it\/?page_id=30543"},"modified":"2025-12-17T15:05:14","modified_gmt":"2025-12-17T14:05:14","slug":"giornata-dell-africa","status":"publish","type":"page","link":"https:\/\/www.esteri.it\/it\/politica-estera-e-cooperazione-allo-sviluppo\/aree_geografiche\/africa\/giornata-dell-africa\/","title":{"rendered":"Giornata dell\u2019Africa"},"content":{"rendered":"<p>Per celebrare l\u2019anniversario della nascita dell\u2019<strong>Organizzazione dell\u2019Unit\u00e0 Africana<\/strong>, fondata il 25 maggio 1963 ad Addis Abeba e divenuta dal 2002 <strong>Unione Africana<\/strong>, il Ministero degli Affari Esteri e della Cooperazione Internazionale organizza annualmente la \u201c<strong>Giornata dell\u2019Africa<\/strong>\u201d.<\/p>\n<p>Questa ricorrenza ha il duplice scopo di riflettere sull\u2019<strong>importanza del partenariato <\/strong>che unisce Italia e Africa e di <strong>valorizzare la variet\u00e0 e la ricchezza storica, artistica e culturale<\/strong> tanto del nostro Paese che del Continente africano, cercando quindi di collegare esponenti della societ\u00e0 civile come artisti, letterati, accademici, scienziati e imprenditori.<\/p>\n<p>La scelta del tema di ciascuna edizione \u00e8 il risultato di valutazioni riguardo ai temi pi\u00f9 efficaci per promuovere l\u2019approfondimento dei rapporti economici, sociali e umani tra le comunit\u00e0 italiana e africana, per una migliore comprensione reciproca e l\u2019instaurazione di legami durevoli.<\/p>\n<p><strong>Giornata dell\u2019Africa 2025<\/strong><\/p>\n<p>L\u2019edizione pi\u00f9 recente, intitolata \u201c<strong>Dialogo Italia-Africa. La voce delle industrie culturali e creative: il caso della moda<\/strong>\u201d, si \u00e8 tenuta il 27 maggio 2025 ed \u00e8 stata organizzata dalla Direzione Generale per la mondializzazione e le questioni globali (DGMO), in collaborazione con la Direzione Generale per la promozione del sistema Paese (DGSP), ICE-Agenzia e di concerto con l\u2019Istituto per il Dialogo Italia-Africa (IDIAF) e la Fondazione Treccani Cultura.<\/p>\n<p>Il settore della <strong>moda<\/strong> \u00e8 stato scelto quale terreno d\u2019incontro dalle straordinarie potenzialit\u00e0 per rafforzare il dialogo interculturale tra Italia e Africa che trovano in essa un ponte di collaborazione, sviluppo economico e valorizzazione del capitale umano.<\/p>\n<p>All\u2019evento hanno partecipato i rappresentanti del Corpo diplomatico africano accreditati presso il Quirinale, numerosi esponenti di realt\u00e0 e associazioni imprenditoriali italiane e africane, nonch\u00e9 del mondo accademico e della cultura. La sessione di apertura \u00e8 stata introdotta con la lettura del messaggio scritto dal VPdC\/On. Ministro Antonio Tajani, che ha sottolineato la <strong>rinnovata centralit\u00e0 dell\u2019Africa<\/strong> all\u2019interno della politica estera italiana.<\/p>\n<p>L\u2019evento ha rappresentato un <strong>momento di scambio e di confronto tra creativit\u00e0 italiana e africana<\/strong>, valorizzando un settore di produzione capace di intercettare ed influenzare le evoluzioni e le nuove esigenze sociali reciproche. Ha inoltre consentito di valorizzare iniziative come il <strong>Tavolo per l\u2019internazionalizzazione di settore<\/strong>, lanciato il 28 gennaio 2025 con un Protocollo d\u2019intesa con le Associazioni di categoria, e di esplorare la possibilit\u00e0 di sviluppare un <strong>progetto di crescita professionale<\/strong> <strong>per giovani stilisti africani<\/strong>, creando un punto di contatto con realt\u00e0 produttive, della formazione e stilisti italiani.<\/p>\n<p>&nbsp;<\/p>\n","protected":false},"excerpt":{"rendered":"Per celebrare l\u2019anniversario della nascita dell\u2019Organizzazione dell\u2019Unit\u00e0 Africana, fondata il 25 maggio 1963 ad Addis Abeba e divenuta dal 2002 Unione Africana, il Ministero degli Affari Esteri e della Cooperazione Internazionale organizza annualmente la \u201cGiornata dell\u2019Africa\u201d. Questa ricorrenza ha il duplice scopo di riflettere sull\u2019importanza del partenariato che unisce Italia e Africa e di valorizzare [&hellip;]","protected":false},"author":1,"featured_media":0,"parent":30476,"menu_order":0,"comment_status":"closed","ping_status":"closed","template":"page-estera.php","meta":{"footnotes":""},"class_list":["post-30543","page","type-page","status-publish","hentry"],"_links":{"self":[{"href":"https:\/\/www.esteri.it\/it\/wp-json\/wp\/v2\/pages\/30543","targetHints":{"allow":["GET"]}}],"collection":[{"href":"https:\/\/www.esteri.it\/it\/wp-json\/wp\/v2\/pages"}],"about":[{"href":"https:\/\/www.esteri.it\/it\/wp-json\/wp\/v2\/types\/page"}],"author":[{"embeddable":true,"href":"https:\/\/www.esteri.it\/it\/wp-json\/wp\/v2\/users\/1"}],"replies":[{"embeddable":true,"href":"https:\/\/www.esteri.it\/it\/wp-json\/wp\/v2\/comments?post=30543"}],"version-history":[{"count":6,"href":"https:\/\/www.esteri.it\/it\/wp-json\/wp\/v2\/pages\/30543\/revisions"}],"predecessor-version":[{"id":165164,"href":"https:\/\/www.esteri.it\/it\/wp-json\/wp\/v2\/pages\/30543\/revisions\/165164"}],"up":[{"embeddable":true,"href":"https:\/\/www.esteri.it\/it\/wp-json\/wp\/v2\/pages\/30476"}],"wp:attachment":[{"href":"https:\/\/www.esteri.it\/it\/wp-json\/wp\/v2\/media?parent=30543"}],"curies":[{"name":"wp","href":"https:\/\/api.w.org\/{rel}","templated":true}]}}