{"id":30558,"date":"2021-07-19T11:48:42","date_gmt":"2021-07-19T09:48:42","guid":{"rendered":"https:\/\/www.esteri.it\/?page_id=30558"},"modified":"2026-03-31T11:26:29","modified_gmt":"2026-03-31T09:26:29","slug":"organizzazioni","status":"publish","type":"page","link":"https:\/\/www.esteri.it\/it\/politica-estera-e-cooperazione-allo-sviluppo\/aree_geografiche\/asia\/organizzazioni\/","title":{"rendered":"L\u2019Italia e le Organizzazioni regionali e multilaterali asiatiche"},"content":{"rendered":"<p>Il rafforzamento dei rapporti tra l\u2019Italia e i Paesi dell\u2019Asia e dell\u2019Oceania si colloca in una prospettiva fortemente orientata al multilateralismo. Le Organizzazioni regionali dell\u2019Asia e del Pacifico svolgono un ruolo strategico nella promozione di un ordine internazionale fondato sul dialogo e sulla cooperazione, elementi essenziali per favorire soluzioni pacifiche alle ricorrenti crisi che interessano aree sensibili dello scenario internazionale.<\/p>\n<p>Il multilateralismo \u00e8 lo strumento centrale per affrontare le sfide globali: dalla lotta al terrorismo internazionale al dialogo tra culture e religioni, fino alla tutela dell\u2019ambiente e alla lotta ai cambiamenti climatici.<\/p>\n<p>In questo quadro, l\u2019Italia sostiene con convinzione il rafforzamento della cooperazione con le Organizzazioni regionali dell\u2019Asia e del Pacifico.<\/p>\n<p><strong>L\u2019Italia e l\u2019ASEAN <\/strong>(<em>Association of South East Asian Nations<\/em>)<\/p>\n<p>L\u2019ASEAN, istituita l\u20198 agosto 1967 (Dichiarazione di Bangkok), \u00e8 oggi composta da undici Stati (Indonesia, Malaysia, Filippine, Singapore, Thailandia, Brunei, Vietnam, Laos, Cambogia, Myanmar e Timor Est) che insieme costituiscono la quinta economia globale (con un tasso annuale medio di crescita del PIL del 5%) e comprendono l\u20198,8% della popolazione del pianeta (circa 680 milioni di abitanti).<\/p>\n<p>Obiettivo principale dell\u2019ASEAN \u00e8 la promozione della cooperazione per favorire prosperit\u00e0 e stabilit\u00e0 nell\u2019area. La Presidenza viene assunta a rotazione annuale dai vari Stati membri; Jakarta ospita il Segretariato.<\/p>\n<p>L\u2019Italia \u00e8 diventata Partner di sviluppo dell\u2019ASEAN il 9 settembre 2020. Il partenariato si declina in 4 settori:<\/p>\n<ul>\n<li>Politico-securitario: dialogo strategico, rafforzamento della governance e della resilienza regionale.<\/li>\n<li>Economico: sostegno all\u2019integrazione economica, promozione degli investimenti e delle PMI.<\/li>\n<li>Connettivit\u00e0: rafforzamento delle infrastrutture energetiche e digitali, armonizzazione normativa, facilitazione degli scambi, cooperazione doganale.<\/li>\n<li>Socio-culturale: Inclusione sociale, educazione, cultura, salute pubblica e riduzione del divario di sviluppo.<\/li>\n<\/ul>\n<p>Le \u201c<strong><em>Practical Cooperation Areas<\/em><\/strong>\u201d (PCA) \u00e8 il documento programmatico che stabilisce le linee di intervento (in totale 61) nel periodo 2022-2026. Nel quadro del partenariato, sono state realizzate o programmate numerose attivit\u00e0 di \u201c<em>capacity building<\/em>\u201d in favore dei Paesi ASEAN in molteplici ambiti: lotta al terrorismo e al traffico di droga, contrasto al crimine transnazionale organizzato, ai traffici illeciti e al riciclaggio di denaro, anti-corruzione, formazione di magistrati, <em>cybercrime<\/em>, tutela del patrimonio culturale e ambientale, gestione sostenibile delle coste, <em>blue economy<\/em>, anti-pirateria e diritto del mare, promozione degli scambi giovanili, donne mediatrici, cooperazione spaziale, sicurezza alimentare e protezione civile.<\/p>\n<p><strong>\u00a0<\/strong><\/p>\n<p><strong>L\u2019Italia e l\u2019<em>Asia-Europe Meeting <\/em>(ASEM)<\/strong><\/p>\n<p>Sospeso dopo l\u2019aggressione russa in Ucraina, l\u2019ASEM ha rappresentato un importante quadro di riferimento per il dialogo tra Europa e Asia e costituisce il foro multilaterale di riferimento per le relazioni euro-asiatiche nel loro complesso. Fondato nel 1996, ha un approccio multidimensionale che bilancia in modo equilibrato le dimensioni politica, economica, sociale e culturale, e per il principio di parit\u00e0 tra i Paesi membri.<\/p>\n<p>Ne fanno parte 30 Paesi europei e 21 asiatici, oltre all\u2019UE e al Segretariato ASEAN (ASEC).<\/p>\n<p>L\u2019ultimo Vertice ASEM (ASEM13) si \u00e8 tenuto il 25-26 novembre 2021 in modalit\u00e0 virtuale sotto la presidenza del Regno di Cambogia, sul tema <em>\u201cStrengthening Multilateralism for Shared Growth\u201d<\/em>.<\/p>\n<p>L\u2019Italia partecipa attivamente ai processi e alle iniziative promosse nell\u2019ambito dell\u2019<em>Asia-Europe Meeting<\/em> (ASEM), contribuendo al rafforzamento del dialogo politico, della cooperazione economica e della collaborazione culturale tra i due continenti, per la promozione della pace, della stabilit\u00e0 e dello sviluppo sostenibile.<\/p>\n<p>&nbsp;<\/p>\n<p><strong>L\u2019Italia \u00e8 partner attivo dell\u2019<em>Asia-Europe Foundation<\/em> (ASEF)<\/strong>, organizzazione intergovernativa con sede a Singapore, che costituisce l\u2019unica istituzione permanente del processo <em>Asia-Europe Meeting<\/em> (ASEM). L\u2019ASEF svolge un ruolo essenziale come piattaforma reattiva per la cooperazione culturale e <em>people-to-people<\/em>, un pilastro fondamentale del dialogo interregionale Asia-Europa. L\u2019organizzazione promuove la comprensione reciproca e la cooperazione tra i due continenti attraverso attivit\u00e0 in ambito culturale, educativo, scientifico, sanitario, di governance e sviluppo sostenibile. Dopo l\u2019aggressione all\u2019Ucraina, la Russia \u00e8 stata sospesa dal Consiglio dei Governatori.<\/p>\n<p>Il nostro Paese collabora in maniera fattiva, con la <strong>Commissione economica e sociale per l\u2019Asia e il Pacifico (UN ESCAP)<\/strong> attraverso il sostegno al \u00ab<em>Trust Fund for Tsunami, Disaster and Climate Resilience<\/em>\u00bb per rafforzare la resilienza ai disastri naturali nella regione Asia-Pacifico. Tale impegno evidenzia come l\u2019Italia supporti, tramite l\u2019ESCAP, la realizzazione dell\u2019Agenda 2030 per lo sviluppo sostenibile e la cooperazione multilaterale in Asia e Pacifico.<\/p>\n<p>&nbsp;<\/p>\n<p><strong>L\u2019Italia e la <em>Indian Ocean Rim Association <\/em>(IORA)<\/strong><\/p>\n<p>Da novembre 2019 l\u2019Italia partecipa in qualit\u00e0 di <strong><em>Partner<\/em> di Dialogo<\/strong>, al fine di sostenere politiche volte alla promozione della <em>blue economy. <\/em>La IORA \u00e8 un&#8217;organizzazione intergovernativa istituita il 7 marzo 1997 formata da 23 Stati membri che si affacciano sull&#8217;Oceano Indiano. Tra gli obiettivi dell\u2019Associazione figura la promozione della sicurezza marittima regionale, il rafforzamento della cooperazione per affrontare le sfide transfrontaliere e garantire la libert\u00e0 di navigazione in conformit\u00e0 con il diritto internazionale, compresa la Convenzione delle Nazioni Unite sul diritto del mare (UNCLOS).<\/p>\n<p>Inoltre, il Gruppo di lavoro per la sicurezza marittima (WGMSS, <em>Working Group for Maritime Safety and Security<\/em>) coinvolge funzionari ed esperti marittimi di tutti gli Stati membri dell&#8217;IORA per promuovere la cooperazione regionale secondo quattro aree tematiche: ricerca e soccorso, partenariato marittimo, criminalit\u00e0 marittima e condivisione delle informazioni.<\/p>\n","protected":false},"excerpt":{"rendered":"Il rafforzamento dei rapporti tra l\u2019Italia e i Paesi dell\u2019Asia e dell\u2019Oceania si colloca in una prospettiva fortemente orientata al multilateralismo. Le Organizzazioni regionali dell\u2019Asia e del Pacifico svolgono un ruolo strategico nella promozione di un ordine internazionale fondato sul dialogo e sulla cooperazione, elementi essenziali per favorire soluzioni pacifiche alle ricorrenti crisi che interessano [&hellip;]","protected":false},"author":1,"featured_media":0,"parent":30483,"menu_order":5,"comment_status":"closed","ping_status":"closed","template":"page-estera.php","meta":{"footnotes":""},"class_list":["post-30558","page","type-page","status-publish","hentry"],"_links":{"self":[{"href":"https:\/\/www.esteri.it\/it\/wp-json\/wp\/v2\/pages\/30558","targetHints":{"allow":["GET"]}}],"collection":[{"href":"https:\/\/www.esteri.it\/it\/wp-json\/wp\/v2\/pages"}],"about":[{"href":"https:\/\/www.esteri.it\/it\/wp-json\/wp\/v2\/types\/page"}],"author":[{"embeddable":true,"href":"https:\/\/www.esteri.it\/it\/wp-json\/wp\/v2\/users\/1"}],"replies":[{"embeddable":true,"href":"https:\/\/www.esteri.it\/it\/wp-json\/wp\/v2\/comments?post=30558"}],"version-history":[{"count":2,"href":"https:\/\/www.esteri.it\/it\/wp-json\/wp\/v2\/pages\/30558\/revisions"}],"predecessor-version":[{"id":162192,"href":"https:\/\/www.esteri.it\/it\/wp-json\/wp\/v2\/pages\/30558\/revisions\/162192"}],"up":[{"embeddable":true,"href":"https:\/\/www.esteri.it\/it\/wp-json\/wp\/v2\/pages\/30483"}],"wp:attachment":[{"href":"https:\/\/www.esteri.it\/it\/wp-json\/wp\/v2\/media?parent=30558"}],"curies":[{"name":"wp","href":"https:\/\/api.w.org\/{rel}","templated":true}]}}