{"id":30572,"date":"2021-07-19T12:15:39","date_gmt":"2021-07-19T10:15:39","guid":{"rendered":"https:\/\/www.esteri.it\/?page_id=30572"},"modified":"2025-12-18T13:33:07","modified_gmt":"2025-12-18T12:33:07","slug":"balcani","status":"publish","type":"page","link":"https:\/\/www.esteri.it\/it\/politica-estera-e-cooperazione-allo-sviluppo\/aree_geografiche\/europa\/balcani\/","title":{"rendered":"Regione adriatico-balcanica"},"content":{"rendered":"<p>La regione adriatico-balcanica \u00e8 un\u2019area strategica per l\u2019Italia. Gli stretti legami storici, culturali e geopolitici con la regione conferiscono prioritaria attenzione agli sviluppi in questo quadrante in considerazione degli immediati riflessi che essi hanno sulla sicurezza nazionale dell\u2019Italia.<\/p>\n<p>Le priorit\u00e0 perseguite dall\u2019Italia sono il sostegno alla stabilizzazione della regione, il consolidamento della transizione democratica, il rafforzamento delle istituzioni e dello stato di diritto, la definitiva transizione verso sistemi economici di libero mercato. Questi obiettivi vengono perseguiti attraverso il fermo sostegno ai processi di integrazione europea e atlantica della regione e un\u2019intensa azione bilaterale<\/p>\n<p>Elemento centrale del nostro impegno a favore della stabilizzazione regionale \u00e8 rappresentato dal contributo italiano alle missioni KFOR ed EULEX in Kosovo e EUFOR Althea in Bosnia-Erzegovina<\/p>\n<p>Alla cooperazione bilaterale, l\u2019Italia ha sempre affiancato un\u2019intensa promozione della cooperazione regionale quale strumento per promuovere il superamento delle questioni ancora aperte nell\u2019area e favorire l\u2019abbattimento delle barriere che limitano il pieno potenziale della regione.<\/p>\n<p>L\u2019importanza dell\u2019area adriatico-balcanica per il nostro Paese \u00e8 confermata anche dal rilievo della cooperazione economica e dagli intensi scambi commerciali che intratteniamo con la regione.<\/p>\n<p>L\u2019Italia figura stabilmente tra i principali partner commerciali di tutti i Paesi della regione. Considerevole \u00e8 anche il volume degli investimenti italiani cos\u00ec come il numero di imprese italiane presenti nei Balcani. Estremamente significativa \u00e8 inoltre la presenza dei principali istituti di credito italiani.<\/p>\n<p>Rilevante \u00e8 anche la diffusione della lingua italiana nell\u2019area, in virt\u00f9 della potente attrazione culturale esercitata dal nostro Paese, nonch\u00e9 per effetto di specifici programmi promossi dall\u2019Italia.<\/p>\n","protected":false},"excerpt":{"rendered":"La regione adriatico-balcanica \u00e8 un\u2019area strategica per l\u2019Italia. Gli stretti legami storici, culturali e geopolitici con la regione conferiscono prioritaria attenzione agli sviluppi in questo quadrante in considerazione degli immediati riflessi che essi hanno sulla sicurezza nazionale dell\u2019Italia. Le priorit\u00e0 perseguite dall\u2019Italia sono il sostegno alla stabilizzazione della regione, il consolidamento della transizione democratica, il [&hellip;]","protected":false},"author":1,"featured_media":0,"parent":30486,"menu_order":4,"comment_status":"closed","ping_status":"closed","template":"page-estera.php","meta":{"footnotes":""},"class_list":["post-30572","page","type-page","status-publish","hentry"],"_links":{"self":[{"href":"https:\/\/www.esteri.it\/it\/wp-json\/wp\/v2\/pages\/30572","targetHints":{"allow":["GET"]}}],"collection":[{"href":"https:\/\/www.esteri.it\/it\/wp-json\/wp\/v2\/pages"}],"about":[{"href":"https:\/\/www.esteri.it\/it\/wp-json\/wp\/v2\/types\/page"}],"author":[{"embeddable":true,"href":"https:\/\/www.esteri.it\/it\/wp-json\/wp\/v2\/users\/1"}],"replies":[{"embeddable":true,"href":"https:\/\/www.esteri.it\/it\/wp-json\/wp\/v2\/comments?post=30572"}],"version-history":[{"count":4,"href":"https:\/\/www.esteri.it\/it\/wp-json\/wp\/v2\/pages\/30572\/revisions"}],"predecessor-version":[{"id":165508,"href":"https:\/\/www.esteri.it\/it\/wp-json\/wp\/v2\/pages\/30572\/revisions\/165508"}],"up":[{"embeddable":true,"href":"https:\/\/www.esteri.it\/it\/wp-json\/wp\/v2\/pages\/30486"}],"wp:attachment":[{"href":"https:\/\/www.esteri.it\/it\/wp-json\/wp\/v2\/media?parent=30572"}],"curies":[{"name":"wp","href":"https:\/\/api.w.org\/{rel}","templated":true}]}}