{"id":30576,"date":"2021-07-19T12:17:52","date_gmt":"2021-07-19T10:17:52","guid":{"rendered":"https:\/\/www.esteri.it\/?page_id=30576"},"modified":"2025-12-18T13:43:33","modified_gmt":"2025-12-18T12:43:33","slug":"cooperazione-regionale-e-ruolo-dellitalia","status":"publish","type":"page","link":"https:\/\/www.esteri.it\/it\/temi\/aree_geografiche\/europa\/balcani\/cooperazione-regionale-e-ruolo-dellitalia\/","title":{"rendered":"La Cooperazione regionale e il ruolo dell\u2019Italia"},"content":{"rendered":"<p>L\u2019Italia incoraggia il rafforzamento della cooperazione regionale nell\u2019area adriatico-ionica, nella convinzione che il processo di integrazione dei Balcani Occidentali nell\u2019Unione Europea debba coniugarsi con una sempre pi\u00f9 intensa cooperazione a livello locale.<\/p>\n<p><strong>L\u2019Iniziativa Centro Europa (InCE)<\/strong><\/p>\n<p>Istituita l\u201911 novembre 1989 a Budapest con il nome di \u201cQuadrangolare\u201d, nel 1992 assume l\u2019attuale denominazione. L\u2019InCE \u00e8 un forum intergovernativo di cooperazione regionale che comprende Stati membri dell\u2019UE e Paesi che ambiscono a entrare a farne parte o a rafforzare la collaborazione con Bruxelles.<\/p>\n<p>Con l\u2019obiettivo di sostenere lo sviluppo socio-economico dei Paesi InCE non membri UE, nel 1992 l\u2019Italia ha creato con risorse proprie un Fondo di assistenza tecnica presso la Banca Europea per la Ricostruzione e lo Sviluppo. L\u2019InCE dispone di un Segretariato Esecutivo con sede a Trieste, i cui costi di funzionamento sono sostenuti interamente dall\u2019Italia.<\/p>\n<p><strong>L\u2019Iniziativa Adriatico-Ionica (IAI)<\/strong><\/p>\n<p>La IAI \u00e8 stata fondata nel 2000 con la firma, da parte di Albania, Bosnia-Erzegovina, Croazia, Grecia, Italia, Slovenia, della \u201cDichiarazione di Ancona\u201d sulla cooperazione regionale quale strumento di promozione della stabilit\u00e0 economica e politica e del processo di integrazione europea. L\u2019Organo decisionale della IAI \u00e8 il Consiglio dei Ministri degli Esteri, che si riunisce una volta l\u2019anno. La IAI dispone inoltre di un Segretariato Permanente che ha sede ad Ancona. L\u2019Iniziativa svolge poi un importante ruolo di ancoraggio alla Strategia UE per la Regione Adriatico-Ionica (EUSAIR).<\/p>\n<p><strong>La Strategia dell\u2019Unione Europea per la Regione Adriatico-Ionica (EUSAIR)<\/strong><\/p>\n<p>EUSAIR \u00e8 una delle quattro strategie macro-regionali lanciate dall\u2019Unione Europea. La Strategia \u00e8 strutturata attorno a cinque pilastri: crescita blu; connettivit\u00e0 energetica e infrastrutturale ; protezione ambientale; turismo sostenibile e coesione sociale. Le attivit\u00e0 di EUSAIR hanno inoltre l\u2019obiettivo di contribuire al processo di integrazione europea dei Balcani occidentali.<\/p>\n<p><strong>Il Processo di Cooperazione del Sud-Est Europeo<\/strong> <strong>(SEECP) e il Consiglio di Cooperazione Regionale (RCC)<\/strong><\/p>\n<p>Il SEECP \u00e8 stato fondato, su iniziativa dei Paesi del Sud-Est Europeo, a Sofia nel 1996 con l\u2019obiettivo di promuovere la cooperazione intra-regionale. Dal 2008 lo strumento operativo del SEECP \u00e8 il RCC che svolge anche funzioni di Segretariato. Dalla sua fondazione, l\u2019Italia, cos\u00ec come anche l\u2019Unione Europea, ha riconosciuto al RCC un importante ruolo per il rafforzamento della cooperazione intra-regionale e l\u2019avanzamento del processo di integrazione europea. L\u2019Italia \u00e8 membro del RCC ma non partecipa al SEECP che \u00e8 aperto ai soli Paesi dell\u2019Europa Sud-orientale.<\/p>\n<p><strong>Il Processo di Berlino<\/strong><\/p>\n<p>Il Processo di Berlino (o \u201cdei Balcani occidentali\u201d) \u00e8 un forum regionale lanciato nel 2014 su iniziativa tedesca con l\u2019obiettivo di favorire la stabilizzazione della regione e la sua progressiva integrazione europea. Sin dalla sua creazione, il Processo di Berlino ha offerto un importante contributo al raggiungimento di progressi concreti nel settore delle riforme, sul piano della risoluzione delle controversie nonch\u00e9 nell\u2019ambito del rafforzamento della cooperazione economica regionale. L\u2019Italia vi ha aderito nel 2015 e nel 2017 ha detenuto la presidenza del Processo, organizzando il Vertice di Trieste (12 luglio 2017).<\/p>\n","protected":false},"excerpt":{"rendered":"L\u2019Italia incoraggia il rafforzamento della cooperazione regionale nell\u2019area adriatico-ionica, nella convinzione che il processo di integrazione dei Balcani Occidentali nell\u2019Unione Europea debba coniugarsi con una sempre pi\u00f9 intensa cooperazione a livello locale. L\u2019Iniziativa Centro Europa (InCE) Istituita l\u201911 novembre 1989 a Budapest con il nome di \u201cQuadrangolare\u201d, nel 1992 assume l\u2019attuale denominazione. L\u2019InCE \u00e8 un [&hellip;]","protected":false},"author":1,"featured_media":0,"parent":30572,"menu_order":0,"comment_status":"closed","ping_status":"closed","template":"page-estera.php","meta":{"footnotes":""},"class_list":["post-30576","page","type-page","status-publish","hentry"],"_links":{"self":[{"href":"https:\/\/www.esteri.it\/it\/wp-json\/wp\/v2\/pages\/30576","targetHints":{"allow":["GET"]}}],"collection":[{"href":"https:\/\/www.esteri.it\/it\/wp-json\/wp\/v2\/pages"}],"about":[{"href":"https:\/\/www.esteri.it\/it\/wp-json\/wp\/v2\/types\/page"}],"author":[{"embeddable":true,"href":"https:\/\/www.esteri.it\/it\/wp-json\/wp\/v2\/users\/1"}],"replies":[{"embeddable":true,"href":"https:\/\/www.esteri.it\/it\/wp-json\/wp\/v2\/comments?post=30576"}],"version-history":[{"count":3,"href":"https:\/\/www.esteri.it\/it\/wp-json\/wp\/v2\/pages\/30576\/revisions"}],"predecessor-version":[{"id":165517,"href":"https:\/\/www.esteri.it\/it\/wp-json\/wp\/v2\/pages\/30576\/revisions\/165517"}],"up":[{"embeddable":true,"href":"https:\/\/www.esteri.it\/it\/wp-json\/wp\/v2\/pages\/30572"}],"wp:attachment":[{"href":"https:\/\/www.esteri.it\/it\/wp-json\/wp\/v2\/media?parent=30576"}],"curies":[{"name":"wp","href":"https:\/\/api.w.org\/{rel}","templated":true}]}}