{"id":30666,"date":"2021-07-21T11:55:56","date_gmt":"2021-07-21T09:55:56","guid":{"rendered":"https:\/\/www.esteri.it\/?page_id=30666"},"modified":"2022-09-16T10:15:29","modified_gmt":"2022-09-16T08:15:29","slug":"architettura-istituzionale-ue","status":"publish","type":"page","link":"https:\/\/www.esteri.it\/it\/politica-estera-e-cooperazione-allo-sviluppo\/politica_europea\/architettura-istituzionale-ue\/","title":{"rendered":"Architettura Istituzionale UE"},"content":{"rendered":"<p>La corrente e per certi versi complessa architettura istituzionale dell\u2019Unione \u00e8 frutto di decenni di evoluzione.<\/p>\n<p>Nasce formalmente come Comunit\u00e0 Economica Europea e assume la nuova denominazione di Unione europea il 1\u00b0 novembre 1993 in seguito all\u2019entrata in vigore del Trattato di Maastricht. Attualmente \u00e8 composta da 27 Stati membri.\u00a0In quanto sistema politico basato sul diritto e sui principi democratici, l\u2019UE \u00e8 caratterizzata dalla distribuzione del potere e delle funzioni di governo tra diversi organi e istituzioni.<\/p>\n<p>Dopo la riforma introdotta dal Trattato di Lisbona, la nozione di \u201cIstituzione\u201d risulta riservata ai seguenti organi: il Parlamento europeo, il Consiglio europeo (che ottiene per la prima volta lo status di Istituzione), il Consiglio, la Commissione, la Corte di giustizia dell&#8217;Unione europea, la Banca centrale europea e la Corte dei conti.<\/p>\n<p>Il processo decisionale \u00e8 tale per cui nessuna delle Istituzioni europee, tranne in alcuni casi molto specifici, pu\u00f2 adottare decisioni in modo autonomo, cosicch\u00e9 non vi \u00e8 un\u2019Istituzione in grado di prevalere sulle altre nel lungo periodo<\/p>\n<p>In questa sezione si ripercorrono le origini e gli sviluppi del processo di integrazione europea. Si fornisce inoltre un\u2019analisi del quadro istituzionale dell\u2019Unione.<\/p>\n","protected":false},"excerpt":{"rendered":"La corrente e per certi versi complessa architettura istituzionale dell\u2019Unione \u00e8 frutto di decenni di evoluzione. Nasce formalmente come Comunit\u00e0 Economica Europea e assume la nuova denominazione di Unione europea il 1\u00b0 novembre 1993 in seguito all\u2019entrata in vigore del Trattato di Maastricht. Attualmente \u00e8 composta da 27 Stati membri.\u00a0In quanto sistema politico basato sul [&hellip;]","protected":false},"author":1,"featured_media":0,"parent":306,"menu_order":3,"comment_status":"closed","ping_status":"closed","template":"page-estera.php","meta":{"footnotes":""},"class_list":["post-30666","page","type-page","status-publish","hentry"],"_links":{"self":[{"href":"https:\/\/www.esteri.it\/it\/wp-json\/wp\/v2\/pages\/30666","targetHints":{"allow":["GET"]}}],"collection":[{"href":"https:\/\/www.esteri.it\/it\/wp-json\/wp\/v2\/pages"}],"about":[{"href":"https:\/\/www.esteri.it\/it\/wp-json\/wp\/v2\/types\/page"}],"author":[{"embeddable":true,"href":"https:\/\/www.esteri.it\/it\/wp-json\/wp\/v2\/users\/1"}],"replies":[{"embeddable":true,"href":"https:\/\/www.esteri.it\/it\/wp-json\/wp\/v2\/comments?post=30666"}],"version-history":[{"count":3,"href":"https:\/\/www.esteri.it\/it\/wp-json\/wp\/v2\/pages\/30666\/revisions"}],"predecessor-version":[{"id":86080,"href":"https:\/\/www.esteri.it\/it\/wp-json\/wp\/v2\/pages\/30666\/revisions\/86080"}],"up":[{"embeddable":true,"href":"https:\/\/www.esteri.it\/it\/wp-json\/wp\/v2\/pages\/306"}],"wp:attachment":[{"href":"https:\/\/www.esteri.it\/it\/wp-json\/wp\/v2\/media?parent=30666"}],"curies":[{"name":"wp","href":"https:\/\/api.w.org\/{rel}","templated":true}]}}