{"id":30669,"date":"2021-07-21T12:07:45","date_gmt":"2021-07-21T10:07:45","guid":{"rendered":"https:\/\/www.esteri.it\/?page_id=30669"},"modified":"2022-09-16T13:12:00","modified_gmt":"2022-09-16T11:12:00","slug":"italia_in_ue","status":"publish","type":"page","link":"https:\/\/www.esteri.it\/it\/temi\/politica_europea\/italia_in_ue\/","title":{"rendered":"Italia nell&#8217;UE"},"content":{"rendered":"<p>L\u2019Italia ha sempre sostenuto il processo di integrazione europea, ritenuto fondamentale per promuovere e realizzare gli obiettivi di pace, libert\u00e0, sicurezza e benessere per gli italiani e per gli europei in generale. In qualit\u00e0 di Paese fondatore, l\u2019Italia ha accompagnato il processo di integrazione europea in tutte le sue tappe, facendo di Roma un crocevia imprescindibile nella storia della costruzione dell\u2019unit\u00e0 europea. L\u2019Italia riconosce dunque nell\u2019adesione all\u2019UE una scelta storica che ha unito il continente dopo decenni di guerre e che oggi consente agli Stati membri di affrontare sfide globali &#8211; dal cambiamento climatico alla transizione digitale, fino alle emergenze sanitarie ed energetiche &#8211; che i singoli Paesi non sarebbero in grado di affrontare da soli in modo ugualmente efficace.<\/p>\n<p>In questa sezione dedicata al ruolo dell\u2019Italia nell\u2019Unione, si ripercorrono le principali tappe italiane della storia comunitaria degli ultimi sessant\u2019anni. Ci si potr\u00e0 inoltre soffermare sugli esiti dell\u2019ultima Presidenza italiana di turno del Consiglio UE che si \u00e8 svolta dal 1 luglio al 31 dicembre 2014 (la prossima \u00e8 attesa per il primo semestre 2028). \u00c8 possibile infine ripercorrere le celebrazioni per il 60mo anniversario dei Trattati di Roma precedute nel 2016 da una riconferma forte dell\u2019impegno dei 6 paesi fondatori (Italia, Germania, Francia, Benelux) a costruire un\u2019Unione pi\u00f9 forte, con il coinvolgimento di tutti i Paesi membri che condividono l\u2019esigenza di proseguire sul percorso dell\u2019integrazione.<\/p>\n","protected":false},"excerpt":{"rendered":"L\u2019Italia ha sempre sostenuto il processo di integrazione europea, ritenuto fondamentale per promuovere e realizzare gli obiettivi di pace, libert\u00e0, sicurezza e benessere per gli italiani e per gli europei in generale. In qualit\u00e0 di Paese fondatore, l\u2019Italia ha accompagnato il processo di integrazione europea in tutte le sue tappe, facendo di Roma un crocevia [&hellip;]","protected":false},"author":1,"featured_media":0,"parent":306,"menu_order":4,"comment_status":"closed","ping_status":"closed","template":"page-estera.php","meta":{"footnotes":""},"class_list":["post-30669","page","type-page","status-publish","hentry"],"_links":{"self":[{"href":"https:\/\/www.esteri.it\/it\/wp-json\/wp\/v2\/pages\/30669","targetHints":{"allow":["GET"]}}],"collection":[{"href":"https:\/\/www.esteri.it\/it\/wp-json\/wp\/v2\/pages"}],"about":[{"href":"https:\/\/www.esteri.it\/it\/wp-json\/wp\/v2\/types\/page"}],"author":[{"embeddable":true,"href":"https:\/\/www.esteri.it\/it\/wp-json\/wp\/v2\/users\/1"}],"replies":[{"embeddable":true,"href":"https:\/\/www.esteri.it\/it\/wp-json\/wp\/v2\/comments?post=30669"}],"version-history":[{"count":4,"href":"https:\/\/www.esteri.it\/it\/wp-json\/wp\/v2\/pages\/30669\/revisions"}],"predecessor-version":[{"id":86130,"href":"https:\/\/www.esteri.it\/it\/wp-json\/wp\/v2\/pages\/30669\/revisions\/86130"}],"up":[{"embeddable":true,"href":"https:\/\/www.esteri.it\/it\/wp-json\/wp\/v2\/pages\/306"}],"wp:attachment":[{"href":"https:\/\/www.esteri.it\/it\/wp-json\/wp\/v2\/media?parent=30669"}],"curies":[{"name":"wp","href":"https:\/\/api.w.org\/{rel}","templated":true}]}}