{"id":30672,"date":"2021-07-21T12:11:02","date_gmt":"2021-07-21T10:11:02","guid":{"rendered":"https:\/\/www.esteri.it\/?page_id=30672"},"modified":"2024-07-11T13:32:37","modified_gmt":"2024-07-11T11:32:37","slug":"consigli","status":"publish","type":"page","link":"https:\/\/www.esteri.it\/it\/politica-estera-e-cooperazione-allo-sviluppo\/politica_europea\/consigli\/","title":{"rendered":"Consigli"},"content":{"rendered":"<h5><strong>Consiglio Affari Generali<\/strong><\/h5>\n<p>Il Consiglio Affari Generali svolge funzioni fondamentali nel sistema dei rapporti interni ed esterni dell\u2019Unione europea. Esso si occupa del\u00a0<strong>coordinamento generale delle politiche settoriali dell\u2019Unione<\/strong>, delle questioni istituzionali e amministrative e di quelle che concernono diverse politiche dell\u2019Unione, quali il quadro finanziario pluriennale e l\u2019allargamento. Inoltre, data la sua competenza trasversale, assicura la coerenza dei lavori delle diverse formazioni consiliari, prepara le riunioni del Consiglio europeo e ne assicura i seguiti, in collegamento con il Presidente del Consiglio europeo e con la Commissione.<\/p>\n<p>Nella formazione Affari Generali, il Consiglio \u00e8 composto dai\u00a0<strong>Ministri degli Esteri degli Stati membri<\/strong>, ed eventualmente, anche dai\u00a0<strong>Ministri degli Affari Europei<\/strong>. La Direzione Generale Unione europea del MAECI collabora con il Dipartimento Politiche Europee della Presidenza del Consiglio per la preparazione delle riunioni del Consiglio Affari Generali.<\/p>\n<h5><strong>Consiglio Affari Esteri<\/strong><\/h5>\n<p>Il Consiglio Affari Esteri si occupa delle relazioni dell\u2019UE con il resto del mondo. In base al Trattato sull\u2019Unione europea, esso \u00e8 infatti\u00a0<strong>responsabile per l\u2019elaborazione delle politiche esterne<\/strong>\u00a0dell\u2019Unione secondo le linee strategiche stabilite dal Consiglio europeo e per la coerenza dell\u2019azione dell\u2019Unione. In tale ambito di attivit\u00e0 sono comprese la politica estera e di sicurezza comune, la politica di sicurezza e di difesa comune, le questioni commerciali, gli aiuti allo sviluppo e gli interventi umanitari.<\/p>\n<p>Al fine di assicurare la coerenza di tutti gli aspetti dell\u2019azione esterna dell\u2019Unione, le riunioni del Consiglio Affari Esteri sono presiedute dall\u2019<strong>Alto Rappresentante per gli affari esteri e la politica di sicurezza<\/strong>, nominato dal Consiglio europeo (a maggioranza qualificata) con l\u2019accordo del Presidente della Commissione. Oltre a tale incarico, all\u2019Alto Rappresentante, che riveste altres\u00ec le funzioni di Vice Presidente della Commissione, \u00e8 affidato il compito di contribuire con le sue proposte all\u2019elaborazione della politica estera e di sicurezza comune, assicurare l\u2019attuazione delle decisioni adottate dal Consiglio europeo e dal Consiglio e rappresentare l\u2019Unione per le materie che rientrano nella politica estera e di sicurezza comune. Nell\u2019esecuzione delle sue funzioni, si avvale di un servizio europeo di azione esterna, composto da funzionari del Segretariato Generale del Consiglio e della Commissione nonch\u00e9 da personale distaccato dai servizi diplomatici degli Stati membri.<\/p>\n<h5><strong>Consiglio europeo<\/strong><\/h5>\n<p>Il\u00a0<a href=\"http:\/\/www.consilium.europa.eu\/en\/european-council\/\">Consiglio europeo<\/a>\u00a0\u00e8 l\u2019istituzione che definisce le priorit\u00e0 e gli orientamenti politici generali dell&#8217;UE. Non negozia n\u00e9 adotta atti legislativi, ma stabilisce al pi\u00f9 alto livello l&#8217;agenda politica dell&#8217;Unione, attraverso &#8220;conclusioni&#8221; che individuano le questioni problematiche e le misure da intraprendere o gli obiettivi da raggiungere.<\/p>\n<p>Il Consiglio europeo si riunisce a Bruxelles almeno due volte a semestre, presieduto e coordinato dal presidente del Consiglio europeo. Il Presidente del Consiglio in carica \u00e8 il belga Charles Michel. Egli ceder\u00e0 l\u2019incarico al portoghese Antonio Costa a partire dal 1\u00b0 dicembre 2024. Il Consiglio europeo \u00e8 composto dai capi di Stato o di governo degli Stati membri dell\u2019Unione europea.<\/p>\n<p>La scelta tra Capo di Stato o di governo, quale rappresentante dello Stato membro nelle sedute del Consiglio europeo, \u00e8 definita dall\u2019ordinamento del singolo Stato: in rappresentanza dell\u2019Italia prende parte alle riunioni il Presidente del Consiglio dei ministri. La Direzione Generale per l\u2019Europa e la politica commerciale internazionale del MAECI collabora con la Presidenza del Consiglio per la preparazione delle riunioni del Consiglio europeo.<\/p>\n<h5><strong>Altre formazioni del Consiglio<\/strong><\/h5>\n<p>Il Consiglio dell&#8217;UE \u00e8 un&#8217;entit\u00e0 giuridica unica, ma si riunisce in <a href=\"http:\/\/www.consilium.europa.eu\/it\/council-eu\/configurations\/\">dieci diverse formazioni<\/a> a seconda dell&#8217;argomento trattato.<\/p>\n<p>Non vi \u00e8 gerarchia tra le formazioni del Consiglio, sebbene il Consiglio &#8220;Affari generali&#8221; abbia uno speciale ruolo di coordinamento e sia responsabile delle questioni istituzionali, amministrative e orizzontali.<\/p>\n<p>Una qualunque delle dieci formazioni del Consiglio pu\u00f2 adottare un atto di competenza di un&#8217;altra formazione. Pertanto, in nessuno degli atti legislativi adottati dal Consiglio \u00e8 menzionata la formazione che ha proceduto all&#8217;adozione.<\/p>\n<p><strong>Consiglio &#8220;Agricoltura e pesca&#8221;<\/strong><\/p>\n<p>Il Consiglio &#8220;Agricoltura e pesca&#8221; adotta atti legislativi, nella maggior parte dei casi insieme al Parlamento europeo, su una serie di aspetti concernenti la produzione alimentare, lo sviluppo rurale e la gestione della pesca.<\/p>\n<p>La maggior parte degli Stati membri \u00e8 rappresentata da un solo ministro per entrambi i settori, mentre altri inviano un ministro per l&#8217;agricoltura e uno per la pesca. L\u2019Italia \u00e8 rappresentata dal <a href=\"https:\/\/www.politicheagricole.it\/flex\/cm\/pages\/ServeBLOB.php\/L\/IT\/IDPagina\/376\">Ministro delle politiche agricole, alimentari e forestali.<\/a><\/p>\n<p>Le sessioni si svolgono generalmente una volta al mese.<\/p>\n<p><strong>Consiglio &#8220;Ambiente&#8221;<\/strong><\/p>\n<p>Il Consiglio &#8220;Ambiente&#8221; \u00e8 responsabile della politica ambientale dell&#8217;UE, compresa la protezione dell&#8217;ambiente, l&#8217;uso prudente delle risorse e la protezione della salute umana. Si occupa inoltre di questioni ambientali internazionali, in particolare nel settore del cambiamento climatico.<\/p>\n<p>\u00c8 composto dai <a href=\"http:\/\/www.minambiente.it\/\">ministri responsabili delle questioni concernenti l&#8217;ambiente<\/a>; per l\u2019Italia, vi partecipa il Ministro dell\u2019Ambiente e della Tutela del Territorio e del Mare.<\/p>\n<p>Generalmente si riunisce quattro volte all\u2019anno.<\/p>\n<p><strong>Consiglio &#8220;Competitivit\u00e0&#8221;<\/strong><\/p>\n<p>Il Consiglio &#8220;Competitivit\u00e0&#8221; si adopera per rafforzare la competitivit\u00e0 e potenziare la crescita nell&#8217;UE. Si occupa di quattro importanti settori: mercato interno, industria, ricerca e innovazione e spazio.<\/p>\n<p>In funzione dell&#8217;ordine del giorno, in seno al Consiglio &#8220;Competitivit\u00e0&#8221;, l\u2019Italia \u00e8 rappresentata dal Sottosegretario alla Presidenza del Consiglio dei ministri con delega agli affari europei, dal <a href=\"http:\/\/www.sviluppoeconomico.gov.it\/index.php\/it\/\">Ministro dello Sviluppo economico<\/a> o dal <a href=\"http:\/\/www.istruzione.it\/\">Ministro dell\u2019Istruzione, dell\u2019Universit\u00e0 e della Ricerca<\/a> .<\/p>\n<p>Le sessioni si svolgono almeno quattro volte all&#8217;anno.<\/p>\n<p><strong>Consiglio &#8220;Economia e finanza&#8221; <\/strong><\/p>\n<p>Il Consiglio &#8220;Economia e finanza&#8221;, meglio noto come Consiglio ECOFIN, \u00e8 responsabile della politica dell&#8217;UE in tre settori principali: politica economica, fiscalit\u00e0 e regolamentazione dei servizi finanziari.<\/p>\n<p>E\u2019 composto <a href=\"http:\/\/www.mef.gov.it\/\">dai ministri dell&#8217;economia e delle finanze<\/a> di tutti gli Stati membri. Partecipano alle sue sessioni anche i commissari europei competenti.<\/p>\n<p>Si riunisce generalmente una volta al mese.<\/p>\n<p><strong>Consiglio &#8220;Giustizia e affari interni&#8221; <\/strong><\/p>\n<p>Il Consiglio &#8220;Giustizia e affari interni&#8221; (GAI) elabora politiche comuni e di cooperazione su vari aspetti transfrontalieri, al fine di realizzare uno spazio di libert\u00e0, sicurezza e giustizia a livello di UE.<\/p>\n<p>\u00c8 composto dai <a href=\"https:\/\/www.giustizia.it\/giustizia\/\">ministri della giustizia<\/a> e degli <a href=\"http:\/\/www.interno.gov.it\/it\">affari interni<\/a> di tutti gli Stati membri dell&#8217;UE. In generale, i ministri della giustizia si occupano della cooperazione giudiziaria in materia civile e penale e dei diritti fondamentali, mentre i ministri degli affari interni sono responsabili, tra l&#8217;altro, della migrazione, della gestione delle frontiere e della cooperazione di polizia. Per l\u2019Italia partecipano pertanto il Ministro della Giustizia o il Ministro dell\u2019Interno.<\/p>\n<p>Il Consiglio GAI \u00e8 inoltre responsabile della protezione civile.<\/p>\n<p>Si riunisce di regola ogni tre mesi.<\/p>\n<p><strong>Consiglio &#8220;Istruzione, giovent\u00f9, cultura e sport&#8221;<\/strong><\/p>\n<p>Il Consiglio \u201cIstruzione, giovent\u00f9, cultura e sport\u201d costituisce il quadro entro cui si sviluppano la cooperazione e lo scambio di informazioni tra gli Stati membri in tali settori.<\/p>\n<p>La composizione del Consiglio dipende dagli argomenti discussi in una determinata sessione e l\u2019Italia \u00e8, dunque, rappresentata dal <a href=\"http:\/\/www.istruzione.it\/\">Ministro dell\u2019istruzione dell\u2019universit\u00e0 e della ricerca<\/a> o dal <a href=\"http:\/\/www.beniculturali.it\/mibac\/export\/MiBAC\/index.html#&amp;panel1-3\">Ministro dei beni e delle attivit\u00e0 culturali e del turismo<\/a>.<\/p>\n<p>Si riunisce tre o quattro volte all&#8217;anno, di cui due in formazione piena.<\/p>\n<p><strong>Consiglio &#8220;Occupazione, politica sociale, salute e consumatori&#8221; <\/strong><\/p>\n<p>Il Consiglio \u201cOccupazione, politica sociale, salute e consumatori\u201d (EPSCO) riunisce i ministri responsabili dell&#8217;occupazione, degli affari sociali, della salute e della politica dei consumatori di tutti gli Stati membri dell&#8217;UE. Partecipano alle sue sessioni anche i commissari europei competenti. L\u2019Italia vi \u00e8 rappresentata dal <a href=\"http:\/\/www.lavoro.gov.it\/Pagine\/default.aspx\">Ministro del lavoro e delle politiche sociali<\/a> e dal <a href=\"http:\/\/www.salute.gov.it\/\">Ministro della salute<\/a>.<\/p>\n<p>Sono organizzate generalmente quattro sessioni del Consiglio EPSCO all&#8217;anno, di cui due di norma dedicate esclusivamente all&#8217;occupazione e alla politica sociale.<\/p>\n<p><strong>Consiglio &#8220;Trasporti, telecomunicazioni e energia&#8221; <\/strong><\/p>\n<p>Il Consiglio \u201cTTE\u201d si adopera per realizzare gli obiettivi dell&#8217;UE in materia di trasporti, telecomunicazioni ed energia: creare mercati e infrastrutture moderni, competitivi ed efficienti e realizzare reti transeuropee nei settori dei trasporti, delle comunicazioni e dell&#8217;energia.<\/p>\n<p>La composizione e il numero di sessioni del Consiglio TTE variano in funzione delle tematiche all&#8217;ordine del giorno:<\/p>\n<p>i ministri dei trasporti si riuniscono di norma quattro volte all&#8217;anno;<\/p>\n<p>i ministri dell&#8217;energia si riuniscono tre o quattro volte all&#8217;anno;<\/p>\n<p>i ministri delle telecomunicazioni si riuniscono due volte all&#8217;anno.<\/p>\n<p>Per l\u2019Italia partecipano, in materia di trasporti, il <a href=\"http:\/\/www.mit.gov.it\/mit\/site.php\">Ministro delle Infrastrutture e dei Trasporti <\/a>\u00a0e, in materia di energia e telecomunicazioni, il <a href=\"http:\/\/www.sviluppoeconomico.gov.it\/index.php\/it\/\">Ministro dello Sviluppo economico<\/a>.<\/p>\n","protected":false},"excerpt":{"rendered":"Consiglio Affari Generali Il Consiglio Affari Generali svolge funzioni fondamentali nel sistema dei rapporti interni ed esterni dell\u2019Unione europea. Esso si occupa del\u00a0coordinamento generale delle politiche settoriali dell\u2019Unione, delle questioni istituzionali e amministrative e di quelle che concernono diverse politiche dell\u2019Unione, quali il quadro finanziario pluriennale e l\u2019allargamento. Inoltre, data la sua competenza trasversale, assicura [&hellip;]","protected":false},"author":1,"featured_media":0,"parent":306,"menu_order":5,"comment_status":"closed","ping_status":"closed","template":"page-estera.php","meta":{"footnotes":""},"class_list":["post-30672","page","type-page","status-publish","hentry"],"_links":{"self":[{"href":"https:\/\/www.esteri.it\/it\/wp-json\/wp\/v2\/pages\/30672","targetHints":{"allow":["GET"]}}],"collection":[{"href":"https:\/\/www.esteri.it\/it\/wp-json\/wp\/v2\/pages"}],"about":[{"href":"https:\/\/www.esteri.it\/it\/wp-json\/wp\/v2\/types\/page"}],"author":[{"embeddable":true,"href":"https:\/\/www.esteri.it\/it\/wp-json\/wp\/v2\/users\/1"}],"replies":[{"embeddable":true,"href":"https:\/\/www.esteri.it\/it\/wp-json\/wp\/v2\/comments?post=30672"}],"version-history":[{"count":1,"href":"https:\/\/www.esteri.it\/it\/wp-json\/wp\/v2\/pages\/30672\/revisions"}],"predecessor-version":[{"id":119986,"href":"https:\/\/www.esteri.it\/it\/wp-json\/wp\/v2\/pages\/30672\/revisions\/119986"}],"up":[{"embeddable":true,"href":"https:\/\/www.esteri.it\/it\/wp-json\/wp\/v2\/pages\/306"}],"wp:attachment":[{"href":"https:\/\/www.esteri.it\/it\/wp-json\/wp\/v2\/media?parent=30672"}],"curies":[{"name":"wp","href":"https:\/\/api.w.org\/{rel}","templated":true}]}}