{"id":30700,"date":"2021-07-21T12:23:02","date_gmt":"2021-07-21T10:23:02","guid":{"rendered":"https:\/\/www.esteri.it\/?page_id=30700"},"modified":"2025-12-18T14:44:00","modified_gmt":"2025-12-18T13:44:00","slug":"migrazioni","status":"publish","type":"page","link":"https:\/\/www.esteri.it\/it\/politica-estera-e-cooperazione-allo-sviluppo\/politica_europea\/dossier\/migrazioni\/","title":{"rendered":"Flussi migratori verso l\u2019UE"},"content":{"rendered":"<p><strong>Le rotte migratorie<\/strong><\/p>\n<p>I flussi migratori irregolari verso l\u2019Unione europea (UE) si sviluppano essenzialmente lungo le seguenti <strong>rotte<\/strong>:<\/p>\n<ul>\n<li><a href=\"https:\/\/www.consilium.europa.eu\/it\/policies\/eu-migration-policy\/central-mediterranean-route\/\">Mediterraneo centrale<\/a>, con arrivi via mare in Italia e a Malta di migranti provenienti maggiormente dall\u2019Africa subsahariana e dall\u2019Africa settentrionale. Il numero di migranti irregolari lungo tale rotta si mantiene notevolmente elevato, rendendola la principale rotta di accesso all\u2019Unione Europea. In tale contesto, l\u2019UE ha approfondito in particolare la collaborazione con la Tunisia, attraverso il Memorandum of Understanding del 2023 che ha istituito una partnership globale e onnicomprensiva tra Bruxelles e Tunisi, di cui quello migratorio rappresenta un pilastro fondamentale.<\/li>\n<li><a href=\"https:\/\/www.consilium.europa.eu\/it\/policies\/eu-migration-policy\/eastern-mediterranean-route\/\">Mediterraneo orientale<\/a>, con arrivi in Grecia, a Cipro e in Bulgaria. Dal 2016 il numero degli arrivi \u00e8 sensibilmente diminuito, anche grazie alla cooperazione fra UE e Turchia.<\/li>\n<li><a href=\"https:\/\/www.consilium.europa.eu\/it\/policies\/western-routes\/\">Mediterraneo occidentale<\/a>, con arrivi irregolari in Spagna, sia via mare sia via terra verso le enclave di Ceuta e Melilla (Africa settentrionale). Dopo il picco registrato nel 2018, il numero degli arrivi ha iniziato a diminuire costantemente a partire dal 2019, grazie a una combinazione di fattori tra cui spiccano l\u2019intensificazione degli sforzi da parte del Marocco nel contrasto alla migrazione irregolare, la crescente cooperazione tra Marocco, Spagna e Unione europea, e l\u2019impatto della pandemia di COVID-19. La Commissione nel 2023 ha presentato <a href=\"https:\/\/home-affairs.ec.europa.eu\/eu-action-plan-western-mediterranean-and-atlantic-routes_en\">un piano d&#8217;azione dell\u2019UE per le rotte migratorie del Mediterraneo occidentale e dell\u2019Atlantico<\/a> che punta a rafforzare la cooperazione con i Paesi di origine e transito per prevenire la migrazione irregolare e combattere il traffico di esseri umani. Il piano include misure operative per migliorare la gestione delle frontiere, i rimpatri volontari e la reintegrazione dei migranti, promuovendo al contempo percorsi legali di migrazione. A dicembre 2022, inoltre, l\u2019Unione europea e i partner africani hanno lanciato le iniziative Team Europe, focalizzandosi sulle rotte migratorie del Mediterraneo occidentale e dell\u2019Africa occidentale, con l\u2019obiettivo di promuovere un approccio congiunto tra Stati membri e UE per affrontare le sfide migratorie.<\/li>\n<li><a href=\"https:\/\/www.consilium.europa.eu\/it\/policies\/western-routes\/\">Africa occidentale,<\/a> con partenze principalmente dal Marocco, dal Sahara occidentale, dalla Mauritania, dal Senegal e dal Gambia per cui i migranti intraprendono viaggi pericolosi lungo la costa dell\u2019Africa occidentale per raggiungere le isole Canarie. Dopo un aumento significativo nel 2020 e nel 2021, il numero di arrivi irregolari \u00e8 nuovamente diminuito nel 2022. A marzo 2024 \u00e8 stato concluso un Memorandum of Understanding per un partenariato UE-Mauritania in tema migratorio.<\/li>\n<li><a href=\"https:\/\/www.consilium.europa.eu\/it\/policies\/western-balkans-route\/#:~:text=Con%20il%20termine%20%22rotta%20dei%20Balcani%20occidentali%22%20ci,una%20delle%20principali%20vie%20di%20migrazione%20verso%20l%27Europa.\">Rotta dei Balcani occidentali<\/a>, rappresenta un corridoio utilizzato particolarmente da migranti provenienti dal Medio Oriente, dall\u2019Asia e dall\u2019Africa che cercano di raggiungere l\u2019Europa. Dopo il picco di arrivi registrato nel 2015, il numero di ingressi irregolari \u00e8 diminuito per alcuni anni, ma ha ripreso a crescere a partire dal 2019. Molti migranti che entrano nell\u2019UE attraverso questa rotta si spostano successivamente in altri Stati membri, contribuendo cos\u00ec a un numero elevato di movimenti secondari all\u2019interno dell\u2019Unione. A dicembre 2022 l\u2019UE ha adottato un Piano d\u2019azione per i Balcani occidentali contenente una serie di misure operative per consolidare il partenariato con i Paesi della regione, identificando come prioritari il rafforzamento della gestione delle frontiere, azioni di contrasto alla tratta di esseri umani, sviluppo della cooperazione nel settore dei rimpatri e delle riammissioni e l\u2019armonizzazione dele politiche dei visti.<\/li>\n<\/ul>\n<p>A partire della guerra in Ucraina, \u00e8 iniziato un massiccio afflusso di rifugiati ucraini verso l\u2019Unione Europea a favore dei quali sono state applicate risposte concrete come l\u2019attivazione della protezione temporanea.<\/p>\n<p><strong>\u00a0<\/strong><\/p>\n<p><strong>L\u2019UE e la gestione dei flussi migratori.<\/strong><\/p>\n<p>L&#8217;adozione del <a href=\"https:\/\/home-affairs.ec.europa.eu\/policies\/migration-and-asylum\/pact-migration-and-asylum_it\">Patto sulla migrazione e l\u2019asilo<\/a> (il Patto) nel giugno 2024 ha segnato una tappa fondamentale nello sviluppo di un sistema europeo comune di asilo. Il Patto riforma e potenzia le norme attuali, rafforzando e armonizzando le politiche dell&#8217;UE in materia di migrazione, asilo, gestione delle frontiere e integrazione.<\/p>\n<p>Il Patto crea un quadro giuridico che bilancia la solidariet\u00e0 e la responsabilit\u00e0 tra gli Stati membri, con l\u2019obiettivo di gestire i flussi migratori in modo efficace ed equo. Gli atti legislativi del Patto (nove regolamenti e una direttiva) sono entrati in vigore l&#8217;11 giugno 2024 e si applicheranno a partire dalla met\u00e0 del 2026. Ci\u00f2 permetter\u00e0 all&#8217;Unione di disporre di frontiere esterne forti e sicure, che i diritti delle persone migranti siano rispettati e che nessun Paese dell&#8217;UE sia lasciato solo o sotto pressione, nella gestione del fenomeno migratorio.<\/p>\n<p>Al tempo stesso l\u2019UE ha adottato diversi quadri normativi che regolano i <a href=\"https:\/\/www.consilium.europa.eu\/it\/policies\/managing-migration-flows\/\">flussi migratori legali<\/a> attraverso programmi di reinsediamento e strumenti volti ad attrarre lavoratori altamente qualificati, studenti, ricercatori, lavoratori stagionali, nonch\u00e9 facilitazioni per i trasferimenti intra-societari e ricongiungimenti familiari.<\/p>\n","protected":false},"excerpt":{"rendered":"Le rotte migratorie I flussi migratori irregolari verso l\u2019Unione europea (UE) si sviluppano essenzialmente lungo le seguenti rotte: Mediterraneo centrale, con arrivi via mare in Italia e a Malta di migranti provenienti maggiormente dall\u2019Africa subsahariana e dall\u2019Africa settentrionale. Il numero di migranti irregolari lungo tale rotta si mantiene notevolmente elevato, rendendola la principale rotta di [&hellip;]","protected":false},"author":1,"featured_media":0,"parent":30695,"menu_order":2,"comment_status":"closed","ping_status":"closed","template":"page-estera.php","meta":{"footnotes":""},"class_list":["post-30700","page","type-page","status-publish","hentry"],"_links":{"self":[{"href":"https:\/\/www.esteri.it\/it\/wp-json\/wp\/v2\/pages\/30700","targetHints":{"allow":["GET"]}}],"collection":[{"href":"https:\/\/www.esteri.it\/it\/wp-json\/wp\/v2\/pages"}],"about":[{"href":"https:\/\/www.esteri.it\/it\/wp-json\/wp\/v2\/types\/page"}],"author":[{"embeddable":true,"href":"https:\/\/www.esteri.it\/it\/wp-json\/wp\/v2\/users\/1"}],"replies":[{"embeddable":true,"href":"https:\/\/www.esteri.it\/it\/wp-json\/wp\/v2\/comments?post=30700"}],"version-history":[{"count":3,"href":"https:\/\/www.esteri.it\/it\/wp-json\/wp\/v2\/pages\/30700\/revisions"}],"predecessor-version":[{"id":165546,"href":"https:\/\/www.esteri.it\/it\/wp-json\/wp\/v2\/pages\/30700\/revisions\/165546"}],"up":[{"embeddable":true,"href":"https:\/\/www.esteri.it\/it\/wp-json\/wp\/v2\/pages\/30695"}],"wp:attachment":[{"href":"https:\/\/www.esteri.it\/it\/wp-json\/wp\/v2\/media?parent=30700"}],"curies":[{"name":"wp","href":"https:\/\/api.w.org\/{rel}","templated":true}]}}