{"id":30719,"date":"2021-07-21T12:36:36","date_gmt":"2021-07-21T10:36:36","guid":{"rendered":"https:\/\/www.esteri.it\/?page_id=30719"},"modified":"2022-09-19T11:54:35","modified_gmt":"2022-09-19T09:54:35","slug":"conferenza-sul-futuro-delleuropa","status":"publish","type":"page","link":"https:\/\/www.esteri.it\/it\/politica-estera-e-cooperazione-allo-sviluppo\/politica_europea\/dossier\/conferenza-sul-futuro-delleuropa\/","title":{"rendered":"Conferenza sul futuro dell&#8217;Europa"},"content":{"rendered":"<p><img loading=\"lazy\" decoding=\"async\" class=\"img-fluid aligncenter wp-image-44020 size-medium\" src=\"http:\/\/www.esteri.it\/wp-content\/uploads\/2021\/09\/conf_fut_europa_logo-300x106.jpg\" alt=\"conferenza-sul-futuro-delleuropa\" width=\"300\" height=\"106\" srcset=\"https:\/\/www.esteri.it\/wp-content\/uploads\/2021\/09\/conf_fut_europa_logo-300x106.jpg 300w, https:\/\/www.esteri.it\/wp-content\/uploads\/2021\/09\/conf_fut_europa_logo-768x271.jpg 768w, https:\/\/www.esteri.it\/wp-content\/uploads\/2021\/09\/conf_fut_europa_logo.jpg 775w\" sizes=\"auto, (max-width: 300px) 100vw, 300px\" \/><\/p>\n<p>La Conferenza sul Futuro dell\u2019Europa \u00e8 nata per offrire a tutti i cittadini europei un\u2019occasione per ragionare sulle sfide e le priorit\u00e0 dell\u2019Europa e per riflettere sul futuro dell\u2019Unione Europea. Il Parlamento europeo, il Consiglio e la Commissione europea si sono impegnati ad ascoltare la voce degli europei e a dare seguito, nell\u2019ambito delle rispettive competenze, alle raccomandazioni ricevute.<\/p>\n<p>La Conferenza \u00e8 stata aperta ai cittadini di tutta l\u2019Unione Europea, di qualunque provenienza e contesto. Un ruolo particolare \u00e8 stato previsto per le generazioni pi\u00f9 giovani, cui \u00e8 stato riconosciuto un ruolo centrale nel plasmare il futuro del progetto europeo. A questa iniziativa ha contribuito una vasta platea di soggetti, dalla societ\u00e0 civile alle organizzazioni, dalle Autorit\u00e0 europee e nazionali agli enti locali.<\/p>\n<p>La Conferenza \u00a0si \u00e8 conclusa a Strasburgo il 9 maggio 2022 con l\u2019adozione di una relazione, che raccoglie 49 proposte e oltre 320 misure, frutto di tutti gli input pervenuti nel corso dei lavori attraverso i diversi canali di partecipazione (Piattaforma digitale multilingue, panels nazionali ed europei, eventi, conferenze, ecc.).<\/p>\n<p>Le tre istituzioni hanno iniziato l\u2019esame delle proposte per dare un seguito efficace e concreto alle richieste dei cittadini.<\/p>\n<p>\u00c8 inoltre gi\u00e0 previsto per l&#8217;autunno 2022 un evento di follow up per aggiornare i cittadini sui seguiti che le Istituzioni potranno assicurare alle proposte presentate. L\u2019Italia \u00e8 stata fra i primi Stati Membri ad offrire un contributo di idee su modalit\u00e0, obiettivi e organizzazione della Conferenza, tramite un non-paper, pubblicato nel febbraio 2020 ed aggiornato nell\u2019autunno 2021 alla luce degli sviluppi intervenuti nel 2020\/2021 (la crisi COVID e il varo di Next Generation EU).<\/p>\n<p><a href=\"https:\/\/futureu.europa.eu\/?locale=it\"><strong><em>La piattaforma digitale multilingue della Conferenza<\/em><\/strong><\/a><\/p>\n<p>La <a href=\"https:\/\/futureu.europa.eu\/?locale=it\"><strong>Piattaforma digitale multilingue<\/strong><\/a> \u00e8 stato centro nevralgico della Conferenza. Essa ha permesso a tutti i cittadini di condividere le riflessioni sull\u2019Europa e sui cambiamenti che devono avvenire, scoprire che cosa pensano gli altri, trovare eventi nelle vicinanze, organizzare un evento e seguire i progressi e i risultati della Conferenza.<\/p>\n<p>I contributi online dei cittadini sono stati raccolti, monitorati e pubblicati nel corso dell\u2019intera Conferenza. Dall\u2019inizio dei lavori sono state pubblicate tre relazioni intermedie, nonch\u00e9 il rapporto sulla piattaforma a febbraio 2022 e la relazione finale della piattaforma a maggio 2022.<\/p>\n<p>La Piattaforma \u00e8 stata chiusa il 9 maggio 2022 al termine dei lavori della Conferenza<\/p>\n<p><em><strong>La Partecipazione italiana<\/strong><\/em> L\u2019Italia \u00e8 stata una convinta sostenitrice della Conferenza per il Futuro dell\u2019Europa come strumento per coinvolgere i cittadini europei nella costruzione del futuro dell\u2019Unione Europea e di tutti noi. Proprio per questo, sono stati istituiti un <strong>Comitato scientifico<\/strong> e un <strong>Comitato organizzativo<\/strong> dedicati alla partecipazione italiana alla Conferenza.<\/p>\n<p>Le molteplici attivit\u00e0 realizzate da parte italiana sono sintetizzate nella Relazione del governo (cui si rimanda \u2013 <a href=\"https:\/\/www.politicheeuropee.gov.it\/media\/6373\/futuroeuropa_volume_web.pdf\">futuroeuropa_volume_web.pdf (politicheeuropee.gov.it)<\/a>).<\/p>\n<p>Tra le attivit\u00e0 pi\u00f9 rilevanti, si segnalano il <strong>panel nazionale dei cittadini<\/strong> (11-12 marzo 2022) e gli incontri tenutisi in tutta Italia (\u201c<strong>Incontriamoci a\u2026<\/strong>\u201d). L\u2019ultimo evento ha avuto simbolicamente luogo a Ventotene lo scorso 8 maggio, proprio alla vigilia della chiusura europea della Conferenza.<\/p>\n<p>Per rilevanza, si segnalano inoltre la <strong>Conferenza dei Giovani<\/strong>, aperta anche a partecipanti dei Balcani Occidentali del novembre 2021 e un ulteriore momento di confronto aperto anche a partecipanti dei Paesi partner del Mediterraneo \u2013 nella cornice del consueto appuntamento dei <strong>MED Dialogues<\/strong> del dicembre 2021.<\/p>\n<p>&nbsp;<\/p>\n<p><strong><em>Gli argomenti<\/em><\/strong><\/p>\n<p>I temi trattati dalla Conferenza sono stati articolati in quattro macro aree:<\/p>\n<ol>\n<li>Democrazia e valori europei, diritti e Stato di diritto, sicurezza;<\/li>\n<li>Cambiamento climatico, ambiente e salute;<\/li>\n<li>Rafforzamento economico, giustizia sociale, lavoro ed educazione, sport e trasformazione digitale;<\/li>\n<li>UE nel mondo, migrazioni.<\/li>\n<\/ol>\n<p>&nbsp;<\/p>\n      <div class=\"row pt-3 pb-3 mt-3 mb-3\">\n        <div class=\"col-md-12 text-center\">\n          <a class=\"link-ico-raggiera\" data-bs-toggle=\"tooltip\" title=\"Cambiamento climatico e ambiente\">\n            <span class=\"ico-raggiera\">\n              <img loading=\"lazy\" decoding=\"async\" width=\"64\" height=\"64\" src=\"https:\/\/www.esteri.it\/wp-content\/themes\/mae\/assets\/img\/fiore.png\" alt=\"\">\n            <\/span>\n          <\/a>\n        <\/div>\n      <\/div>\n      <div class=\"row\">\n        <div class=\"col-md-6 text-center pt-3 pb-3 mt-3 mb-3\">\n          <a class=\"link-ico-raggiera\" data-bs-toggle=\"tooltip\" title=\"Salute\">\n            <span class=\"ico-raggiera\">\n              <img loading=\"lazy\" decoding=\"async\" width=\"64\" height=\"64\" src=\"https:\/\/www.esteri.it\/wp-content\/themes\/mae\/assets\/img\/cuore.png\" alt=\"\">\n            <\/span>\n          <\/a>\n        <\/div>\n        <div class=\"col-md-6 text-center pt-3 pb-3 mt-3 mb-3\">\n          <a class=\"link-ico-raggiera\" data-bs-toggle=\"tooltip\" title=\"Un'economia pi\u00f9 forte, giustizia sociale e occupazione\">\n            <span class=\"ico-raggiera\">\n              <img loading=\"lazy\" decoding=\"async\" width=\"64\" height=\"64\" src=\"https:\/\/www.esteri.it\/wp-content\/themes\/mae\/assets\/img\/soldi.png\" alt=\"\">\n            <\/span>\n          <\/a>\n        <\/div>\n      <\/div>\n      <div class=\"row\">\n        <div class=\"col-md-6 text-md-left text-center pt-3 pb-3 mt-3 mb-3\">\n          <a class=\"link-ico-raggiera\" data-bs-toggle=\"tooltip\" title=\"L'UE nel mondo\">\n            <span class=\"ico-raggiera\">\n              <img loading=\"lazy\" decoding=\"async\" width=\"64\" height=\"64\" src=\"https:\/\/www.esteri.it\/wp-content\/themes\/mae\/assets\/img\/mondo.png\" alt=\"\">\n            <\/span>\n          <\/a>\n        <\/div>\n        <div class=\"col-md-6 text-md-right text-center pt-3 pb-3 mt-3 mb-3\">\n          <a class=\"link-ico-raggiera\" data-bs-toggle=\"tooltip\" title=\"Valori e diritti, Stato di diritto, sicurezza\">\n            <span class=\"ico-raggiera\">\n             <img loading=\"lazy\" decoding=\"async\" width=\"64\" height=\"64\" src=\"https:\/\/www.esteri.it\/wp-content\/themes\/mae\/assets\/img\/mani-inc.png\" alt=\"\">\n            <\/span>\n          <\/a>\n        <\/div>\n      <\/div>\n      <div class=\"row\">\n        <div class=\"col-md-6 text-md-left text-center pt-3 pb-3 pt-md-5 pb-md-5 mt-3 mb-3\">\n          <a class=\"link-ico-raggiera\" data-bs-toggle=\"tooltip\" title=\"Trasformazione digitale\">\n            <span class=\"ico-raggiera\">\n              <img loading=\"lazy\" decoding=\"async\" width=\"64\" height=\"64\" src=\"https:\/\/www.esteri.it\/wp-content\/themes\/mae\/assets\/img\/telefono.png\" alt=\"\">\n            <\/span>\n          <\/a>\n        <\/div>\n        <div class=\"col-md-6 text-md-right text-center pt-3 pb-3 pt-md-5 pb-md-5 mt-3 mb-3\">\n          <a class=\"link-ico-raggiera\" data-bs-toggle=\"tooltip\" title=\"Democrazia europea\">\n            <span class=\"ico-raggiera\">\n              <img loading=\"lazy\" decoding=\"async\" width=\"64\" height=\"64\" src=\"https:\/\/www.esteri.it\/wp-content\/themes\/mae\/assets\/img\/mani.png\" alt=\"\">\n            <\/span>\n          <\/a>\n        <\/div>\n      <\/div>\n      <div class=\"row\">\n        <div class=\"col-md-6 text-center pt-3 pb-3 mt-3 mb-3\">\n          <a class=\"link-ico-raggiera\" data-bs-toggle=\"tooltip\" title=\"Migrazione\">\n            <span class=\"ico-raggiera\">\n              <img loading=\"lazy\" decoding=\"async\" width=\"64\" height=\"64\" src=\"https:\/\/www.esteri.it\/wp-content\/themes\/mae\/assets\/img\/freccie.png\" alt=\"\">\n            <\/span>\n          <\/a>\n        <\/div>\n        <div class=\"col-md-6 text-center pt-3 pb-3 mt-3 mb-3\">\n          <a class=\"link-ico-raggiera\" data-bs-toggle=\"tooltip\" title=\"Istruzione, cultura, giovent\u00f9 e sport\">\n            <span class=\"ico-raggiera\">\n              <img loading=\"lazy\" decoding=\"async\" width=\"64\" height=\"64\" src=\"https:\/\/www.esteri.it\/wp-content\/themes\/mae\/assets\/img\/scuola.png\" alt=\"\">\n            <\/span>\n          <\/a>\n        <\/div>\n      <\/div>\n      <div class=\"row pt-3 pb-3 mt-3 mb-3\">\n        <div class=\"col-md-12 text-center\">\n          <a class=\"link-ico-raggiera\" data-bs-toggle=\"tooltip\" title=\"Altre idee\">\n            <span class=\"ico-raggiera\">\n              <img loading=\"lazy\" decoding=\"async\" width=\"64\" height=\"64\" src=\"https:\/\/www.esteri.it\/wp-content\/themes\/mae\/assets\/img\/lampadina.png\" alt=\"\">\n            <\/span>\n          <\/a>\n      <\/div>\n      <\/div>\n      \n<p>&nbsp;<\/p>\n<h4>Documenti e link utili<\/h4>\n<p>Su questa pagina sono disponibili i documenti pi\u00f9 importanti legati alla Conferenza sul Futuro dell\u2019Europa, e collegamenti utili ad altre pagine rilevanti.<\/p>\n<p><strong>Documenti<\/strong><\/p>\n<ul>\n<li><a href=\"https:\/\/www.esteri.it\/mae\/resource\/doc\/2021\/09\/revised_italian_paper_on_the_cofe_-_final.pdf\">Non paper italiano<\/a> \u2013 <a href=\"https:\/\/www.esteri.it\/mae\/resource\/doc\/2021\/09\/revised_italian_paper_on_the_cofe_-_final.pdf\">Microsoft Word &#8211; SECONDO Non_paper_ITA_su_Conferenza_futuro_Europa &#8211; FINAL (esteri.it)<\/a><\/li>\n<li>Relazione del governo sul contributo italiano alla Conferenza (<a href=\"https:\/\/www.politicheeuropee.gov.it\/media\/6373\/futuroeuropa_volume_web.pdf\">futuroeuropa_volume_web.pdf (politicheeuropee.gov.it)<\/a>)<\/li>\n<li>Relazione conclusiva della COFE (in inglese &#8211; <a href=\"https:\/\/prod-cofe-platform.s3.eu-central-1.amazonaws.com\/2po250fn174z62m8g8c9ya9e62m7?response-content-disposition=inline%3B%20filename%3D%22Book_CoFE_Final_Report_EN_full.pdf%22%3B%20filename%2A%3DUTF-8%27%27Book_CoFE_Final_Report_EN_full.pdf&amp;response-content-type=application%2Fpdf&amp;X-Amz-Algorithm=AWS4-HMAC-SHA256&amp;X-Amz-Credential=AKIA3LJJXGZPDFYVOW5V%2F20220905%2Feu-central-1%2Fs3%2Faws4_request&amp;X-Amz-Date=20220905T100035Z&amp;X-Amz-Expires=300&amp;X-Amz-SignedHeaders=host&amp;X-Amz-Signature=d9403553576d67a6427c13fc95972a266b45afd6bb4ec2226a7f219a2a770005\">2po250fn174z62m8g8c9ya9e62m7 (prod-cofe-platform.s3.eu-central-1.amazonaws.com)<\/a>)<\/li>\n<\/ul>\n<p>&nbsp;<\/p>\n<p><strong>Link utili<\/strong><\/p>\n<ul>\n<li><a href=\"http:\/\/www.politicheeuropee.gov.it\/it\/conferenza-sul-futuro-delleuropa\/\">Dipartimento per le Politiche Europee della Presidenza del Consiglio dei Ministri<\/a><\/li>\n<li><a href=\"https:\/\/futureu.europa.eu\/?locale=it\">Piattaforma digitale multilingue<\/a><\/li>\n<\/ul>\n","protected":false},"excerpt":{"rendered":"La Conferenza sul Futuro dell\u2019Europa \u00e8 nata per offrire a tutti i cittadini europei un\u2019occasione per ragionare sulle sfide e le priorit\u00e0 dell\u2019Europa e per riflettere sul futuro dell\u2019Unione Europea. Il Parlamento europeo, il Consiglio e la Commissione europea si sono impegnati ad ascoltare la voce degli europei e a dare seguito, nell\u2019ambito delle rispettive [&hellip;]","protected":false},"author":1,"featured_media":0,"parent":30695,"menu_order":9,"comment_status":"closed","ping_status":"closed","template":"page-estera.php","meta":{"footnotes":""},"class_list":["post-30719","page","type-page","status-publish","hentry"],"_links":{"self":[{"href":"https:\/\/www.esteri.it\/it\/wp-json\/wp\/v2\/pages\/30719","targetHints":{"allow":["GET"]}}],"collection":[{"href":"https:\/\/www.esteri.it\/it\/wp-json\/wp\/v2\/pages"}],"about":[{"href":"https:\/\/www.esteri.it\/it\/wp-json\/wp\/v2\/types\/page"}],"author":[{"embeddable":true,"href":"https:\/\/www.esteri.it\/it\/wp-json\/wp\/v2\/users\/1"}],"replies":[{"embeddable":true,"href":"https:\/\/www.esteri.it\/it\/wp-json\/wp\/v2\/comments?post=30719"}],"version-history":[{"count":10,"href":"https:\/\/www.esteri.it\/it\/wp-json\/wp\/v2\/pages\/30719\/revisions"}],"predecessor-version":[{"id":86209,"href":"https:\/\/www.esteri.it\/it\/wp-json\/wp\/v2\/pages\/30719\/revisions\/86209"}],"up":[{"embeddable":true,"href":"https:\/\/www.esteri.it\/it\/wp-json\/wp\/v2\/pages\/30695"}],"wp:attachment":[{"href":"https:\/\/www.esteri.it\/it\/wp-json\/wp\/v2\/media?parent=30719"}],"curies":[{"name":"wp","href":"https:\/\/api.w.org\/{rel}","templated":true}]}}