{"id":30941,"date":"2021-07-22T11:47:21","date_gmt":"2021-07-22T09:47:21","guid":{"rendered":"https:\/\/www.esteri.it\/?page_id=30941"},"modified":"2025-12-18T14:51:09","modified_gmt":"2025-12-18T13:51:09","slug":"onu_ruolo_italia_nel_peacekeeping","status":"publish","type":"page","link":"https:\/\/www.esteri.it\/it\/politica-estera-e-cooperazione-allo-sviluppo\/organizzazioni_internazionali\/onu\/onu_ruolo_italia_nel_peacekeeping\/","title":{"rendered":"Il ruolo dell\u2019Italia nel peacekeeping"},"content":{"rendered":"<p>La partecipazione italiana alle missioni ONU concorre in maniera rilevante alla proiezione estera del nostro Paese e risponde alla necessit\u00e0 di salvaguardare la sicurezza nazionale a fronte di minacce che trascendono i confini dello Stato. Il nostro impegno alle missioni di pace ONU \u00e8 coerente, inoltre, con la scelta multilateralista della nostra politica estera e con la convinzione che le Nazioni Unite, grazie alla loro vocazione universale, svolgono un insostituibile ruolo a sostegno della stabilizzazione di numerose aree di crisi, in particolare in Medio Oriente e Africa.<\/p>\n<p>L\u2019Italia \u00e8 primo fornitore, in termini di personale militare e di polizia altamente qualificato, tra i Paesi occidentali e dell\u2019Unione Europea alle operazioni di mantenimento della pace delle Nazioni Unite. L\u2019Italia \u00e8 inoltre il settimo contributore al bilancio del peacekeeping ONU. La partecipazione alle missioni ONU da parte italiana \u00e8 particolarmente apprezzata e rappresenta un vero e proprio modello, soprattutto grazie alla capacit\u00e0 di dialogo dei nostri contingenti con le popolazioni locali e alla complementariet\u00e0 dimostrata tra dimensione civile e militare nelle operazioni di stabilizzazione e mantenimento della pace.<\/p>\n<p>Coerentemente con le priorit\u00e0 di politica estera, l\u2019Italia svolge un ruolo particolarmente rilevante nella missione UNIFIL, dispiegata nel Sud del Libano, cui contribuiamo con circa 1.100 militari italiani. L\u2019Italia partecipa anche a missioni ONU in Africa, Asia ed Europa.<\/p>\n<p>L\u2019Italia \u00e8 inoltre attiva nella formazione del personale di Polizia destinato a prestare servizio in operazioni di pace. Dal 2006, il Centre of Excellence for the Stability Police Units (CoESPU) di Vicenza ha addestrato oltre 15 mila unit\u00e0 di Polizia, provenienti da pi\u00f9 di 130 Paesi, su temi di diritto internazionale umanitario, contrasto alla violenza di genere e protezione dei bambini in situazioni di conflitto e ripristino dello stato di diritto. \u00a0L\u2019Italia ospita a Brindisi <a href=\"https:\/\/www.unlb.org\/\">la Base Logistica delle Nazioni Unite<\/a>\u00a0che \u2013 quale \u201cCentro Globale di Servizi\u201d \u2013fornisce sostegno logistico a tutte le operazioni di pace dell\u2019ONU, incluso nei settori dell\u2019informatica e delle telecomunicazioni, e si sta profilando come \u00a0struttura di eccellenza e di innovazione per la gestione dell\u2019impatto ambientale delle operazioni ONU.<\/p>\n<p>Nella sezione dedicata alle operazioni di pace del sito delle Nazioni Unite (<a href=\"https:\/\/peacekeeping.un.org\/en\/troop-and-police-contributors\">https:\/\/peacekeeping.un.org\/en\/troop-and-police-contributors<\/a>) sono disponibili informazioni e statistiche aggiornate sulle missioni di pace ONU e sulla partecipazione degli Stati Membri.<\/p>\n","protected":false},"excerpt":{"rendered":"La partecipazione italiana alle missioni ONU concorre in maniera rilevante alla proiezione estera del nostro Paese e risponde alla necessit\u00e0 di salvaguardare la sicurezza nazionale a fronte di minacce che trascendono i confini dello Stato. Il nostro impegno alle missioni di pace ONU \u00e8 coerente, inoltre, con la scelta multilateralista della nostra politica estera e [&hellip;]","protected":false},"author":1,"featured_media":0,"parent":30934,"menu_order":2,"comment_status":"closed","ping_status":"closed","template":"page-estera.php","meta":{"footnotes":""},"class_list":["post-30941","page","type-page","status-publish","hentry"],"_links":{"self":[{"href":"https:\/\/www.esteri.it\/it\/wp-json\/wp\/v2\/pages\/30941","targetHints":{"allow":["GET"]}}],"collection":[{"href":"https:\/\/www.esteri.it\/it\/wp-json\/wp\/v2\/pages"}],"about":[{"href":"https:\/\/www.esteri.it\/it\/wp-json\/wp\/v2\/types\/page"}],"author":[{"embeddable":true,"href":"https:\/\/www.esteri.it\/it\/wp-json\/wp\/v2\/users\/1"}],"replies":[{"embeddable":true,"href":"https:\/\/www.esteri.it\/it\/wp-json\/wp\/v2\/comments?post=30941"}],"version-history":[{"count":1,"href":"https:\/\/www.esteri.it\/it\/wp-json\/wp\/v2\/pages\/30941\/revisions"}],"predecessor-version":[{"id":165550,"href":"https:\/\/www.esteri.it\/it\/wp-json\/wp\/v2\/pages\/30941\/revisions\/165550"}],"up":[{"embeddable":true,"href":"https:\/\/www.esteri.it\/it\/wp-json\/wp\/v2\/pages\/30934"}],"wp:attachment":[{"href":"https:\/\/www.esteri.it\/it\/wp-json\/wp\/v2\/media?parent=30941"}],"curies":[{"name":"wp","href":"https:\/\/api.w.org\/{rel}","templated":true}]}}