{"id":30945,"date":"2021-07-22T11:52:04","date_gmt":"2021-07-22T09:52:04","guid":{"rendered":"https:\/\/www.esteri.it\/?page_id=30945"},"modified":"2025-12-19T12:15:34","modified_gmt":"2025-12-19T11:15:34","slug":"unesco","status":"publish","type":"page","link":"https:\/\/www.esteri.it\/it\/politica-estera-e-cooperazione-allo-sviluppo\/organizzazioni_internazionali\/onu\/unesco\/","title":{"rendered":"UNESCO"},"content":{"rendered":"<p>L&#8217;Italia \u00e8 tra gli Stati membri pi\u00f9 impegnati a sostenere le attivit\u00e0 dell\u2019<a href=\"http:\/\/www.unesco.org\/\">UNESCO<\/a>. Il contributo italiano all\u2019Organizzazione \u00e8 rilevante sia dal punto di vista organizzativo che finanziario e si avvale anche dell\u2019operato di una apposita\u00a0<a href=\"http:\/\/www.unesco.it\/\">Commissione Nazionale<\/a>.<br \/>\nIl nostro Paese \u00e8 spesso presente e protagonista in molti degli organismi che dirigono le strategie e le azioni dell\u2019UNESCO, a partire dal suo\u00a0<a href=\"http:\/\/www.unesco.org\/new\/en\/executive-board\/\">Consiglio Esecutivo<\/a>. L&#8217;Italia figura, inoltre, al secondo posto tra i contributori globali al Sistema UNESCO.<br \/>\nGli obiettivi italiani in seno all\u2019UNESCO coincidono in gran parte con quelli contenuti nella\u00a0<a href=\"http:\/\/www.onuitalia.it\/calendar\/millenniumassembly\/unmildec.html\">Dichiarazione del Millennio<\/a>, adottata dall&#8217;Assemblea Generale delle Nazioni Unite nel settembre 2000:<br \/>\n&#8211; promozione dell&#8217;istruzione primaria generalizzata (<a href=\"https:\/\/www.unesco.org\/en\/education\">EFA<\/a>);<br \/>\n&#8211;\u00a0<a href=\"http:\/\/www.unesco.org\/new\/en\/education\/themes\/leading-the-international-agenda\/gender-and-education\/\">pari opportunit\u00e0<\/a>\u00a0d&#8217;accesso ai successivi gradi dell&#8217;istruzione;<br \/>\n&#8211;\u00a0<a href=\"http:\/\/www.unesco.org\/new\/en\/natural-sciences\/environment\/\">protezione ed etica dell&#8217;ambiente<\/a>\u00a0e delle risorse (a cominciare da quelle idriche);<br \/>\n&#8211;\u00a0<a href=\"http:\/\/www.unesco.org\/new\/en\/hiv-and-aids\/our-priorities-in-hiv\/human-rights\/culturally-appropriate-responses\/\">lotta all&#8217;AIDS<\/a>\u00a0e alle altre gravi pandemie;<br \/>\n-accesso universale alle nuove tecnologie dell&#8217;informazione e della comunicazione (<a href=\"http:\/\/www.unesco.org\/new\/en\/communication-and-information\/intergovernmental-programmes\/information-for-all-programme-ifap\/homepage\/\">IFA<\/a>).<\/p>\n<p>La primazia dell\u2019Italia \u00e8 particolarmente riconosciuta nel Settore Cultura, con riguardo al campo della tutela del patrimonio culturale in tempo di pace (v.\u00a0<a href=\"http:\/\/whc.unesco.org\/en\/convention\/\">Convenzione 1972<\/a>\u00a0sulla Protezione del Patrimonio Mondiale Culturale e Naturale dell\u2019Umanit\u00e0, istitutiva della\u00a0<a href=\"http:\/\/whc.unesco.org\/en\/list\/\">Lista del Patrimonio Mondiale<\/a>\u00a0che tradizionalmente vede\u00a0<a href=\"http:\/\/whc.unesco.org\/en\/statesparties\/it\">l\u2019Italia<\/a>\u00a0al primo posto per numero di siti iscritti; Convenzione del 2003 sulla\u00a0<a href=\"http:\/\/www.unesco.org\/culture\/ich\/index.php?lg=en&amp;pg=home\">Protezione del Patrimonio Immateriale<\/a>, istitutiva della\u00a0<a href=\"http:\/\/www.unesco.org\/culture\/ich\/index.php?lg=en&amp;pg=00559\">Lista<\/a>\u00a0Rappresentativa del patrimonio immateriale; Convenzione del 2005 sulla Protezione\u00a0<a href=\"http:\/\/www.unesco.org\/new\/en\/culture\/themes\/cultural-diversity\/diversity-of-cultural-expressions\/\">e Promozione della Diversit\u00e0 delle Espressioni Culturali<\/a>) cos\u00ec come in caso di illeciti (v. Convenzione sulla tutela del patrimonio culturale in caso di\u00a0<a href=\"http:\/\/www.unesco.org\/new\/en\/culture\/themes\/movable-heritage-and-museums\/armed-conflict-and-heritage\/\">conflitto armato<\/a>\u00a0(L\u2019Aja 1954) e i suoi due Protocolli aggiuntivi (del \u201954 e del \u201999); quella sulle \u201cMisure da prendere per vietare e impedire gli\u00a0<a href=\"http:\/\/www.unesco.org\/new\/en\/culture\/themes\/illicit-traffic-of-cultural-property\/\">illeciti in materia di importazione<\/a>, esportazione e trasferimento di propriet\u00e0 dei beni culturali\u201d (Parigi 1970), integrata, su commissione dell\u2019UNESCO, dalla Convenzione UNIDROIT del 1995 sul ritorno internazionale dei\u00a0<a href=\"http:\/\/www.unidroit.org\/english\/conventions\/1995culturalproperty\/main.htm\">beni culturali rubati<\/a>\u00a0o illecitamente esportati, e, da ultimo, quella sulla \u201ctutela del\u00a0<a href=\"http:\/\/www.unesco.org\/new\/en\/culture\/themes\/underwater-cultural-heritage\/\">patrimonio culturale subacqueo<\/a>\u201d (Parigi 2001) contro azioni di pirateria.<\/p>\n<p>In tal settore particolarmente apprezzate sono l\u2019azione operativa del\u00a0<a href=\"http:\/\/www.beniculturali.it\/mibac\/export\/MiBAC\/index.html\">Ministero per i Beni e le Attivit\u00e0 Culturali<\/a>\u00a0e della\u00a0<a href=\"http:\/\/www.cooperazioneallosviluppo.esteri.it\/pdgcs\/italiano\/iniziative\/World.asp?idx=5\">Cooperazione Italiana<\/a>, e quella formativa del\u00a0<a href=\"http:\/\/www.carabinieri.it\/Internet\/Cittadino\/Informazioni\/Tutela\/Patrimonio+Culturale\/\">Comando Carabinieri per la Tutela del Patrimonio Culturale<\/a>.<\/p>\n<p>L\u2019Italia ha sottoscritto e ratificato quasi tutte le\u00a0<a href=\"http:\/\/portal.unesco.org\/en\/ev.php-URL_ID=12025&amp;URL_DO=DO_TOPIC&amp;URL_SECTION=-471.html\">Convenzioni internazionali promosse in ambito UNESCO<\/a>\u00a0e in molte di esse \u00e8 parte attiva con la periodica presenza negli organismi che le governano.<\/p>\n<p>Nel settore scientifico l\u2019UNESCO interviene nei campi dell\u2019oceanografia (<a href=\"http:\/\/www.unesco.org\/new\/en\/natural-sciences\/science-technology\/space-activities\/ocean-observations-and-services\/\">IOC<\/a>), dell&#8217;idrologia (<a href=\"http:\/\/www.unesco.org\/new\/en\/natural-sciences\/environment\/water\/ihp\/\">IHP<\/a>), della biosfera (<a href=\"http:\/\/www.unesco.org\/new\/en\/natural-sciences\/environment\/ecological-sciences\/man-and-biosphere-programme\/\">MAB<\/a>), della bioetica (<a href=\"http:\/\/www.unesco.org\/new\/en\/social-and-human-sciences\/themes\/bioethics\/\">Bioethics<\/a>) e della lotta alle emergenze sanitarie planetarie (come\u00a0<a href=\"http:\/\/www.unesco.org\/new\/en\/hiv-and-aids\/\">l\u2019AIDS<\/a>). Di recente \u00e8 stato inserito in tale settore anche lo Sport e l\u2019attivit\u00e0 Anti-Doping (<a href=\"http:\/\/www.unesco.org\/new\/en\/social-and-human-sciences\/themes\/anti-doping\/\">Convenzione contro il Doping nello sport<\/a>). L\u2019Italia partecipa attivamente ai Comitati Intergovernativi attraverso cui l\u2019Organizzazione parigina interviene nello specifico settore anche attraverso l\u2019attivit\u00e0 di Comitati nazionali: il Comitato Nazionale MAB e il Comitato nazionale del programma idrologico internazionale, coordinati dal\u00a0<a href=\"http:\/\/www.minambiente.it\/home_it\/menu.html?mp=\/menu\/menu_ministero\/&amp;m=Direzioni_Generali.html|Direzione_generale_per_la_protezione_del.html\">Ministero dell\u2019Ambiente<\/a>\u00a0e la\u00a0<a href=\"http:\/\/www.dta.cnr.it\/content\/view\/3115\/3115\/lang,en\/\">Commissione oceanografica italiana<\/a>, coordinata dal\u00a0<a title=\"CNR\" href=\"http:\/\/www.cnr.it\/sitocnr\/home.html\">CNR<\/a>.<\/p>\n<p>L\u2019Ufficio Regionale UNESCO per la Scienza e la Cultura di Venezia &#8211;\u00a0<a title=\"BRESCE\" href=\"http:\/\/www.unesco.org\/new\/en\/venice\/home\/\">BRESCE<\/a><br \/>\nL&#8217;Ufficio Regionale UNESCO di Venezia \u00e8 ospitato e in parte rilevante finanziato dall\u2019Italia. Suo scopo sono il sostegno e l\u2019assistenza ai Paesi dell\u2019Europa Centrale e Orientale, con particolare riferimento al Sud Est Europeo (SEE). L\u2019azione culturale privilegia l&#8217;attivit\u00e0 di salvaguardia e di restauro del patrimonio artistico danneggiato dai conflitti nell&#8217;Area balcanica, soprattutto attraverso la formazione in loco di esperti ed operatori. In campo scientifico \u00e8 ritenuta prioritaria l\u2019attivit\u00e0 relativa alla tutela ambientale e delle risorse idriche. In questo contesto, Venezia non \u00e8 soltanto la casa del BRESCE, ma anche uno dei suoi pi\u00f9 significativi ambiti di intervento.<\/p>\n","protected":false},"excerpt":{"rendered":"L&#8217;Italia \u00e8 tra gli Stati membri pi\u00f9 impegnati a sostenere le attivit\u00e0 dell\u2019UNESCO. Il contributo italiano all\u2019Organizzazione \u00e8 rilevante sia dal punto di vista organizzativo che finanziario e si avvale anche dell\u2019operato di una apposita\u00a0Commissione Nazionale. Il nostro Paese \u00e8 spesso presente e protagonista in molti degli organismi che dirigono le strategie e le azioni [&hellip;]","protected":false},"author":1,"featured_media":0,"parent":30934,"menu_order":4,"comment_status":"closed","ping_status":"closed","template":"page-estera.php","meta":{"footnotes":""},"class_list":["post-30945","page","type-page","status-publish","hentry"],"_links":{"self":[{"href":"https:\/\/www.esteri.it\/it\/wp-json\/wp\/v2\/pages\/30945","targetHints":{"allow":["GET"]}}],"collection":[{"href":"https:\/\/www.esteri.it\/it\/wp-json\/wp\/v2\/pages"}],"about":[{"href":"https:\/\/www.esteri.it\/it\/wp-json\/wp\/v2\/types\/page"}],"author":[{"embeddable":true,"href":"https:\/\/www.esteri.it\/it\/wp-json\/wp\/v2\/users\/1"}],"replies":[{"embeddable":true,"href":"https:\/\/www.esteri.it\/it\/wp-json\/wp\/v2\/comments?post=30945"}],"version-history":[{"count":3,"href":"https:\/\/www.esteri.it\/it\/wp-json\/wp\/v2\/pages\/30945\/revisions"}],"predecessor-version":[{"id":165888,"href":"https:\/\/www.esteri.it\/it\/wp-json\/wp\/v2\/pages\/30945\/revisions\/165888"}],"up":[{"embeddable":true,"href":"https:\/\/www.esteri.it\/it\/wp-json\/wp\/v2\/pages\/30934"}],"wp:attachment":[{"href":"https:\/\/www.esteri.it\/it\/wp-json\/wp\/v2\/media?parent=30945"}],"curies":[{"name":"wp","href":"https:\/\/api.w.org\/{rel}","templated":true}]}}