{"id":30966,"date":"2021-07-22T12:06:07","date_gmt":"2021-07-22T10:06:07","guid":{"rendered":"https:\/\/www.esteri.it\/?page_id=30966"},"modified":"2025-12-18T11:27:12","modified_gmt":"2025-12-18T10:27:12","slug":"omt","status":"publish","type":"page","link":"https:\/\/www.esteri.it\/it\/temi\/organizzazioni_internazionali\/onu\/le-agenzie-specializzate\/omt\/","title":{"rendered":"UN Tourism \u2013 Organizzazione mondiale del Turismo"},"content":{"rendered":"<p>UN Tourism, nota fino al 2024 come Organizzazione Mondiale del Turismo (UNWTO), \u00e8 l\u2019agenzia specializzata delle Nazioni Unite dedicata al turismo. Con sede principale a Madrid e uffici regionali in Asia-Pacifico (Nara, Giappone), Medio Oriente (Riyadh, Arabia Saudita) e prossimamente nelle Americhe e in Africa, UN Tourism coordina a livello globale lo sviluppo del turismo. La sua missione \u00e8 promuovere un turismo responsabile, sostenibile e accessibile a tutti, al fine di contribuire alla crescita economica, stabilire e mantenere rapporti di cooperazione, stimolare e sviluppare collaborazioni tra i settori pubblico e privato, tutelare l\u2019ambiente e promuovere la sostenibilit\u00e0 sociale e culturale.<\/p>\n<p>I membri si distinguono in: <strong>Stati Membri<\/strong> (tutti gli Stati sovrani e\u00a0 i territori o gruppi di territori che hanno la responsabilit\u00e0 delle loro relazioni con l\u2019estero; includono Membri Associati e Osservatori) e <strong>Membri Affiliati<\/strong> (le organizzazioni internazionali, intergovernative e non governative, che si occupano di tematiche specializzate in materia di turismo, nonch\u00e9 le organizzazioni commerciali e associazioni le cui attivit\u00e0 sono in rapporto con gli scopi dell\u2019Organizzazione o che rientrano nella sua competenza).<\/p>\n<p>Gli Organi di UN Tourism sono:<\/p>\n<ul>\n<li>l\u2019<strong>Assemblea Generale<\/strong>, che rappresenta tutti i Paesi membri e si riunisce in sessione ordinaria ogni due anni per approvare il budget e il programma di interventi;<\/li>\n<li>il <strong>Consiglio Esecutivo<\/strong>, che \u00e8 composto dalla Spagna, che ne \u00e8 membro permanente, e dagli altri membri eletti dall\u2019Assemblea Generale;<\/li>\n<li>i <strong>Comitati specializzati<\/strong>, che coadiuvano il Consiglio Esecutivo e forniscono consulenza sulla gestione e sui contenuti dei programmi;<\/li>\n<li>le <strong>Commissioni Regionali<\/strong>, che sono incaricate di seguire le attivit\u00e0 nei vari continenti, facilitando i contatti tra gli Stati membri e il Segretariato;<\/li>\n<li>il <strong>Segretariato<\/strong>, che \u00e8 guidato dal Segretario Generale, nominato per un periodo di quattro anni rinnovabile, ed \u00e8 responsabile dell\u2019attuazione del programma di lavoro dell\u2019intera organizzazione e di rispondere alle esigenze dei Membri. Comprende anche un Ufficio regionale per l\u2019Asia-Pacifico a Nara, in Giappone, e un Ufficio regionale per il Medio Oriente a Riad, in Arabia Saudita. Durante la sua 25\u00aa Assemblea Generale, i Membri hanno concordato l\u2019apertura di un primo Ufficio Regionale per le Americhe a Rio de Janeiro, in Brasile, e di un Ufficio Regionale per l\u2019Africa a Marrakech, in Marocco.<\/li>\n<\/ul>\n<p>&nbsp;<\/p>\n<p><strong>Gli obiettivi<\/strong><\/p>\n<p>UN Tourism persegue un\u2019azione sempre pi\u00f9 incisiva di promozione del turismo, con lo scopo di contribuire all\u2019espansione economica, alle relazioni internazionali, alla pace, alla lotta alla povert\u00e0, al rispetto universale e all\u2019osservanza dei diritti umani e delle libert\u00e0 fondamentali, alla tutela dell\u2019ambiente e allo sviluppo sostenibile. Particolare attenzione \u00e8 rivolta all\u2019individuazione di nuove destinazioni turistiche al fine di assicurare una distribuzione equilibrata dei flussi turistici.<\/p>\n<p>Per raggiungere questi obiettivi, UN Tourism basa la propria azione su cinque priorit\u00e0 strategiche:<\/p>\n<ul>\n<li>Favorire l\u2019innovazione e la trasformazione digitale del settore;<\/li>\n<li>Rendere il turismo pi\u00f9 competitivo, incentivando investimenti e imprenditorialit\u00e0;<\/li>\n<li>Creare nuovi posti di lavoro e offrire formazione e sviluppo di competenze;<\/li>\n<li>Rafforzare la resilienza del settore, garantendo viaggi sicuri e integrati;<\/li>\n<li>Proteggere il patrimonio naturale e culturale e sostenere le comunit\u00e0 locali.<\/li>\n<\/ul>\n<p>Tra le attivit\u00e0 principali dell\u2019organizzazione vi sono la ricerca e raccolta di dati sul turismo globale, l\u2019elaborazione di politiche e strategie sostenibili, il supporto tecnico e formativo a governi e operatori turistici in oltre 100 paesi, e la promozione di investimenti che valorizzino tanto le destinazioni quanto le comunit\u00e0 che le vivono.<\/p>\n<p>&nbsp;<\/p>\n<p><strong>La partecipazione italiana<\/strong><\/p>\n<p>L\u2019Italia \u00e8 membro effettivo dal 1978. Nella 25ma sessione dell\u2019Assemblea Generale, tenutasi a Samarkand, Uzbekistan, dal 16 al 20 ottobre 2023, l\u2019Italia \u00e8 stata eletta per il nono mandato, di cui gli ultimi sei consecutivi, al Consiglio Esecutivo per il periodo 2023 \u2013 2027.<\/p>\n<p>Nel 2022 l\u2019Italia ha ospitato la prima edizione del Global Youth Tourism Summit (Sorrento 27 giugno \u2013 3 luglio) e la sesta Global Conference on Wine Tourism (Alba, 19 al 21 settembre).<\/p>\n<p>L\u2019Italia svolge da sempre un ruolo importante all\u2019interno dell\u2019Organizzazione, grazie all\u2019importanza dei suoi flussi turistici e alla sua consolidata esperienza nella gestione del patrimonio culturale e ambientale, in particolare nell\u2019elaborazione di un modello di turismo sostenibile. A ci\u00f2 si aggiungono le specificit\u00e0 del turismo nazionale, caratterizzato dal decentramento delle competenze a favore delle autorit\u00e0 locali.<\/p>\n<p>&nbsp;<\/p>\n<p>Ulteriori informazioni sull\u2019Organizzazione sono disponibili sul\u00a0sito:\u00a0<a href=\"http:\/\/www.unwto.org\/\">www.unwto.org<\/a><\/p>\n<p>&nbsp;<\/p>\n","protected":false},"excerpt":{"rendered":"UN Tourism, nota fino al 2024 come Organizzazione Mondiale del Turismo (UNWTO), \u00e8 l\u2019agenzia specializzata delle Nazioni Unite dedicata al turismo. Con sede principale a Madrid e uffici regionali in Asia-Pacifico (Nara, Giappone), Medio Oriente (Riyadh, Arabia Saudita) e prossimamente nelle Americhe e in Africa, UN Tourism coordina a livello globale lo sviluppo del turismo. [&hellip;]","protected":false},"author":1,"featured_media":0,"parent":30950,"menu_order":0,"comment_status":"closed","ping_status":"closed","template":"page-estera.php","meta":{"footnotes":""},"class_list":["post-30966","page","type-page","status-publish","hentry"],"_links":{"self":[{"href":"https:\/\/www.esteri.it\/it\/wp-json\/wp\/v2\/pages\/30966","targetHints":{"allow":["GET"]}}],"collection":[{"href":"https:\/\/www.esteri.it\/it\/wp-json\/wp\/v2\/pages"}],"about":[{"href":"https:\/\/www.esteri.it\/it\/wp-json\/wp\/v2\/types\/page"}],"author":[{"embeddable":true,"href":"https:\/\/www.esteri.it\/it\/wp-json\/wp\/v2\/users\/1"}],"replies":[{"embeddable":true,"href":"https:\/\/www.esteri.it\/it\/wp-json\/wp\/v2\/comments?post=30966"}],"version-history":[{"count":3,"href":"https:\/\/www.esteri.it\/it\/wp-json\/wp\/v2\/pages\/30966\/revisions"}],"predecessor-version":[{"id":165448,"href":"https:\/\/www.esteri.it\/it\/wp-json\/wp\/v2\/pages\/30966\/revisions\/165448"}],"up":[{"embeddable":true,"href":"https:\/\/www.esteri.it\/it\/wp-json\/wp\/v2\/pages\/30950"}],"wp:attachment":[{"href":"https:\/\/www.esteri.it\/it\/wp-json\/wp\/v2\/media?parent=30966"}],"curies":[{"name":"wp","href":"https:\/\/api.w.org\/{rel}","templated":true}]}}