{"id":30973,"date":"2021-07-22T12:08:24","date_gmt":"2021-07-22T10:08:24","guid":{"rendered":"https:\/\/www.esteri.it\/?page_id=30973"},"modified":"2026-01-02T16:38:26","modified_gmt":"2026-01-02T15:38:26","slug":"uit","status":"publish","type":"page","link":"https:\/\/www.esteri.it\/it\/politica-estera-e-cooperazione-allo-sviluppo\/organizzazioni_internazionali\/onu\/le-agenzie-specializzate\/uit\/","title":{"rendered":"Unione Internazionale per le Telecomunicazioni (UIT)"},"content":{"rendered":"<p><strong>L\u2019Organizzazione<\/strong><\/p>\n<p>L\u2019Unione internazionale per le Telecomunicazioni (UIT) \u00e8 un\u2019Agenzia specializzata delle Nazioni Unite che tratta le questioni relative alle tecnologie della comunicazione e dell\u2019informazione.<br \/>\nL\u2019UIT ha sede in Ginevra ed \u00e8 un organismo basato sul partenariato pubblico e privato, costituito da 193 Paesi membri nonch\u00e9 da enti, istituzioni accademiche e societ\u00e0 private con interessi nell&#8217;ambito. L\u2019UIT opera attraverso i seguenti tre settori:<br \/>\nRadiocomunicazioni &#8211; per la gestione globale dello spettro delle frequenze radio e delle orbite satellitari; Standardizzazione delle Telecomunicazioni \u2013 per la predisposizione e gestione degli standard internazionali per le tecnologie; Sviluppo delle Telecomunicazioni &#8211; fondato sul diritto di comunicare attraverso l\u2019accesso alle infrastrutture ed ai servizi di informazione e comunicazione.<\/p>\n<p><strong>La struttura<\/strong><\/p>\n<p>La struttura dell\u2019UIT vede al vertice la Conferenza Plenipotenziaria ed il Consiglio.<br \/>\nLa Conferenza Plenipotenziaria che si svolge con cadenza quadriennale \u00e8 il massimo organo politico dell\u2019UIT nel cui ambito si definiscono le politiche generali dell\u2019Unione, si adottano i piani strategici e finanziari quadriennali, si elegge la compagine direttiva dell\u2019organizzazione, oltre ai membri del Consiglio e i membri del Radio Regulations Board.<br \/>\nIl Consiglio dell&#8217;UIT comprende un massimo del 25% del numero totale degli Stati membri, eletti dalla Conferenza sulla base di un\u2019equa ripartizione dei seggi tra le diverse aree geografiche. Il Consiglio considera le pi\u00f9 ampie questioni di politica delle telecomunicazioni per garantire che le attivit\u00e0 dell&#8217;Unione, le politiche e le strategie rispondano pienamente alle attuali esigenze del settore in rapida evoluzione. Il Consiglio redige la relazione sulla programmazione politica e strategica dell\u2019Organizzazione, assicura il coordinamento dei programmi di lavoro, approva e controlla i bilanci.<br \/>\nIl Segretariato dell\u2019Organizzazione fornisce servizi di alta qualit\u00e0 ai membri dell\u2019Unione. Esso si occupa principalmente della gestione amministrativa e degli aspetti finanziari, organizza i principali eventi, assicura servizi di informazione, coordina le attivit\u00e0 intersettoriali, la cooperazione internazionale e gli accordi, oltre a svolgere servizi di consulenza.<\/p>\n<p><strong>Gli obiettivi<\/strong><\/p>\n<p>Fondata sul principio della cooperazione internazionale tra amministrazioni pubbliche degli Stati membri e settore privato, l\u2019UIT \u00e8 il principale foro internazionale in cui le parti lavorano per raggiungere il consenso su un\u2019ampia gamma di questioni che interessano le attivit\u00e0 del settore. L\u2019UIT si occupa dell\u2019assegnazione dello spettro radio e delle orbite satellitari globali, dello sviluppo delle norme tecniche e contribuisce a migliorare l&#8217;accesso alle tecnologie della comunicazione e dell\u2019informazione delle collettivit\u00e0 di tutto il mondo.<\/p>\n<p>Rappresentanza diplomatica italiana competente per l\u2019UIT:\u00a0<a title=\"Rappresentanza Permanente presso le OOII, Ginevra\" href=\"https:\/\/italiarappginevra.esteri.it\/it\/\">Rappresentanza Permanente presso le OOII, Ginevra<\/a><\/p>\n<p><a href=\"https:\/\/www.itu.int\/en\/Pages\/default.aspx\">ITU<\/a><\/p>\n<p>Ufficio competente del Ministero Affari Esteri: Direzione Generale per la Crescita e la promozione delle Esportazioni \u2013 Ufficio X<\/p>\n","protected":false},"excerpt":{"rendered":"L\u2019Organizzazione L\u2019Unione internazionale per le Telecomunicazioni (UIT) \u00e8 un\u2019Agenzia specializzata delle Nazioni Unite che tratta le questioni relative alle tecnologie della comunicazione e dell\u2019informazione. L\u2019UIT ha sede in Ginevra ed \u00e8 un organismo basato sul partenariato pubblico e privato, costituito da 193 Paesi membri nonch\u00e9 da enti, istituzioni accademiche e societ\u00e0 private con interessi nell&#8217;ambito. [&hellip;]","protected":false},"author":1,"featured_media":0,"parent":30950,"menu_order":0,"comment_status":"closed","ping_status":"closed","template":"page-estera.php","meta":{"footnotes":""},"class_list":["post-30973","page","type-page","status-publish","hentry"],"_links":{"self":[{"href":"https:\/\/www.esteri.it\/it\/wp-json\/wp\/v2\/pages\/30973","targetHints":{"allow":["GET"]}}],"collection":[{"href":"https:\/\/www.esteri.it\/it\/wp-json\/wp\/v2\/pages"}],"about":[{"href":"https:\/\/www.esteri.it\/it\/wp-json\/wp\/v2\/types\/page"}],"author":[{"embeddable":true,"href":"https:\/\/www.esteri.it\/it\/wp-json\/wp\/v2\/users\/1"}],"replies":[{"embeddable":true,"href":"https:\/\/www.esteri.it\/it\/wp-json\/wp\/v2\/comments?post=30973"}],"version-history":[{"count":5,"href":"https:\/\/www.esteri.it\/it\/wp-json\/wp\/v2\/pages\/30973\/revisions"}],"predecessor-version":[{"id":168711,"href":"https:\/\/www.esteri.it\/it\/wp-json\/wp\/v2\/pages\/30973\/revisions\/168711"}],"up":[{"embeddable":true,"href":"https:\/\/www.esteri.it\/it\/wp-json\/wp\/v2\/pages\/30950"}],"wp:attachment":[{"href":"https:\/\/www.esteri.it\/it\/wp-json\/wp\/v2\/media?parent=30973"}],"curies":[{"name":"wp","href":"https:\/\/api.w.org\/{rel}","templated":true}]}}