{"id":31008,"date":"2021-07-22T13:17:19","date_gmt":"2021-07-22T11:17:19","guid":{"rendered":"https:\/\/www.esteri.it\/?page_id=31008"},"modified":"2021-11-12T16:57:36","modified_gmt":"2021-11-12T15:57:36","slug":"g20","status":"publish","type":"page","link":"https:\/\/www.esteri.it\/it\/politica-estera-e-cooperazione-allo-sviluppo\/organizzazioni_internazionali\/g20\/","title":{"rendered":"G20"},"content":{"rendered":"<p><strong>Cos\u2019\u00e8 il G20?<\/strong><\/p>\n<p>Il G20 \u00e8 un gruppo informale internazionale che riunisce Arabia Saudita, Argentina, Australia, Brasile, Canada, Cina, Corea del Sud, Francia, Germania, Giappone, India, Indonesia, Italia, Messico, Regno Unito, Russia, Stati Uniti, Sud Africa, Turchia e Unione Europea. Alle riunioni del G20 partecipano anche il Fondo Monetario Internazionale, la Banca Mondiale, le principali organizzazioni internazionali (Nazioni Unite, Banca Mondiale, OIL, OCSE) e la Spagna, invitato permanente.\u00a0 Nel complesso, il G20 rappresenta pi\u00f9 dell\u201980% del PIL mondiale, il 75% del commercio globale ed il 60% della popolazione del pianeta.<\/p>\n<p><strong>Come \u00e8 nato?<\/strong><\/p>\n<p>Nell\u2019ultimo decennio del secolo scorso, le crisi economiche e finanziarie che avevano colpito una serie di economie emergenti in America Latina ed Asia avevano convinto i Ministri dell\u2019economia del G7 della necessit\u00e0 di coinvolgere anche altri Paesi nelle discussioni sull\u2019economia e la finanza globale. L\u2019esigenza di far fronte e cercare di anticipare l\u2019evoluzione dell\u2019economia mondiale all\u2019interno di un formato pi\u00f9 ampio rispetto al G7\/G8 nasceva dalla constatazione della rapida ascesa di una serie di Paesi fino a quel momento esclusi o sottorappresentati nei meccanismi di <em>governance<\/em> economica globali (in particolare i cosiddetti BRICS: Brasile, Russia, India, Cina, Sud Africa, ma anche i nuovi MIKTA: Messico, Indonesia, Corea del Sud, Turchia e Australia).<\/p>\n<p>La creazione del Gruppo dei 20 (G20) venne annunciata dai Ministri delle Finanze dei G7, riuniti a Washington DC il 25 settembre 1999, con l\u2019obiettivo di affrontare le sfide poste dalla crisi finanziaria e valutaria scoppiata in Asia nel 1997. Il Gruppo dei 20 nacque come un meccanismo di dialogo informale tra economie \u201ca rilevanza sistemica\u201d, per discutere della stabilit\u00e0 economica, della crescita sostenibile e della creazione di una nuova architettura finanziaria globale.<\/p>\n<p>La prima riunione del G20 si tenne a Berlino nel dicembre 1999 e fu ospitata dal Ministro delle Finanze canadese e dal Ministro delle Finanze tedesco, con la partecipazione dei Ministri delle Finanze e dei Banchieri centrali dei Paesi membri.<\/p>\n<p>A seguito della crisi finanziaria del 2008 gli Stati Uniti proposero di elevare il livello di partecipazione ai Capi di Stato e di Governo (Washington, 14-15 novembre 2008). Quasi un anno dopo, al Vertice di Pittsburgh (24-25 settembre 2009), i Capi di Stato e di Governo istituzionalizzarono il G20 come principale forum di cooperazione economica e finanziaria a livello globale. I successivi Vertici del G20 vennero organizzati con cadenza quasi semestrale (Londra aprile 2009, Pittsburgh settembre 2009, Toronto giugno 2010, Seoul novembre 2010), finch\u00e9 nel gennaio 2010 si decise che, dopo il sesto vertice &#8211; previsto per il 11-12 novembre 2010 in Corea &#8211; i Leader del G20 avrebbero cominciato ad incontrarsi una volta l&#8217;anno. Al Summit di Cannes (2011), infine, venne istituito un sistema di rotazione delle Presidenze tra cinque gruppi \u201cregionali\u201d.<\/p>\n<p><strong>Come funziona?<\/strong><\/p>\n<p>Come il G7\/G8, il G20 non ha un segretariato permanente: l\u2019agenda del Gruppo e le sue attivit\u00e0 vengono stabilite dalla Presidenza di turno in consultazione con gli altri Paesi membri. Per assicurare la continuit\u00e0 dei lavori del G20, al Vertice di Cannes del 2011 venne istituita una <em>troika<\/em>: il Paese che detiene la Presidenza \u00e8 coadiuvato dal Paese che ha esercitato la Presidenza nell\u2019anno precedente e da quello che la eserciter\u00e0 nell\u2019anno successivo.<\/p>\n<p>Ciascuna Presidenza pu\u00f2 invitare al Summit Stati non membri del G20 e Organizzazioni Internazionali: il numero di Paesi che possono essere invitati alla sessione di \u201c<em>outreach<\/em>\u201d regionale del G20 \u00e8 tendenzialmente fissato nel numero di cinque, in rappresentanza di diverse aree regionali (la Spagna \u00e8 considerata un \u201cinvitato permanente\u201d, mentre il continente africano \u00e8 rappresentato dai due Paesi che ricoprono la carica di Presidenza dell\u2019Unione Africana e del NEPAD).<\/p>\n<p><strong>Di cosa si occupa?<\/strong><\/p>\n<p>Come nel G8 nel corso degli anni ottanta e novanta, anche nel G20 si \u00e8 assistito, soprattutto a partire dal 2011, ad una progressiva estensione dell\u2019agenda anche a tematiche non economico-finanziarie: sviluppo, energia, cambiamento climatico, salute, ecc. In aggiunta alle consuete riunioni dei Ministri delle Finanze (di norma tre all\u2019anno) si sono cos\u00ec tenute, anche se non con regolarit\u00e0, Ministeriali tematiche in vari formati (Esteri, Agricoltura, Lavoro, Sviluppo, Commercio, Turismo, Digitale, ecc\u2026) che hanno contribuito ad alimentare il processo preparatorio del Vertice. In seno al G20 sono inoltre stati costituiti alcuni gruppi di lavoro ad hoc, ad esempio in materia di coordinamento delle politiche macroeconomiche, riforma dell\u2019architettura finanziaria internazionale, cooperazione allo sviluppo, lotta alla corruzione, politiche dell\u2019occupazione ed energia.<\/p>\n<p>Contrariamente al G7\/G8 e alle riunioni organizzate negli ultimi anni dai Paesi BRICS e MIKTA, nel G20 non vengono \u201cufficialmente\u201d affrontate questioni di politica estera, anche se la presenza di numerosi Leader ai Summit rappresenta un\u2019occasione di dialogo importante anche sui temi di attualit\u00e0 internazionale fuori agenda.<\/p>\n<p><strong>Link Utili<\/strong><\/p>\n<p><a href=\"https:\/\/www.g20.org\/it\">Il sito della Presidenza italiana del G20<\/a><\/p>\n<p><a href=\"https:\/\/www.g20.org\/wp-content\/uploads\/2021\/10\/G20-ROME-LEADERS-DECLARATION.pdf\">&#8220;Comunicato G20&#8221;<\/a><\/p>\n<p><strong>Siti non ufficiali di approfondimento<\/strong><\/p>\n<p><a href=\"http:\/\/www.g20.utoronto.ca\/\">Library non ufficiale dei principali documenti adottati dal G20 e sito informativo gestito dall\u2019Universit\u00e0 di Toronto<\/a><\/p>\n<p><a href=\"http:\/\/www.globaleconomicgovernance.org\/\">Programma sui temi di governance globale dell\u2019Universit\u00e0 di Oxford<\/a><\/p>\n<p><strong>Partecipazione dei principali organismi internazionali al processo G20<\/strong><\/p>\n<p><a href=\"http:\/\/www.oecd.org\/g20\/\">OCSE e G20<\/a><\/p>\n<p><a href=\"http:\/\/www.ilo.org\/global\/about-the-ilo\/how-the-ilo-works\/multilateral-system\/g20\/lang--en\/index.htm\">OIL e G20<\/a><\/p>\n<p>&nbsp;<\/p>\n<p><strong>La Presidenza di turno del G20<\/strong><\/p>\n<p>Lo scorso 1 dicembre l\u2019Italia ha assunto per la prima volta la Presidenza di turno del G20. Inevitabilmente influenzata dall\u2019emergenza COVID-19, la nostra Presidenza si \u00e8 concentrata sulla ripresa post-pandemia, all\u2019insegna di una nuova e migliore normalit\u00e0: pi\u00f9 equa, sostenibile e resiliente. Il programma di lavoro si \u00e8 articolato su tre \u201cP\u201d: <em>People<\/em>, <em>Planet<\/em> e <em>Prosperity<\/em>. In relazione al primo punto &#8211; <em>People<\/em> &#8211; \u00e8 stata dedicata attenzione alle tematiche del lavoro, della parit\u00e0 di genere, della cultura e dell\u2019istruzione. Il secondo pilastro &#8211; <em>Planet<\/em> &#8211; si \u00e8 focalizzato sui temi ambientali e sulle tematiche climatico-energetiche, particolarmente rilevanti alla luce del nostro duplice ruolo nel 2021 come Presidenza G20 e Co-presidenza della COP 26, insieme al Regno Unito. La Presidenza italiana ha posto un forte accento sul nesso tra clima ed energia, promuovendo un approccio integrato con un triplice obiettivo: una ripresa sostenibile e verde; il supporto alle citt\u00e0 sostenibili e intelligenti; l&#8217;allineamento dei flussi di capitali globali verso una transizione verde. Ulteriori punti qualificanti in questo pilastro sono stati l\u2019attenzione all\u2019economia circolare e l\u2019impegno ad attuare l\u2019Accordo di Parigi. La terza \u201cP\u201d &#8211; <em>Prosperity<\/em> &#8211; si \u00e8 concentrata sulla digitalizzazione, l\u2019intelligenza artificiale e la costruzione di percorsi formativi adatti ad affrontare le conseguenze sociali della rivoluzione digitale. Questo filone ha incluso altres\u00ec le discussioni sulla necessit\u00e0 di restituire slancio al commercio internazionale, anche attraverso una soluzione dell\u2019attuale impasse dell\u2019OMC, e un\u2019attenzione particolare al ruolo delle piccole e medie imprese nelle catene globali del valore.<\/p>\n<p>Sullo sfondo di questa impostazione generale si \u00e8 inserito il tema trasversale della salute pubblica che, muovendo dalle \u201c<em>lessons learned<\/em>\u201d della pandemia, mira al rafforzamento del sistema sanitario internazionale, anche attraverso un equo accesso ai vaccini, da considerarsi bene pubblico globale, sostenuto dall\u2019<em>Access to COVID-19 Tools (ACT)-Accelerator<\/em>, un\u2019iniziativa lanciata nell\u2019aprile del 2020 dall\u2019OMS e che ha sin dall\u2019inizio ricevuto ampio e convinto sostegno da parte del G20.<\/p>\n<p>Nel contesto della Presidenza G20, l\u2019Italia ha convocato, insieme alla Commissione Europea, un Vertice sulla Salute Globale (GHS, <em>Global Health Summit<\/em>) che si \u00e8 tenuto il 21 maggio 2021. Lo scopo del Vertice \u00e8 stato quello di alimentare la riflessione per il rafforzamento della sicurezza sanitaria globale attraverso la cooperazione, il coordinamento e l\u2019azione congiunta. In tale occasione, i Leader intervenuti hanno concordato un set di principi comuni (\u201c<a href=\"https:\/\/global-health-summit.europa.eu\/rome-declaration_en\">Dichiarazione di Roma<\/a>\u201d), volto a delineare un percorso di cooperazione da sviluppare nei consessi multilaterali dedicati ai temi della prevenzione e della risposta alle future crisi sanitarie.<\/p>\n<p>Tra i numerosi appuntamenti della Presidenza italiana, si \u00e8 poi tenuta a Matera, nei giorni 28-29 giugno, la riunione dei Ministri degli Esteri del G20. Al centro delle discussioni vi \u00e8 stata la necessit\u00e0 di rafforzare la collaborazione internazionale (e le relative istituzioni multilaterali) in settori chiave quali salute globale, commercio internazionale, lotta ai cambiamenti climatici, sviluppo sostenibile. Tra le altre riunioni ministeriali si possono citare le quattro\u00a0 riunioni dei Ministri delle Finanze, con una riunione finale congiunta Salute-Finanze, a ridosso del vertice; la riunione dei Ministri del Turismo; la Ministeriale congiunta Lavoro-Istruzione, la Ministeriale dedicata ai temi ambientali e quella dedicata ai temi energetici e climatici; ancora, la riunione dei Ministri della Cultura; quella dei Ministri per il Digitale e della Ricerca; la Ministeriale Salute; quella dei Ministri dell\u2019Agricoltura e, infine, quella dei Ministri per il Commercio.<\/p>\n<p>Il Vertice finale dei Leader, tenutosi a Roma nei giorni 30 e 31 ottobre 2021, ha visto la partecipazione, oltre che dei membri del foro, anche di sei Paesi invitati (Spagna come \u201cInvitato Permanente\u201d; Olanda e Singapore come Paesi invitati; Repubblica Democratica del Congo, Ruanda e Brunei in qualit\u00e0 di Presidenze di turno di Unione Africana, NEPAD ed ASEAN rispettivamente) e di nove rappresentanti di Organizzazioni Internazionali.<\/p>\n<p>Importanti i risultati conseguiti dalla nostra Presidenza, cristallizzati nel testo del Comunicato finale (\u201c<a href=\"https:\/\/www.g20.org\/wp-content\/uploads\/2021\/10\/G20-ROME-LEADERS-DECLARATION.pdf\">Comunicato<\/a> G20\u201d): sul fronte finanziario, ad esempio, si segnalano lo storico accordo sulla tassazione raggiunto nel quadro OCSE e G20 (comprendente i due pilastri relativi alla redistribuzione degli utili prodotti dalle imprese multinazionali e ad un\u2019imposta minima globale) e\u00a0 l\u2019accordo sull\u2019emissione di 650 miliardi di dollari in nuovi Diritti Speciali di Prelievo, con le contestuali proposte operative per canalizzare, su base volontaria, gli SDR dei Paesi avanzati a favore dei Paesi in via di sviluppo. Altrettanto degna di nota la decisione di istituire una task force congiunta Salute-Finanze, nell\u2019ottica di gestire nel miglior modo possibile le inevitabili future pandemie. I Leader si sono impegnati, inoltre, ad incrementare l\u2019approvvigionamento e l\u2019accesso ai vaccini; a sostenere finanziariamente &#8211; con maggior vigore rispetto al passato &#8211; i Paesi pi\u00f9 vulnerabili; a perseguire con convinzione l\u2019obiettivo comune del G20 nel contesto della lotta ai cambiamenti climatici. \u00c8 stata inoltre, sempre in occasione del Vertice di Roma, formalmente accolta la Dichiarazione di Matera sulla sicurezza alimentare ed \u00e8 stato formulato l&#8217;impegno ad attuare la <em>&#8216;Roadmap Towards and Beyond the Brisbane Goal&#8217;<\/em> in materia di <em>empowerment<\/em> femminile. Si segnalano infine l&#8217;apprezzamento del lavoro svolto dalla G20 <em>Innovation League<\/em> (iniziativa della Presidenza italiana), il riconoscimento della cultura come tema di rilevanza G20 e l&#8217;adozione di strumenti innovativi a favore della lotta contro la corruzione.<\/p>\n<p>L\u2019Indonesia deterr\u00e0 la Presidenza a partire dal primo dicembre. Al fine di garantire continuit\u00e0 di azione ai lavori del foro, il nostro Paese rester\u00e0 comunque nella cosiddetta \u201ctroika\u201d (formata dal Paese che ha detenuto la Presidenza l\u2019anno precedente, quello che la deterr\u00e0 l\u2019anno successivo, nonch\u00e9 la Presidenza corrente).<\/p>\n","protected":false},"excerpt":{"rendered":"Cos\u2019\u00e8 il G20? Il G20 \u00e8 un gruppo informale internazionale che riunisce Arabia Saudita, Argentina, Australia, Brasile, Canada, Cina, Corea del Sud, Francia, Germania, Giappone, India, Indonesia, Italia, Messico, Regno Unito, Russia, Stati Uniti, Sud Africa, Turchia e Unione Europea. Alle riunioni del G20 partecipano anche il Fondo Monetario Internazionale, la Banca Mondiale, le principali [&hellip;]","protected":false},"author":1,"featured_media":0,"parent":311,"menu_order":4,"comment_status":"closed","ping_status":"closed","template":"page-estera.php","meta":{"footnotes":""},"class_list":["post-31008","page","type-page","status-publish","hentry"],"_links":{"self":[{"href":"https:\/\/www.esteri.it\/it\/wp-json\/wp\/v2\/pages\/31008","targetHints":{"allow":["GET"]}}],"collection":[{"href":"https:\/\/www.esteri.it\/it\/wp-json\/wp\/v2\/pages"}],"about":[{"href":"https:\/\/www.esteri.it\/it\/wp-json\/wp\/v2\/types\/page"}],"author":[{"embeddable":true,"href":"https:\/\/www.esteri.it\/it\/wp-json\/wp\/v2\/users\/1"}],"replies":[{"embeddable":true,"href":"https:\/\/www.esteri.it\/it\/wp-json\/wp\/v2\/comments?post=31008"}],"version-history":[{"count":3,"href":"https:\/\/www.esteri.it\/it\/wp-json\/wp\/v2\/pages\/31008\/revisions"}],"predecessor-version":[{"id":63751,"href":"https:\/\/www.esteri.it\/it\/wp-json\/wp\/v2\/pages\/31008\/revisions\/63751"}],"up":[{"embeddable":true,"href":"https:\/\/www.esteri.it\/it\/wp-json\/wp\/v2\/pages\/311"}],"wp:attachment":[{"href":"https:\/\/www.esteri.it\/it\/wp-json\/wp\/v2\/media?parent=31008"}],"curies":[{"name":"wp","href":"https:\/\/api.w.org\/{rel}","templated":true}]}}