{"id":31010,"date":"2021-07-22T13:18:41","date_gmt":"2021-07-22T11:18:41","guid":{"rendered":"https:\/\/www.esteri.it\/?page_id=31010"},"modified":"2026-01-26T11:31:19","modified_gmt":"2026-01-26T10:31:19","slug":"osce","status":"publish","type":"page","link":"https:\/\/www.esteri.it\/it\/politica-estera-e-cooperazione-allo-sviluppo\/organizzazioni_internazionali\/osce\/","title":{"rendered":"OSCE (Organizzazione per la Sicurezza e la Cooperazione in Europa)"},"content":{"rendered":"<p>Con 57 Stati partecipanti del Nord America, dell\u2019Europa e dell\u2019Asia, l\u2019OSCE \u2013 l\u2019Organizzazione per la Sicurezza e la Cooperazione in Europa \u2013 \u00e8 la pi\u00f9 grande organizzazione di sicurezza regionale al mondo. Essa si adopera per assicurare la stabilit\u00e0, la pace e la democrazia attraverso il dialogo politico e progetti sul campo, nello spazio fisico e politico che si estende da Vancouver a Vladivostok.<\/p>\n<p>L\u2019approccio dell\u2019OSCE alla sicurezza \u00e8 globale e cooperativo. Essa tratta un ampio ventaglio di questioni connesse con la sicurezza, inclusi il controllo degli armamenti, la diplomazia preventiva, le misure miranti a rafforzare la fiducia e la sicurezza, i diritti dell\u2019uomo, la democratizzazione e la sicurezza economica e ambientale. Tutti gli Stati che partecipano alle attivit\u00e0 dell\u2019OSCE godono di uno status paritario e le decisioni vengono adottate in base al principio del consenso.<\/p>\n<p>L\u2019attivit\u00e0 dell\u2019Organizzazione si esplica in tre settori fondamentali: la dimensione politico-militare, che affronta gli aspetti militari della sicurezza; la dimensione economico ambientale, che affronta prevalentemente i temi dell\u2019energia, dell\u2019ambiente e dello sviluppo economico; la dimensione umana, dedicata alle tematiche dello stato di diritto ed alla tutela dei diritti umani.<\/p>\n<p>I Ministeri degli Esteri degli Stati partecipanti dell\u2019OSCE tengono riunioni annuali, denominate Consigli Ministeriali. I Capi di Stato e di Governo si possono riunire in vertici ad-hoc. L\u2019organo ordinario dell\u2019OSCE preposto alle consultazioni politiche ed al processo decisionale \u00e8 il Consiglio Permanente, ove si riuniscono i rappresentati permanenti degli Stati partecipanti.<\/p>\n<p>La struttura interna dell\u2019OSCE consiste in: un Segretariato Generale, con sede a Vienna; tre Istituzioni con un\u2019area di lavoro specializzata ovvero l\u2019Ufficio per le Istituzioni e i Diritti dell\u2019Uomo (ODIHR), il Rappresentante per la Libert\u00e0 dei Mezzi d\u2019Informazione e l\u2019Alto Commissario per le Minoranze Nazionali; una propria rete di Missioni sul campo che operano nei Balcani, nel Caucaso, in Asia Centrale e in alcune ex Repubbliche della Unione Sovietica, tra cui l\u2019Ucraina, dove \u00e8 presente oggi la Missione OSCE attualmente pi\u00f9 estesa.<\/p>\n<p>Nel Segretariato, nelle Istituzioni specializzate, e nelle Missioni sul campo, operano esperti qualificati, selezionati in maggioranza attraverso il sistema del \u201csecondment\u201d, ovvero impiegati dall\u2019OSCE su base di candidature promosse dal Paese d\u2019appartenenza. Altri esperti vengono invece contrattati direttamente dall\u2019OSCE. Attualmente sono pi\u00f9 di 70 i funzionari italiani impegnati sul campo&#8221;. Ad oggi sono \u201cpoco pi\u00f9 di 50&#8243;.\u00a0 Per informazioni sulle opportunit\u00e0 di lavoro nell&#8217;OSCE si suggerisce di visitare il \u00a0<a href=\"https:\/\/delegazioneosce.esteri.it\/delegazione_osce\">sito web della Rappresentanza Permanente d\u2019Italia presso l\u2019OSCE \u2013 Vienna<\/a> e la <a href=\"https:\/\/www.esteri.it\/it\/opportunita\/nelle_oo_ii\/osce\/\">specifica sezione presente su questo sito<\/a>.<\/p>\n","protected":false},"excerpt":{"rendered":"Con 57 Stati partecipanti del Nord America, dell\u2019Europa e dell\u2019Asia, l\u2019OSCE \u2013 l\u2019Organizzazione per la Sicurezza e la Cooperazione in Europa \u2013 \u00e8 la pi\u00f9 grande organizzazione di sicurezza regionale al mondo. Essa si adopera per assicurare la stabilit\u00e0, la pace e la democrazia attraverso il dialogo politico e progetti sul campo, nello spazio fisico [&hellip;]","protected":false},"author":1,"featured_media":0,"parent":311,"menu_order":5,"comment_status":"closed","ping_status":"closed","template":"page-estera.php","meta":{"footnotes":""},"class_list":["post-31010","page","type-page","status-publish","hentry"],"_links":{"self":[{"href":"https:\/\/www.esteri.it\/it\/wp-json\/wp\/v2\/pages\/31010","targetHints":{"allow":["GET"]}}],"collection":[{"href":"https:\/\/www.esteri.it\/it\/wp-json\/wp\/v2\/pages"}],"about":[{"href":"https:\/\/www.esteri.it\/it\/wp-json\/wp\/v2\/types\/page"}],"author":[{"embeddable":true,"href":"https:\/\/www.esteri.it\/it\/wp-json\/wp\/v2\/users\/1"}],"replies":[{"embeddable":true,"href":"https:\/\/www.esteri.it\/it\/wp-json\/wp\/v2\/comments?post=31010"}],"version-history":[{"count":5,"href":"https:\/\/www.esteri.it\/it\/wp-json\/wp\/v2\/pages\/31010\/revisions"}],"predecessor-version":[{"id":171562,"href":"https:\/\/www.esteri.it\/it\/wp-json\/wp\/v2\/pages\/31010\/revisions\/171562"}],"up":[{"embeddable":true,"href":"https:\/\/www.esteri.it\/it\/wp-json\/wp\/v2\/pages\/311"}],"wp:attachment":[{"href":"https:\/\/www.esteri.it\/it\/wp-json\/wp\/v2\/media?parent=31010"}],"curies":[{"name":"wp","href":"https:\/\/api.w.org\/{rel}","templated":true}]}}