{"id":31028,"date":"2021-07-22T13:28:57","date_gmt":"2021-07-22T11:28:57","guid":{"rendered":"https:\/\/www.esteri.it\/?page_id=31028"},"modified":"2025-12-16T12:59:27","modified_gmt":"2025-12-16T11:59:27","slug":"fondomonetariointernazionale","status":"publish","type":"page","link":"https:\/\/www.esteri.it\/it\/politica-estera-e-cooperazione-allo-sviluppo\/organizzazioni_internazionali\/fora-organizzazioni-economiche-internazionali\/fondomonetariointernazionale\/","title":{"rendered":"Fondo Monetario Internazionale"},"content":{"rendered":"<h3><img loading=\"lazy\" decoding=\"async\" class=\"size-medium wp-image-31304 img-fluid aligncenter\" src=\"http:\/\/www.esteri.it\/wp-content\/uploads\/2021\/07\/FMI-300x102.png\" alt=\"FONDO MONETARIO INTERNAZIONALE\" width=\"300\" height=\"102\" srcset=\"https:\/\/www.esteri.it\/wp-content\/uploads\/2021\/07\/FMI-300x102.png 300w, https:\/\/www.esteri.it\/wp-content\/uploads\/2021\/07\/FMI.png 463w\" sizes=\"auto, (max-width: 300px) 100vw, 300px\" \/><\/h3>\n<p><strong>Origine ed evoluzione del ruolo del Fondo Monetario Internazionale<\/strong><\/p>\n<p>Il Fondo Monetario Internazionale (FMI), con sede a Washington, fu <strong>istituito nel 1945<\/strong> a seguito degli accordi raggiunti nella Conferenza di Bretton Woods del 1944, a cui parteciparono le potenze Alleate nella seconda Guerra mondiale, finalizzata a scongiurare il ripetersi di gravi crisi economiche, come la Grande Depressione degli anni \u201930.<\/p>\n<p>Attualmente i <strong>Paesi membri sono 191. L\u2019Italia \u00e8 membro dal 27 marzo 1947.<\/strong><\/p>\n<p><strong>Fini statuari dell\u2019FMI:<\/strong><\/p>\n<ul>\n<li>promuovere la cooperazione monetaria internazionale;<\/li>\n<li>facilitare l&#8217;espansione del commercio internazionale,<\/li>\n<li>promuovere la stabilit\u00e0 e l&#8217;ordine dei rapporti di cambio evitando svalutazioni competitive;<\/li>\n<li>dare fiducia agli stati membri rendendo disponibili con adeguate garanzie le risorse del Fondo per affrontare difficolt\u00e0 della bilancia dei pagamenti;<\/li>\n<li>in relazione ai fini di cui sopra, abbreviare la durata e ridurre la misura degli squilibri delle bilance dei pagamenti degli Stati membri.<\/li>\n<\/ul>\n<p>Con l\u2019esplosione della crisi debitoria nei primi anni \u201980, il FMI \u00e8 diventato di fatto\u00a0l\u2019organizzazione deputata alla <strong>gestione degli\u00a0<em>shock<\/em>\u00a0finanziari<\/strong> a livello globale attraverso <strong>programmi di assistenza<\/strong> che hanno dato priorit\u00e0 alle politiche di liberalizzazione commerciale e finanziaria, di privatizzazione e di de-regolamentazione dei mercati.<\/p>\n<p><strong>Organizzazione<\/strong><\/p>\n<p>Il Fondo Monetario Internazionale \u00e8 un\u2019organizzazione a carattere universale composta da <strong>191 Stati membri<\/strong>. Il <strong>Consiglio dei Governatori<\/strong> (<em>Board of Governors<\/em>) \u00e8 il <u>principale organo direttivo <\/u>ed \u00e8 composto da un <strong>Governatore<\/strong> (generalmente il Ministro delle Finanze) e da un Vice-governatore, nominati da ogni Paese membro. Il Consiglio dei Governatori pu\u00f2 delegare i propri poteri al Consiglio d\u2019Amministrazione, con l\u2019eccezione di alcuni poteri riservati. Si riunisce di norma una volta all&#8217;anno, in occasione degli Incontri Annuali\u00a0<em>(\u201cAnnual Meetings\u201d<\/em>).\u00a0 Per l\u2019Italia partecipano il <strong>Ministro dell\u2019Economia e delle finanze<\/strong> in qualit\u00e0 di Governor e il <strong>Governatore della Banca d\u2019Italia come vice rappresentante<\/strong> (Alternate Governor). La Banca d&#8217;Italia e il Ministero dell&#8217;Economia e delle finanze contribuiscono inoltre a determinare le posizioni del Direttore Esecutivo italiano presso il Consiglio di amministrazione del Fondo.<\/p>\n<p><strong>Il Comitato Monetario e Finanziario Internazionale<\/strong> (<em>International Monetary and Financial Committee<\/em>\u00a0\u2013 IMFC) <u>\u00e8 l\u2019organo consultivo<\/u> che definisce gli indirizzi strategici del FMI. Ne fanno parte i ventiquattro paesi membri (rappresentati generalmente dai Ministri delle Finanze) presenti nel Consiglio di Amministrazione.<\/p>\n<p><strong>Il Consiglio di Amministrazione<\/strong> (<em>Executive Board<\/em>) <u>\u00e8 l\u2019organo esecutivo del Fondo<\/u>, esercita l\u2019amministrazione dell\u2019ente ed \u00e8 composto da 25 Direttori Esecutivi. Il Board funziona in \u201csessione continua\u201d, gestisce l\u2019amministrazione corrente e decide sull\u2019erogazione dei fondi. \u00c8 coadiuvato dallo staff del FMI, ed \u00e8 guidato dal <strong>Direttore Generale del FMI<\/strong> (<em>Managing Director<\/em>),\u00a0che \u00e8 eletto per un mandato di 5 anni (rinnovabile).<\/p>\n<p>Dal 1 ottobre 2019 e rieletta per un secondo mandato quinquennale dal 1\u00b0 ottobre 2024, la <strong>Direttrice <\/strong>del FMI \u00e8 <strong>Kristalina Georgieva<\/strong>\u00a0(nata a <a href=\"https:\/\/it.wikipedia.org\/wiki\/Sofia\">Sofia<\/a> il <a href=\"https:\/\/it.wikipedia.org\/wiki\/13_agosto\">13 agosto<\/a>\u00a0<a href=\"https:\/\/it.wikipedia.org\/wiki\/1953\">1953<\/a>)\u00a0 <a href=\"https:\/\/it.wikipedia.org\/wiki\/Economista\">economista<\/a>\u00a0e\u00a0<a href=\"https:\/\/it.wikipedia.org\/wiki\/Politico\">politica<\/a>\u00a0<a href=\"https:\/\/it.wikipedia.org\/wiki\/Bulgaria\">bulgara<\/a>. Ha lavorato come Direttrice generale della\u00a0<a href=\"https:\/\/it.wikipedia.org\/wiki\/Banca_mondiale\">Banca mondiale<\/a>\u00a0dal 2 gennaio\u00a0<a href=\"https:\/\/it.wikipedia.org\/wiki\/2017\">2017<\/a>\u00a0al 30 settembre\u00a0<a href=\"https:\/\/it.wikipedia.org\/wiki\/2019\">2019<\/a>, ha ricoperto il ruolo di presidente facente funzione del gruppo Banca mondiale dal 1 febbraio 2019 al 4 aprile 2019.<\/p>\n<p>Durante la presidenza\u00a0<a href=\"https:\/\/it.wikipedia.org\/wiki\/Commissione_Barroso_II\">Barroso<\/a>\u00a0\u00e8 stata\u00a0<a href=\"https:\/\/it.wikipedia.org\/wiki\/Commissario_europeo_per_la_cooperazione_internazionale,_gli_aiuti_umanitari_e_la_risposta_alle_crisi\">Commissario europeo per la Cooperazione internazionale, gli aiuti umanitari e la risposta alle crisi<\/a>\u00a0dal\u00a0<a href=\"https:\/\/it.wikipedia.org\/wiki\/2010\">2010<\/a>\u00a0al\u00a0<a href=\"https:\/\/it.wikipedia.org\/wiki\/2014\">2014<\/a>; dal 1 novembre 2014 al 31 dicembre\u00a0<a href=\"https:\/\/it.wikipedia.org\/wiki\/2016\">2016<\/a>\u00a0 ha ricoperto l&#8217;incarico di Vicepresidente della\u00a0<a href=\"https:\/\/it.wikipedia.org\/wiki\/Commissione_europea\">Commissione europea<\/a>\u00a0e\u00a0<a href=\"https:\/\/it.wikipedia.org\/wiki\/Commissario_europeo_per_la_programmazione_finanziaria_ed_il_bilancio\">Commissario europeo per il bilancio<\/a>\u00a0<a href=\"https:\/\/it.wikipedia.org\/wiki\/Commissario_europeo_per_l%27amministrazione\">e le risorse umane<\/a>\u00a0nella\u00a0<a href=\"https:\/\/it.wikipedia.org\/wiki\/Commissione_Juncker\">Commissione Juncker<\/a>.<\/p>\n<p>Nel 2001, \u00e8 stato infine istituito <strong>l\u2019Ufficio di Valutazione Indipendente<\/strong> (<em>Independent Evaluation Office<\/em>) quale struttura permanente all\u2019interno del FMI ma indipendente dal management e dallo staff, <u>con funzioni di vigilanza e controllo<\/u>.<\/p>\n<p><strong>Il sistema di voto e i Diritti Speciali di Prelievo<\/strong><\/p>\n<p>Bench\u00e9 siano previste diverse maggioranze a seconda delle tematiche trattate, nel Consiglio di Amministrazione non si ricorre quasi mai al voto ma si decide per consenso. <strong>I diritti di voto in seno al Consiglio sono proporzionali al numero delle quote sottoscritte da ciascun Paese,<\/strong> che sono a loro volta calcolate sulla base di particolari indici determinati in ragione di alcuni fattori economici, fra cui PIL, transazioni di conto corrente e riserve ufficiali.<\/p>\n<p>Le quote di partecipazione al FMI (ordinariamente soggette a revisione ogni cinque anni) sono espresse in Diritti Speciali di Prelievo \u2013 DSP (Special Drawing Rights, SDR), ovvero nell\u2019unit\u00e0 di conto del FMI (determinata secondo un paniere ponderato di cinque valute: dollaro USA, Euro, Yen, Sterlina, Renminbi).<\/p>\n<p>L&#8217;FMI conduce regolarmente revisioni generali delle quote. La 15a revisione si \u00e8 conclusa nel 2020 senza alcun aumento della quota mentre la 16a \u2013 conclusasi a dicembre 2023 \u2013 ha approvato un aumento di quote pari al 50%, portandole a 715.7 miliardi di DSP (circa 320 miliardi di dollari).<\/p>\n<p>La quota dell\u2019Italia \u00e8 pari a 15,07 miliardi di DSP, pari al 3,16% del totale (che d\u00e0 diritto a 152.159 voti, ovvero al 3,02% del totale).<\/p>\n<p><strong>La funzione di Sorveglianza<\/strong><\/p>\n<p>L\u2019attivit\u00e0 di sorveglianza del Fondo Monetario Internazionale \u00e8 esercitata sia nei riguardi dei singoli Paesi (<strong>sorveglianza bilaterale<\/strong>) sia a livello globale e regionale (<strong>sorveglianza multilaterale<\/strong>), evidenziando di volta in volta i possibili fattori di vulnerabilit\u00e0 domestica e internazionale e proponendo i necessari aggiustamenti.<\/p>\n<p><strong>L&#8217;assistenza finanziaria<\/strong><\/p>\n<p>Il Fondo fornisce assistenza finanziaria ai paesi membri per fronteggiare situazioni di squilibrio temporaneo della bilancia dei pagamenti tramite un accordo stipulato con le autorit\u00e0, volto a definire le misure di politica economica e le riforme necessarie per il superamento della crisi. Nel corso degli anni il Fondo ha sviluppato <strong>numerosi strumenti di finanziamento<\/strong> per far fronte alle diverse esigenze dei paesi membri.<\/p>\n<p>Il FMI partecipa <strong>attivamente anche alle principali iniziative multilaterali volte a favorire la ristrutturazione del debito dei Paesi in via di sviluppo<\/strong>, quali la Heavily Indebted Poor Countries <strong>(HIPC)<\/strong> Initiative e la Multilateral Debt Relief Initiative <strong>(MDRI), <\/strong>che prevedono l\u2019erogazione di risorse a dono per la cancellazione del debito. A seguito della sospensione del servizio del debito estero (<strong>DSSI \u2013 <em>Debt Service Suspension Initiative<\/em><\/strong>, promossa per far fronte a problemi di liquidit\u00e0 durante la pandemia del COVID-19), il FMI appoggia insieme alla Banca Mondiale l\u2019iniziativa del G20 sul quadro comune di riferimento per la ristrutturazione del debito estero (<strong><em>Common Framework beyond the DSSI<\/em><\/strong>) promossa dalla presidenza saudita nel 2020.<\/p>\n<p>Nel contesto dell\u2019allocazione generale di Diritti Speciali di Prelievo dell\u2019agosto 2021, <strong>l&#8217;Italia<\/strong> si \u00e8 impegnata a destinare alle economie pi\u00f9 vulnerabili il <strong>20% della sua quota di DSP<\/strong>, pari a circa <strong>4 miliardi di dollari<\/strong>, di cui circa <strong>1,4 miliardi di dollari destinati al Poverty Reduction and Growth Trust (PRGT)<\/strong> che fornisce finanziamenti agevolati ai paesi pi\u00f9 poveri; a questo si aggiungono risorse a titolo di dono nei limiti complessivi di 101 milioni di euro, equivalenti a 83 milioni di euro di\u00a0 Diritti Speciali di Prelievo (in cinque versamenti annuali di pari importo per ciascuno degli anni dal 2022 al 2026). Tali impegni sono stati approvati dal Parlamento con la Legge di Bilancio per il 2022. I restanti 1,9 miliardi di Diritti Speciali di Prelievo (circa <strong>2,6 miliardi di USD<\/strong>) sono stati versati <strong>al nuovo Resilience and Sustainability Trust (RST)<\/strong> istituito a fine aprile 2022 dal Fondo Monetario Internazionale, destinato ad una platea di paesi che include paesi a basso reddito, paesi vulnerabili a medio reddito e i piccoli stati \u2013 in totale, oltre 140 paesi; a questi si somma un ulteriore prestito di 31,5 milioni di DSP a valere sul bilancio dello Stato. Tali impegni sono stati approvati dal Parlamento con la Legge di Bilancio per il 2023.<\/p>\n<p>L\u2019obiettivo del trust \u00e8 di fornire finanziamenti a lungo termine volti a ridurre i rischi di lungo periodo per la stabilit\u00e0 della bilancia dei pagamenti, concentrandosi principalmente sui rischi connessi al cambiamento climatico, nonch\u00e9 sulla prevenzione e la preparazione a future crisi pandemiche.<\/p>\n<p><strong>L\u2019attivit\u00e0 di assistenza tecnica e\u00a0<em>capacity development<\/em><\/strong><\/p>\n<p>Il FMI offre ai paesi membri assistenza tecnica e formazione in diverse aree tematiche: fiscale, monetaria, statistica e legale. Il maggiore sforzo, in termini di risorse del Fondo monetario dedicate all\u2019assistenza tecnica, \u00e8 rivolto al rafforzamento della capacit\u00e0 dei paesi membri di formulare e attuare politiche economiche pi\u00f9 efficaci e allo sviluppo di solide istituzioni economiche e finanziarie (<em>capacity building<\/em>).<\/p>\n<p><strong>Il Personale Italiano nel Fondo Monetario Internazionale<\/strong><\/p>\n<p>I dipendenti totali del Fondo sono circa 3.900, da 150 Paesi.<\/p>\n<p>A fine 2023 il <strong>personale di nazionalit\u00e0 italiana impiegato presso il FMI<\/strong> risultava pari a 138 unit\u00e0 (46 donne e 92 uomini) su un totale di 3.912 dipendenti del Fondo, corrispondente al <strong>3,5 per cento<\/strong>.<\/p>\n<p>L\u2019Italia \u00e8 tradizionalmente rappresentata nel <strong>Consiglio di Amministrazione<\/strong> (<strong><em>Executive<\/em>\u00a0<em>Board<\/em>) <\/strong>da un proprio <strong>Direttore Esecutivo<\/strong>, che viene indicato dal nostro Ministro dell\u2019Economia e delle Finanze ed eletto dai Governatori (Ministri economici o Governatori delle Banche centrali) del gruppo di paesi che fanno parte della nostra\u00a0<em>constituency<\/em>, che da alcuni anni include Albania, Grecia, Italia, Malta, Portogallo e San Marino. Dal 1\u00b0 novembre 2024 Il Direttore Esecutivo per l\u2019Italia (DE) \u00e8 il dott. Riccardo Ercoli. Fanno parte dell\u2019Ufficio italiano anche un Vice direttore esecutivo (tradizionalmente di nazionalit\u00e0 greca), due <em>senior advisor <\/em>(di nazionalit\u00e0 italiana, uno nominato dal Ministero dell\u2019Economia e delle Finanze e l\u2019altro dalla Banca d\u2019Italia), quattro <em>advisor <\/em>(tre di nazionalit\u00e0 italiana, due dal Ministero e uno dalla Banca, e uno di nazionalit\u00e0 portoghese) e due assistenti amministrativi (attualmente una di nazionalit\u00e0 italiana e una di nazionalit\u00e0 peruviana, normalmente provenienti dallo <em>staff<\/em> del FMI).<\/p>\n<p>Il Direttore Esecutivo italiano rappresenta il nostro paese e la relativa <em>constituency<\/em> in tutti i rapporti multilaterali e bilaterali in seno al FMI, gode di una certa autonomia decisionale e definisce la posizione italiana sui maggiori temi di <em>policy<\/em> consultando e informando, ove necessario, il Ministro e il Direttore Generale del Tesoro e, pi\u00f9 frequentemente, il Capo della Direzione per i Rapporti Finanziari Internazionali.<\/p>\n","protected":false},"excerpt":{"rendered":"Origine ed evoluzione del ruolo del Fondo Monetario Internazionale Il Fondo Monetario Internazionale (FMI), con sede a Washington, fu istituito nel 1945 a seguito degli accordi raggiunti nella Conferenza di Bretton Woods del 1944, a cui parteciparono le potenze Alleate nella seconda Guerra mondiale, finalizzata a scongiurare il ripetersi di gravi crisi economiche, come la [&hellip;]","protected":false},"author":1,"featured_media":0,"parent":31023,"menu_order":2,"comment_status":"closed","ping_status":"closed","template":"page-estera.php","meta":{"footnotes":""},"class_list":["post-31028","page","type-page","status-publish","hentry"],"_links":{"self":[{"href":"https:\/\/www.esteri.it\/it\/wp-json\/wp\/v2\/pages\/31028","targetHints":{"allow":["GET"]}}],"collection":[{"href":"https:\/\/www.esteri.it\/it\/wp-json\/wp\/v2\/pages"}],"about":[{"href":"https:\/\/www.esteri.it\/it\/wp-json\/wp\/v2\/types\/page"}],"author":[{"embeddable":true,"href":"https:\/\/www.esteri.it\/it\/wp-json\/wp\/v2\/users\/1"}],"replies":[{"embeddable":true,"href":"https:\/\/www.esteri.it\/it\/wp-json\/wp\/v2\/comments?post=31028"}],"version-history":[{"count":3,"href":"https:\/\/www.esteri.it\/it\/wp-json\/wp\/v2\/pages\/31028\/revisions"}],"predecessor-version":[{"id":164739,"href":"https:\/\/www.esteri.it\/it\/wp-json\/wp\/v2\/pages\/31028\/revisions\/164739"}],"up":[{"embeddable":true,"href":"https:\/\/www.esteri.it\/it\/wp-json\/wp\/v2\/pages\/31023"}],"wp:attachment":[{"href":"https:\/\/www.esteri.it\/it\/wp-json\/wp\/v2\/media?parent=31028"}],"curies":[{"name":"wp","href":"https:\/\/api.w.org\/{rel}","templated":true}]}}