{"id":31031,"date":"2021-07-22T13:30:14","date_gmt":"2021-07-22T11:30:14","guid":{"rendered":"https:\/\/www.esteri.it\/?page_id=31031"},"modified":"2025-12-16T13:19:27","modified_gmt":"2025-12-16T12:19:27","slug":"bancamondiale","status":"publish","type":"page","link":"https:\/\/www.esteri.it\/it\/politica-estera-e-cooperazione-allo-sviluppo\/organizzazioni_internazionali\/fora-organizzazioni-economiche-internazionali\/bancamondiale\/","title":{"rendered":"Banca Mondiale"},"content":{"rendered":"<p><img loading=\"lazy\" decoding=\"async\" class=\"size-medium wp-image-31310 img-fluid aligncenter\" src=\"http:\/\/www.esteri.it\/wp-content\/uploads\/2021\/07\/BANCA-MONDIALE-300x99.png\" alt=\"BANCA MONDIALE\" width=\"300\" height=\"99\" srcset=\"https:\/\/www.esteri.it\/wp-content\/uploads\/2021\/07\/BANCA-MONDIALE-300x99.png 300w, https:\/\/www.esteri.it\/wp-content\/uploads\/2021\/07\/BANCA-MONDIALE-768x253.png 768w, https:\/\/www.esteri.it\/wp-content\/uploads\/2021\/07\/BANCA-MONDIALE.png 800w\" sizes=\"auto, (max-width: 300px) 100vw, 300px\" \/><\/p>\n<p>La Banca Mondiale (BM) \u00e8 la principale organizzazione internazionale per il sostegno allo sviluppo e la riduzione della povert\u00e0. Istituita nel 1945, assieme al Fondo Monetario Internazionale, a seguito degli Accordi di Bretton Woods, \u00e8 formalmente un\u2019Agenzia specializzata delle Nazioni Unite e vi fanno parte 189 Paesi membri. A differenza del sistema ONU, il sistema di voto in seno alla BM \u00e8 ponderato sulla base delle quote di capitale versate dai suoi membri\/azionisti.<\/p>\n<p>Per BM si intendono normalmente le istituzioni collegate: IBRD (<em>International Bank for Reconstruction and Development<\/em>) e\u00a0IDA\u00a0(<em>International Development Association<\/em>). Il Gruppo Banca Mondiale include anche\u00a0IFC\u00a0(<em>International Financial Coorporation),\u00a0<\/em>MIGA\u00a0(<em>Multilateral Investment Guarantee Agency<\/em>) e\u00a0ICSID\u00a0(<em>International Centre for Settlement of Investment Disputes<\/em>).<\/p>\n<p>Il principale organo decisionale della BM \u00e8 il Consiglio dei Governatori nominati da ciascun Paese membro (l\u2019Italia \u00e8 rappresentata dal Governatore della Banca d\u2019Italia). L\u2019organo che gestisce l\u2019amministrazione della Banca \u00e8 il Consiglio Esecutivo composto da 25 Direttori Esecutivi nominati o eletti dai Paesi membri.<\/p>\n<p>Il Consiglio Esecutivo \u00e8 presieduto dal Presidente della BM che \u00e8 anche responsabile della gestione della Banca.<\/p>\n<p>Il <strong>Presidente del Gruppo Banca Mondiale<\/strong> da giugno 2023, nominato dall\u2019amministrazione Biden, \u00e8 <strong>Ajay Banga<\/strong>, 64 anni, \u00e8 un economista e manager globale indiano naturalizzato statunitense.<\/p>\n<p>Il\u00a0<strong>Direttore Esecutivo per l\u2019Italia <\/strong>rappresenta anche Albania, Grecia, Malta, Portogallo, San Marino e Timor Leste, da novembre 2020 \u00e8 il <strong>dott.<\/strong> <strong>Matteo Bugamelli<\/strong>. La\u00a0<strong>missione<\/strong>\u00a0dell\u2019Ufficio del Direttore Esecutivo \u00e8 quella di rappresentare i Paesi del collegio elettorale negli incontri presso la Banca Mondiale, nonch\u00e9 nelle consultazioni dirette e nei negoziati con gli Uffici di altri Direttori Esecutivi, per ottenere sostegno nel perseguimento degli obiettivi strategici della Banca: porre fine alla povert\u00e0 entro il 2030 e promuovere la prosperit\u00e0 a livello globale.<\/p>\n<p>Dal 2001 \u00e8 operativo un\u00a0<strong>Ufficio della BM a Roma,<\/strong>\u00a0che svolge compiti di rappresentanza e favorisce la collaborazione tra la Banca e le istituzioni italiane attive nell\u2019ambito della cooperazione internazionale.<\/p>\n<p>A margine del <strong>Vertice G7<\/strong> di Borgo Egnazia del 2024, il Presidente del Consiglio Giorgia Meloni e il Presidente del Gruppo Banca Mondiale Ajay Banga hanno firmato una <strong>Dichiarazione di Intenti<\/strong> per rafforzare la cooperazione bilaterale in Africa, attraverso la definizione, realizzazione e co-finanziamento congiunti di progetti di sviluppo.<\/p>\n<p>Nell\u2019ambito degli <strong>Spring Meetings 2025<\/strong> \u00e8 stato finalizzato e firmato dal Ministro dell\u2019Economia e delle Finanze Giorgetti e dal Presidente Banga uno schema di <strong>Accordo quadro di co-finanziamento<\/strong> fra Governo italiano e Banca Mondiale, che permette l\u2019identificazione di progetti di comune interesse per il di co-finanziamento o di finanziamento parallelo di progetti di sviluppo nei Paesi partner, con particolare attenzione all\u2019Africa. \u00c8 stata anche creata una <strong>Task Force<\/strong> con Banca Mondiale per la realizzazione dei progetti cofinanziati dall\u2019Italia con il Piano Mattei.<\/p>\n<p><strong>Il Personale Italiano nel Gruppo Banca Mondiale<\/strong><\/p>\n<p>Presso, la Banca Mondiale vi sono 289 funzionari italiani (130 donne e 159 uomini), su un totale di 18.811 unit\u00e0. I funzionari italiani rappresentano il 1,53% del totale. I dati sono riferiti al 31 marzo 2025.<\/p>\n<p><strong>Partecipazione finanziaria dell\u2019Italia nel Gruppo Banca Mondiale<\/strong><\/p>\n<p>Secondo i dati OCSE<em><a id=\"_ftnref1\" href=\"#_ftn1\" name=\"_ftnref1\">[1]<\/a>,<\/em> nel periodo 2015 \u2013 2023, l\u2019Italia ha contribuito con 3,54 miliardi di USD alle attivit\u00e0 della Banca Mondiale.<\/p>\n<p>Le risorse erogate dall\u2019Italia nel 2024 a favore del Gruppo ammontano a 281,3 milioni di euro per contributi a IDA e a circa 79,64 milioni di euro per l\u2019Iniziativa di riduzione del debito multilaterale (MDRI) avviata nel 2005. Sono state inoltre versate le quote degli aumenti di capitale di IBRD e IFC per circa 56,18 milioni di euro.<\/p>\n<p>&nbsp;<\/p>\n<p><em><a id=\"_ftn1\" href=\"#_ftnref1\" name=\"_ftn1\">[1]<\/a> Contributi totali Italia (a prezzi correnti).<\/em><\/p>\n","protected":false},"excerpt":{"rendered":"La Banca Mondiale (BM) \u00e8 la principale organizzazione internazionale per il sostegno allo sviluppo e la riduzione della povert\u00e0. Istituita nel 1945, assieme al Fondo Monetario Internazionale, a seguito degli Accordi di Bretton Woods, \u00e8 formalmente un\u2019Agenzia specializzata delle Nazioni Unite e vi fanno parte 189 Paesi membri. A differenza del sistema ONU, il sistema [&hellip;]","protected":false},"author":1,"featured_media":0,"parent":31023,"menu_order":3,"comment_status":"closed","ping_status":"closed","template":"page-estera.php","meta":{"footnotes":""},"class_list":["post-31031","page","type-page","status-publish","hentry"],"_links":{"self":[{"href":"https:\/\/www.esteri.it\/it\/wp-json\/wp\/v2\/pages\/31031","targetHints":{"allow":["GET"]}}],"collection":[{"href":"https:\/\/www.esteri.it\/it\/wp-json\/wp\/v2\/pages"}],"about":[{"href":"https:\/\/www.esteri.it\/it\/wp-json\/wp\/v2\/types\/page"}],"author":[{"embeddable":true,"href":"https:\/\/www.esteri.it\/it\/wp-json\/wp\/v2\/users\/1"}],"replies":[{"embeddable":true,"href":"https:\/\/www.esteri.it\/it\/wp-json\/wp\/v2\/comments?post=31031"}],"version-history":[{"count":6,"href":"https:\/\/www.esteri.it\/it\/wp-json\/wp\/v2\/pages\/31031\/revisions"}],"predecessor-version":[{"id":164749,"href":"https:\/\/www.esteri.it\/it\/wp-json\/wp\/v2\/pages\/31031\/revisions\/164749"}],"up":[{"embeddable":true,"href":"https:\/\/www.esteri.it\/it\/wp-json\/wp\/v2\/pages\/31023"}],"wp:attachment":[{"href":"https:\/\/www.esteri.it\/it\/wp-json\/wp\/v2\/media?parent=31031"}],"curies":[{"name":"wp","href":"https:\/\/api.w.org\/{rel}","templated":true}]}}