{"id":31040,"date":"2021-07-22T13:34:35","date_gmt":"2021-07-22T11:34:35","guid":{"rendered":"https:\/\/www.esteri.it\/?page_id=31040"},"modified":"2022-09-05T17:20:08","modified_gmt":"2022-09-05T15:20:08","slug":"diritti_umani","status":"publish","type":"page","link":"https:\/\/www.esteri.it\/it\/politica-estera-e-cooperazione-allo-sviluppo\/temi_globali\/diritti_umani\/","title":{"rendered":"Diritti Umani"},"content":{"rendered":"<p><strong>Tutela e promozione dei diritti umani<\/strong><\/p>\n<p>La tutela e la promozione dei diritti umani e delle libert\u00e0 fondamentali, oltre a riflettere i principi dell\u2019ordinamento italiano, rappresentano elementi chiave \u00a0per assicurare\u00a0\u00a0 la pace e la sicurezza sul piano internazionale.<\/p>\n<p>L\u2019Italia conduce un\u2019azione convinta a livello internazionale in favore della protezione e promozione dei diritti umani nel mondo, attraverso iniziative di carattere bilaterale e multilaterale, a livello globale e regionale, volte a rafforzare gli standard di riferimento comuni nel campo dei diritti umani e i meccanismi di verifica del loro rispetto e applicazione. L&#8217;impegno dell&#8217;Italia \u00e8 ispirato ad una linea di dialogo inclusiva, rispettosa delle diversit\u00e0 e fondata sul principio dell&#8217;universalit\u00e0, indivisibilit\u00e0 e interdipendenza dei diritti umani.<\/p>\n<p>L\u2019azione del Governo e delle Istituzioni italiane avviene in sinergia con le espressioni della societ\u00e0 civile del nostro Paese e, in particolare, con le ONG e le associazioni attive in questi settori a livello nazionale e internazionale.<\/p>\n<ul class=\"list-unstyled\">\n\t\t\t<li class=\"mb-3 mt-3 border-bottom pb-2 row\"><div class=\"col-md-10\">\n                            <h5 class=\"mt-0 mb-1 title-short-list\"><a href=\"https:\/\/www.esteri.it\/it\/sala_stampa\/archivionotizie\/comunicati\/2026\/03\/dichiarazione-congiunta-dei-ministri-degli-esteri-di-germania-francia-italia-e-regno-unito-sullampliamento-del-ricorso-alla-pena-di-morte-in-israele\/\" title=\"Vai a Dichiarazione congiunta dei Ministri degli Esteri di Germania, Francia, Italia e Regno Unito sull&#8217;ampliamento del ricorso alla pena di morte in Israele\">Dichiarazione congiunta dei Ministri degli Esteri di Germania, Francia, Italia e Regno Unito sull&#8217;ampliamento del ricorso alla pena di morte in Israele<\/a><\/h5>\n                            <span class=\"font-italic\">Traduzione di cortesia. Per la versione originale in lingua inglese...<\/span>\n                            <\/div>\n\t\t\t\t\t\t\t\n                        <\/li>\n\t\t\t\n\t\t\t<li class=\"mb-3 mt-3 border-bottom pb-2 row\"><div class=\"col-md-10\">\n                            <h5 class=\"mt-0 mb-1 title-short-list\"><a href=\"https:\/\/www.esteri.it\/it\/sala_stampa\/archivionotizie\/comunicati\/2026\/02\/dichiarazione-congiunta-in-occasione-del-secondo-anniversario-della-morte-di-alexei-navalny-avvenuta-il-16-febbraio-2024\/\" title=\"Vai a Dichiarazione congiunta in occasione del secondo anniversario della morte di Alexei Navalny, avvenuta il 16 febbraio 2024\">Dichiarazione congiunta in occasione del secondo anniversario della morte di Alexei Navalny, avvenuta il 16 febbraio 2024<\/a><\/h5>\n                            <span class=\"font-italic\">Traduzione di cortesia. Per la versione originale in lingua inglese...<\/span>\n                            <\/div>\n\t\t\t\t\t\t\t\n                        <\/li>\n\t\t\t\n\t\t\t<li class=\"mb-3 mt-3 border-bottom pb-2 row\"><div class=\"col-md-10\">\n                            <h5 class=\"mt-0 mb-1 title-short-list\"><a href=\"https:\/\/www.esteri.it\/it\/sala_stampa\/archivionotizie\/comunicati\/2025\/12\/giornata-dei-diritti-umani-tajani-il-mandato-dellitalia-a-ginevra-dara-slancio-alla-nostra-azione\/\" title=\"Vai a Giornata dei diritti umani, Tajani: il mandato dell\u2019Italia a Ginevra dar\u00e0 slancio alla nostra azione\">Giornata dei diritti umani, Tajani: il mandato dell\u2019Italia a Ginevra dar\u00e0 slancio alla nostra azione<\/a><\/h5>\n                            <span class=\"font-italic\">In occasione della Giornata internazionale dei diritti umani \u2014 che...<\/span>\n                            <\/div>\n\t\t\t\t\t\t\t\n                        <\/li>\n\t\t\t\n\t\t\t<li class=\"mb-3 mt-3 border-bottom pb-2 row\"><div class=\"col-md-2 mt-2\">\n\t\t\t\t\t\t\t<img loading=\"lazy\" decoding=\"async\" class=\"align-self-center mr-3 img-fluid\" width=\"300\" height=\"252\" srcset=\"https:\/\/www.esteri.it\/wp-content\/uploads\/2025\/11\/Ho-Chi-Minh-City-una-panchina-rossa-in-Consolato-Generale-contro-la-violenza-di-genere.jpg 1920w, https:\/\/www.esteri.it\/wp-content\/uploads\/2025\/11\/Ho-Chi-Minh-City-una-panchina-rossa-in-Consolato-Generale-contro-la-violenza-di-genere-300x252.jpg 300w, https:\/\/www.esteri.it\/wp-content\/uploads\/2025\/11\/Ho-Chi-Minh-City-una-panchina-rossa-in-Consolato-Generale-contro-la-violenza-di-genere-1024x859.jpg 1024w, https:\/\/www.esteri.it\/wp-content\/uploads\/2025\/11\/Ho-Chi-Minh-City-una-panchina-rossa-in-Consolato-Generale-contro-la-violenza-di-genere-768x644.jpg 768w, https:\/\/www.esteri.it\/wp-content\/uploads\/2025\/11\/Ho-Chi-Minh-City-una-panchina-rossa-in-Consolato-Generale-contro-la-violenza-di-genere-1536x1288.jpg 1536w\" sizes=\"auto, (max-width: 1920px) 100vw, 1920px\" src=\"https:\/\/www.esteri.it\/wp-content\/uploads\/2025\/11\/Ho-Chi-Minh-City-una-panchina-rossa-in-Consolato-Generale-contro-la-violenza-di-genere.jpg\" alt=\"Ho Chi Minh City, una panchina rossa in Consolato Generale contro la violenza di genere\">\n\t\t\t\t\t\t\t<\/div><div class=\"col-md-10\">\n                            <h5 class=\"mt-0 mb-1 title-short-list\"><a href=\"https:\/\/www.esteri.it\/it\/sala_stampa\/archivionotizie\/retediplomatica\/2025\/11\/ho-chi-minh-city-una-panchina-rossa-in-consolato-generale-contro-la-violenza-di-genere\/\" title=\"Vai a Ho Chi Minh City, una panchina rossa in Consolato Generale contro la violenza di genere\">Ho Chi Minh City, una panchina rossa in Consolato Generale contro la violenza di genere<\/a><\/h5>\n                            <span class=\"font-italic\">Il Consolato Generale d\u2019Italia a Ho Chi Minh City ha...<\/span>\n                            <\/div>\n\t\t\t\t\t\t\t\n                        <\/li>\n\t\t\t<li class=\"mt-2\">\n\t\t\t\t<a class=\"text-decoration-none fw-bold\" href=\"https:\/\/www.esteri.it\/it\/sala_stampa\/archivionotizie\/tag\/diritti-umani\/\" title=\"Vedi tutti\">\n\t\t\t\t\tVedi tutti\n\t\t\t\t\t<svg class=\"icon icon-sm icon-primary\"><use xlink:href=\"https:\/\/www.esteri.it\/wp-content\/themes\/mae\/assets\/svg\/sprite.svg#it-arrow-right\"><\/use><\/svg>\n\t\t\t\t<\/a>\n\t\t\t<\/li>\n\t\t<\/ul>\n","protected":false},"excerpt":{"rendered":"Tutela e promozione dei diritti umani La tutela e la promozione dei diritti umani e delle libert\u00e0 fondamentali, oltre a riflettere i principi dell\u2019ordinamento italiano, rappresentano elementi chiave \u00a0per assicurare\u00a0\u00a0 la pace e la sicurezza sul piano internazionale. L\u2019Italia conduce un\u2019azione convinta a livello internazionale in favore della protezione e promozione dei diritti umani nel [&hellip;]","protected":false},"author":1,"featured_media":0,"parent":316,"menu_order":1,"comment_status":"closed","ping_status":"closed","template":"page-estera.php","meta":{"footnotes":""},"class_list":["post-31040","page","type-page","status-publish","hentry"],"_links":{"self":[{"href":"https:\/\/www.esteri.it\/it\/wp-json\/wp\/v2\/pages\/31040","targetHints":{"allow":["GET"]}}],"collection":[{"href":"https:\/\/www.esteri.it\/it\/wp-json\/wp\/v2\/pages"}],"about":[{"href":"https:\/\/www.esteri.it\/it\/wp-json\/wp\/v2\/types\/page"}],"author":[{"embeddable":true,"href":"https:\/\/www.esteri.it\/it\/wp-json\/wp\/v2\/users\/1"}],"replies":[{"embeddable":true,"href":"https:\/\/www.esteri.it\/it\/wp-json\/wp\/v2\/comments?post=31040"}],"version-history":[{"count":2,"href":"https:\/\/www.esteri.it\/it\/wp-json\/wp\/v2\/pages\/31040\/revisions"}],"predecessor-version":[{"id":85449,"href":"https:\/\/www.esteri.it\/it\/wp-json\/wp\/v2\/pages\/31040\/revisions\/85449"}],"up":[{"embeddable":true,"href":"https:\/\/www.esteri.it\/it\/wp-json\/wp\/v2\/pages\/316"}],"wp:attachment":[{"href":"https:\/\/www.esteri.it\/it\/wp-json\/wp\/v2\/media?parent=31040"}],"curies":[{"name":"wp","href":"https:\/\/api.w.org\/{rel}","templated":true}]}}