{"id":31050,"date":"2021-07-22T13:38:11","date_gmt":"2021-07-22T11:38:11","guid":{"rendered":"https:\/\/www.esteri.it\/?page_id=31050"},"modified":"2026-01-19T10:15:46","modified_gmt":"2026-01-19T09:15:46","slug":"il_diritto_internazionale_umanitario","status":"publish","type":"page","link":"https:\/\/www.esteri.it\/it\/politica-estera-e-cooperazione-allo-sviluppo\/temi_globali\/diritti_umani\/il_diritto_internazionale_umanitario\/","title":{"rendered":"Il diritto internazionale umanitario"},"content":{"rendered":"<p>L\u2019Italia \u00e8 fortemente impegnata a promuovere il rispetto del\u00a0Diritto Internazionale Umanitario (<a href=\"https:\/\/www.esteri.it\/it\/politica-estera-e-cooperazione-allo-sviluppo\/temi_globali\/diritti_umani\/il_diritto_internazionale_umanitario\/la-commissione-diu\/\">DIU<\/a>), ovvero l&#8217;insieme delle norme internazionali volte a limitare, per ragioni umanitarie, gli effetti dei conflitti armati sui combattenti e sulle popolazioni civili. Il DIU deve oggi confrontarsi con nuove e complesse sfide: la presenza sempre pi\u00f9 diffusa di gruppi armati non statuali; il controllo del territorio da parte di gruppi terroristici; la crescente difficolt\u00e0 di distinguere tra combattenti e civili nelle operazioni militari; la protezione degli operatori umanitari; l\u2019outsourcing di attivit\u00e0 militari a compagnie private; la possibilit\u00e0 di attacchi cibernetici. Si tratta di sfide che richiedono, da una parte, il rafforzamento della diplomazia preventiva e la ricerca di soluzioni politiche ai conflitti in corso; dall&#8217;altra, l&#8217;esigenza di far rispettare il Diritto Internazionale Umanitario.<\/p>\n<p>Richiamandosi allo \u201cSpirito di Solferino\u201d, l&#8217;azione umanitaria dell&#8217;Italia si ispira ai principi di umanit\u00e0, neutralit\u00e0, imparzialit\u00e0 e indipendenza. Il nostro Paese ha aderito a tutti i trattati internazionali pi\u00f9 importanti in materia: le Convenzioni dell&#8217;Aja del 1889 e del 1907, le quattro Convenzioni di Ginevra del 1949 e dei tre Protocolli aggiuntivi che costituiscono gli atti giuridici di principale riferimento in materia.<\/p>\n<p>Le Convenzioni adottate all\u2019Aja sono state i primi strumenti giuridici internazionali a codificare le norme che i belligeranti devono osservare durante le ostilit\u00e0, in particolare regolando l&#8217;impiego di armamenti, mezzi e metodi di guerra. Le Convenzioni di Ginevra del 1949 si propongono di salvaguardare soprattutto la popolazione civile, il personale militare fuori combattimento e le persone che non sono attivamente coinvolte nelle ostilit\u00e0. La Prima e la Seconda Convenzione impegnano gli Stati firmatari a proteggere, in particolare, i feriti, i malati, i naufraghi, il personale medico, le ambulanze e gli ospedali. La Terza Convenzione di Ginevra regola il trattamento dei prigionieri di guerra. La Quarta Convenzione di Ginevra contiene norme a protezione dei civili che si trovano in mano nemica o in territorio occupato.<\/p>\n<p>Nel 1977 sono stati approvati due Protocolli aggiuntivi alle Convenzioni del 1949: il Primo Protocollo\u00a0 integra la \u00a0Quarta Convenzione di Ginevra con regole pi\u00f9 precise sulla condotte belliche, quali il divieto di attaccare persone e installazioni civili e la limitazione dei mezzi e dei metodi autorizzati; il Secondo Protocollo aggiuntivo, relativo alla protezione delle vittime dei conflitti armati non internazionali, sviluppa e completa l&#8217;art. 3 comune alle Convenzioni di Ginevra e si applica a tutti i conflitti armati che non rientrano nella sfera di applicazione del Primo Protocollo.<\/p>\n<p>Il Terzo Protocollo aggiuntivo, approvato nel 2005, introduce l\u2019uso di un nuovo emblema, il Cristallo Rosso, che pu\u00f2 essere utilizzato in tempo di guerra dalle organizzazioni internazionali umanitarie, in alternativa ai simboli tradizionali della Croce e Mezzaluna Rossa, e che ha la caratteristica di non essere collegato, n\u00e9 confondibile con simboli religiosi.<\/p>\n<p>L\u2019Italia ha una lunga storia di collaborazione istituzionale con il Comitato Internazionale della Croce Rossa e con la Federazione Internazionale delle Societ\u00e0 della Croce Rossa e della Mezzaluna Rossa. Il MAECI ha anche una consolidata e fruttuosa cooperazione con la Croce Rossa Italiana, di cui sosteniamo attivit\u00e0 e iniziative, in particolare volte alla diffusione del DIU nei diversi ambienti rilevanti.<\/p>\n<p>Il nostro Paese ha partecipato attivamente alla 33ma Conferenza Internazionale della Croce Rossa e della Mezzaluna Rossa (Ginevra, 9-12 dicembre 2019), il pi\u00f9 importante forum globale di discussione sul DIU. La 33ma Conferenza ha riunito a Ginevra circa 2000 delegati fra rappresentanti di Governi, di Societ\u00e0 nazionali della Croce Rossa e della Mezzaluna Rossa e osservatori e ha visto l&#8217;adozione di importanti documenti, tra cui quattro risoluzioni sul DIU e sui temi umanitari. In occasione dell&#8217;evento, l&#8217;Italia ha presentato un impegno solenne a garantire la sicurezza e i diritti dei bambini anche in situazioni di conflitto, al quale hanno aderito 20 Paesi.<\/p>\n<p>L&#8217;Italia promuove la diffusione e la conoscenza del DIU in tutti i fori multilaterali competenti, in particolare in occasione dei segmenti umanitari del Consiglio Economico e Sociale delle Nazioni Unite (ECOSOC) e dell&#8217;Assemblea Generale delle Nazioni Unite. Ogni anno partecipiamo attivamente alla settimana dedicata alla protezione dei civili che si svolge New York a fine maggio e prevede, tra l&#8217;altro, un dibattito aperto in Consiglio di Sicurezza e lo svolgimento di numerosi eventi di alto livello.<\/p>\n","protected":false},"excerpt":{"rendered":"L\u2019Italia \u00e8 fortemente impegnata a promuovere il rispetto del\u00a0Diritto Internazionale Umanitario (DIU), ovvero l&#8217;insieme delle norme internazionali volte a limitare, per ragioni umanitarie, gli effetti dei conflitti armati sui combattenti e sulle popolazioni civili. Il DIU deve oggi confrontarsi con nuove e complesse sfide: la presenza sempre pi\u00f9 diffusa di gruppi armati non statuali; il [&hellip;]","protected":false},"author":1,"featured_media":0,"parent":31040,"menu_order":3,"comment_status":"closed","ping_status":"closed","template":"page-estera.php","meta":{"footnotes":""},"class_list":["post-31050","page","type-page","status-publish","hentry"],"_links":{"self":[{"href":"https:\/\/www.esteri.it\/it\/wp-json\/wp\/v2\/pages\/31050","targetHints":{"allow":["GET"]}}],"collection":[{"href":"https:\/\/www.esteri.it\/it\/wp-json\/wp\/v2\/pages"}],"about":[{"href":"https:\/\/www.esteri.it\/it\/wp-json\/wp\/v2\/types\/page"}],"author":[{"embeddable":true,"href":"https:\/\/www.esteri.it\/it\/wp-json\/wp\/v2\/users\/1"}],"replies":[{"embeddable":true,"href":"https:\/\/www.esteri.it\/it\/wp-json\/wp\/v2\/comments?post=31050"}],"version-history":[{"count":3,"href":"https:\/\/www.esteri.it\/it\/wp-json\/wp\/v2\/pages\/31050\/revisions"}],"predecessor-version":[{"id":160055,"href":"https:\/\/www.esteri.it\/it\/wp-json\/wp\/v2\/pages\/31050\/revisions\/160055"}],"up":[{"embeddable":true,"href":"https:\/\/www.esteri.it\/it\/wp-json\/wp\/v2\/pages\/31040"}],"wp:attachment":[{"href":"https:\/\/www.esteri.it\/it\/wp-json\/wp\/v2\/media?parent=31050"}],"curies":[{"name":"wp","href":"https:\/\/api.w.org\/{rel}","templated":true}]}}