{"id":31051,"date":"2021-07-22T13:39:13","date_gmt":"2021-07-22T11:39:13","guid":{"rendered":"https:\/\/www.esteri.it\/?page_id=31051"},"modified":"2022-09-30T14:19:17","modified_gmt":"2022-09-30T12:19:17","slug":"i-corridoi-umanitari","status":"publish","type":"page","link":"https:\/\/www.esteri.it\/it\/politica-estera-e-cooperazione-allo-sviluppo\/temi_globali\/diritti_umani\/i-corridoi-umanitari\/","title":{"rendered":"I corridoi umanitari"},"content":{"rendered":"<p><strong>Corridoi umanitari: un\u2019alternativa legale e sicura<\/strong><\/p>\n<p>Nati dalla collaborazione tra istituzioni &#8211; Ministero degli Affari Esteri e della Cooperazione Internazionale e Ministero dell\u2019Interno &#8211; e societ\u00e0 civile \u2013 Caritas Italiana, Comunit\u00e0 di Sant\u2019Egidio, Federazione delle Chiese Evangeliche e Tavola Valdese &#8211; i corridoi umanitari sono un programma di trasferimento e integrazione in Italia rivolto a migranti in condizione di particolare vulnerabilit\u00e0: donne sole con bambini, vittime del traffico di essere umani, anziani, persone con disabilit\u00e0 o con patologie.<\/p>\n<p>A partire dal febbraio 2015, il programma ha consentito l&#8217;ingresso di circa 4.000 persone provenienti dal Libano (prevalentemente rifugiati siriani) e dall\u2019Etiopia (rifugiati provenienti da Eritrea, Somalia e Sudan), nonch\u00e9 da Niger, Giordania, Libia e Pakistan e Iran (da questi ultimi due, esclusivamente rifugiati afghani).<\/p>\n<p>Con riferimento alla Libia, si sottolinea che con il Protocollo d\u2019intesa siglato nel 2021 \u00e8 stato istituito un corridoio umanitario\/evacuazione umanitaria per 500 beneficiari nell\u2019arco di due anni. Per quanto riguarda l\u2019Afghanistan, nel quadro del \u201cPiano italiano per il popolo afghano\u201d, il 4 novembre 2021 il MAECI ha firmato con il Ministero dell\u2019Interno, OSC (ARCI, Comunit\u00e0 di S. Egidio, CEI\/Caritas, FCEI, Tavola Valdese), l\u2019Istituto Nazionale per la promozione della salute delle popolazioni Migranti ed il contrasto delle malattie della Povert\u00e0 (INMP) e organismi internazionali di settore (UNHCR e OIM) un Protocollo d\u2019Intesa per l\u2019apertura di un corridoio umanitario e per l\u2019attivazione di procedure di evacuazione a beneficio di 1.200 cittadini afghani in condizione di vulnerabilit\u00e0 sul territorio di Iran e Pakistan.<\/p>\n<p><strong>Un modo per rispondere anche alla domanda sulla nostra sicurezza<\/strong><\/p>\n<p>La lista dei possibili beneficiari dei corridoi umanitari, predisposta previa individuazione e segnalazione dei casi pi\u00f9 bisognosi di tutela da parte delle organizzazioni private, viene vagliata sul piano della sicurezza dal Ministero dell&#8217;Interno. Il Ministero degli Esteri e della Cooperazione Internazionale effettua quindi i controlli necessari per la concessione dei visti d\u2019ingresso.<\/p>\n<p><strong>Accoglienza e Integrazione<\/strong><\/p>\n<p>La caratteristica principale di questo canale \u00e8 il coinvolgimento diretto delle Organizzazioni della Societ\u00e0 Civile (OSC) nella fase di selezione dei beneficiari e nel processo di accoglienza in Italia. Enti quali Caritas Italiana, Comunit\u00e0 di Sant&#8217;Egidio, Federazione delle Chiese Evangeliche e Tavola Valdese, ARCI garantiscono loro alloggio e assistenza economica per il periodo di tempo necessario all\u2019espletamento dell\u2019iter della richiesta di protezione internazionale. Il sistema nazionale di accoglienza e di integrazione, che coinvolge organizzazioni di volontariato in quasi tutte le Regioni, \u00e8 inoltre parte fondamentale del progetto.<\/p>\n<p><strong>Un modello replicabile<\/strong><\/p>\n<p>I corridoi umanitari sono un progetto di \u201cpatrocinio privato\u201d nell\u2019accoglienza e integrazione di migranti vulnerabili e rifugiati che nel 2019 \u00e8 stato insignito del premio Nansen per i Rifugiati per l\u2019Europa. L\u2019esperienza dimostra come, utilizzando gli strumenti legislativi gi\u00e0 a disposizione degli Stati membri dell&#8217;Unione Europea, si possano garantire ingressi regolari e controllati, scongiurando rischiosi \u201cviaggi della speranza\u201d a favore di persone in condizioni di particolare vulnerabilit\u00e0 e di effettivo bisogno di protezione internazionale. Un progetto quindi replicabile in altri Paesi insieme alla societ\u00e0 civile, un modello di solidariet\u00e0 che \u00e8 un vanto per l\u2019Italia, come ha sottolineato anche Papa Francesco: \u201cGuardo con ammirazione all\u2019iniziativa dei corridoi umanitari (\u2026) sono la goccia che cambier\u00e0 il mare\u201d.<\/p>\n","protected":false},"excerpt":{"rendered":"Corridoi umanitari: un\u2019alternativa legale e sicura Nati dalla collaborazione tra istituzioni &#8211; Ministero degli Affari Esteri e della Cooperazione Internazionale e Ministero dell\u2019Interno &#8211; e societ\u00e0 civile \u2013 Caritas Italiana, Comunit\u00e0 di Sant\u2019Egidio, Federazione delle Chiese Evangeliche e Tavola Valdese &#8211; i corridoi umanitari sono un programma di trasferimento e integrazione in Italia rivolto a [&hellip;]","protected":false},"author":1,"featured_media":0,"parent":31040,"menu_order":4,"comment_status":"closed","ping_status":"closed","template":"page-estera.php","meta":{"footnotes":""},"class_list":["post-31051","page","type-page","status-publish","hentry"],"_links":{"self":[{"href":"https:\/\/www.esteri.it\/it\/wp-json\/wp\/v2\/pages\/31051","targetHints":{"allow":["GET"]}}],"collection":[{"href":"https:\/\/www.esteri.it\/it\/wp-json\/wp\/v2\/pages"}],"about":[{"href":"https:\/\/www.esteri.it\/it\/wp-json\/wp\/v2\/types\/page"}],"author":[{"embeddable":true,"href":"https:\/\/www.esteri.it\/it\/wp-json\/wp\/v2\/users\/1"}],"replies":[{"embeddable":true,"href":"https:\/\/www.esteri.it\/it\/wp-json\/wp\/v2\/comments?post=31051"}],"version-history":[{"count":2,"href":"https:\/\/www.esteri.it\/it\/wp-json\/wp\/v2\/pages\/31051\/revisions"}],"predecessor-version":[{"id":87286,"href":"https:\/\/www.esteri.it\/it\/wp-json\/wp\/v2\/pages\/31051\/revisions\/87286"}],"up":[{"embeddable":true,"href":"https:\/\/www.esteri.it\/it\/wp-json\/wp\/v2\/pages\/31040"}],"wp:attachment":[{"href":"https:\/\/www.esteri.it\/it\/wp-json\/wp\/v2\/media?parent=31051"}],"curies":[{"name":"wp","href":"https:\/\/api.w.org\/{rel}","templated":true}]}}