{"id":31059,"date":"2021-07-22T13:45:17","date_gmt":"2021-07-22T11:45:17","guid":{"rendered":"https:\/\/www.esteri.it\/?page_id=31059"},"modified":"2026-03-23T13:22:29","modified_gmt":"2026-03-23T12:22:29","slug":"global-coalition-against-daesh","status":"publish","type":"page","link":"https:\/\/www.esteri.it\/it\/politica-estera-e-cooperazione-allo-sviluppo\/temi_globali\/lotta_terrorismo\/global-coalition-against-daesh\/","title":{"rendered":"Global Coalition Against Daesh"},"content":{"rendered":"<p>La Coalizione Globale Anti-Daesh nasce nel 2014 per affrontare la minaccia terroristica di Daesh presente in Iraq e in Siria.<\/p>\n<p>\u00c8 composta attualmente da 90 membri, a testimonianza dall\u2019ampio consenso che a livello internazionale riveste la lotta a Daesh. La Coalizione mira a: indebolire l\u2019infrastruttura economica e finanziaria di Daesh, contrastando anche le sue fonti di finanziamento; prevenire i movimenti transfrontalieri dei Foreign Terrorist Fighters; supportare la stabilizzazione delle aree liberate dal controllo dell\u2019Islamic State e il ripristino delle infrastrutture; contenere la propaganda del gruppo.<\/p>\n<p>L\u2019Italia \u00e8 tra i Paesi che maggiormente contribuiscono alla Coalizione Globale per il contrasto a Daesh, sostenendo attivamente le sue iniziative, anche in campo operativo, tra cui l\u2019addestramento delle forze di sicurezza in Iraq.<\/p>\n<p>A conferma del suo ruolo propulsivo, sin dal 2021 l\u2019Italia ha contribuito a rafforzare l\u2019impegno della Coalizione nel contrasto della minaccia di Daesh in Africa, favorendo il coinvolgimento diretto dei partner africani. L\u2019acuirsi della minaccia terroristica nel continente, in particolare nell\u2019area del Sahel, rappresenta oggi una delle principali aree di espansione territoriale di Daesh.<\/p>\n<p>L\u2019Italia \u00e8 uno dei principali contributori della Missione NATO in Iraq (NMI), un\u2019operazione non combattente dedicata all\u2019assistenza e all\u2019addestramento delle forze locali. L\u2019obiettivo: aiutare l\u2019Iraq a rafforzare istituzioni e forze di sicurezza, per garantire stabilit\u00e0, combattere il terrorismo e prevenire il ritorno di Daesh.<\/p>\n<p>&nbsp;<\/p>\n<p><strong>I Foreign Fighters<\/strong><\/p>\n<p>La Coalizione \u00e8 impegnata nel contrastare il flusso di terroristi che cercano di attraversare le frontiere. Rafforzando la cooperazione tra le forze di sicurezza all\u2019interno della Coalizione, si garantisce la condivisione di informazioni raccolte dalle forze della Coalizione nella lotta al terrorismo, potenziando cos\u00ec la sicurezza interna agli Stati. Siamo impegnati a promuovere un maggiore coordinamento tra i servizi di Intelligence e le forze dell\u2019ordine per monitorare e prevenire flussi di foreign fighters. Ci\u00f2 poich\u00e9 crediamo che migliorare la condivisione delle informazioni e la cooperazione contribuisce a prevenire la radicalizzazione e a ridurre la probabilit\u00e0 di attacchi terroristici.<\/p>\n<p>&nbsp;<\/p>\n<p><strong>Stabilizzazione<\/strong><\/p>\n<p>La stabilizzazione dell\u2019Iraq e della Siria \u00e8 una delle tappe essenziali per sconfiggere il Daesh e per incentivare la ricostruzione di tutte le aree liberate.<\/p>\n<p>L\u2019Italia sostiene attivamente gli sforzi fatti dalla Coalizione Globale per rafforzare le capacit\u00e0 militari e delle forze di sicurezza del Governo iracheno.<\/p>\n<p>Grazie al Gruppo d\u2019Azione dei Carabinieri, l\u2019Italia \u00e8 inoltre un partner chiave nell\u2019ambito dell\u2019addestramento delle forze di polizia irachene con il fine di garantire la sicurezza e lo stato di diritto nelle zone liberate.<\/p>\n<p>Le attivit\u00e0 addestrative promosse dall\u2019Italia hanno riguardato attivit\u00e0 di pattugliamento mirate alla stabilit\u00e0, come ad esempio un corso sulla legalit\u00e0 e l\u2019ordine pubblico, tecniche e procedure di polizia, corsi sull\u2019applicazione della legge, corsi sulle operazioni ad alto rischio, corsi per ufficiali di polizia donne, il rilevamento di ordigni esplosivi improvvisati (C-IED), corsi sulle attivit\u00e0 di polizia a livello di comunit\u00e0, corsi di formazione avanzata per la polizia, anti-terrorismo, la salvaguardia del patrimonio culturale, tecniche antisommossa e di controllo di folle, procedure preliminari per la protezione personale e corsi sull\u2019investigazione della scena del crimine.<\/p>\n<p>I corsi sono frequentati dalle forze di polizia locale, della polizia federale, dei SWAT, della polizia di frontiera, della polizia autostradale, della polizia curda ed altre.<\/p>\n<p>&nbsp;<\/p>\n<p><strong>Comunicazione<\/strong><\/p>\n<p>L\u2019ISIS mantiene una significativa capacit\u00e0 di diffondere propaganda e contenuti estremisti, utilizzando piattaforme digitali e social network che gli permettono di raggiungere anche un pubblico molto giovane.<\/p>\n<p>Per questo, uno degli obiettivi della Coalizione \u00e8 contrastare in modo efficace la propaganda di Daesh, limitandone la diffusione e l\u2019influenza online.<\/p>\n<p>L\u2019Italia si adopera a rendere Internet uno spazio sicuro e a rafforzare la resilienza delle comunit\u00e0 contro la radicalizzazione. Tale impegno riguarda anche prestare attenzione a nuovi metodi di reclutamento, come ad esempio tramite l\u2019utilizzo improprio di tecnologie emergenti.<\/p>\n<p>&nbsp;<\/p>\n<p><strong>Contrasto al finanziamento del terrorismo: aggredire le finanze del Daesh<\/strong><\/p>\n<p>La Coalizione ha nel tempo sviluppato importanti capacit\u00e0 di\u00a0individuare e interrompere le fonti di reddito e le reti finanziarie di Daesh.<\/p>\n<p>Facendo leva sulla strategia di contrasto al finanziamento di Daesh sancita nel Piano d\u2019Azione di Roma per il CIFG approvato nel marzo del 2015, l\u2019Italia ha operato di concerto con i partner della Coalizione Globale con l\u2019obiettivo di: individuare e impedire l\u2019accesso a Daesh a sistemi finanziari regionali e internazionali, limitare le reti finanziarie globali di Daesh e le sue succursali geografiche, rafforzare la lotta al riciclaggio di denaro internazionale e le misure di contrasto al finanziamento del terrorismo. A tale proposito, potenziare lo scambio di informazioni di intelligence finanziaria in seno alla Coalizione \u00e8 fondamentale per migliorare il coordinamento con i nostri partner in materia di assistenza tecnica fornita ai Paesi maggiormente esposti alla minaccia di Daesh.<\/p>\n<p>A livello nazionale, negli ultimi anni sono state adottate leggi pi\u00f9 severe per contrastare il finanziamento del terrorismo, conferendo alle autorit\u00e0 giudiziarie strumenti pi\u00f9 efficaci ed incisivi. Oltre a varare una nuova normativa penale mirata ad inasprire i controlli su coloro che finanziano gruppi terroristici \u2013 o che assicurino loro qualsiasi altro tipo di sostegno \u2013 l\u2019Italia ha adottato misure restrittive nei confronti di jihadisti che si sono autoformati e dei foreign fighters. Al Comitato di Sicurezza Finanziaria, un organo inter-agenzie dedicato, \u00e8 stato affidato il compito di vigilare sull\u2019intero processo, garantendo una osservanza continuativa e puntuale della normativa vigente e aumentando la condivisione informazioni.<\/p>\n<p>&nbsp;<\/p>\n","protected":false},"excerpt":{"rendered":"La Coalizione Globale Anti-Daesh nasce nel 2014 per affrontare la minaccia terroristica di Daesh presente in Iraq e in Siria. \u00c8 composta attualmente da 90 membri, a testimonianza dall\u2019ampio consenso che a livello internazionale riveste la lotta a Daesh. La Coalizione mira a: indebolire l\u2019infrastruttura economica e finanziaria di Daesh, contrastando anche le sue fonti [&hellip;]","protected":false},"author":1,"featured_media":0,"parent":31056,"menu_order":0,"comment_status":"closed","ping_status":"closed","template":"page-estera.php","meta":{"footnotes":""},"class_list":["post-31059","page","type-page","status-publish","hentry"],"_links":{"self":[{"href":"https:\/\/www.esteri.it\/it\/wp-json\/wp\/v2\/pages\/31059","targetHints":{"allow":["GET"]}}],"collection":[{"href":"https:\/\/www.esteri.it\/it\/wp-json\/wp\/v2\/pages"}],"about":[{"href":"https:\/\/www.esteri.it\/it\/wp-json\/wp\/v2\/types\/page"}],"author":[{"embeddable":true,"href":"https:\/\/www.esteri.it\/it\/wp-json\/wp\/v2\/users\/1"}],"replies":[{"embeddable":true,"href":"https:\/\/www.esteri.it\/it\/wp-json\/wp\/v2\/comments?post=31059"}],"version-history":[{"count":3,"href":"https:\/\/www.esteri.it\/it\/wp-json\/wp\/v2\/pages\/31059\/revisions"}],"predecessor-version":[{"id":180684,"href":"https:\/\/www.esteri.it\/it\/wp-json\/wp\/v2\/pages\/31059\/revisions\/180684"}],"up":[{"embeddable":true,"href":"https:\/\/www.esteri.it\/it\/wp-json\/wp\/v2\/pages\/31056"}],"wp:attachment":[{"href":"https:\/\/www.esteri.it\/it\/wp-json\/wp\/v2\/media?parent=31059"}],"curies":[{"name":"wp","href":"https:\/\/api.w.org\/{rel}","templated":true}]}}