{"id":31093,"date":"2021-07-22T14:08:58","date_gmt":"2021-07-22T12:08:58","guid":{"rendered":"https:\/\/www.esteri.it\/?page_id=31093"},"modified":"2022-10-10T10:59:52","modified_gmt":"2022-10-10T08:59:52","slug":"la-sostenibilita","status":"publish","type":"page","link":"https:\/\/www.esteri.it\/it\/politica-estera-e-cooperazione-allo-sviluppo\/temi_globali\/la-sostenibilita\/","title":{"rendered":"Sostenibilit\u00e0 e attuazione agenda 2030"},"content":{"rendered":"<p>\u201cL\u2019Italia sostiene la visione ed i principi guida dell\u2019<a href=\"https:\/\/sdgs.un.org\/goals\">Agenda2030<\/a>, intesi a promuovere societ\u00e0 pacifiche, eque e inclusive, libere da paura e violenza, e riafferma con forza che non ci pu\u00f2 essere sviluppo sostenibile senza pace n\u00e9 pace senza sviluppo sostenibile\u201d.<\/p>\n<p>Questo \u00e8 l\u2019incipit del <a href=\"https:\/\/hlpf.un.org\/countries\/italy\/voluntary-national-review-2022?page=2\">rapporto<\/a> che l\u2019Italia ha presentato alle Nazioni Unite nel 2022 sullo stato di attuazione a livello nazionale e locale del programma di azione sottoscritto nel settembre 2015 dai governi dei 193 Paesi membri dell\u2019Organizzazione.<\/p>\n<p>L\u2019ambiziosa strategia delle Nazioni Unite \u00e8 volta, tramite i suoi 17 obiettivi di sviluppo sostenibile e i suoi 5 Pilastri (Persone, Pianeta, Prosperit\u00e0, Pace, Partenariati), ad affrontare un&#8217;ampia gamma di sfide di rilevanza globale, con l\u2019ambizioso obiettivo di porvi fine entro il 2030.<\/p>\n<p>Tra le sfide si annoverano: la povert\u00e0, la fame, il diritto alla salute e all&#8217;istruzione, l&#8217;accesso all&#8217;acqua e all&#8217;energia, il lavoro, la crescita economica inclusiva e sostenibile, il cambiamento climatico e la tutela dell&#8217;ambiente, l&#8217;urbanizzazione, l&#8217;uguaglianza sociale e di genere, la giustizia e la pace.<\/p>\n<p>&nbsp;<\/p>\n<div class=\"align-center\"><img loading=\"lazy\" decoding=\"async\" class=\"img-fluid wp-image-87812 size-large\" src=\"https:\/\/www.esteri.it\/wp-content\/uploads\/2022\/10\/sostenibilita-e-attuazione-agenda-2030-1024x653.png\" alt=\"sostenibilit\u00e0 e attuazione agenda 2030\" width=\"640\" height=\"408\" srcset=\"https:\/\/www.esteri.it\/wp-content\/uploads\/2022\/10\/sostenibilita-e-attuazione-agenda-2030-1024x653.png 1024w, https:\/\/www.esteri.it\/wp-content\/uploads\/2022\/10\/sostenibilita-e-attuazione-agenda-2030-300x191.png 300w, https:\/\/www.esteri.it\/wp-content\/uploads\/2022\/10\/sostenibilita-e-attuazione-agenda-2030-768x489.png 768w, https:\/\/www.esteri.it\/wp-content\/uploads\/2022\/10\/sostenibilita-e-attuazione-agenda-2030-1536x979.png 1536w, https:\/\/www.esteri.it\/wp-content\/uploads\/2022\/10\/sostenibilita-e-attuazione-agenda-2030.png 1569w\" sizes=\"auto, (max-width: 640px) 100vw, 640px\" \/><\/div>\n<p>&nbsp;<\/p>\n<p>L\u2019Agenda 2030 ha condizionato enormemente le politiche di sviluppo dei Paesi che vi aderiscono, superando gli approcci particolari, affermando la necessit\u00e0 di una visione integrata e trasformativa, sottolineando l\u2019irrinunciabilit\u00e0 di un\u2019attenta opera di monitoraggio e valutazione degli interventi e delle politiche basata su una pi\u00f9 ampia raccolta di dati e riaffermando che l\u2019azione ad ogni livello deve prioritariamente partire dagli ultimi e pi\u00f9 vulnerabili.<\/p>\n<p>Il cambio paradigmatico rappresentato dall\u2019Agenda 2030 ha portato ad una pi\u00f9 rapida evoluzione del dibattito multilaterale sullo sviluppo, che sta producendo senza soluzione di continuit\u00e0 nuovi orientamenti: dall\u2019approfondimento del dialogo fra tutti gli attori \u2013 governativi e non \u2013 al rafforzamento dei nessi causali fra sviluppo sostenibile, diritti umani e pace e sicurezza, alla trasversalit\u00e0 del raggiungimento dell\u2019uguaglianza di genere e dell\u2019<em>empowerment<\/em> delle donne, al rafforzamento del nesso fra interventi di emergenza e politiche di sviluppo, alla centralit\u00e0 delle politiche a favore dei giovani, alla rilevanza dell\u2019accesso alla giustizia per costruire societ\u00e0 pi\u00f9 democratiche, trasparenti ed eque, alla crescente simbiosi fra protezione dell\u2019ambiente e sviluppo, all\u2019importanza della collaborazione internazionale nel settore fiscale e della tassazione, alla necessit\u00e0 di coinvolgere il settore privato nella promozione della sostenibilit\u00e0 e nelle attivit\u00e0 di cooperazione, alla definizione di un quadro pi\u00f9 completo, condiviso e responsabile di gestione dei flussi di rifugiati e delle migrazioni e di azione sulle cause profonde che li originano.<\/p>\n<p>Lo scenario post Covid-19 conferma la visione strategica della Cooperazione italiana: favorire lo sviluppo sostenibile creando opportunit\u00e0 e valorizzando l\u2019expertise dell\u2019Italia in settori strategici per i Paesi partner e per il nostro Paese. La politica estera italiana si prefigge pertanto la conformit\u00e0 a questi criteri economici, sociali e ambientali e la loro difesa in sede negoziale, quale carattere identificativo del proprio orientamento sul piano europeo e globale. In tale ambito, l\u2019azione della Cooperazione italiana segue un approccio di sistema, multi-attore, multidisciplinare, ispirato ai principi del partenariato e della solidariet\u00e0, della responsabilit\u00e0, della sussidiariet\u00e0, della trasparenza, del rispetto e della promozione del Diritto Internazionale Umanitario. A tale proposito, la Cooperazione italiana si \u00e8 dotata di un <a href=\"https:\/\/www.esteri.it\/wp-content\/uploads\/2021\/11\/Schema-di-Documento-triennale-2021-2023.pdf\">Documento Triennale di Programmazione e di Indirizzo<\/a>, che indica gli obiettivi di azione, le priorit\u00e0 geografiche, tematiche e settoriali e definisce gli ambiti di applicazione della Cooperazione allo Sviluppo per il triennio.<\/p>\n<p>\u00c8 una visione di medio e lungo periodo che ha come orizzonte di riferimento l\u2019Agenda 2030, i suoi obiettivi e i suoi pilastri, con un approccio fondato sul rispetto dei diritti umani e uno sguardo pi\u00f9 attento alla dimensione umana, alla tutela delle libert\u00e0 fondamentali, al rafforzamento dello Stato di diritto, alla giustizia sociale.<\/p>\n<p>Ogni foro, organismo multilaterale o conferenza internazionale si pone oggi l\u2019esigenza di valutare la conformit\u00e0 della propria azione e del reale contributo della <em>membership<\/em> al conseguimento degli SDG e di Agenda 2030.<\/p>\n<p>In tale ambito, non solo i Governi dei Paesi membri delle Nazioni Unite ma anche la loro societ\u00e0 civile e il relativo settore privato sono indispensabili destinatari di Agenda 2030 e in quanto tali sono parte della politica nazionale per la sostenibilit\u00e0.<\/p>\n","protected":false},"excerpt":{"rendered":"\u201cL\u2019Italia sostiene la visione ed i principi guida dell\u2019Agenda2030, intesi a promuovere societ\u00e0 pacifiche, eque e inclusive, libere da paura e violenza, e riafferma con forza che non ci pu\u00f2 essere sviluppo sostenibile senza pace n\u00e9 pace senza sviluppo sostenibile\u201d. Questo \u00e8 l\u2019incipit del rapporto che l\u2019Italia ha presentato alle Nazioni Unite nel 2022 sullo [&hellip;]","protected":false},"author":1,"featured_media":0,"parent":316,"menu_order":6,"comment_status":"closed","ping_status":"closed","template":"page-estera.php","meta":{"footnotes":""},"class_list":["post-31093","page","type-page","status-publish","hentry"],"_links":{"self":[{"href":"https:\/\/www.esteri.it\/it\/wp-json\/wp\/v2\/pages\/31093","targetHints":{"allow":["GET"]}}],"collection":[{"href":"https:\/\/www.esteri.it\/it\/wp-json\/wp\/v2\/pages"}],"about":[{"href":"https:\/\/www.esteri.it\/it\/wp-json\/wp\/v2\/types\/page"}],"author":[{"embeddable":true,"href":"https:\/\/www.esteri.it\/it\/wp-json\/wp\/v2\/users\/1"}],"replies":[{"embeddable":true,"href":"https:\/\/www.esteri.it\/it\/wp-json\/wp\/v2\/comments?post=31093"}],"version-history":[{"count":2,"href":"https:\/\/www.esteri.it\/it\/wp-json\/wp\/v2\/pages\/31093\/revisions"}],"predecessor-version":[{"id":87815,"href":"https:\/\/www.esteri.it\/it\/wp-json\/wp\/v2\/pages\/31093\/revisions\/87815"}],"up":[{"embeddable":true,"href":"https:\/\/www.esteri.it\/it\/wp-json\/wp\/v2\/pages\/316"}],"wp:attachment":[{"href":"https:\/\/www.esteri.it\/it\/wp-json\/wp\/v2\/media?parent=31093"}],"curies":[{"name":"wp","href":"https:\/\/api.w.org\/{rel}","templated":true}]}}