{"id":31098,"date":"2021-07-22T14:30:22","date_gmt":"2021-07-22T12:30:22","guid":{"rendered":"https:\/\/www.esteri.it\/?page_id=31098"},"modified":"2021-10-29T20:36:47","modified_gmt":"2021-10-29T18:36:47","slug":"la-nuova-agenda-2030","status":"publish","type":"page","link":"https:\/\/www.esteri.it\/it\/politica-estera-e-cooperazione-allo-sviluppo\/temi_globali\/la-sostenibilita\/la-nuova-agenda-2030\/","title":{"rendered":"La nuova Agenda 2030"},"content":{"rendered":"<p><strong>L<\/strong><strong>\u2019<\/strong><strong>Agenda 2030 per lo Sviluppo Sostenibile<\/strong><\/p>\n<p>La nuova Agenda 2030 per lo Sviluppo Sostenibile, cui l\u2019Italia ha contribuito a definire nel quadro dei negoziati ONU, rappresenta un piano ambizioso per eliminare la povert\u00e0 e promuovere la prosperit\u00e0 economica, lo sviluppo sociale e la protezione dell\u2019ambiente su scala globale.<\/p>\n<p>Il preambolo della Dichiarazione \u201cTrasformare il Nostro Mondo: l\u2019Agenda 2030 per lo Sviluppo Sostenibile\u201d afferma<i>: \u201cSiamo decisi a liberare l\u2019umanit\u00e0 dalla tirannia della povert\u00e0 e vogliamo guarire e rendere sicuro il nostro pianeta per le generazioni presenti e future. Siamo determinati a fare i passi coraggiosi e trasformativi che sono urgenti e necessari per mettere il mondo su un percorso pi\u00f9 sostenibile e duraturo. Mentre iniziamo questo cammino comune, promettiamo che nessuno sar\u00e0 escluso<\/i>\u201d.<\/p>\n<p>Nell\u2019evidenziare l\u2019obiettivo dell\u2019eliminazione della povert\u00e0 entro il 2030, la nuova Agenda si focalizza sull\u2019integrazione economica, sociale, ambientale e di governance dello sviluppo, e invita tutti i Paesi ad attivarsi in un percorso di sviluppo comune senza lasciare indietro nessuno. Le cinque \u201cP\u201d- Persone, Pianeta, Prosperit\u00e0, Pace e Partnership &#8211; rappresentano i principi sui quali poggia l\u2019Agenda.<\/p>\n<p>L\u2019Agenda definisce 17 Obiettivi per lo Sviluppo Sostenibile e 169 targets che occorre perseguire nei prossimi 15 anni. Gli Obiettivi per lo Sviluppo Sostenibile mirano ad affrontare gli ostacoli sistemici allo sviluppo, come le disuguaglianze, i sistemi di produzione e consumo non sostenibili, le infrastrutture inadeguate, la mancanza di lavoro dignitoso, i cambiamenti climatici e la perdita degli ecosistemi e della biodiversit\u00e0. Ciascuno dei 17 obiettivi \u00e8 a sua volta strutturato in targets e indicatori misurabili in modo tale da garantirne il monitoraggio in itinere. La Commissione Statistica dell\u2019ONU e un gruppo di esperti istituito ad hoc (\u201c<i>Inter-Agency Expert Group on Sustainable Development Goal Indicators<\/i>\u201d) sta lavorando alla definizione di un set di circa 240 indicatori globali sociali, economici, ambientali e di governance, riferiti ai 169 targets per misurare i progressi.<\/p>\n<p>L\u2019Agenda 2030 vuole essere trasformativa e universale. Trasformativa, perch\u00e9 si vuole cambiare il modo in cui si relazionano societ\u00e0, sistema produttivo e ambiente. Universale, perch\u00e9 l\u2019Agenda si applica non solo ai Paesi in via di Sviluppo, ma a tutti i Paesi, riconoscendo che la sostenibilit\u00e0 dei processi di sviluppo trascende gli ambiti di applicazione nazionale e necessita di una coerenza di politiche e comportamenti a livello globale. I progressi nell\u2019implementazione dell\u2019Agenda andranno verificati e monitorati ai diversi livelli. Da qui l\u2019accento posto sul meccanismo di seguiti e revisione dell\u2019attuazione dell\u2019Agenda, basato su una partecipazione multi-attore (Governi, ma anche le altre componenti della societ\u00e0: Parlamenti, ONG, istituzioni accademiche, settore privato) e multi-livello (nazionale, regionale e globale). Dei seguiti dell\u2019Agenda si occuper\u00e0 una nuova istituzione dell\u2019ONU, il Foro Politico di Alto livello, costituita di recente a tale scopo. A livello nazionale, il Consiglio Nazionale per la Cooperazione allo Sviluppo avr\u00e0 un ruolo fondamentale nel monitoraggio e nella verifica dell\u2019applicazione dell\u2019Agenda per la parte relativa alla cooperazione allo sviluppo.<\/p>\n<p>Da parte italiana l\u2019applicazione seguir\u00e0 due filoni: il primo di applicazione interna, il secondo di adeguamento della strategia di cooperazione allo sviluppo alla nuova Agenda.<\/p>\n<p>Parallelamente l\u2019Italia parteciper\u00e0 alla riflessione sulla riforma delle modalit\u00e0 operative del Sistema ONU per lo sviluppo al fine di adeguarlo alla visione integrata che deriva dall\u2019Agenda 2030 e migliorarne nel complesso l\u2019efficacia.<\/p>\n<p>&nbsp;<\/p>\n<p><strong>Il Piano di Azione di Addis Abeba<\/strong><\/p>\n<p>Al termine di un complesso processo negoziale, in occasione della terza Conferenza sul Finanziamento dello Sviluppo tenutasi ad Addis Abeba nel luglio 2015, la comunit\u00e0 internazionale ha concordato un nuovo quadro di riferimento relativo all\u2019attuazione e al finanziamento dello sviluppo sostenibile. Punti chiave del Piano di Azione di Addis Abeba:<\/p>\n<ul>\n<li>promuovere la mobilitazione e l\u2019uso efficace delle risorse domestiche, anche attraverso il rafforzamento dei sistemi fiscali e di tassazione;<\/li>\n<li>coinvolgere maggiormente l\u2019economia privata per uno sviluppo sostenibile globale;<\/li>\n<li>facilitare il trasferimento di scienza, innovazione e tecnologie verso i Paesi in via di sviluppo;<\/li>\n<li>promuovere il commercio internazionale, motore di una crescita economica inclusiva;<\/li>\n<li>promuovere nuovi modelli di finanziamento pubblico-privati;<\/li>\n<li>facilitare l\u2019invio delle rimesse dei migranti nei Paesi di origine, in particolare riducendo i costi di trasferimento del denaro;<\/li>\n<li>assicurare la sostenibilit\u00e0 del debito e favorire la ristrutturazione del debito nei Paesi meno Avanzati, nei Paesi fragili e nei piccoli Stati insulari;<\/li>\n<li>rafforzare la cooperazione internazionale, in particolare nei Paesi meno Avanzati, negli Stati fragili e nei Paesi pi\u00f9 bisognosi.<\/li>\n<\/ul>\n<p>Per eradicare la povert\u00e0 e raggiungere un nuovo equilibrio basato sullo sviluppo sostenibile, occorre allargare l\u2019orizzonte e uscire dalla logica del mero aiuto finanziario. In tale ottica, la Conferenza sul Finanziamento dello Sviluppo di Addis Abeba ha affrontato il nodo degli &#8220;strumenti di applicazione&#8221; che dovranno sostenere la nuova Agenda 2030 \u2013 la coerenza delle politiche per lo sviluppo, le strategie nazionali per lo sviluppo sostenibile, il trasferimento di tecnologia e innovazione, e delle risorse necessarie per raggiungere i suoi obiettivi, completando il percorso avviato a Monterrey nel 2002 e a Doha nel 2008.<\/p>\n","protected":false},"excerpt":{"rendered":"L\u2019Agenda 2030 per lo Sviluppo Sostenibile La nuova Agenda 2030 per lo Sviluppo Sostenibile, cui l\u2019Italia ha contribuito a definire nel quadro dei negoziati ONU, rappresenta un piano ambizioso per eliminare la povert\u00e0 e promuovere la prosperit\u00e0 economica, lo sviluppo sociale e la protezione dell\u2019ambiente su scala globale. Il preambolo della Dichiarazione \u201cTrasformare il Nostro [&hellip;]","protected":false},"author":1,"featured_media":0,"parent":31093,"menu_order":0,"comment_status":"closed","ping_status":"closed","template":"page-estera.php","meta":{"footnotes":""},"class_list":["post-31098","page","type-page","status-publish","hentry"],"_links":{"self":[{"href":"https:\/\/www.esteri.it\/it\/wp-json\/wp\/v2\/pages\/31098","targetHints":{"allow":["GET"]}}],"collection":[{"href":"https:\/\/www.esteri.it\/it\/wp-json\/wp\/v2\/pages"}],"about":[{"href":"https:\/\/www.esteri.it\/it\/wp-json\/wp\/v2\/types\/page"}],"author":[{"embeddable":true,"href":"https:\/\/www.esteri.it\/it\/wp-json\/wp\/v2\/users\/1"}],"replies":[{"embeddable":true,"href":"https:\/\/www.esteri.it\/it\/wp-json\/wp\/v2\/comments?post=31098"}],"version-history":[{"count":0,"href":"https:\/\/www.esteri.it\/it\/wp-json\/wp\/v2\/pages\/31098\/revisions"}],"up":[{"embeddable":true,"href":"https:\/\/www.esteri.it\/it\/wp-json\/wp\/v2\/pages\/31093"}],"wp:attachment":[{"href":"https:\/\/www.esteri.it\/it\/wp-json\/wp\/v2\/media?parent=31098"}],"curies":[{"name":"wp","href":"https:\/\/api.w.org\/{rel}","templated":true}]}}