{"id":31112,"date":"2021-07-26T10:55:56","date_gmt":"2021-07-26T08:55:56","guid":{"rendered":"https:\/\/www.esteri.it\/?page_id=31112"},"modified":"2026-04-09T14:31:35","modified_gmt":"2026-04-09T12:31:35","slug":"valutazione-degli-interventi-di","status":"publish","type":"page","link":"https:\/\/www.esteri.it\/it\/politica-estera-e-cooperazione-allo-sviluppo\/cooperaz_sviluppo\/disciplina-della-cooperazione-italiana\/valutazione-degli-interventi-di\/","title":{"rendered":"Valutazione degli Interventi di Cooperazione"},"content":{"rendered":"<p><a href=\"https:\/\/www.esteri.it\/wp-content\/uploads\/2026\/02\/Programma-triennale-delle-valutazioni-delle-iniziative-di-cooperazione-2025-2027.pdf\">Programma triennale delle valutazioni delle iniziative di cooperazione 2025-2027<\/a><\/p>\n<p><a href=\"https:\/\/www.esteri.it\/wp-content\/uploads\/2026\/02\/Aggiornamento-Programma-triennale-delle-valutazioni-delle-iniziative-di-cooperazione-2025-2027.pdf\">Aggiornamento Programma triennale delle valutazioni delle iniziative di cooperazione 2025-2027<\/a><\/p>\n<p><a href=\"https:\/\/www.esteri.it\/mae\/resource\/doc\/2020\/12\/guida_valutazioni.pdf\">Guida della DGCS per la valutazione d&#8217;impatto degli interventi di cooperazione allo sviluppo novembre 2020<br \/>\n<\/a><a href=\"https:\/\/www.esteri.it\/mae\/resource\/doc\/2020\/12\/allegato_a_-_il_quadro_internazionale.pdf\">Allegato A<\/a> &#8211; <a href=\"https:\/\/www.esteri.it\/mae\/resource\/doc\/2020\/12\/allegato_b_-_il_quadro_istituzionale_italiano.pdf\">Allegato B<\/a> &#8211; <a href=\"https:\/\/www.esteri.it\/mae\/resource\/doc\/2020\/12\/allegato_c_-_linee_guida_valutatori_esterni.pdf\">Allegato C<\/a> &#8211; <a href=\"https:\/\/www.esteri.it\/mae\/resource\/doc\/2020\/12\/allegato_d_-_modello_redazione_dei_tor.docx\">Allegato D<\/a> &#8211; <a href=\"https:\/\/www.esteri.it\/mae\/resource\/doc\/2020\/12\/allegato_e_-_modello_lettera_dinvito.doc\">Allegato E<\/a> &#8211; <a href=\"https:\/\/www.esteri.it\/mae\/resource\/doc\/2020\/12\/allegato_f_-__valutazione_offerta_tecnica.docx\">Allegato F<\/a><\/p>\n<p><a href=\"https:\/\/www.esteri.it\/wp-content\/uploads\/2025\/11\/20251113Comunicazione-operatori-economici-perTraspare_Firmato.pdf\"> Attivazione di un nuovo Albo fornitori sulla piattaforma di approvvigionamento digitale (PAD) certificata Traspare in uso alle stazioni appaltanti del Ministero degli Affari Esteri e della Cooperazione Internazionale (MAECI)<\/a><\/p>\n<p>&nbsp;<\/p>\n<p><strong>Val<\/strong><strong>utazioni d\u2019impatto 2025<\/strong><\/p>\n<ul>\n<li>Egitto\n<ul>\n<li><a href=\"https:\/\/www.esteri.it\/wp-content\/uploads\/2026\/04\/IZI_Valut.Egitto_RapportoFinale_it.pdf\">Egitto \u2013 \u201cSviluppo della filiera del Cotone a fibra lunga ed extra-lunga\u201d\u00a0<\/a><\/li>\n<li><a href=\"https:\/\/www.esteri.it\/wp-content\/uploads\/2026\/04\/IZI_Sintesi-Rapporto_it.pdf\">Sintesi del rapporto di valutazione<\/a><\/li>\n<\/ul>\n<\/li>\n<li>\u00a0Kenya\n<ul>\n<li><a href=\"https:\/\/www.esteri.it\/wp-content\/uploads\/2025\/11\/AID11510-Rapporto-di-valutazione-Maziwa_ITA.pdf\">Maziwa \u2013 \u201cMiglioramento delle cooperative della filiera lattiero-casearia nella contea di Meru, Kenya\u201d<\/a><\/li>\n<li><a href=\"https:\/\/www.esteri.it\/wp-content\/uploads\/2025\/11\/AID11510-Rapporto-Sintetico-Maziwa_ITA-1.pdf\">Sintesi del rapporto di valutazione<\/a><\/li>\n<\/ul>\n<\/li>\n<\/ul>\n<ul>\n<li>Tunisia\n<ul>\n<li><a href=\"https:\/\/www.esteri.it\/wp-content\/uploads\/2025\/11\/AID-11815-Rapporto-di-Valutazione-Nemo-Kantara-IT.pdf\">Stabilizzazione e sviluppo socioeconomico delle regioni costiere tunisine &#8211; Nemo Kantara<\/a><\/li>\n<li><a href=\"https:\/\/www.esteri.it\/wp-content\/uploads\/2025\/11\/AID-11815-Sintesi-Rapporto-di-Valutazione-Nemo-Kantara-IT.pdf\">Sintesi del rapporto di valutazione<\/a><\/li>\n<\/ul>\n<\/li>\n<\/ul>\n<p>&nbsp;<\/p>\n<p><strong>Val<\/strong><b>utazioni d\u2019impatto 202<\/b><strong>4<\/strong><\/p>\n<ul type=\"disc\">\n<li>Senegal\n<ul>\n<li><a href=\"https:\/\/www.esteri.it\/wp-content\/uploads\/2025\/06\/2025_Rapporto_valutazione_Plasepri_ITA.pdf\">\u201cProgramma di contrasto alla migrazione irregolare attraverso il sostegno al lavoro privato\u201d- PLASEPRI II<\/a><\/li>\n<li>\u00a0<a href=\"https:\/\/www.esteri.it\/wp-content\/uploads\/2025\/06\/2025_Sintesi_Rapporto_valutazione_Plasepri_ITA.pdf\">Sintesi del rapporto di valutazione<\/a><\/li>\n<\/ul>\n<\/li>\n<li class=\"x_MsoNormal\">Etiopia\n<ul type=\"circle\">\n<li class=\"x_MsoNormal\"><a href=\"https:\/\/www.esteri.it\/wp-content\/uploads\/2025\/03\/Rapporto-Valutazione_IT.pdf\">Iniziativa di emergenza in supporto ai migranti e migranti di ritorno e comunit\u00e0 ospitanti<\/a><\/li>\n<li class=\"x_MsoNormal\"><span class=\"x_MsoHyperlink\"><a href=\"https:\/\/www.esteri.it\/wp-content\/uploads\/2025\/03\/Sintesi_Rapporto-Valutazione_IT.pdf\">Sintesi del rapporto di valutazione<\/a>\u00a0<\/span><\/li>\n<\/ul>\n<\/li>\n<\/ul>\n<p>&nbsp;<\/p>\n<p><strong>Valutazioni d\u2019impatto 2023<\/strong><\/p>\n<ul>\n<li>Etiopia\n<ul>\n<li><a href=\"https:\/\/www.esteri.it\/wp-content\/uploads\/2024\/10\/Rapporto_Valutazione_Etiopia-Caffe-ITA-finale.pdf\">Rapporto della Valutazione d\u2019Impatto: \u201cRafforzamento della sostenibilit\u00e0 e inclusivit\u00e0 della filiera del caff\u00e8 attraverso partnership pubblico-private\u201d<\/a><\/li>\n<li><a href=\"https:\/\/www.esteri.it\/wp-content\/uploads\/2024\/10\/Rapporto_Sintesi-Valutazione_Etiopia-Caffe-ITA.pdf\">Sintesi del rapporto di valutazione<\/a><\/li>\n<\/ul>\n<\/li>\n<\/ul>\n<ul>\n<li>Egitto\n<ul>\n<li><a href=\"https:\/\/www.esteri.it\/wp-content\/uploads\/2025\/03\/Valutazione-ILDEA-II-Rapporto-Finale_IT-senza-allegati.pdf\">Rapporto della Valutazione d\u2019Impatto: &#8220;Iniziative per lo sviluppo locale in Egitto attraverso il supporto degli egiziani all\u2019estero \u2013 ILDEA II\u201d<\/a><\/li>\n<li><a href=\"https:\/\/www.esteri.it\/wp-content\/uploads\/2024\/10\/Valutazione-ILDEA-II_Sintesi-del-Rapporto-Finale.pdf\">Sintesi del rapporto di valutazione<\/a><\/li>\n<\/ul>\n<\/li>\n<\/ul>\n<ul>\n<li>Pakistan\n<ul>\n<li><a href=\"https:\/\/www.esteri.it\/wp-content\/uploads\/2024\/10\/PPR-Rapporto-Finale_Revised-New-Logo.pdf\">Programma di lotta alla povert\u00e0 attraverso lo sviluppo rurale nelle province del Balochistan, Khyber Pakhtunkhwa, Federally Administered Tribal Areas e aree limitrofe\u201d \u2013 Pakistan<\/a><\/li>\n<li><a href=\"https:\/\/www.esteri.it\/wp-content\/uploads\/2024\/10\/00-IZI_PPR-Sintesi_ITA.pdf\">Sintesi del rapporto di valutazione<\/a><\/li>\n<\/ul>\n<\/li>\n<\/ul>\n<ul>\n<li>Iraq\n<ul>\n<li><a href=\"https:\/\/www.esteri.it\/wp-content\/uploads\/2023\/08\/Rapporto-di-Valutazione_Valutazione-Iniziative-11048_11267.pdf\">Rapporto della Valutazione d\u2019Impatto: &#8220;Iniziative di emergenza a favore delle persone pi\u00f9 vulnerabili in Iraq\u201d<\/a><\/li>\n<li><a href=\"https:\/\/www.esteri.it\/wp-content\/uploads\/2023\/08\/Sintesi-del-Rapporto-di-Valutazione_Valutazione-Iniziative-11048_11267.pdf\">Sintesi del rapporto di valutazione<\/a><\/li>\n<\/ul>\n<\/li>\n<\/ul>\n<ul>\n<li>Palestina\n<ul>\n<li><a href=\"https:\/\/www.esteri.it\/wp-content\/uploads\/2023\/07\/Rapporto-di-Valutazione-ITA.pdf\">Rapporto della Valutazione d\u2019Impatto dell\u2019Iniziativa\u00a0 &#8220;Empowerment delle donne e sviluppo locale- WELOD 3\u201d<\/a><\/li>\n<li><a href=\"https:\/\/www.esteri.it\/wp-content\/uploads\/2023\/07\/Sintesi-Rapporto-di-Valutazione-ITA.pdf\">Sintesi del rapporto di valutazione<\/a><\/li>\n<\/ul>\n<\/li>\n<\/ul>\n<ul>\n<li>Tunisia\n<ul>\n<li><a href=\"https:\/\/www.esteri.it\/wp-content\/uploads\/2023\/06\/Tunisia-Valutaz.-VIII-Linea-di-Credito_Rapporto-finale-completo_it.pdf\">Rapporto della Valutazione d\u2019Impatto: \u201cVIII LINEA DI CREDITO A FAVORE DELLE PICCOLE E MEDIE IMPRESE\u201d<\/a><\/li>\n<li><a href=\"https:\/\/www.esteri.it\/wp-content\/uploads\/2023\/06\/Tunisia-Valutaz.-VIII-Linea-di-Credito_Rapporto-finale_sintesi_it.pdf\">Sintesi del rapporto di valutazione<\/a><\/li>\n<\/ul>\n<\/li>\n<\/ul>\n<p><strong>Valutazioni d\u2019impatto 2022<\/strong><\/p>\n<ul>\n<li>Etiopia\n<ul>\n<li><a href=\"https:\/\/www.esteri.it\/wp-content\/uploads\/2022\/05\/Valutazione-Etiopia-Rapporto-Finale-ITA.pdf\">Rapporto della Valutazione d\u2019impatto del programma: \u201cValutazione dell\u2019Iniziativa di emergenza in favore delle popolazioni vulnerabili, dei rifugiati, degli sfollati e dei migranti per contrastare le cause della migrazione irregolare\u201d<\/a><\/li>\n<li><a href=\"https:\/\/www.esteri.it\/wp-content\/uploads\/2022\/05\/Valutazione-Etiopia-Rapporto-di-Sintesi-ITA.pdf\">Sintesi del rapporto di valutazione: \u201cValutazione dell\u2019Iniziativa di emergenza in favore delle popolazioni vulnerabili, dei rifugiati, degli sfollati e dei migranti per contrastare le cause della migrazione irregolare\u201d<\/a><\/li>\n<\/ul>\n<\/li>\n<\/ul>\n<ul>\n<li>Palestina\n<ul>\n<li><a href=\"https:\/\/www.esteri.it\/wp-content\/uploads\/2022\/05\/Rapporto-di-Valutazione-dImpatto-AEPIC.pdf\">Rapporto Valutazione d\u2019impatto: \u201cAEPIC- Alleanza per un\u2019Educazione inclusiva e di qualit\u00e0 della Prima Infanzia&#8221;<\/a><\/li>\n<li><a href=\"https:\/\/www.esteri.it\/wp-content\/uploads\/2022\/05\/Rapporto-di-Valutazione-dImpatto-AEPIC-Sintesi.pdf\">Sintesi del rapporto di valutazione: \u201cAEPIC- Alleanza per un\u2019Educazione inclusiva e di qualit\u00e0 della Prima Infanzia&#8221;<\/a><\/li>\n<\/ul>\n<\/li>\n<\/ul>\n<ul>\n<li>Libano\n<ul>\n<li><a href=\"https:\/\/www.esteri.it\/wp-content\/uploads\/2022\/04\/Rapporto-Finale-Progetto-Libano-ITA_repaired.pdf\">Rapporto della valutazione d\u2019impatto del programma: \u201cIniziativa di emergenza in favore dei rifugiati, dei migranti e delle popolazioni vulnerabili<\/a><\/li>\n<li><a href=\"https:\/\/www.esteri.it\/wp-content\/uploads\/2022\/04\/Sintesi-del-rapporto-Progetto-Libano-ITA.pdf\">Sintesi del rapporto della valutazione d\u2019impatto dell\u2019iniziativa: \u201cIniziativa di emergenza in favore dei rifugiati, dei migranti e delle popolazioni vulnerabili<\/a><\/li>\n<\/ul>\n<\/li>\n<\/ul>\n<p><strong>Valutazioni d\u2019impatto 2021<\/strong><\/p>\n<ul>\n<li>Senegal-Mali-Guinea-Guinea Bissau\n<ul>\n<li><a href=\"https:\/\/www.esteri.it\/mae\/resource\/doc\/2021\/10\/rapporto_migrazioni_ita.pdf\">Rapporto della valutazione d\u2019impatto del programma: \u201cIniziativa di emergenza in favore dei rifugiati, dei migranti e delle popolazioni vulnerabili<\/a><\/li>\n<li><a href=\"https:\/\/www.esteri.it\/mae\/resource\/doc\/2021\/10\/sintesi_rapp_migra_ita.pdf\">Sintesi del rapporto della valutazione d\u2019impatto dell\u2019iniziativa: \u201cIniziativa di emergenza in favore dei rifugiati, dei migranti e delle popolazioni vulnerabili<\/a><\/li>\n<\/ul>\n<\/li>\n<li>Senegal\n<ul>\n<li><a href=\"https:\/\/www.esteri.it\/mae\/resource\/doc\/2021\/05\/rapporto_senegal__ita.pdf\">Rapporto della valutazione d\u2019impatto dell\u2019iniziativa: \u201cProgramma Paese Settoriale &#8211; Agricoltura e Sviluppo Rurale in Senegal (2014-2018)<\/a><\/li>\n<li><a href=\"https:\/\/www.esteri.it\/mae\/resource\/doc\/2021\/05\/sintesi_senegal_ita.pdf\">Sintesi del rapporto della valutazione d\u2019impatto dell\u2019iniziativa: \u201cProgramma Paese Settoriale &#8211; Agricoltura e Sviluppo Rurale in Senegal (2014-2018)<\/a><\/li>\n<\/ul>\n<\/li>\n<li>Bolivia\n<ul>\n<li><a href=\"https:\/\/www.esteri.it\/mae\/resource\/doc\/2021\/05\/rapporto_finale_pasf_ita.pdf\">Rapporto della valutazione d\u2019impatto del Programma di cooperazione triangolare sulle alternative all\u2019uso del fuoco nella regione amazzonica in Bolivia<\/a><\/li>\n<li><a href=\"https:\/\/www.esteri.it\/mae\/resource\/doc\/2021\/05\/sintesi_rapporto_pasf_ita.pdf\">Sintesi del rapporto della valutazione d\u2019impatto del Programma di cooperazione triangolare sulle alternative all\u2019uso del fuoco nella regione amazzonica in Bolivia (\u201cAmazon\u00eca sin fuego\u201d)<\/a><\/li>\n<\/ul>\n<\/li>\n<\/ul>\n<p>&nbsp;<\/p>\n<p><strong>Valutazioni d\u2019impatto 2020<\/strong><\/p>\n<ul>\n<li>Bolivia\n<ul>\n<li><a href=\"https:\/\/www.esteri.it\/mae\/resource\/doc\/2020\/09\/rapporto_bolivia_salute_ita.pdf\">Rapporto di Valutazione di un gruppo di iniziative nel settore salute (2009-2020)<\/a><\/li>\n<li><a href=\"https:\/\/www.esteri.it\/mae\/resource\/doc\/2020\/09\/sintesi_del_rapporto_finale.pdf\">Sintesi del rapporto di Valutazione di un gruppo di iniziative nel settore salute (2009-2020)<\/a><\/li>\n<\/ul>\n<\/li>\n<li>Marocco\n<ul>\n<li><a href=\"https:\/\/www.esteri.it\/mae\/resource\/doc\/2020\/08\/rapporto_marocco_ita.pdf\">Rapporto di Valutazione dell\u2019iniziativa \u201cTous autour de l\u2019enfance&#8221;<\/a><\/li>\n<li><a href=\"https:\/\/www.esteri.it\/mae\/resource\/doc\/2020\/08\/2020_07_27_ultima_versione_sintesi.pdf\">Sintesi del rapporto di Valutazione dell\u2019iniziativa \u201cTous autour de l\u2019enfance&#8221;<\/a><\/li>\n<\/ul>\n<\/li>\n<\/ul>\n<p><strong>Valutazioni 2017<\/strong><\/p>\n<ul>\n<li>Libano\n<ul>\n<li><a href=\"https:\/\/www.esteri.it\/mae\/resource\/doc\/2017\/12\/rapporto_libano_agricoltura_ita.pdf\">Rapporto valutazione 3 progetti settore agricolo<\/a><\/li>\n<li><a href=\"https:\/\/www.esteri.it\/mae\/resource\/doc\/2017\/12\/2017libano_sintesi_valutazione3progetti_agricoli.pdf\">Sintesi valutazione 3 progetti settore agricolo<\/a><\/li>\n<\/ul>\n<\/li>\n<\/ul>\n<p>&nbsp;<\/p>\n<p><strong>Valutazioni 2016<\/strong><\/p>\n<ul>\n<li>Etiopia\n<ul>\n<li>Valutazione progetto settore agricolo\n<ul>\n<li><a href=\"https:\/\/www.esteri.it\/wp-content\/uploads\/2022\/02\/Rapporto_Etiopia_Agro_2016.pdf\">Rapporto valutazione progetto agricolo<\/a><\/li>\n<li><a href=\"https:\/\/www.esteri.it\/mae\/resource\/doc\/2017\/12\/2016etiopia_sintesi_valutazione_progetto_agricolo.pdf\">Sintesi Valutazione progetto agricolo<\/a><\/li>\n<\/ul>\n<\/li>\n<li>Valutazione progetto settore idrico\n<ul>\n<li><a href=\"https:\/\/www.esteri.it\/mae\/resource\/doc\/2017\/12\/2016etiopia_Rapporto_valutazione_progetto_settore_idrico.pdf\">Rapporto valutazione progetto idrico<\/a><\/li>\n<li><a href=\"https:\/\/www.esteri.it\/mae\/resource\/doc\/2017\/12\/2016etiopia_sintesi_valutazione_progetti_settore_idrico.pdf\">Sintesi valutazione progetto idrico<\/a><\/li>\n<\/ul>\n<\/li>\n<li>Valutazione progetto settore sanitario\n<ul>\n<li><a href=\"https:\/\/www.esteri.it\/mae\/resource\/doc\/2017\/12\/rapporto_etiopia_salute_ita.pdf\">Rapporto valutazione progetto sanitario<\/a><\/li>\n<li><a href=\"https:\/\/www.esteri.it\/mae\/resource\/doc\/2017\/12\/2016_etiopia_sintesi_valutazione_progetti_settore_sanitario.pdf\">Sintesi valutazione progetto\u00a0sanitario<\/a><\/li>\n<\/ul>\n<\/li>\n<\/ul>\n<\/li>\n<\/ul>\n<ul>\n<li>El Salvador\n<ul>\n<li><a href=\"https:\/\/www.esteri.it\/mae\/resource\/doc\/2017\/12\/rapporto_elsalvador_ita.pdf\">Rapporto\u00a0valutazione 3 progetti settore educativo<\/a><\/li>\n<\/ul>\n<\/li>\n<\/ul>\n<p><strong><a title=\"Valutazione dei progetti di cooperazione 2012-2015\" href=\"https:\/\/www.esteri.it\/mae\/resource\/doc\/2017\/01\/Valutazione_progetti_cooperazione_2012_2015.pdf\">Valutazione dei progetti di cooperazione 2012-2015<\/a><\/strong><\/p>\n<p>&nbsp;<\/p>\n","protected":false},"excerpt":{"rendered":"Programma triennale delle valutazioni delle iniziative di cooperazione 2025-2027 Aggiornamento Programma triennale delle valutazioni delle iniziative di cooperazione 2025-2027 Guida della DGCS per la valutazione d&#8217;impatto degli interventi di cooperazione allo sviluppo novembre 2020 Allegato A &#8211; Allegato B &#8211; Allegato C &#8211; Allegato D &#8211; Allegato E &#8211; Allegato F Attivazione di un nuovo [&hellip;]","protected":false},"author":1,"featured_media":0,"parent":31105,"menu_order":3,"comment_status":"closed","ping_status":"closed","template":"page-estera.php","meta":{"footnotes":""},"class_list":["post-31112","page","type-page","status-publish","hentry"],"_links":{"self":[{"href":"https:\/\/www.esteri.it\/it\/wp-json\/wp\/v2\/pages\/31112","targetHints":{"allow":["GET"]}}],"collection":[{"href":"https:\/\/www.esteri.it\/it\/wp-json\/wp\/v2\/pages"}],"about":[{"href":"https:\/\/www.esteri.it\/it\/wp-json\/wp\/v2\/types\/page"}],"author":[{"embeddable":true,"href":"https:\/\/www.esteri.it\/it\/wp-json\/wp\/v2\/users\/1"}],"replies":[{"embeddable":true,"href":"https:\/\/www.esteri.it\/it\/wp-json\/wp\/v2\/comments?post=31112"}],"version-history":[{"count":8,"href":"https:\/\/www.esteri.it\/it\/wp-json\/wp\/v2\/pages\/31112\/revisions"}],"predecessor-version":[{"id":182739,"href":"https:\/\/www.esteri.it\/it\/wp-json\/wp\/v2\/pages\/31112\/revisions\/182739"}],"up":[{"embeddable":true,"href":"https:\/\/www.esteri.it\/it\/wp-json\/wp\/v2\/pages\/31105"}],"wp:attachment":[{"href":"https:\/\/www.esteri.it\/it\/wp-json\/wp\/v2\/media?parent=31112"}],"curies":[{"name":"wp","href":"https:\/\/api.w.org\/{rel}","templated":true}]}}