{"id":31209,"date":"2021-07-26T11:04:41","date_gmt":"2021-07-26T09:04:41","guid":{"rendered":"https:\/\/www.esteri.it\/?page_id=31209"},"modified":"2021-11-08T13:41:48","modified_gmt":"2021-11-08T12:41:48","slug":"17-obiettivi-di-sviluppo-sostenibile","status":"publish","type":"page","link":"https:\/\/www.esteri.it\/it\/politica-estera-e-cooperazione-allo-sviluppo\/cooperaz_sviluppo\/obiettivi-di-sviluppo-sostenibile\/17-obiettivi-di-sviluppo-sostenibile\/","title":{"rendered":"17 obiettivi di sviluppo sostenibile"},"content":{"rendered":"<ul>\n<li class=\"active\"><a title=\"1 - Sconfiggere la povert\u00e0\" href=\"https:\/\/www.esteri.it\/it\/politica-estera-e-cooperazione-allo-sviluppo\/cooperaz_sviluppo\/obiettivi-di-sviluppo-sostenibile\/17-obiettivi-di-sviluppo-sostenibile\/1-porre-fine-ad-ogni-forma-di-poverta-nel-mondo\/\">1 &#8211; Sconfiggere la povert\u00e0<\/a><\/li>\n<li><a title=\"2 - Sconfiggere la fame\" href=\"https:\/\/www.esteri.it\/it\/politica-estera-e-cooperazione-allo-sviluppo\/cooperaz_sviluppo\/obiettivi-di-sviluppo-sostenibile\/17-obiettivi-di-sviluppo-sostenibile\/2-porre-fine-alla-fame-raggiungere-la-sicurezza-alimentare-migliorare-la-nutrizione-e-promuovere-un-agricoltura-sostenibile\/\">2 &#8211; Sconfiggere la fame<\/a><\/li>\n<li><a title=\"3 - Salute e benessere\" href=\"https:\/\/www.esteri.it\/it\/politica-estera-e-cooperazione-allo-sviluppo\/cooperaz_sviluppo\/obiettivi-di-sviluppo-sostenibile\/17-obiettivi-di-sviluppo-sostenibile\/3-assicurare-la-salute-e-il-benessere-per-tutti-e-per-tutte-le-eta\/\">3 &#8211; Salute e benessere<\/a><\/li>\n<li><a title=\"4 - Istruzione di qualit\u00e0\" href=\"https:\/\/www.esteri.it\/it\/politica-estera-e-cooperazione-allo-sviluppo\/cooperaz_sviluppo\/obiettivi-di-sviluppo-sostenibile\/17-obiettivi-di-sviluppo-sostenibile\/4-fornire-un-educazione-di-qualita-equa-ed-inclusiva-e-opportunita-di-apprendimento-per-tutti\/\">4 &#8211; Istruzione di qualit\u00e0<\/a><\/li>\n<li><a title=\"5 - Parit\u00e0 di genere\" href=\"https:\/\/www.esteri.it\/it\/politica-estera-e-cooperazione-allo-sviluppo\/cooperaz_sviluppo\/obiettivi-di-sviluppo-sostenibile\/17-obiettivi-di-sviluppo-sostenibile\/5-raggiungere-l-uguaglianza-di-genere-ed-emancipare-tutte-le-donne-e-le-ragazze\/\">5 &#8211; Parit\u00e0 di genere<\/a><\/li>\n<li><a title=\"6 - Acqua pulita e servizi igienico sanitari\" href=\"https:\/\/www.esteri.it\/it\/politica-estera-e-cooperazione-allo-sviluppo\/cooperaz_sviluppo\/obiettivi-di-sviluppo-sostenibile\/17-obiettivi-di-sviluppo-sostenibile\/6-garantire-a-tutti-la-disponibilita-e-la-gestione-sostenibile-dell-acqua-e-delle-strutture-igienico-sanitarie\/\">6 &#8211; Acqua pulita e servizi igienico sanitari<\/a><\/li>\n<li><a title=\"7 - Energia pulita e accessibile\" href=\"https:\/\/www.esteri.it\/it\/politica-estera-e-cooperazione-allo-sviluppo\/cooperaz_sviluppo\/obiettivi-di-sviluppo-sostenibile\/17-obiettivi-di-sviluppo-sostenibile\/7-assicurare-a-tutti-l-accesso-a-sistemi-di-energia-economici-affidabili-sostenibili-e-moderni\/\">7 &#8211; Energia pulita e accessibile<\/a><\/li>\n<li><a title=\"8 - Lavoro dignitoso e crescita economica\" href=\"https:\/\/www.esteri.it\/it\/politica-estera-e-cooperazione-allo-sviluppo\/cooperaz_sviluppo\/obiettivi-di-sviluppo-sostenibile\/17-obiettivi-di-sviluppo-sostenibile\/8-incentivare-una-crescita-economica-duratura-inclusiva-e-sostenibile-un-occupazione-piena-e-produttiva-ed-un-lavoro-dignitoso-per-tutti\/\">8 &#8211; Lavoro dignitoso e crescita economica<\/a><\/li>\n<li><a title=\"9 - Imprese, innovazione e infrastrutture\" href=\"https:\/\/www.esteri.it\/it\/politica-estera-e-cooperazione-allo-sviluppo\/cooperaz_sviluppo\/obiettivi-di-sviluppo-sostenibile\/17-obiettivi-di-sviluppo-sostenibile\/9-costruire-un-infrastruttura-resiliente-e-promuovere-l-innovazione-ed-una-industrializzazione-equa-responsabile-e-sostenibile\/\">9 &#8211; Imprese, innovazione e infrastrutture<\/a><\/li>\n<li><a title=\"10 - Ridurre le disuguaglianze\" href=\"https:\/\/www.esteri.it\/it\/politica-estera-e-cooperazione-allo-sviluppo\/cooperaz_sviluppo\/obiettivi-di-sviluppo-sostenibile\/17-obiettivi-di-sviluppo-sostenibile\/10-ridurre-l-ineguaglianza-all-interno-di-e-fra-le-nazioni\/\">10 &#8211; Ridurre le disuguaglianze<\/a><\/li>\n<li><a title=\"11 - Citt\u00e0 e comunit\u00e0 sostenibili\" href=\"https:\/\/www.esteri.it\/it\/politica-estera-e-cooperazione-allo-sviluppo\/cooperaz_sviluppo\/obiettivi-di-sviluppo-sostenibile\/17-obiettivi-di-sviluppo-sostenibile\/11-citta-e-comunita-sostenibili\/\">11 &#8211; Citt\u00e0 e comunit\u00e0 sostenibili<\/a><\/li>\n<li><a title=\"12 - Consumo e produzione responsabili\" href=\"https:\/\/www.esteri.it\/it\/politica-estera-e-cooperazione-allo-sviluppo\/cooperaz_sviluppo\/obiettivi-di-sviluppo-sostenibile\/17-obiettivi-di-sviluppo-sostenibile\/12-consumo-e-produzione-responsabili\/\">12 &#8211; Consumo e produzione responsabili<\/a><\/li>\n<li><a title=\"13 - Lotta contro il cambiamento climatico\" href=\"https:\/\/www.esteri.it\/it\/politica-estera-e-cooperazione-allo-sviluppo\/cooperaz_sviluppo\/obiettivi-di-sviluppo-sostenibile\/17-obiettivi-di-sviluppo-sostenibile\/13-lotta-contro-il-cambiamento-climatico\/\">13 &#8211; Lotta contro il cambiamento climatico<\/a><\/li>\n<li><a title=\"14 - La vita sott\u2019acqua\" href=\"https:\/\/www.esteri.it\/it\/politica-estera-e-cooperazione-allo-sviluppo\/cooperaz_sviluppo\/obiettivi-di-sviluppo-sostenibile\/17-obiettivi-di-sviluppo-sostenibile\/14-la-vita-sott-acqua\/\">14 &#8211; La vita sott\u2019acqua<\/a><\/li>\n<li><a title=\"15 - La vita sulla terra\" href=\"https:\/\/www.esteri.it\/it\/politica-estera-e-cooperazione-allo-sviluppo\/cooperaz_sviluppo\/obiettivi-di-sviluppo-sostenibile\/17-obiettivi-di-sviluppo-sostenibile\/15-la-vita-sulla-terra\/\">15 &#8211; La vita sulla terra<\/a><\/li>\n<li><a title=\"16 - Pace giustizia e istituzioni solide\" href=\"https:\/\/www.esteri.it\/it\/politica-estera-e-cooperazione-allo-sviluppo\/cooperaz_sviluppo\/obiettivi-di-sviluppo-sostenibile\/17-obiettivi-di-sviluppo-sostenibile\/16-pace-giustizia-e-istituzioni-solide\/\">16 &#8211; Pace giustizia e istituzioni solide<\/a><\/li>\n<li><a title=\"17 - Partnership per gli obiettivi\" href=\"https:\/\/www.esteri.it\/it\/politica-estera-e-cooperazione-allo-sviluppo\/cooperaz_sviluppo\/obiettivi-di-sviluppo-sostenibile\/17-obiettivi-di-sviluppo-sostenibile\/17-partnership-per-gli-obiettivi\/\">17 &#8211; Partnership per gli obiettivi<\/a><\/li>\n<\/ul>\n","protected":false},"excerpt":{"rendered":"1 &#8211; Sconfiggere la povert\u00e0 2 &#8211; Sconfiggere la fame 3 &#8211; Salute e benessere 4 &#8211; Istruzione di qualit\u00e0 5 &#8211; Parit\u00e0 di genere 6 &#8211; Acqua pulita e servizi igienico sanitari 7 &#8211; Energia pulita e accessibile 8 &#8211; Lavoro dignitoso e crescita economica 9 &#8211; Imprese, innovazione e infrastrutture 10 &#8211; Ridurre [&hellip;]","protected":false},"author":1,"featured_media":0,"parent":31205,"menu_order":1,"comment_status":"closed","ping_status":"closed","template":"page-estera.php","meta":{"footnotes":""},"class_list":["post-31209","page","type-page","status-publish","hentry"],"_links":{"self":[{"href":"https:\/\/www.esteri.it\/it\/wp-json\/wp\/v2\/pages\/31209","targetHints":{"allow":["GET"]}}],"collection":[{"href":"https:\/\/www.esteri.it\/it\/wp-json\/wp\/v2\/pages"}],"about":[{"href":"https:\/\/www.esteri.it\/it\/wp-json\/wp\/v2\/types\/page"}],"author":[{"embeddable":true,"href":"https:\/\/www.esteri.it\/it\/wp-json\/wp\/v2\/users\/1"}],"replies":[{"embeddable":true,"href":"https:\/\/www.esteri.it\/it\/wp-json\/wp\/v2\/comments?post=31209"}],"version-history":[{"count":1,"href":"https:\/\/www.esteri.it\/it\/wp-json\/wp\/v2\/pages\/31209\/revisions"}],"predecessor-version":[{"id":62548,"href":"https:\/\/www.esteri.it\/it\/wp-json\/wp\/v2\/pages\/31209\/revisions\/62548"}],"up":[{"embeddable":true,"href":"https:\/\/www.esteri.it\/it\/wp-json\/wp\/v2\/pages\/31205"}],"wp:attachment":[{"href":"https:\/\/www.esteri.it\/it\/wp-json\/wp\/v2\/media?parent=31209"}],"curies":[{"name":"wp","href":"https:\/\/api.w.org\/{rel}","templated":true}]}}