{"id":31226,"date":"2021-07-26T11:58:17","date_gmt":"2021-07-26T09:58:17","guid":{"rendered":"https:\/\/www.esteri.it\/?page_id=31226"},"modified":"2026-04-09T17:00:44","modified_gmt":"2026-04-09T15:00:44","slug":"disabilita-e-sviluppo","status":"publish","type":"page","link":"https:\/\/www.esteri.it\/it\/temi\/cooperaz_sviluppo\/disabilita-e-sviluppo\/","title":{"rendered":"Disabilit\u00e0 e sviluppo"},"content":{"rendered":"<p>Le persone con disabilit\u00e0 rappresentano circa il 15% della popolazione mondiale. Di queste, otto persone su dieci vivono nei paesi del sud del mondo. L\u2019Italia, da sempre impegnata nella protezione delle fasce pi\u00f9 vulnerabili della popolazione, ha rafforzato il suo impegno a seguito della firma e ratifica della <a href=\"https:\/\/www.esteri.it\/mae\/resource\/doc\/2016\/07\/C_01_Convenzione_Onu_ita.pdf\"><strong>Convenzione delle Nazioni Unite sui diritti delle persone con disabilit\u00e0<\/strong><\/a>, adottata dall\u2019Assemblea Generale delle Nazioni Unite nel 2006. Nel rispetto degli enunciati della Convenzione, la Cooperazione ha adottato nel 2013 il \u201c<a href=\"https:\/\/www.esteri.it\/mae\/resource\/doc\/2016\/07\/B_01_Piano_Azione_ita.pdf\"><strong>Piano di Azione sulla Disabilit\u00e0 della Cooperazione Italiana<\/strong><\/a><strong>\u201d<\/strong> frutto di un processo partecipativo con i rappresentanti della societ\u00e0 civile, delle regioni, degli enti locali, delle imprese e delle istituzioni italiane.<\/p>\n<p>La redazione e la realizzazione del Piano si sono avvalse della collaborazione della Rete italiana disabilit\u00e0 e sviluppo (RIDS). Formalmente, il Piano \u00e8 stato inserito nel \u201c<a href=\"https:\/\/www.gazzettaufficiale.it\/eli\/id\/2013\/12\/28\/13A10469\/sg\"><strong>Programma di Azione Biennale per la promozione dei diritti ed integrazione delle persone con disabilit\u00e0<\/strong><\/a>\u201d elaborato dai membri dell\u2019Osservatorio nazionale, a sua volta divenuto Decreto del Presidente della Repubblica. Dal 2013 molteplici sono le attivit\u00e0 realizzate attraverso gruppi di lavoro tecnici costituiti per dare seguito alle azioni del piano. La Farnesina ha inoltre ospitato il 18 novembre 2015 la conferenza internazionale \u201c<strong>Including Disability in Development Cooperation: experiences of collaboration between Governments, NGOs and DPOs<\/strong>\u201d, promossa congiuntamente dalla DGCS e dalla RIDS. Ai lavori della conferenza, hanno partecipato i rappresentanti italiani e internazionali delle istituzioni e della societ\u00e0 civile che lavorano per includere la dimensione della disabilit\u00e0 nei programmi e nelle politiche di sviluppo.<\/p>\n<p>&nbsp;<\/p>\n<h5>Documenti prodotti dai gruppi di lavoro tecnici:<\/h5>\n<p><strong><br \/>\nVademecum aiuti umanitari e disabilit\u00e0<\/strong>\u00a0\u2013\u00a0(<a href=\"https:\/\/www.esteri.it\/mae\/resource\/doc\/2016\/07\/A_01_Vademecum_disabilita_emergenza_ita.pdf\">Pdf italiano<\/a>)<\/p>\n<p><strong>Educazione inclusiva e cooperazione allo sviluppo<\/strong>\u00a0\u2013 (<a href=\"https:\/\/www.esteri.it\/mae\/resource\/doc\/2016\/07\/Educaz_inclusiva_ITA.pdf\">Pdf italiano<\/a>) <strong><br \/>\n<\/strong><\/p>\n<p><strong>Linee guida sugli standard di accessibilit\u00e0 per le costruzioni finanziate dalla Cooperazione italiana<\/strong>\u00a0\u2013 (<a href=\"https:\/\/www.esteri.it\/mae\/resource\/doc\/2016\/07\/A_03_linee_guida_accessibilita_ita.pdf\">Pdf italiano<\/a>)<\/p>\n<p>Nel 2018 sono state adottate le prime\u00a0<strong>Linee Guida <\/strong>nel settore \u201c<a href=\"https:\/\/www.aics.gov.it\/wp-content\/uploads\/2023\/10\/LINEE-GUIDA-DISABILITA-2018.pdf\">Linee Guida per la disabilit\u00e0 e l\u2019inclusione sociale negli interventi di cooperazione<\/a>\u201d<\/p>\n<p>Nel 2022 \u00e8 stato realizzato un\u00a0<strong>MOOC (Massive Online Open Courses) su \u201c<em>progettazione inclusiva<\/em>\u201d<\/strong>, creato tramite una piattaforma digitale avanzata (<a href=\"https:\/\/www.federica.eu\/\">Federica Web Learning<\/a>), sviluppata dall\u2019Universit\u00e0 degli Studi di Napoli Federico II con la collaborazione del Gruppo di Cooperazione Internazionale dell\u2019Osservatorio Nazionale sulla condizione delle persone con disabilit\u00e0 di cui AICS \u00e8 co-coordinatore. La formazione rafforzer\u00e0 le competenze di tutto il personale delle istituzioni, associazioni, organizzazioni pubbliche e private (incluse MAECI e AICS) per l\u2019inserimento delle persone con disabilit\u00e0 in tutti i progetti, le azioni e le iniziative di Cooperazione internazionale in una logica di mainstreaming.<\/p>\n<p>In occasione della presidenza italiana del G7, \u00e8 stata adottata la <a href=\"https:\/\/disabilita.governo.it\/media\/wztmr4a1\/g7-inclusion-and-disability_solfagnano-charter_ita.pdf\"><em>Carta di Solfagnano<\/em><\/a>, frutto della prima riunione ministeriale del G7 espressamente dedicata ai temi dell\u2019inclusione e della disabilit\u00e0. Questo incontro ha sancito un impegno condiviso da parte dei governi per garantire la piena e paritaria partecipazione delle persone con disabilit\u00e0 in ogni ambito della vita sociale. La Dichiarazione promuove l\u2019integrazione della disabilit\u00e0 nelle politiche di sviluppo sostenibile, sia a livello nazionale che internazionale, e riconosce il ruolo fondamentale della societ\u00e0 civile e degli Enti del Terzo Settore (ETS) nel processo di inclusione.<\/p>\n<p>Nel settembre 2024, l\u2019Italia ha presentato alle Nazioni Unite una <strong>Dichiarazione sui diritti culturali delle persone con disabilit\u00e0<\/strong>, che ha raccolto un ampio consenso internazionale con circa 150 Paesi aderenti. La Dichiarazione riconosce il diritto delle persone con disabilit\u00e0 a partecipare pienamente alla vita culturale, preservando la loro identit\u00e0 e promuovendo l\u2019accesso universale anche tramite strumenti digitali accessibili. L\u2019iniziativa mira a rafforzare le politiche nazionali e a integrare i diritti culturali nei sistemi educativi e nelle strategie pubbliche.<\/p>\n<p>Tra le azioni specifiche portate avanti dalla Direzione Generale per la Cooperazione allo sviluppo rientra l\u2019accordo triennale (rinnovato dal 2021) con l\u2019Associazione Filippide che promuove lo sport e l&#8217;inclusione delle persone con disabilit\u00e0, organizzando eventi sportivi e iniziative di solidariet\u00e0 quali la Maratona a Roma dedicata alle persone nello spettro autistico (RUN FOR AUTISM).<\/p>\n<p>&nbsp;<\/p>\n","protected":false},"excerpt":{"rendered":"Le persone con disabilit\u00e0 rappresentano circa il 15% della popolazione mondiale. Di queste, otto persone su dieci vivono nei paesi del sud del mondo. L\u2019Italia, da sempre impegnata nella protezione delle fasce pi\u00f9 vulnerabili della popolazione, ha rafforzato il suo impegno a seguito della firma e ratifica della Convenzione delle Nazioni Unite sui diritti delle [&hellip;]","protected":false},"author":1,"featured_media":0,"parent":321,"menu_order":15,"comment_status":"closed","ping_status":"closed","template":"page-estera.php","meta":{"footnotes":""},"class_list":["post-31226","page","type-page","status-publish","hentry"],"_links":{"self":[{"href":"https:\/\/www.esteri.it\/it\/wp-json\/wp\/v2\/pages\/31226","targetHints":{"allow":["GET"]}}],"collection":[{"href":"https:\/\/www.esteri.it\/it\/wp-json\/wp\/v2\/pages"}],"about":[{"href":"https:\/\/www.esteri.it\/it\/wp-json\/wp\/v2\/types\/page"}],"author":[{"embeddable":true,"href":"https:\/\/www.esteri.it\/it\/wp-json\/wp\/v2\/users\/1"}],"replies":[{"embeddable":true,"href":"https:\/\/www.esteri.it\/it\/wp-json\/wp\/v2\/comments?post=31226"}],"version-history":[{"count":6,"href":"https:\/\/www.esteri.it\/it\/wp-json\/wp\/v2\/pages\/31226\/revisions"}],"predecessor-version":[{"id":164116,"href":"https:\/\/www.esteri.it\/it\/wp-json\/wp\/v2\/pages\/31226\/revisions\/164116"}],"up":[{"embeddable":true,"href":"https:\/\/www.esteri.it\/it\/wp-json\/wp\/v2\/pages\/321"}],"wp:attachment":[{"href":"https:\/\/www.esteri.it\/it\/wp-json\/wp\/v2\/media?parent=31226"}],"curies":[{"name":"wp","href":"https:\/\/api.w.org\/{rel}","templated":true}]}}