{"id":31238,"date":"2021-07-26T12:06:20","date_gmt":"2021-07-26T10:06:20","guid":{"rendered":"https:\/\/www.esteri.it\/?page_id=31238"},"modified":"2021-07-26T12:06:30","modified_gmt":"2021-07-26T10:06:30","slug":"1-porre-fine-ad-ogni-forma-di-poverta-nel-mondo","status":"publish","type":"page","link":"https:\/\/www.esteri.it\/it\/politica-estera-e-cooperazione-allo-sviluppo\/cooperaz_sviluppo\/obiettivi-di-sviluppo-sostenibile\/17-obiettivi-di-sviluppo-sostenibile\/1-porre-fine-ad-ogni-forma-di-poverta-nel-mondo\/","title":{"rendered":"1 &#8211; Sconfiggere la povert\u00e0"},"content":{"rendered":"<p><img decoding=\"async\" class=\"aligncenter\" src=\"https:\/\/www.esteri.it\/mae\/resource\/img\/2020\/02\/sdg-icon-it-rgb-01.jpg\" alt=\"sdg-icon-it-rgb-01\" \/><\/p>\n<p>&nbsp;<\/p>\n<ul>\n<li>Entro il 2030, sradicare la povert\u00e0 estrema per tutte le persone in tutto il mondo, attualmente misurata sulla base di coloro che vivono con meno di $ 1,25 al giorno<\/li>\n<li>Entro il 2030, ridurre almeno della met\u00e0 la quota di uomini, donne e bambini di tutte le et\u00e0 che vivono in povert\u00e0 in tutte le sue forme, secondo le definizioni nazionali<\/li>\n<li>Implementare a livello nazionale adeguati sistemi di protezione sociale e misure di sicurezza per tutti, compresi i livelli pi\u00f9 bassi, ed entro il 2030 raggiungere una notevole copertura delle persone povere e vulnerabile<\/li>\n<li>Entro il 2030, assicurare che tutti gli uomini e le donne, in particolare i pi\u00f9 poveri e vulnerabili, abbiano uguali diritti alle risorse economiche, insieme all\u2019accesso ai servizi di base, propriet\u00e0 privata, controllo su terreni e altre forme di propriet\u00e0, eredit\u00e0, risorse naturali, nuove tecnologie appropriate e servizi finanziari, tra cui la microfinanza<\/li>\n<li>Entro il 2030, rinforzare la resilienza dei poveri e di coloro che si trovano in situazioni di vulnerabilit\u00e0 e ridurre la loro esposizione e vulnerabilit\u00e0 ad eventi climatici estremi, catastrofi e shock economici, sociali e ambientali<\/li>\n<li>Garantire una adeguata mobilitazione di risorse da diverse fonti, anche attraverso la cooperazione allo sviluppo, al fine di fornire mezzi adeguati e affidabili per i paesi in via di sviluppo, in particolare i paesi meno sviluppati, attuando programmi e politiche per porre fine alla povert\u00e0 in tutte le sue forme<\/li>\n<li>Creare solidi sistemi di politiche a livello nazionale, regionale e internazionale, basati su strategie di sviluppo a favore dei poveri e sensibili alle differenze di genere, per sostenere investimenti accelerati nelle azioni di lotta alla povert\u00e0<\/li>\n<\/ul>\n","protected":false},"excerpt":{"rendered":"&nbsp; Entro il 2030, sradicare la povert\u00e0 estrema per tutte le persone in tutto il mondo, attualmente misurata sulla base di coloro che vivono con meno di $ 1,25 al giorno Entro il 2030, ridurre almeno della met\u00e0 la quota di uomini, donne e bambini di tutte le et\u00e0 che vivono in povert\u00e0 in tutte [&hellip;]","protected":false},"author":1,"featured_media":0,"parent":31209,"menu_order":1,"comment_status":"closed","ping_status":"closed","template":"page-estera.php","meta":{"footnotes":""},"class_list":["post-31238","page","type-page","status-publish","hentry"],"_links":{"self":[{"href":"https:\/\/www.esteri.it\/it\/wp-json\/wp\/v2\/pages\/31238","targetHints":{"allow":["GET"]}}],"collection":[{"href":"https:\/\/www.esteri.it\/it\/wp-json\/wp\/v2\/pages"}],"about":[{"href":"https:\/\/www.esteri.it\/it\/wp-json\/wp\/v2\/types\/page"}],"author":[{"embeddable":true,"href":"https:\/\/www.esteri.it\/it\/wp-json\/wp\/v2\/users\/1"}],"replies":[{"embeddable":true,"href":"https:\/\/www.esteri.it\/it\/wp-json\/wp\/v2\/comments?post=31238"}],"version-history":[{"count":0,"href":"https:\/\/www.esteri.it\/it\/wp-json\/wp\/v2\/pages\/31238\/revisions"}],"up":[{"embeddable":true,"href":"https:\/\/www.esteri.it\/it\/wp-json\/wp\/v2\/pages\/31209"}],"wp:attachment":[{"href":"https:\/\/www.esteri.it\/it\/wp-json\/wp\/v2\/media?parent=31238"}],"curies":[{"name":"wp","href":"https:\/\/api.w.org\/{rel}","templated":true}]}}