{"id":31240,"date":"2021-07-26T12:06:56","date_gmt":"2021-07-26T10:06:56","guid":{"rendered":"https:\/\/www.esteri.it\/?page_id=31240"},"modified":"2021-07-26T12:07:06","modified_gmt":"2021-07-26T10:07:06","slug":"2-porre-fine-alla-fame-raggiungere-la-sicurezza-alimentare-migliorare-la-nutrizione-e-promuovere-un-agricoltura-sostenibile","status":"publish","type":"page","link":"https:\/\/www.esteri.it\/it\/politica-estera-e-cooperazione-allo-sviluppo\/cooperaz_sviluppo\/obiettivi-di-sviluppo-sostenibile\/17-obiettivi-di-sviluppo-sostenibile\/2-porre-fine-alla-fame-raggiungere-la-sicurezza-alimentare-migliorare-la-nutrizione-e-promuovere-un-agricoltura-sostenibile\/","title":{"rendered":"2 &#8211; Sconfiggere la fame"},"content":{"rendered":"<p><img decoding=\"async\" class=\"aligncenter\" src=\"https:\/\/www.esteri.it\/mae\/resource\/img\/2020\/02\/sdg-icon-it-rgb-02.jpg\" alt=\"sdg-icon-it-rgb-02\" \/><\/p>\n<ul>\n<li>Entro il 2030, porre fine alla fame e garantire a tutte le persone, in particolare ai poveri e le persone pi\u00f9 vulnerabili, tra cui neonati, un accesso sicuro a cibo nutriente e sufficiente per tutto l\u2019anno<\/li>\n<li>Entro il 2030, porre fine a tutte le forme di malnutrizione; raggiungere, entro il 2025, i traguardi concordati a livello internazionale contro l\u2019arresto della crescita e il deperimento nei bambini sotto i 5 anni di et\u00e0; soddisfare le esigenze nutrizionali di ragazze adolescenti, donne in gravidanza e allattamento e le persone anziane<\/li>\n<li>Entro il 2030, raddoppiare la produttivit\u00e0 agricola e il reddito dei produttori di cibo su piccola scala, in particolare le donne, i popoli indigeni, le famiglie di agricoltori, i pastori e i pescatori, anche attraverso un accesso sicuro ed equo a terreni, altre risorse e input produttivi, conoscenze, servizi finanziari, mercati e opportunit\u00e0 per valore aggiunto e occupazioni non agricole<\/li>\n<li>Entro il 2030, garantire sistemi di produzione alimentare sostenibili e implementare pratiche agricole resilienti che aumentino la produttivit\u00e0 e la produzione, che aiutino a proteggere gli ecosistemi, che rafforzino la capacit\u00e0 di adattamento ai cambiamenti climatici, a condizioni meteorologiche estreme, siccit\u00e0, inondazioni e altri disastri e che migliorino progressivamente la qualit\u00e0 del suolo<\/li>\n<li>Entro il 2020, mantenere la diversit\u00e0 genetica delle sementi, delle piante coltivate, degli animali da allevamento e domestici e delle specie selvatiche affini, anche attraverso banche di semi e piante diversificate e opportunamente gestite a livello nazionale, regionale e internazionale; promuovere l\u2019accesso e la giusta ed equa ripartizione dei benefici derivanti dall\u2019utilizzo delle risorse genetiche e della conoscenza tradizionale associata, come concordato a livello internazionale<\/li>\n<li>Aumentare gli investimenti, anche attraverso il miglioramento della cooperazione internazionale, in infrastrutture rurali, ricerca agricola e formazione, sviluppo tecnologico e le banche di geni vegetali e animali, al fine di migliorare la capacit\u00e0 produttiva agricola nei paesi in via di sviluppo, in particolare i paesi meno sviluppati<\/li>\n<li>Correggere e prevenire restrizioni commerciali e distorsioni nei mercati agricoli mondiali, anche attraverso l\u2019eliminazione parallela di tutte le forme di sovvenzioni alle esportazioni agricole e di tutte le misure di esportazione con effetto equivalente, conformemente al mandato del Doha Development Round<\/li>\n<li>Adottare misure per garantire il corretto funzionamento dei mercati delle materie prime alimentari e loro derivati e facilitare l\u2019accesso rapido alle informazioni di mercato, incluse le riserve di cibo, al fine di contribuire a limitare l\u2019instabilit\u00e0 estrema dei prezzi dei beni alimentari.<\/li>\n<\/ul>\n","protected":false},"excerpt":{"rendered":"Entro il 2030, porre fine alla fame e garantire a tutte le persone, in particolare ai poveri e le persone pi\u00f9 vulnerabili, tra cui neonati, un accesso sicuro a cibo nutriente e sufficiente per tutto l\u2019anno Entro il 2030, porre fine a tutte le forme di malnutrizione; raggiungere, entro il 2025, i traguardi concordati a [&hellip;]","protected":false},"author":1,"featured_media":0,"parent":31209,"menu_order":2,"comment_status":"closed","ping_status":"closed","template":"page-estera.php","meta":{"footnotes":""},"class_list":["post-31240","page","type-page","status-publish","hentry"],"_links":{"self":[{"href":"https:\/\/www.esteri.it\/it\/wp-json\/wp\/v2\/pages\/31240","targetHints":{"allow":["GET"]}}],"collection":[{"href":"https:\/\/www.esteri.it\/it\/wp-json\/wp\/v2\/pages"}],"about":[{"href":"https:\/\/www.esteri.it\/it\/wp-json\/wp\/v2\/types\/page"}],"author":[{"embeddable":true,"href":"https:\/\/www.esteri.it\/it\/wp-json\/wp\/v2\/users\/1"}],"replies":[{"embeddable":true,"href":"https:\/\/www.esteri.it\/it\/wp-json\/wp\/v2\/comments?post=31240"}],"version-history":[{"count":0,"href":"https:\/\/www.esteri.it\/it\/wp-json\/wp\/v2\/pages\/31240\/revisions"}],"up":[{"embeddable":true,"href":"https:\/\/www.esteri.it\/it\/wp-json\/wp\/v2\/pages\/31209"}],"wp:attachment":[{"href":"https:\/\/www.esteri.it\/it\/wp-json\/wp\/v2\/media?parent=31240"}],"curies":[{"name":"wp","href":"https:\/\/api.w.org\/{rel}","templated":true}]}}