{"id":31245,"date":"2021-07-26T12:07:45","date_gmt":"2021-07-26T10:07:45","guid":{"rendered":"https:\/\/www.esteri.it\/?page_id=31245"},"modified":"2021-07-26T12:07:54","modified_gmt":"2021-07-26T10:07:54","slug":"3-assicurare-la-salute-e-il-benessere-per-tutti-e-per-tutte-le-eta","status":"publish","type":"page","link":"https:\/\/www.esteri.it\/it\/politica-estera-e-cooperazione-allo-sviluppo\/cooperaz_sviluppo\/obiettivi-di-sviluppo-sostenibile\/17-obiettivi-di-sviluppo-sostenibile\/3-assicurare-la-salute-e-il-benessere-per-tutti-e-per-tutte-le-eta\/","title":{"rendered":"3 &#8211; Salute e benessere"},"content":{"rendered":"<p><img decoding=\"async\" class=\"aligncenter\" src=\"https:\/\/www.esteri.it\/mae\/resource\/img\/2020\/02\/sdg-icon-it-rgb-03.jpg\" alt=\"sdg-icon-it-rgb-03\" \/><\/p>\n<p>&nbsp;<\/p>\n<ul>\n<li>Entro il 2030, ridurre il tasso di mortalit\u00e0 materna globale a meno di 70 per ogni 100.000 bambini nati vivi<\/li>\n<li>Entro il 2030, porre fine alle morti prevenibili di neonati e bambini sotto i 5 anni di et\u00e0.\u00a0 Tutti i paesi dovranno cercare di ridurre la mortalit\u00e0 neonatale ad almeno 12 per ogni 1.000 bambini nati vivi e la mortalit\u00e0 dei bambini sotto i 5 anni di et\u00e0 ad almeno 25 per 1.000 bambini nati vivi<\/li>\n<li>Entro il 2030, porre fine alle epidemie di AIDS, tubercolosi, malaria e malattie tropicali trascurate; combattere l\u2019epatite, le malattie di origine idrica e le altre malattie trasmissibili<\/li>\n<li>Entro il 2030, ridurre di un terzo la mortalit\u00e0 prematura da malattie non trasmissibili attraverso la prevenzione e il trattamento e promuovere benessere e salute mentale<\/li>\n<li>Rafforzare la prevenzione e il trattamento di abuso di sostanze, tra cui l\u2019abuso di stupefacenti e il consumo nocivo di alcol<\/li>\n<li>Entro il 2020, dimezzare il numero globale di morti e feriti a seguito di incidenti stradali<\/li>\n<li>Entro il 2030, garantire l\u2019accesso universale ai servizi di assistenza sanitaria sessuale e riproduttiva, inclusa la pianificazione familiare, l\u2019informazione, l\u2019educazione e l\u2019integrazione della salute riproduttiva nelle strategie e nei programmi nazionali<\/li>\n<li>Conseguire una copertura sanitaria universale, compresa la protezione da rischi finanziari, l\u2019accesso ai servizi essenziali di assistenza sanitaria di qualit\u00e0 e l\u2019accesso sicuro, efficace, di qualit\u00e0 e a prezzi accessibili a medicinali di base e vaccini per tutti<\/li>\n<li>Entro il 2030, ridurre sostanzialmente il numero di decessi e malattie da sostanze chimiche pericolose e da contaminazione e inquinamento dell\u2019aria, delle acque e del suolo<\/li>\n<li>Rafforzare l\u2019attuazione del Quadro Normativo della Convenzione dell\u2019Organizzazione Mondiale della Sanit\u00e0 sul Controllo del Tabacco in modo appropriato in tutti i paesi<\/li>\n<li>Sostenere la ricerca e lo sviluppo di vaccini e farmaci per le malattie trasmissibili e non trasmissibili che colpiscono soprattutto i paesi in via di sviluppo; fornire l\u2019accesso a farmaci e vaccini essenziali ed economici, in conformit\u00e0 alla Dichiarazione di Doha sull\u2019Accordo TRIPS e la Sanit\u00e0 Pubblica, che afferma il diritto dei paesi in via di sviluppo ad utilizzare appieno le disposizioni dell\u2019Accordo sugli Aspetti Commerciali dei Diritti di Propriet\u00e0 Intellettuali contenenti le cosiddette \u201cflessibilit\u00e0\u201d per proteggere la sanit\u00e0 pubblica e, in particolare, fornire l\u2019accesso a farmaci per tutti<\/li>\n<li>Aumentare considerevolmente i fondi destinati alla sanit\u00e0 e alla selezione, formazione, sviluppo e mantenimento del personale sanitario nei paesi in via di sviluppo, specialmente nei meno sviluppati e nei piccoli Stati insulari in via di sviluppo<\/li>\n<li>Rafforzare la capacit\u00e0 di tutti i Paesi, sopratutto dei Paesi in via di sviluppo, di segnalare in anticipo, ridurre e gestire i rischi legati alla salute, sia a livello nazionale che globale<\/li>\n<\/ul>\n","protected":false},"excerpt":{"rendered":"&nbsp; Entro il 2030, ridurre il tasso di mortalit\u00e0 materna globale a meno di 70 per ogni 100.000 bambini nati vivi Entro il 2030, porre fine alle morti prevenibili di neonati e bambini sotto i 5 anni di et\u00e0.\u00a0 Tutti i paesi dovranno cercare di ridurre la mortalit\u00e0 neonatale ad almeno 12 per ogni 1.000 [&hellip;]","protected":false},"author":1,"featured_media":0,"parent":31209,"menu_order":3,"comment_status":"closed","ping_status":"closed","template":"page-estera.php","meta":{"footnotes":""},"class_list":["post-31245","page","type-page","status-publish","hentry"],"_links":{"self":[{"href":"https:\/\/www.esteri.it\/it\/wp-json\/wp\/v2\/pages\/31245","targetHints":{"allow":["GET"]}}],"collection":[{"href":"https:\/\/www.esteri.it\/it\/wp-json\/wp\/v2\/pages"}],"about":[{"href":"https:\/\/www.esteri.it\/it\/wp-json\/wp\/v2\/types\/page"}],"author":[{"embeddable":true,"href":"https:\/\/www.esteri.it\/it\/wp-json\/wp\/v2\/users\/1"}],"replies":[{"embeddable":true,"href":"https:\/\/www.esteri.it\/it\/wp-json\/wp\/v2\/comments?post=31245"}],"version-history":[{"count":0,"href":"https:\/\/www.esteri.it\/it\/wp-json\/wp\/v2\/pages\/31245\/revisions"}],"up":[{"embeddable":true,"href":"https:\/\/www.esteri.it\/it\/wp-json\/wp\/v2\/pages\/31209"}],"wp:attachment":[{"href":"https:\/\/www.esteri.it\/it\/wp-json\/wp\/v2\/media?parent=31245"}],"curies":[{"name":"wp","href":"https:\/\/api.w.org\/{rel}","templated":true}]}}