{"id":31250,"date":"2021-07-26T12:08:57","date_gmt":"2021-07-26T10:08:57","guid":{"rendered":"https:\/\/www.esteri.it\/?page_id=31250"},"modified":"2021-07-26T12:09:09","modified_gmt":"2021-07-26T10:09:09","slug":"5-raggiungere-l-uguaglianza-di-genere-ed-emancipare-tutte-le-donne-e-le-ragazze","status":"publish","type":"page","link":"https:\/\/www.esteri.it\/it\/politica-estera-e-cooperazione-allo-sviluppo\/cooperaz_sviluppo\/obiettivi-di-sviluppo-sostenibile\/17-obiettivi-di-sviluppo-sostenibile\/5-raggiungere-l-uguaglianza-di-genere-ed-emancipare-tutte-le-donne-e-le-ragazze\/","title":{"rendered":"5 &#8211; Parit\u00e0 di genere"},"content":{"rendered":"<p><img decoding=\"async\" class=\"aligncenter\" src=\"https:\/\/www.esteri.it\/mae\/resource\/img\/2020\/02\/SDG-icon-IT-RGB-05.jpg\" alt=\"SDG-icon-IT-RGB-05\" \/><\/p>\n<p>&nbsp;<\/p>\n<ul>\n<li>Porre fine, ovunque, a ogni forma di discriminazione nei confronti di donne e ragazze<\/li>\n<li>Eliminare ogni forma di violenza nei confronti di donne e bambine, sia nella sfera privata che in quella pubblica, compreso il traffico di donne e lo sfruttamento sessuale e di ogni altro tipo<\/li>\n<li>Eliminare ogni pratica abusiva come il matrimonio combinato, il fenomeno delle spose bambine e le mutilazioni genitali femminili<\/li>\n<li>Riconoscere e valorizzare la cura e il lavoro domestico non retribuito, fornendo un servizio pubblico, infrastrutture e politiche di protezione sociale e la promozione di responsabilit\u00e0 condivise all\u2019interno delle famiglie, conformemente agli standard nazionali<\/li>\n<li>Garantire piena ed effettiva partecipazione femminile e pari opportunit\u00e0 di leadership ad ogni livello decisionale in ambito politico, economico e della vita pubblica<\/li>\n<li>Garantire accesso universale alla salute sessuale e riproduttiva e ai diritti in ambito riproduttivo, come concordato nel Programma d\u2019Azione della Conferenza internazionale su popolazione e sviluppo e dalla Piattaforma d\u2019Azione di Pechino e dai documenti prodotti nelle successive conferenze<\/li>\n<li>Avviare riforme per dare alle donne uguali diritti di accesso alle risorse economiche cos\u00ec come alla titolarit\u00e0 e al controllo della terra e altre forme di propriet\u00e0, ai servizi finanziari, eredit\u00e0 e risorse naturali, in conformit\u00e0 con le leggi nazionali<\/li>\n<li>Rafforzare l\u2019utilizzo di tecnologie abilitanti, in particolare le tecnologie dell\u2019informazione e della comunicazione, per promuovere l\u2019emancipazione della donna<\/li>\n<li>Adottare e intensificare una politica sana ed una legislazione applicabile per la promozione della parit\u00e0 di genere e l\u2019emancipazione di tutte le donne e bambine, a tutti i livelli.<\/li>\n<\/ul>\n","protected":false},"excerpt":{"rendered":"&nbsp; Porre fine, ovunque, a ogni forma di discriminazione nei confronti di donne e ragazze Eliminare ogni forma di violenza nei confronti di donne e bambine, sia nella sfera privata che in quella pubblica, compreso il traffico di donne e lo sfruttamento sessuale e di ogni altro tipo Eliminare ogni pratica abusiva come il matrimonio [&hellip;]","protected":false},"author":1,"featured_media":0,"parent":31209,"menu_order":5,"comment_status":"closed","ping_status":"closed","template":"page-estera.php","meta":{"footnotes":""},"class_list":["post-31250","page","type-page","status-publish","hentry"],"_links":{"self":[{"href":"https:\/\/www.esteri.it\/it\/wp-json\/wp\/v2\/pages\/31250","targetHints":{"allow":["GET"]}}],"collection":[{"href":"https:\/\/www.esteri.it\/it\/wp-json\/wp\/v2\/pages"}],"about":[{"href":"https:\/\/www.esteri.it\/it\/wp-json\/wp\/v2\/types\/page"}],"author":[{"embeddable":true,"href":"https:\/\/www.esteri.it\/it\/wp-json\/wp\/v2\/users\/1"}],"replies":[{"embeddable":true,"href":"https:\/\/www.esteri.it\/it\/wp-json\/wp\/v2\/comments?post=31250"}],"version-history":[{"count":0,"href":"https:\/\/www.esteri.it\/it\/wp-json\/wp\/v2\/pages\/31250\/revisions"}],"up":[{"embeddable":true,"href":"https:\/\/www.esteri.it\/it\/wp-json\/wp\/v2\/pages\/31209"}],"wp:attachment":[{"href":"https:\/\/www.esteri.it\/it\/wp-json\/wp\/v2\/media?parent=31250"}],"curies":[{"name":"wp","href":"https:\/\/api.w.org\/{rel}","templated":true}]}}