{"id":329,"date":"2021-05-27T16:36:19","date_gmt":"2021-05-27T14:36:19","guid":{"rendered":"https:\/\/www.esteri.it\/?page_id=329"},"modified":"2026-04-07T15:05:40","modified_gmt":"2026-04-07T13:05:40","slug":"diplomaziaeconomica","status":"publish","type":"page","link":"https:\/\/www.esteri.it\/it\/diplomazia-economica-e-politica-commerciale\/diplomaziaeconomica\/","title":{"rendered":"Diplomazia Economica"},"content":{"rendered":"<p>La <strong>diplomazia economica italiana<\/strong> \u00e8 l\u2019attivit\u00e0 del Ministero degli Affari Esteri e della Cooperazione Internazionale volta a sostenere le imprese italiane all\u2019estero e a favorire la crescita del Paese in differenti ambiti. Coordinati dalla Direzione Generale per la Crescita e la Promozione delle Esportazioni della Farnesina &#8211; che a sua volta \u00e8 in raccordo costante con Istituzioni, Enti, Associazioni, Imprese, Centri di ricerca ed Universit\u00e0 &#8211; gli oltre 450 uffici diffusi in tutto il mondo e comprendenti Ambasciate, Consolati, Unit\u00e0 dell\u2019Agenzia ICE e dell\u2019Enit, oggi integrati nelle rappresentanze diplomatiche e consolari, Istituti Italiani di Cultura, Uffici degli Addetti Scientifici e Tecnologici, sono impegnati quotidianamente per promuovere in un\u2019ottica integrata l\u2019Italia nelle sue componenti economica, culturale e scientifica.<\/p>\n<p>Gli obiettivi strategici cui si ispira quotidianamente la diplomazia economica sono:<\/p>\n<ul>\n<li>sostenere le aziende nella penetrazione commerciale dei mercati emergenti e a consolidarsi in quelli tradizionali;<\/li>\n<li>sostenere l\u2019attivit\u00e0 internazionale delle Autonomie territoriali;<\/li>\n<li>attrarre in Italia investimenti produttivi, flussi turistici e brillanti talenti;<\/li>\n<li>promuovere gli investimenti italiani all\u2019estero.<\/li>\n<\/ul>\n<p>&nbsp;<\/p>\n<p><strong>Ultimo numero della Newsletter DEI<\/strong><\/p>\n<p><a href=\"https:\/\/www.esteri.it\/wp-content\/uploads\/2026\/03\/Newsletter-DEI_2_2026.pdf\"><img decoding=\"async\" class=\"\" src=\"https:\/\/www.esteri.it\/wp-content\/uploads\/2026\/03\/Copertina_Newsletter_DEI_2_26.jpg\" width=\"300\" \/><br \/>\n<\/a><\/p>\n<div class=\"row\">\n\t\t\t<div class=\"col-12 col-lg-6 mt-3\">\n\t\t\t<!--start card-->\n\t\t\t<div class=\"card-wrapper\">\n\t\t\t<div class=\"card card-img card-bg card-big border-bottom-card\">\n\t\t\t\t<div class=\"img-responsive-wrapper\">\n\t\t\t\t\t<div class=\"img-responsive\">\n\t\t\t\t\t\t<figure class=\"img-wrapper\">\n\t\t\t\t\t\t\t<img decoding=\"async\" loading=\"lazy\" width=\"416\" height=\"255\" src=\"https:\/\/www.esteri.it\/wp-content\/uploads\/2026\/04\/CARD_TORINO-768x444.jpeg\" srcset= \"https:\/\/www.esteri.it\/wp-content\/uploads\/2026\/04\/CARD_TORINO.jpeg 1600w, https:\/\/www.esteri.it\/wp-content\/uploads\/2026\/04\/CARD_TORINO-300x173.jpeg 300w, https:\/\/www.esteri.it\/wp-content\/uploads\/2026\/04\/CARD_TORINO-1024x591.jpeg 1024w, https:\/\/www.esteri.it\/wp-content\/uploads\/2026\/04\/CARD_TORINO-768x444.jpeg 768w, https:\/\/www.esteri.it\/wp-content\/uploads\/2026\/04\/CARD_TORINO-1536x887.jpeg 1536w\" sizes=\"auto, (max-width: 1600px) 100vw, 1600px\" title=\"Obiettivo Export: verso la Conferenza Nazionale dell\u2019Export 2026\" alt=\"Obiettivo Export: verso la Conferenza Nazionale dell\u2019Export 2026\" class=\"img-fluid\">\n\t\t\t\t\t\t<\/figure>\n\t\t\t\t\t<\/div>\n\t\t\t\t<\/div>\n\t\t\t\t<div class=\"card-body\">\n\t\t\t\t<div class=\"category-top\">\n\t\t\t\t\t<span class=\"category\">\n\t\t\t\t\t<svg class=\"icon icon-secondary\">\n\t\t\t\t\t\t<use xlink:href=\"https:\/\/www.esteri.it\/wp-content\/themes\/mae\/assets\/svg\/sprite.svg#it-calendar\"><\/use>\n\t\t\t\t\t<\/svg>\n\t\t\t\t\t<\/span>\n\t\t\t\t\t<span class=\"data\">15 Aprile 2026<\/span>\n\t\t\t\t<\/div>\n\t\t\t\t<h5 class=\"card-title big-heading text-uppercase\"><a class=\"text-body text-decoration-none\" href=\"https:\/\/www.esteri.it\/it\/sala_stampa\/archivionotizie\/diplomazia-economica\/2026\/04\/obiettivo-export-verso-la-conferenza-nazionale-dellexport-2026\/\" title=\"Obiettivo Export: verso la Conferenza Nazionale dell\u2019Export 2026\">Obiettivo Export: verso la Conferenza Nazionale dell\u2019Export 2026<\/a><\/h5>\n\t\t\t\t<p class=\"card-text\">A Torino la prima tappa per le imprese del Nord Italia Parte da Torino la prima tappa del percorso verso la Conferenza Nazionale dell\u2019Export 2026, con l\u2019evento \u201cObiettivo Export: Imprese e territori del Nord Italia\u201d, in programma il prossimo 29 aprile presso OGR Torino a partire dalle 10:30. L\u2019iniziativa, promossa dal Vice Presidente del Consiglio [&hellip;]<\/p>\n\t\t\t\t<a title=\"Obiettivo Export: verso la Conferenza Nazionale dell\u2019Export 2026\" class=\"read-more\" href=\"https:\/\/www.esteri.it\/it\/sala_stampa\/archivionotizie\/diplomazia-economica\/2026\/04\/obiettivo-export-verso-la-conferenza-nazionale-dellexport-2026\/\">\n\t\t\t\t\t<span class=\"text\">Leggi di pi\u00f9<\/span>\n\t\t\t\t\t<svg class=\"icon\">\n\t\t\t\t\t<use xlink:href=\"https:\/\/www.esteri.it\/wp-content\/themes\/mae\/assets\/svg\/sprite.svg#it-arrow-right\"><\/use>\n\t\t\t\t\t<\/svg>\n\t\t\t\t<\/a>\n\t\t\t\t<\/div>\n\t\t\t<\/div>\n\t\t\t<\/div>\n\t\t\t<!--end card-->\n\t\t\t<\/div><!-- col-12 .mt-3-->\n\t\t\t<div class=\"col-12 col-lg-6 mt-3\">\n\t\t\t<!--start card-->\n\t\t\t<div class=\"card-wrapper\">\n\t\t\t<div class=\"card card-img card-bg card-big border-bottom-card\">\n\t\t\t\t<div class=\"img-responsive-wrapper\">\n\t\t\t\t\t<div class=\"img-responsive\">\n\t\t\t\t\t\t<figure class=\"img-wrapper\">\n\t\t\t\t\t\t\t<img decoding=\"async\" loading=\"lazy\" width=\"416\" height=\"255\" src=\"https:\/\/www.esteri.it\/wp-content\/uploads\/2026\/03\/Conferenza-Export-768x522.jpg\" srcset= \"https:\/\/www.esteri.it\/wp-content\/uploads\/2026\/03\/Conferenza-Export.jpg 1380w, https:\/\/www.esteri.it\/wp-content\/uploads\/2026\/03\/Conferenza-Export-300x204.jpg 300w, https:\/\/www.esteri.it\/wp-content\/uploads\/2026\/03\/Conferenza-Export-1024x696.jpg 1024w, https:\/\/www.esteri.it\/wp-content\/uploads\/2026\/03\/Conferenza-Export-768x522.jpg 768w\" sizes=\"auto, (max-width: 1380px) 100vw, 1380px\" title=\"La nuova architettura della Diplomazia Economica: il Sistema Italia si compatta per la sfida dei mercati globali\" alt=\"La nuova architettura della Diplomazia Economica: il Sistema Italia si compatta per la sfida dei mercati globali\" class=\"img-fluid\">\n\t\t\t\t\t\t<\/figure>\n\t\t\t\t\t<\/div>\n\t\t\t\t<\/div>\n\t\t\t\t<div class=\"card-body\">\n\t\t\t\t<div class=\"category-top\">\n\t\t\t\t\t<span class=\"category\">\n\t\t\t\t\t<svg class=\"icon icon-secondary\">\n\t\t\t\t\t\t<use xlink:href=\"https:\/\/www.esteri.it\/wp-content\/themes\/mae\/assets\/svg\/sprite.svg#it-calendar\"><\/use>\n\t\t\t\t\t<\/svg>\n\t\t\t\t\t<\/span>\n\t\t\t\t\t<span class=\"data\">27 Marzo 2026<\/span>\n\t\t\t\t<\/div>\n\t\t\t\t<h5 class=\"card-title big-heading text-uppercase\"><a class=\"text-body text-decoration-none\" href=\"https:\/\/www.esteri.it\/it\/sala_stampa\/archivionotizie\/diplomazia-economica\/2026\/03\/la-nuova-architettura-della-diplomazia-economica-il-sistema-italia-si-compatta-per-la-sfida-dei-mercati-globali\/\" title=\"La nuova architettura della Diplomazia Economica: il Sistema Italia si compatta per la sfida dei mercati globali\">La nuova architettura della Diplomazia Economica: il Sistema Italia si compatta per la sfida dei mercati globali<\/a><\/h5>\n\t\t\t\t<p class=\"card-text\">La Conferenza Nazionale dell\u2019Export e dell\u2019Internazionalizzazione delle Imprese, che si \u00e8 tenuta a Fiera Milano Rho, ha rappresentato un momento di confronto su ci\u00f2 che \u00e8 stato fatto e, allo stesso tempo, un momento di condivisione degli obiettivi verso cui puntare nei prossimi mesi. Il tutto corredato dall\u2019attenzione alla concretezza e ai numeri, pi\u00f9 volte [&hellip;]<\/p>\n\t\t\t\t<a title=\"La nuova architettura della Diplomazia Economica: il Sistema Italia si compatta per la sfida dei mercati globali\" class=\"read-more\" href=\"https:\/\/www.esteri.it\/it\/sala_stampa\/archivionotizie\/diplomazia-economica\/2026\/03\/la-nuova-architettura-della-diplomazia-economica-il-sistema-italia-si-compatta-per-la-sfida-dei-mercati-globali\/\">\n\t\t\t\t\t<span class=\"text\">Leggi di pi\u00f9<\/span>\n\t\t\t\t\t<svg class=\"icon\">\n\t\t\t\t\t<use xlink:href=\"https:\/\/www.esteri.it\/wp-content\/themes\/mae\/assets\/svg\/sprite.svg#it-arrow-right\"><\/use>\n\t\t\t\t\t<\/svg>\n\t\t\t\t<\/a>\n\t\t\t\t<\/div>\n\t\t\t<\/div>\n\t\t\t<\/div>\n\t\t\t<!--end card-->\n\t\t\t<\/div><!-- col-12 .mt-3-->\n\t\t\t<div class=\"col-12 col-lg-6 mt-3\">\n\t\t\t<!--start card-->\n\t\t\t<div class=\"card-wrapper\">\n\t\t\t<div class=\"card card-img card-bg card-big border-bottom-card\">\n\t\t\t\t<div class=\"img-responsive-wrapper\">\n\t\t\t\t\t<div class=\"img-responsive\">\n\t\t\t\t\t\t<figure class=\"img-wrapper\">\n\t\t\t\t\t\t\t<img decoding=\"async\" loading=\"lazy\" width=\"416\" height=\"255\" src=\"https:\/\/www.esteri.it\/wp-content\/uploads\/2026\/03\/Accordo-quadro-Conf-Export-768x512.jpg\" srcset= \"https:\/\/www.esteri.it\/wp-content\/uploads\/2026\/03\/Accordo-quadro-Conf-Export.jpg 1280w, https:\/\/www.esteri.it\/wp-content\/uploads\/2026\/03\/Accordo-quadro-Conf-Export-300x200.jpg 300w, https:\/\/www.esteri.it\/wp-content\/uploads\/2026\/03\/Accordo-quadro-Conf-Export-1024x682.jpg 1024w, https:\/\/www.esteri.it\/wp-content\/uploads\/2026\/03\/Accordo-quadro-Conf-Export-768x512.jpg 768w\" sizes=\"auto, (max-width: 1280px) 100vw, 1280px\" title=\"Obiettivo 700 miliardi di export, con un Ministero pi\u00f9 vicino alle imprese\" alt=\"Obiettivo 700 miliardi di export, con un Ministero pi\u00f9 vicino alle imprese\" class=\"img-fluid\">\n\t\t\t\t\t\t<\/figure>\n\t\t\t\t\t<\/div>\n\t\t\t\t<\/div>\n\t\t\t\t<div class=\"card-body\">\n\t\t\t\t<div class=\"category-top\">\n\t\t\t\t\t<span class=\"category\">\n\t\t\t\t\t<svg class=\"icon icon-secondary\">\n\t\t\t\t\t\t<use xlink:href=\"https:\/\/www.esteri.it\/wp-content\/themes\/mae\/assets\/svg\/sprite.svg#it-calendar\"><\/use>\n\t\t\t\t\t<\/svg>\n\t\t\t\t\t<\/span>\n\t\t\t\t\t<span class=\"data\">27 Marzo 2026<\/span>\n\t\t\t\t<\/div>\n\t\t\t\t<h5 class=\"card-title big-heading text-uppercase\"><a class=\"text-body text-decoration-none\" href=\"https:\/\/www.esteri.it\/it\/sala_stampa\/archivionotizie\/diplomazia-economica\/2026\/03\/obiettivo-700-miliardi-di-export-con-un-ministero-piu-vicino-alle-imprese\/\" title=\"Obiettivo 700 miliardi di export, con un Ministero pi\u00f9 vicino alle imprese\">Obiettivo 700 miliardi di export, con un Ministero pi\u00f9 vicino alle imprese<\/a><\/h5>\n\t\t\t\t<p class=\"card-text\">Portare l\u2019export italiano a quota 700 miliardi di euro entro il 2027 \u00e8 una sfida ambiziosa che impone al Sistema Paese un cambio di passo. \u00c8 l\u2019obiettivo che ha sottolineato il Vice Presidente del Consiglio e Ministro degli Affari Esteri e della Cooperazione Internazionale, Antonio Tajani, aprendo la terza Conferenza Nazionale dell\u2019Export e dell\u2019Internazionalizzazione delle [&hellip;]<\/p>\n\t\t\t\t<a title=\"Obiettivo 700 miliardi di export, con un Ministero pi\u00f9 vicino alle imprese\" class=\"read-more\" href=\"https:\/\/www.esteri.it\/it\/sala_stampa\/archivionotizie\/diplomazia-economica\/2026\/03\/obiettivo-700-miliardi-di-export-con-un-ministero-piu-vicino-alle-imprese\/\">\n\t\t\t\t\t<span class=\"text\">Leggi di pi\u00f9<\/span>\n\t\t\t\t\t<svg class=\"icon\">\n\t\t\t\t\t<use xlink:href=\"https:\/\/www.esteri.it\/wp-content\/themes\/mae\/assets\/svg\/sprite.svg#it-arrow-right\"><\/use>\n\t\t\t\t\t<\/svg>\n\t\t\t\t<\/a>\n\t\t\t\t<\/div>\n\t\t\t<\/div>\n\t\t\t<\/div>\n\t\t\t<!--end card-->\n\t\t\t<\/div><!-- col-12 .mt-3-->\n\t\t\t<div class=\"col-12 col-lg-6 mt-3\">\n\t\t\t<!--start card-->\n\t\t\t<div class=\"card-wrapper\">\n\t\t\t<div class=\"card card-img card-bg card-big border-bottom-card\">\n\t\t\t\t<div class=\"img-responsive-wrapper\">\n\t\t\t\t\t<div class=\"img-responsive\">\n\t\t\t\t\t\t<figure class=\"img-wrapper\">\n\t\t\t\t\t\t\t<img decoding=\"async\" loading=\"lazy\" width=\"416\" height=\"255\" src=\"https:\/\/www.esteri.it\/wp-content\/uploads\/2026\/03\/Accordi-firmati-alla-CNE-768x482.jpg\" srcset= \"https:\/\/www.esteri.it\/wp-content\/uploads\/2026\/03\/Accordi-firmati-alla-CNE.jpg 1600w, https:\/\/www.esteri.it\/wp-content\/uploads\/2026\/03\/Accordi-firmati-alla-CNE-300x188.jpg 300w, https:\/\/www.esteri.it\/wp-content\/uploads\/2026\/03\/Accordi-firmati-alla-CNE-1024x643.jpg 1024w, https:\/\/www.esteri.it\/wp-content\/uploads\/2026\/03\/Accordi-firmati-alla-CNE-768x482.jpg 768w, https:\/\/www.esteri.it\/wp-content\/uploads\/2026\/03\/Accordi-firmati-alla-CNE-1536x965.jpg 1536w\" sizes=\"auto, (max-width: 1600px) 100vw, 1600px\" title=\"Diplomazia e Imprese: firmati i nuovi protocolli per rafforzare il Made in Italy nel mondo\" alt=\"Diplomazia e Imprese: firmati i nuovi protocolli per rafforzare il Made in Italy nel mondo\" class=\"img-fluid\">\n\t\t\t\t\t\t<\/figure>\n\t\t\t\t\t<\/div>\n\t\t\t\t<\/div>\n\t\t\t\t<div class=\"card-body\">\n\t\t\t\t<div class=\"category-top\">\n\t\t\t\t\t<span class=\"category\">\n\t\t\t\t\t<svg class=\"icon icon-secondary\">\n\t\t\t\t\t\t<use xlink:href=\"https:\/\/www.esteri.it\/wp-content\/themes\/mae\/assets\/svg\/sprite.svg#it-calendar\"><\/use>\n\t\t\t\t\t<\/svg>\n\t\t\t\t\t<\/span>\n\t\t\t\t\t<span class=\"data\">27 Marzo 2026<\/span>\n\t\t\t\t<\/div>\n\t\t\t\t<h5 class=\"card-title big-heading text-uppercase\"><a class=\"text-body text-decoration-none\" href=\"https:\/\/www.esteri.it\/it\/sala_stampa\/archivionotizie\/diplomazia-economica\/2026\/03\/diplomazia-e-imprese-firmati-i-nuovi-protocolli-per-rafforzare-il-made-in-italy-nel-mondo\/\" title=\"Diplomazia e Imprese: firmati i nuovi protocolli per rafforzare il Made in Italy nel mondo\">Diplomazia e Imprese: firmati i nuovi protocolli per rafforzare il Made in Italy nel mondo<\/a><\/h5>\n\t\t\t\t<p class=\"card-text\">In occasione della terza Conferenza Nazionale dell\u2019Export e dell\u2019Internazionalizzazione delle Imprese, il Ministro degli Affari Esteri e della Cooperazione Internazionale, Antonio Tajani, ha firmato due Protocolli d\u2019intesa con Emanuele Orsini, Presidente di Confindustria, e con Giorgio Mercuri, Vicepresidente di Confcooperative, per avviare una collaborazione strutturata sulla formazione economico-commerciale del personale diplomatico impegnato nel sostegno all\u2019internazionalizzazione [&hellip;]<\/p>\n\t\t\t\t<a title=\"Diplomazia e Imprese: firmati i nuovi protocolli per rafforzare il Made in Italy nel mondo\" class=\"read-more\" href=\"https:\/\/www.esteri.it\/it\/sala_stampa\/archivionotizie\/diplomazia-economica\/2026\/03\/diplomazia-e-imprese-firmati-i-nuovi-protocolli-per-rafforzare-il-made-in-italy-nel-mondo\/\">\n\t\t\t\t\t<span class=\"text\">Leggi di pi\u00f9<\/span>\n\t\t\t\t\t<svg class=\"icon\">\n\t\t\t\t\t<use xlink:href=\"https:\/\/www.esteri.it\/wp-content\/themes\/mae\/assets\/svg\/sprite.svg#it-arrow-right\"><\/use>\n\t\t\t\t\t<\/svg>\n\t\t\t\t<\/a>\n\t\t\t\t<\/div>\n\t\t\t<\/div>\n\t\t\t<\/div>\n\t\t\t<!--end card-->\n\t\t\t<\/div><!-- col-12 .mt-3--><ul class=\"list-unstyled mt-4\">\n\t\t\t\t\t<li class=\"media mt-2\">\n                        <a class=\"text-decoration-none fw-bold\" href=\"https:\/\/www.esteri.it\/sala_stampa\/archivionotizie\/diplomazia-economica\" title=\"Vedi tutti\">\n                                Vedi tutti\n                            <svg class=\"icon icon-sm icon-primary\"><use xlink:href=\"https:\/\/www.esteri.it\/wp-content\/themes\/mae\/assets\/svg\/sprite.svg#it-arrow-right\"><\/use><\/svg>\n                        <\/a>\n                     <\/li>\n\t\t\t\t<\/ul>\n\t\t\t<\/div>\n","protected":false},"excerpt":{"rendered":"La diplomazia economica italiana \u00e8 l\u2019attivit\u00e0 del Ministero degli Affari Esteri e della Cooperazione Internazionale volta a sostenere le imprese italiane all\u2019estero e a favorire la crescita del Paese in differenti ambiti. Coordinati dalla Direzione Generale per la Crescita e la Promozione delle Esportazioni della Farnesina &#8211; che a sua volta \u00e8 in raccordo costante [&hellip;]","protected":false},"author":1,"featured_media":0,"parent":284,"menu_order":40,"comment_status":"closed","ping_status":"closed","template":"page-imprese.php","meta":{"footnotes":""},"class_list":["post-329","page","type-page","status-publish","hentry"],"_links":{"self":[{"href":"https:\/\/www.esteri.it\/it\/wp-json\/wp\/v2\/pages\/329","targetHints":{"allow":["GET"]}}],"collection":[{"href":"https:\/\/www.esteri.it\/it\/wp-json\/wp\/v2\/pages"}],"about":[{"href":"https:\/\/www.esteri.it\/it\/wp-json\/wp\/v2\/types\/page"}],"author":[{"embeddable":true,"href":"https:\/\/www.esteri.it\/it\/wp-json\/wp\/v2\/users\/1"}],"replies":[{"embeddable":true,"href":"https:\/\/www.esteri.it\/it\/wp-json\/wp\/v2\/comments?post=329"}],"version-history":[{"count":8,"href":"https:\/\/www.esteri.it\/it\/wp-json\/wp\/v2\/pages\/329\/revisions"}],"predecessor-version":[{"id":181234,"href":"https:\/\/www.esteri.it\/it\/wp-json\/wp\/v2\/pages\/329\/revisions\/181234"}],"up":[{"embeddable":true,"href":"https:\/\/www.esteri.it\/it\/wp-json\/wp\/v2\/pages\/284"}],"wp:attachment":[{"href":"https:\/\/www.esteri.it\/it\/wp-json\/wp\/v2\/media?parent=329"}],"curies":[{"name":"wp","href":"https:\/\/api.w.org\/{rel}","templated":true}]}}