{"id":43989,"date":"2021-09-16T13:43:13","date_gmt":"2021-09-16T11:43:13","guid":{"rendered":"https:\/\/www.esteri.it\/?page_id=43989"},"modified":"2016-06-01T15:25:13","modified_gmt":"2016-06-01T13:25:13","slug":"quanto-spendono-gli-altri-paesi_0","status":"publish","type":"page","link":"https:\/\/www.esteri.it\/it\/trasparenza_comunicazioni_legali\/bilancio-trasparente\/quanto-spendiamo\/quanto-spendono-gli-altri-paesi_0\/","title":{"rendered":"Quanto spendono gli altri Paesi &#8211; dati 2015"},"content":{"rendered":"<p style=\"text-align: center;\"><strong>Grafico confronto con gli altri Paesi &#8211;\u00a0Confronto in termini assoluti, al netto APS<br \/>\n<\/strong><\/p>\n<p><img loading=\"lazy\" decoding=\"async\" class=\"img-fluid wp-image-43990 size-full aligncenter\" src=\"http:\/\/www.esteri.it\/wp-content\/uploads\/2021\/09\/grafico-1-confronto-con-gli-altri-paesi.jpg\" alt=\"Quanto spendono gli altri Paesi - dati 2015\" width=\"700\" height=\"433\" srcset=\"https:\/\/www.esteri.it\/wp-content\/uploads\/2021\/09\/grafico-1-confronto-con-gli-altri-paesi.jpg 700w, https:\/\/www.esteri.it\/wp-content\/uploads\/2021\/09\/grafico-1-confronto-con-gli-altri-paesi-300x186.jpg 300w\" sizes=\"auto, (max-width: 700px) 100vw, 700px\" \/><\/p>\n<p>Il confronto con gli altri Paesi \u00e8 molto difficile, perch\u00e9 ogni Paese pu\u00f2 affidare al proprio Ministero degli Esteri funzioni diverse e perch\u00e9 i sistemi di contabilit\u00e0 sono diversi.<\/p>\n<p>L\u2019Unione Europea e, in particolare, Eurostat, l\u2019Ufficio di statistica dell\u2019Unione, elabora alcune tabelle di confronto della spesa pubblica sostenuta dai Paesi membri, basate sulla classificazione comune delle funzioni svolte dai diversi Governi, denominata COFOG. Tuttavia, i dati della classificazione COFOG sono pubblicati ad un livello di dettaglio non sufficiente per poter confrontare la spesa dei Ministeri degli Affari Esteri.<\/p>\n<p>In ogni caso, \u00e8 necessario confrontare il Bilancio al netto dell\u2019Aiuto Pubblico allo Sviluppo (APS), perch\u00e9 in molti Paesi i relativi stanziamenti sono affidati ad uno specifico Ministero o ad un\u2019Agenzia, a differenza di quanto avviene finora in Italia.<\/p>\n<p>Con molta approssimazione, si possono quindi confrontare i dati di bilancio in termini assoluti o in percentuale rispetto al PIL.<\/p>\n<p>Abbiamo preferito non confrontare il peso del bilancio Mae sul complesso del bilancio statale, perch\u00e9 l\u2019entit\u00e0 del bilancio statale, in ogni Paese, dipende dalla forma di governo: in uno Stato federale, il bilancio statale \u00e8 pi\u00f9 piccolo rispetto al bilancio statale di uno stato non federale, dove le funzioni e le corrispondenti risorse finanziarie sono accentrate.<\/p>\n<p style=\"text-align: center;\"><strong>Quanto spendono gli altri Paesi? &#8211;\u00a0Confronto in termini assoluti, al netto APS<\/strong><\/p>\n<table id=\"Table1\" class=\"tblComLegali\" style=\"border-color: #bce6eb;\">\n<tbody>\n<tr>\n<td>GERMANIA<\/td>\n<td>FRANCIA<\/td>\n<td>REGNO UNITO (*)<\/td>\n<td>ITALIA<\/td>\n<td>PAESI BASSI<\/td>\n<td>SPAGNA<\/td>\n<\/tr>\n<tr>\n<td>3.638.266.000<\/td>\n<td>2.942.042.207<\/td>\n<td>2.475.710.687<\/td>\n<td>1.634.296.295<\/td>\n<td>1.346.000.000<\/td>\n<td>901.142.430<\/td>\n<\/tr>\n<\/tbody>\n<\/table>\n<p><span style=\"font-size: 8pt;\"><em>*al cambio Banca d&#8217;Italia 31.12.1013<\/em><\/span><\/p>\n<p>&nbsp;<\/p>\n","protected":false},"excerpt":{"rendered":"Grafico confronto con gli altri Paesi &#8211;\u00a0Confronto in termini assoluti, al netto APS Il confronto con gli altri Paesi \u00e8 molto difficile, perch\u00e9 ogni Paese pu\u00f2 affidare al proprio Ministero degli Esteri funzioni diverse e perch\u00e9 i sistemi di contabilit\u00e0 sono diversi. L\u2019Unione Europea e, in particolare, Eurostat, l\u2019Ufficio di statistica dell\u2019Unione, elabora alcune tabelle [&hellip;]","protected":false},"author":1,"featured_media":0,"parent":28857,"menu_order":0,"comment_status":"closed","ping_status":"closed","template":"page-trasparente.php","meta":{"footnotes":""},"class_list":["post-43989","page","type-page","status-publish","hentry"],"_links":{"self":[{"href":"https:\/\/www.esteri.it\/it\/wp-json\/wp\/v2\/pages\/43989","targetHints":{"allow":["GET"]}}],"collection":[{"href":"https:\/\/www.esteri.it\/it\/wp-json\/wp\/v2\/pages"}],"about":[{"href":"https:\/\/www.esteri.it\/it\/wp-json\/wp\/v2\/types\/page"}],"author":[{"embeddable":true,"href":"https:\/\/www.esteri.it\/it\/wp-json\/wp\/v2\/users\/1"}],"replies":[{"embeddable":true,"href":"https:\/\/www.esteri.it\/it\/wp-json\/wp\/v2\/comments?post=43989"}],"version-history":[{"count":0,"href":"https:\/\/www.esteri.it\/it\/wp-json\/wp\/v2\/pages\/43989\/revisions"}],"up":[{"embeddable":true,"href":"https:\/\/www.esteri.it\/it\/wp-json\/wp\/v2\/pages\/28857"}],"wp:attachment":[{"href":"https:\/\/www.esteri.it\/it\/wp-json\/wp\/v2\/media?parent=43989"}],"curies":[{"name":"wp","href":"https:\/\/api.w.org\/{rel}","templated":true}]}}