{"id":44777,"date":"2021-09-29T15:41:22","date_gmt":"2021-09-29T13:41:22","guid":{"rendered":"https:\/\/www.esteri.it\/?page_id=44777"},"modified":"2021-10-05T12:53:47","modified_gmt":"2021-10-05T10:53:47","slug":"pilastro-sistema-fieristico","status":"publish","type":"page","link":"https:\/\/www.esteri.it\/it\/diplomazia-economica-e-politica-commerciale\/diplomaziaeconomica\/sostegno-all-internazionalizzazione\/archivio-delle-iniziative-a-sostegno-dell-internazionalizzazione-realizzate-nel-triennio-2020-2023\/patto-per-l-export\/pilastro-sistema-fieristico\/","title":{"rendered":"Pilastro Sistema Fieristico"},"content":{"rendered":"<p><img loading=\"lazy\" decoding=\"async\" class=\"img-fluid aligncenter wp-image-44779\" src=\"http:\/\/www.esteri.it\/wp-content\/uploads\/2021\/09\/7pattoexport_sistema_fieristico-300x169.jpg\" alt=\"Pilastro Sistema Fieristico\" width=\"450\" height=\"253\" srcset=\"https:\/\/www.esteri.it\/wp-content\/uploads\/2021\/09\/7pattoexport_sistema_fieristico-300x169.jpg 300w, https:\/\/www.esteri.it\/wp-content\/uploads\/2021\/09\/7pattoexport_sistema_fieristico-1024x575.jpg 1024w, https:\/\/www.esteri.it\/wp-content\/uploads\/2021\/09\/7pattoexport_sistema_fieristico-768x432.jpg 768w, https:\/\/www.esteri.it\/wp-content\/uploads\/2021\/09\/7pattoexport_sistema_fieristico.jpg 1139w\" sizes=\"auto, (max-width: 450px) 100vw, 450px\" \/><\/p>\n<p><strong><u>Obiettivo<\/u><\/strong>: sostenere la ripartenza del settore fieristico nazionale attraverso azioni di sostegno promozionale \u2013 anche in forma digitale \u2013 e linee d\u2019intervento finanziarie.<\/p>\n<p>Il Ministero degli Affari Esteri e della Cooperazione internazionale, riconoscendo al sistema fieristico ed ai suoi processi di internazionalizzazione l\u2019importante ruolo di motore per la crescita economica e veicolo delle esportazioni italiane nel mondo, ha messo in campo diverse linee di attivit\u00e0, sia sul versante promozionale che di sostegno finanziario, rivolte a tutti gli operatori (quartieri, organizzatori, espositori ed operatori economici) con l\u2019obiettivo di facilitare la ripartenza di tutto il settore. <u>La riapertura delle fiere italiane in presenza fisica \u00e8 avvenuta il 15 giugno 2021.<\/u><\/p>\n<p>&nbsp;<\/p>\n<p><strong><u>Linee di attivit\u00e0<\/u><\/strong>:<\/p>\n<ol>\n<li><strong>ATTIVITA\u2019 PROMOZIONALI DI POTENZIAMENTO DELLE PRINCIPALI FIERE ITALIANE<\/strong><\/li>\n<\/ol>\n<p>Stanziati <strong>57 milioni di euro<\/strong> a favore del rilancio del sistema fieristico nell\u2019ambito del Piano Straordinario per la Promozione del Made in Italy 2020-2021 (gestiti attraverso l\u2019Agenzia ICE in azioni di potenziamento delle principali fiere internazionali italiane).<\/p>\n<p>Su questa linea, nell\u2019autunno 2020, \u00e8 gi\u00e0 stato operato il potenziamento di <strong>38 fiere<\/strong> (<strong>di cui 15 in formato digitale).<\/strong><\/p>\n<p>&nbsp;<\/p>\n<ol start=\"2\">\n<li><strong>COMUNICAZIONE<\/strong><\/li>\n<\/ol>\n<p><strong>Lancio di una campagna di comunicazione straordinaria <\/strong>dedicata alle fiere internazionali italiane <strong>su 4 mercati europei prioritari entro l&#8217;autunno 2021, <\/strong>i cui temi principali e mercati di destinazione sono stabiliti di concerto con la Conferenza delle Regioni e le associazioni di categoria AEFI (Associazione Esposizioni e Fiere Italiane) e CFI (Comitato Fiere Industria). La campagna, che sar\u00e0 rivolta verso Germania, Francia, Regno Unito e Spagna, avr\u00e0 l\u2019obiettivo evidenziare le caratteristiche uniche e inconfondibili del calendario fieristico nazionale e l\u2019elevata qualit\u00e0 delle fiere internazionali italiane.<\/p>\n<p>&nbsp;<\/p>\n<ol start=\"3\">\n<li><strong>INIZIATIVE DI DIGITALIZZAZIONE<\/strong><\/li>\n<\/ol>\n<p>Nel periodo di pandemia, per mantenere vive le attivit\u00e0 promozionali e le relazioni economico-commerciali verso l\u2019estero, \u00e8 stata creata, attraverso ICE Agenzia, <strong>la piattaforma virtuale<\/strong> <strong>\u201c<em>Fiera Smart 365\u201d<\/em><\/strong>, con il fine di supportare gli espositori italiani e garantire loro la massima visibilit\u00e0 internazionale mettendo a disposizione di fiere, associazioni e consorzi uno spazio personalizzabile per l\u2019organizzazione di fiere, seminari e B2B virtuali.<\/p>\n<p>&nbsp;<\/p>\n<ol start=\"4\">\n<li><strong>INCOMING<\/strong><\/li>\n<\/ol>\n<p><strong>Attuazione di programmi speciali di <em>incoming<\/em><\/strong>: a favore di <em>buyer<\/em>, <em>influencer<\/em>, <em>blogger<\/em>, VIP stranieri, giornalisti, testimonial presso le principali fiere di rilievo internazionale realizzate in Italia. Tali programmi, trasferiti sul digitale dall\u2019ottobre 2020, riprenderanno in forma fisica a partire dal <strong>15 giugno 2021<\/strong> e saranno caratterizzati dai seguenti aspetti:<\/p>\n<ul>\n<li>estensione dei percorsi di visita sull&#8217;intero territorio italiano, per valorizzarne specificit\u00e0 e vocazioni locali;<\/li>\n<li>moltiplicazione dei benefici attraverso la promozione delle potenzialit\u00e0 di investimento, della capacit\u00e0 di attrazione turistica e delle filiere collegate al settore fieristico;<\/li>\n<li>indirizzamento di nuovi visitatori alla piattaforma virtuale ICE e alle piattaforme digitali delle singole fiere italiane.<\/li>\n<li><\/li>\n<\/ul>\n<ol start=\"5\">\n<li><strong>COORDINAMENTO CON IL MINISTERO DELLA SALUTE PER L\u2019INGRESSO DI OPERATORI FIERISTICI STRANIERI SUL TERRITORIO ITALIANO<\/strong><\/li>\n<\/ol>\n<p>In base alle procedure concordate tra il Ministero degli Affari Esteri e della Cooperazione Internazionale e il Ministero della Salute, gli operatori stranieri diretti a manifestazioni fieristiche internazionali organizzate in Italia a partire dalla <strong><u>riapertura del 15 giugno 2021<\/u><\/strong>, potranno fare riferimento alle seguenti modalit\u00e0 di accesso sul territorio nazionale, che sostituiscono il precedente regime dei cd. \u201ccorridoi verdi\u201d (attivi nell\u2019autunno del 2020) per offrire un pi\u00f9 ampio ventaglio di possibilit\u00e0 a seconda delle esigenze specifiche di ciascuno.<\/p>\n<p>Nello specifico:<\/p>\n<ul>\n<li>per coloro che provengono dai Paesi di cui agli elenchi <a href=\"https:\/\/www.salute.gov.it\/portale\/nuovocoronavirus\/dettaglioContenutiNuovoCoronavirus.jsp?lingua=italiano&amp;id=5411&amp;area=nuovoCoronavirus&amp;menu=vuoto&amp;tab=1\">A<\/a>, <a href=\"https:\/\/www.salute.gov.it\/portale\/nuovocoronavirus\/dettaglioContenutiNuovoCoronavirus.jsp?lingua=italiano&amp;id=5411&amp;area=nuovoCoronavirus&amp;menu=vuoto&amp;tab=2\">B<\/a> e <a href=\"https:\/\/www.salute.gov.it\/portale\/nuovocoronavirus\/dettaglioContenutiNuovoCoronavirus.jsp?lingua=italiano&amp;id=5411&amp;area=nuovoCoronavirus&amp;menu=vuoto&amp;tab=3\">C<\/a> ( (di cui alle relative ordinanze del Ministero della Salute) restano valide le regole applicabili in via generale.<\/li>\n<li>I visitatori e gli operatori che provengono dai Paesi di cui agli elenchi <a href=\"https:\/\/www.salute.gov.it\/portale\/nuovocoronavirus\/dettaglioContenutiNuovoCoronavirus.jsp?lingua=italiano&amp;id=5411&amp;area=nuovoCoronavirus&amp;menu=vuoto&amp;tab=4\">D<\/a> ed <a href=\"https:\/\/www.salute.gov.it\/portale\/nuovocoronavirus\/dettaglioContenutiNuovoCoronavirus.jsp?lingua=italiano&amp;id=5411&amp;area=nuovoCoronavirus&amp;menu=vuoto&amp;tab=5\">E<\/a> (di cui alle relative ordinanze del Ministero della Salute) potranno avvalersi della <strong>deroga<\/strong> che prevede l\u2019<strong>esenzione dall\u2019obbligo di tampone e di quarantena<\/strong> a chiunque <strong>faccia ingresso in Italia<\/strong> per un periodo <strong><u>non superiore alle centoventi ore (5 giorni)<\/u><\/strong> per comprovati motivi di lavoro. Permane <strong>l&#8217;obbligo<\/strong> di compilazione dell&#8217;autodichiarazione e di comunicazione del proprio ingresso dall\u2019estero sul territorio nazionale alla competente autorit\u00e0 sanitaria. Allo scadere di tale termine, l\u2019interessato \u00e8 tenuto a lasciare immediatamente il territorio nazionale o, in mancanza, ad iniziare il periodo di sorveglianza e di isolamento fiduciario.<\/li>\n<li>Ove sia necessaria la permanenza sul territorio italiano per <strong>pi\u00f9 di 120 ore<\/strong>, \u00e8 possibile avvalersi della deroga all\u2019obbligo di isolamento fiduciario e sorveglianza sanitaria per motivi non differibili. La richiesta dovr\u00e0 essere inviata direttamente all&#8217;<strong>Ufficio 3 della Direzione Generale della Prevenzione Sanitaria del Ministero della Salute (coordinamento.usmafsasn@sanita.it)<\/strong> che, in caso di esito positivo, trasmetter\u00e0 le linee guida alle quali il viaggiatore internazionale deve attenersi per essere esentato dagli obblighi di isolamento fiduciario. Per richiedere la deroga \u00e8 necessario seguire tutte le prescrizioni indicate nell\u2019<a href=\"https:\/\/www.salute.gov.it\/portale\/nuovocoronavirus\/dettaglioContenutiNuovoCoronavirus.jsp?lingua=italiano&amp;id=5411&amp;area=nuovoCoronavirus&amp;menu=vuoto&amp;tab=8\">apposita pagina web del sito del Ministero della Salute<\/a>) e inviare la documentazione richiesta <strong>almeno 7 giorni lavorativi prima della data di ingresso<\/strong> in Italia all\u2019indirizzo email sopra indicato. L\u2019autorizzazione potr\u00e0 essere richiesta anche direttamente dagli organizzatori della manifestazione fieristica per la quale si richiede l\u2019esenzione.<\/li>\n<li>Resta salva la possibilit\u00e0 di avvalersi delle condizioni di deroga ed esenzione dalla quarantena previste per l\u2019ingresso in Italia attraverso <strong>voli \u201cCOVID tested\u201d<\/strong>, ovvero quei voli specificamente autorizzati dal Ministero della Salute mediante apposita ordinanza, che al momento estende la sperimentazione agli aeroporti internazionali di Roma Fiumicino, Milano Malpensa, Napoli Capodichino e Venezia Marco Polo per i collegamenti con Canada, Giappone, Emirati Arabi Uniti e Stati Uniti d\u2019America. L\u2019elenco \u00e8 in continuo aggiornamento e pu\u00f2 essere consultato all\u2019<a href=\"https:\/\/www.salute.gov.it\/portale\/nuovocoronavirus\/dettaglioContenutiNuovoCoronavirus.jsp?lingua=italiano&amp;id=5411&amp;area=nuovoCoronavirus&amp;menu=vuoto&amp;tab=9\">apposita pagina web.<\/a> Per informazioni sull\u2019effettiva operativit\u00e0 dei voli \u201cCovid-tested\u201d sulle tratte per le quali \u00e8 in corso o \u00e8 prevista la sperimentazione \u00e8 necessario rivolgersi direttamente alle compagnie aeree.<\/li>\n<\/ul>\n<p>&nbsp;<\/p>\n<ol start=\"6\">\n<li><strong>STRUMENTI FINANZIARI DI SOSTEGNO AL SISTEMA FIERISTICO<\/strong><\/li>\n<\/ol>\n<ul>\n<li>Dal 9 dicembre 2020 \u00e8 operativa una nuova linea di finanziamento agevolato gestita da SIMEST \u201c<strong>Patrimonializzazione a supporto del sistema fieristico\u201d,<\/strong> in favore degli enti fieristici ed imprese organizzatrici di eventi fieristici internazionali. Sono previsti finanziamenti fino a 10 e 7 milioni di euro, sulla base del rating dell&#8217;ente, con cofinanziamenti a fondo perduto in regime di Temporary Framework (fino al 50% della somma richiesta, per un massimo di 800.000 euro).<\/li>\n<li>In linea con quanto previsto dal Temporary Framework, dal 12 aprile \u00e8 operativa presso la stessa SIMEST la misura di emissione <strong>di contributi a fondo perduto<\/strong> commisurati ai <strong>costi fissi<\/strong> sostenuti dal 1\u00b0 marzo 2020 e non coperti da utili, fino ad un intervento massimo di 10 milioni di euro, rivolta agli stessi soggetti.<\/li>\n<li>Grazie all\u2019<strong>ampliamento dell&#8217;operativit\u00e0 del fondo 394\/81 gestito da SIMEST al territorio dell\u2019Unione Europea, Italia inclusa,<\/strong> le aziende italiane possono avvalersi del finanziamento \u201cFiere e Mostre\u201d a copertura delle <strong>spese per partecipazione a manifestazioni internazionali<\/strong> che si tengono sul territorio nazionale.<\/li>\n<\/ul>\n","protected":false},"excerpt":{"rendered":"Obiettivo: sostenere la ripartenza del settore fieristico nazionale attraverso azioni di sostegno promozionale \u2013 anche in forma digitale \u2013 e linee d\u2019intervento finanziarie. Il Ministero degli Affari Esteri e della Cooperazione internazionale, riconoscendo al sistema fieristico ed ai suoi processi di internazionalizzazione l\u2019importante ruolo di motore per la crescita economica e veicolo delle esportazioni italiane [&hellip;]","protected":false},"author":1,"featured_media":0,"parent":30240,"menu_order":4,"comment_status":"closed","ping_status":"closed","template":"page-imprese.php","meta":{"footnotes":""},"class_list":["post-44777","page","type-page","status-publish","hentry"],"_links":{"self":[{"href":"https:\/\/www.esteri.it\/it\/wp-json\/wp\/v2\/pages\/44777","targetHints":{"allow":["GET"]}}],"collection":[{"href":"https:\/\/www.esteri.it\/it\/wp-json\/wp\/v2\/pages"}],"about":[{"href":"https:\/\/www.esteri.it\/it\/wp-json\/wp\/v2\/types\/page"}],"author":[{"embeddable":true,"href":"https:\/\/www.esteri.it\/it\/wp-json\/wp\/v2\/users\/1"}],"replies":[{"embeddable":true,"href":"https:\/\/www.esteri.it\/it\/wp-json\/wp\/v2\/comments?post=44777"}],"version-history":[{"count":0,"href":"https:\/\/www.esteri.it\/it\/wp-json\/wp\/v2\/pages\/44777\/revisions"}],"up":[{"embeddable":true,"href":"https:\/\/www.esteri.it\/it\/wp-json\/wp\/v2\/pages\/30240"}],"wp:attachment":[{"href":"https:\/\/www.esteri.it\/it\/wp-json\/wp\/v2\/media?parent=44777"}],"curies":[{"name":"wp","href":"https:\/\/api.w.org\/{rel}","templated":true}]}}