{"id":44914,"date":"2021-10-01T15:06:08","date_gmt":"2021-10-01T13:06:08","guid":{"rendered":"https:\/\/www.esteri.it\/?page_id=44914"},"modified":"2021-10-01T15:06:08","modified_gmt":"2021-10-01T13:06:08","slug":"il-g20-innovation-league","status":"publish","type":"page","link":"https:\/\/www.esteri.it\/it\/politica-estera-e-cooperazione-allo-sviluppo\/organizzazioni_internazionali\/g20\/il-g20-innovation-league\/","title":{"rendered":"Il G20 Innovation League"},"content":{"rendered":"<p><img loading=\"lazy\" decoding=\"async\" class=\"img-fluid alignnone wp-image-44915\" src=\"http:\/\/www.esteri.it\/wp-content\/uploads\/2021\/10\/Innovation_League_IT.jpg\" alt=\"\" width=\"500\" height=\"330\" srcset=\"https:\/\/www.esteri.it\/wp-content\/uploads\/2021\/10\/Innovation_League_IT.jpg 637w, https:\/\/www.esteri.it\/wp-content\/uploads\/2021\/10\/Innovation_League_IT-300x198.jpg 300w\" sizes=\"auto, (max-width: 500px) 100vw, 500px\" \/><\/p>\n<p>Il G20 Innovation League si terr\u00e0 a\u00a0<strong>Sorrento<\/strong>\u00a0dal\u00a0<strong>9 al 10 ottobre 2021<\/strong>, subito prima della riunione ministeriale Commercio. L\u2019evento \u00e8 organizzato dal Ministero degli Affari Esteri &#8211; in collaborazione con ICE-Agenzia, CDP Venture Capital, SIMEST e in raccordo con il Ministero dello Sviluppo Economico e il Ministero per innovazione tecnologica e transizione digitale.<\/p>\n<p>Al\u00a0<strong>G20 Innovation League\u00a0<\/strong>start-up innovative provenienti da oltre 20 Paesi si riuniranno a Sorrento per presentare a investitori e imprese internazionali le soluzioni tecnologiche a cinque tra le\u00a0<strong>maggiori<\/strong>\u00a0<strong>sfide globali<\/strong>\u00a0(le opportunit\u00e0 legate alle tecnologie pulite (c.d.\u00a0<i>clean tech<\/i>); le potenzialit\u00e0 e i rischi dell\u2019intelligenza artificiale; l\u2019uso efficiente dell\u2019internet delle cose (IoT); le citt\u00e0 intelligenti e il futuro della mobilit\u00e0; il futuro della sanit\u00e0.)<\/p>\n<p>Nel solco dei pilastri di azione della Presidenza Italiana G20 (<strong>Persone, Pianeta<\/strong>\u00a0e\u00a0<strong>Prosperit\u00e0<\/strong>), il G20 Innovation League intende\u00a0<strong>stimolare nuovi investimenti internazionali<\/strong>\u00a0nel settore dell\u2019innovazione tecnologica e allo stesso tempo\u00a0<strong>favorire la cooperazione<\/strong>\u00a0<strong>per la ricerca di soluzioni alle sfide globali<\/strong>. Al termine dell\u2019evento, saranno premiate le 10 start-up con le proposte giudicate migliori dagli investitori e dalle imprese partecipanti.<\/p>\n<p><a href=\"https:\/\/www.g20.org\/italian-g20-presidency\/g20-innovation-league.html%20\">Per maggiori informazioni &gt;&gt;<\/a><\/p>\n","protected":false},"excerpt":{"rendered":"Il G20 Innovation League si terr\u00e0 a\u00a0Sorrento\u00a0dal\u00a09 al 10 ottobre 2021, subito prima della riunione ministeriale Commercio. L\u2019evento \u00e8 organizzato dal Ministero degli Affari Esteri &#8211; in collaborazione con ICE-Agenzia, CDP Venture Capital, SIMEST e in raccordo con il Ministero dello Sviluppo Economico e il Ministero per innovazione tecnologica e transizione digitale. Al\u00a0G20 Innovation League\u00a0start-up [&hellip;]","protected":false},"author":1,"featured_media":0,"parent":31008,"menu_order":0,"comment_status":"closed","ping_status":"closed","template":"page-estera.php","meta":{"footnotes":""},"class_list":["post-44914","page","type-page","status-publish","hentry"],"_links":{"self":[{"href":"https:\/\/www.esteri.it\/it\/wp-json\/wp\/v2\/pages\/44914","targetHints":{"allow":["GET"]}}],"collection":[{"href":"https:\/\/www.esteri.it\/it\/wp-json\/wp\/v2\/pages"}],"about":[{"href":"https:\/\/www.esteri.it\/it\/wp-json\/wp\/v2\/types\/page"}],"author":[{"embeddable":true,"href":"https:\/\/www.esteri.it\/it\/wp-json\/wp\/v2\/users\/1"}],"replies":[{"embeddable":true,"href":"https:\/\/www.esteri.it\/it\/wp-json\/wp\/v2\/comments?post=44914"}],"version-history":[{"count":0,"href":"https:\/\/www.esteri.it\/it\/wp-json\/wp\/v2\/pages\/44914\/revisions"}],"up":[{"embeddable":true,"href":"https:\/\/www.esteri.it\/it\/wp-json\/wp\/v2\/pages\/31008"}],"wp:attachment":[{"href":"https:\/\/www.esteri.it\/it\/wp-json\/wp\/v2\/media?parent=44914"}],"curies":[{"name":"wp","href":"https:\/\/api.w.org\/{rel}","templated":true}]}}