{"id":45067,"date":"2021-10-05T11:56:19","date_gmt":"2021-10-05T09:56:19","guid":{"rendered":"https:\/\/www.esteri.it\/?page_id=45067"},"modified":"2024-07-16T11:54:34","modified_gmt":"2024-07-16T09:54:34","slug":"true-italian-taste","status":"publish","type":"page","link":"https:\/\/www.esteri.it\/it\/diplomazia-economica-e-politica-commerciale\/diplomaziaeconomica\/sostegno-all-internazionalizzazione\/archivio-delle-iniziative-a-sostegno-dell-internazionalizzazione-realizzate-nel-triennio-2020-2023\/true-italian-taste\/","title":{"rendered":"True Italian Taste"},"content":{"rendered":"<p>Il progetto \u201cTrue Italian Taste\u201d, <strong>realizzato da Assocamerestero in collaborazione con le Camere di Commercio italiane all&#8217;estero<\/strong>, si svolge nell&#8217;ambito della Campagna &#8220;The Extraordinary Italian Taste&#8221;, <strong>promossa e finanziata dal Ministero delle Politiche Agricole Alimentari e Forestali e dal Ministero degli Affari Esteri e della Cooperazione Internazionale per valorizzare e salvaguardare il prodotto agroalimentare autentico italiano<\/strong> e combattere il fenomeno dell\u2019 \u201cItalian sounding\u201d, che sfrutta la reputazione e l\u2019attrattivit\u00e0\u00a0 dei prodotti alimentare italiani nel mondo.<\/p>\n<p>Avviato nel 2016 sui mercati del Nord America, il progetto tocca oggi <strong>23 Paesi tra Europa, Nord e Sud America, Australia, Russia, Cina, India, per un totale di 36 Camere di Commercio italiane all\u2019estero coinvolte.<\/strong><\/p>\n<p>Il progetto \u00e8 stato costruito non solo per <strong>aumentare la consapevolezza e la conoscenza del prodotto italiano autentico<\/strong>, rendendo cos\u00ec la scelta di acquisto pi\u00f9 consapevole da un punto di vista della provenienza e della qualit\u00e0, ma anche per aiutare le imprese italiane di prodotti certificati, tipici e di nicchia a posizionarsi sui mercati <em>target<\/em> o a consolidare e diversificare la gamma di prodotti gi\u00e0 posizionati.<\/p>\n<p>Il progetto prevede la realizzazione di varie iniziative suddivise in azioni, analisi, formazione, b2b, educational tour, promozione, comunicazione.<\/p>\n<p>Il progetto si \u00e8 concluso nel 2023.<\/p>\n","protected":false},"excerpt":{"rendered":"Il progetto \u201cTrue Italian Taste\u201d, realizzato da Assocamerestero in collaborazione con le Camere di Commercio italiane all&#8217;estero, si svolge nell&#8217;ambito della Campagna &#8220;The Extraordinary Italian Taste&#8221;, promossa e finanziata dal Ministero delle Politiche Agricole Alimentari e Forestali e dal Ministero degli Affari Esteri e della Cooperazione Internazionale per valorizzare e salvaguardare il prodotto agroalimentare autentico [&hellip;]","protected":false},"author":1,"featured_media":0,"parent":118389,"menu_order":3,"comment_status":"closed","ping_status":"closed","template":"page-imprese.php","meta":{"footnotes":""},"class_list":["post-45067","page","type-page","status-publish","hentry"],"_links":{"self":[{"href":"https:\/\/www.esteri.it\/it\/wp-json\/wp\/v2\/pages\/45067","targetHints":{"allow":["GET"]}}],"collection":[{"href":"https:\/\/www.esteri.it\/it\/wp-json\/wp\/v2\/pages"}],"about":[{"href":"https:\/\/www.esteri.it\/it\/wp-json\/wp\/v2\/types\/page"}],"author":[{"embeddable":true,"href":"https:\/\/www.esteri.it\/it\/wp-json\/wp\/v2\/users\/1"}],"replies":[{"embeddable":true,"href":"https:\/\/www.esteri.it\/it\/wp-json\/wp\/v2\/comments?post=45067"}],"version-history":[{"count":1,"href":"https:\/\/www.esteri.it\/it\/wp-json\/wp\/v2\/pages\/45067\/revisions"}],"predecessor-version":[{"id":120267,"href":"https:\/\/www.esteri.it\/it\/wp-json\/wp\/v2\/pages\/45067\/revisions\/120267"}],"up":[{"embeddable":true,"href":"https:\/\/www.esteri.it\/it\/wp-json\/wp\/v2\/pages\/118389"}],"wp:attachment":[{"href":"https:\/\/www.esteri.it\/it\/wp-json\/wp\/v2\/media?parent=45067"}],"curies":[{"name":"wp","href":"https:\/\/api.w.org\/{rel}","templated":true}]}}