{"id":45153,"date":"2021-10-05T15:48:45","date_gmt":"2021-10-05T13:48:45","guid":{"rendered":"https:\/\/www.esteri.it\/?page_id=45153"},"modified":"2025-12-17T14:49:51","modified_gmt":"2025-12-17T13:49:51","slug":"l-italia-nei-ranking-internazionali","status":"publish","type":"page","link":"https:\/\/www.esteri.it\/it\/diplomazia-economica-e-politica-commerciale\/diplomaziaeconomica\/l-attrazione-degli-investimenti\/l-italia-nei-ranking-internazionali\/","title":{"rendered":"L&#8217;Italia nei ranking internazionali"},"content":{"rendered":"<p>I ranking internazionali hanno una elevata capacit\u00e0 di influenzare le scelte di localizzazione degli investimenti agendo sulla percezione degli investitori, ma soprattutto sulle prime operazioni di screening che riguardano in particolare il \u201cclima di affari \u201cdei Paesi in cui realizzare gli investimenti.<\/p>\n<p>Il nostro Paese, pur in presenza di alcune criticit\u00e0, gode di una positiva percezione certificata da alcuni indici internazionali:<\/p>\n<ul>\n<li>L\u2019ultimo rapporto <a href=\"https:\/\/www.kearney.com\/service\/global-business-policy-council\/foreign-direct-investment-confidence-index\">Foreign Direct Investment Confidence Index 2025<\/a> realizzato dall\u2019Agenzia Kearney, posiziona l\u2019Italia all\u2019 <strong>8\u00b0 posto<\/strong><strong> tra le 25 economie attrattive (11ma posizione nel 2024)<\/strong>. L\u2019indice misura annualmente l\u2019impatto delle politiche e dei cambiamenti economici e normativi sulle intenzioni di investimento di amministratori delegati ed altri\u00a0decision makers\u00a0di circa mille aziende globali.<\/li>\n<li>il <a href=\"https:\/\/www.ambrosetti.eu\/global-attractiveness-index\/\">Global Attractiveness Index 2025<\/a> (GAI) di The European House Ambrosetti, colloca l\u2019Italia al <strong>16\u00b0 posto su 146 Paesi<\/strong><strong> rispetto al 19\u00b0 posto nell\u2019edizione precedente superando la Danimarca, il Belgio e l\u2019Irlanda <\/strong>(nel 2017 occupava la 25ma posizione). Nell\u2019edizione 2025 il Paese mantiene la 10ma posizione a livello globale confermandosi nella top 10 dei Paesi pi\u00f9 innovativi al mondo per il secondo anno consecutivo.<\/li>\n<li>Secondo <strong>EY Attractiveness Index Survey 2025<\/strong>, l\u2019Italia conta <strong>224 progetti di investimenti diretti esteri nel 2024<\/strong>, rispetto ai 214 dell\u2019anno precedente, registrando una <strong>crescita del 5% degli investimenti diretti esteri (IDE)<\/strong>. Questo dato rappresenta una controtendenza rispetto al contesto europeo, dove si \u00e8 registrato un calo del 5% per il 2024.\u00a0 Si rafforzano gli investimenti provenienti dall\u2019Europa e gli Stati Uniti rappresentano il principale Paese di provenienza degli investimenti in Italia. Il 25% degli investimenti si concentra nel settore dei servizi digitali e IT, seguiti dai servizi professionali e dai comparti dei prodotti industriali e mobilit\u00e0.<\/li>\n<\/ul>\n<p>Il posizionamento dell\u2019Italia negli indici sopra citati non \u00e8 sempre coerente con la realt\u00e0 macroeconomica del Paese, producendo potenziali conseguenze negative sulla percezione degli investitori stranieri. Difatti, parte degli indici sono costruiti non attraverso dati oggettivi ma attraverso interviste atte a misurare le percezioni. Considerando che l\u2019Italia \u00e8 uno dei Paesi pi\u00f9 autocritici al mondo, ci\u00f2 la penalizza rispetto a Paesi la cui auto-percezione risulta essere pi\u00f9 positiva (The European House Ambrosetti).<\/p>\n<p>Inoltre, alcuni elementi peculiari del nostro ordinamento, come ad esempio l\u2019obbligatoriet\u00e0 dell\u2019azione penale, segnalano un maggiore numero di reati falsando l\u2019immagine del nostro Paese, se messo a confronto con sistemi giuridici diversi. Nel quadro del consolidamento della strategia nazionale per l\u2019attrazione degli investimenti dall\u2019estero\u00a0\u00e8 stata, dunque, attivata una strategia volta a rendere pi\u00f9 aderente alla realt\u00e0 il posizionamento dell\u2019Italia nei diversi\u00a0<em>ranking<\/em>\u00a0internazionali elaborati da organizzazioni ed enti sia pubblici che privati. A tal fine, il <strong>Comitato Attrazione Investimenti Esteri (CAIE)<\/strong> ha creato al suo interno un\u00a0<strong>Gruppo di Lavoro Indici<\/strong>\u00a0<strong>Internazionali<\/strong>\u00a0(<em>per ulteriori approfondimenti vedi<\/em>:\u00a0<a href=\"https:\/\/www.esteri.it\/it\/diplomazia-economica-e-politica-commerciale\/diplomaziaeconomica\/l-attrazione-degli-investimenti\/governance\/\">Governance<\/a>).<\/p>\n<p>&nbsp;<\/p>\n","protected":false},"excerpt":{"rendered":"I ranking internazionali hanno una elevata capacit\u00e0 di influenzare le scelte di localizzazione degli investimenti agendo sulla percezione degli investitori, ma soprattutto sulle prime operazioni di screening che riguardano in particolare il \u201cclima di affari \u201cdei Paesi in cui realizzare gli investimenti. Il nostro Paese, pur in presenza di alcune criticit\u00e0, gode di una positiva [&hellip;]","protected":false},"author":1,"featured_media":0,"parent":30237,"menu_order":3,"comment_status":"closed","ping_status":"closed","template":"page-imprese.php","meta":{"footnotes":""},"class_list":["post-45153","page","type-page","status-publish","hentry"],"_links":{"self":[{"href":"https:\/\/www.esteri.it\/it\/wp-json\/wp\/v2\/pages\/45153","targetHints":{"allow":["GET"]}}],"collection":[{"href":"https:\/\/www.esteri.it\/it\/wp-json\/wp\/v2\/pages"}],"about":[{"href":"https:\/\/www.esteri.it\/it\/wp-json\/wp\/v2\/types\/page"}],"author":[{"embeddable":true,"href":"https:\/\/www.esteri.it\/it\/wp-json\/wp\/v2\/users\/1"}],"replies":[{"embeddable":true,"href":"https:\/\/www.esteri.it\/it\/wp-json\/wp\/v2\/comments?post=45153"}],"version-history":[{"count":3,"href":"https:\/\/www.esteri.it\/it\/wp-json\/wp\/v2\/pages\/45153\/revisions"}],"predecessor-version":[{"id":165167,"href":"https:\/\/www.esteri.it\/it\/wp-json\/wp\/v2\/pages\/45153\/revisions\/165167"}],"up":[{"embeddable":true,"href":"https:\/\/www.esteri.it\/it\/wp-json\/wp\/v2\/pages\/30237"}],"wp:attachment":[{"href":"https:\/\/www.esteri.it\/it\/wp-json\/wp\/v2\/media?parent=45153"}],"curies":[{"name":"wp","href":"https:\/\/api.w.org\/{rel}","templated":true}]}}