{"id":45289,"date":"2021-10-06T15:56:50","date_gmt":"2021-10-06T13:56:50","guid":{"rendered":"https:\/\/www.esteri.it\/?page_id=45289"},"modified":"2021-10-06T16:04:46","modified_gmt":"2021-10-06T14:04:46","slug":"ivan-scalfarotto","status":"publish","type":"page","link":"https:\/\/www.esteri.it\/it\/ministero\/viceministri_sottosegretari\/ivan-scalfarotto\/","title":{"rendered":"Ivan Scalfarotto"},"content":{"rendered":"<p><img loading=\"lazy\" decoding=\"async\" class=\"alignnone size-medium wp-image-45290 img-fluid\" src=\"http:\/\/www.esteri.it\/wp-content\/uploads\/2021\/10\/foto_scalfarotto-200x300.jpg\" alt=\"Foto Ivan Scalfarotto\" width=\"200\" height=\"300\" srcset=\"https:\/\/www.esteri.it\/wp-content\/uploads\/2021\/10\/foto_scalfarotto-200x300.jpg 200w, https:\/\/www.esteri.it\/wp-content\/uploads\/2021\/10\/foto_scalfarotto-683x1024.jpg 683w, https:\/\/www.esteri.it\/wp-content\/uploads\/2021\/10\/foto_scalfarotto-768x1151.jpg 768w, https:\/\/www.esteri.it\/wp-content\/uploads\/2021\/10\/foto_scalfarotto-1025x1536.jpg 1025w, https:\/\/www.esteri.it\/wp-content\/uploads\/2021\/10\/foto_scalfarotto.jpg 1139w\" sizes=\"auto, (max-width: 200px) 100vw, 200px\" \/><\/p>\n<p>Nato a Pescara nel 1965, ha trascorso gli anni della sua formazione a Foggia.<\/p>\n<p>Ha compiuto gli studi universitari all\u2019Universit\u00e0 \u201cFederico II\u201d di Napoli, dove si \u00e8 laureato con lode in Giurisprudenza.<\/p>\n<p>Trasferitosi a Milano agli inizi degli anni \u201990, ha intrapreso il proprio percorso professionale nella Direzione Risorse Umane di grandi istituzioni finanziarie, ultima delle quali una banca internazionale per la quale ha lavorato per 8 anni all\u2019estero, prima a Londra, poi a Mosca.<\/p>\n<p>Nel 2005 ha partecipato alle primarie per la premiership de L\u2019Unione, la coalizione di centrosinistra.<\/p>\n<p>Iscritto al Partito Democratico dalla sua fondazione nel 2007, ne \u00e8 diventato vicepresidente nazionale nel 2009, rimanendo in carica fino al 2013.<\/p>\n<p>Nel 2013 \u00e8 stato candidato alla Camera dei Deputati nella lista del Pd della Circoscrizione Puglia, risultando eletto. In quella legislatura \u00e8 stato componente della Commissione Giustizia.<\/p>\n<p>Il 28 febbraio 2014 ha giurato come Sottosegretario alle Riforme costituzionali e ai Rapporti con il Parlamento del Governo Renzi.<\/p>\n<p>Dall\u20198 aprile 2016 \u00e8 stato nominato Sottosegretario al Ministero dello Sviluppo Economico con la delega al Commercio Internazionale e all\u2019Attrazione degli Investimenti.<\/p>\n<p>Alle elezioni del 4 marzo 2018 \u00e8 stato rieletto alla Camera dei Deputati, nella circoscrizione di Milano citt\u00e0, ed \u00e8 stato componente della Commissione Esteri, della Giunta per le Autorizzazioni e del Comitato bicamerale \u201cSchengen\u201d.<\/p>\n<p>Dal 16 settembre 2019 \u00e8 Sottosegretario di Stato per gli Affari Esteri e la Cooperazione Internazionale nel secondo Governo Conte.<\/p>\n<p>Sempre nel settembre 2019, alla fondazione di Italia Viva, ha dichiarato di aderire al nuovo soggetto politico e al suo gruppo alla Camera dei Deputati.<\/p>\n<p>Il suo impegno per i diritti civili e per la lotta alle discriminazioni lo ha portato a fondare, nel 2010, \u201cParks &#8211; Liberi e Uguali\u201d, un\u2019associazione no profit tra imprese impegnate ad implementare politiche di pari opportunit\u00e0 per i propri dipendenti LGBT e a creare una cultura di rispetto ed inclusione sui luoghi di lavoro. Con la prima nomina al Governo, nel 2014 ha abbandonato ogni responsabilit\u00e0 operativa nell\u2019associazione, diventandone il Presidente onorario.<\/p>\n<p>Nel 2015 e 2016 \u00e8 stato inserito, unico italiano, nella \u201cGlobal Diversity List\u201d, l\u2019elenco delle 50 personalit\u00e0 che a livello mondiale si sono distinte per la diffusione della cultura della \u201cdiversity\u201d e delle pari opportunit\u00e0.<\/p>\n<p>Scalfarotto si \u00e8 unito civilmente nel 2017 con suo marito Federico Lazzarovich, con il quale vive a Milano.<\/p>\n","protected":false},"excerpt":{"rendered":"Nato a Pescara nel 1965, ha trascorso gli anni della sua formazione a Foggia. Ha compiuto gli studi universitari all\u2019Universit\u00e0 \u201cFederico II\u201d di Napoli, dove si \u00e8 laureato con lode in Giurisprudenza. Trasferitosi a Milano agli inizi degli anni \u201990, ha intrapreso il proprio percorso professionale nella Direzione Risorse Umane di grandi istituzioni finanziarie, ultima [&hellip;]","protected":false},"author":1,"featured_media":0,"parent":28777,"menu_order":0,"comment_status":"closed","ping_status":"closed","template":"","meta":{"footnotes":""},"class_list":["post-45289","page","type-page","status-publish","hentry"],"_links":{"self":[{"href":"https:\/\/www.esteri.it\/it\/wp-json\/wp\/v2\/pages\/45289","targetHints":{"allow":["GET"]}}],"collection":[{"href":"https:\/\/www.esteri.it\/it\/wp-json\/wp\/v2\/pages"}],"about":[{"href":"https:\/\/www.esteri.it\/it\/wp-json\/wp\/v2\/types\/page"}],"author":[{"embeddable":true,"href":"https:\/\/www.esteri.it\/it\/wp-json\/wp\/v2\/users\/1"}],"replies":[{"embeddable":true,"href":"https:\/\/www.esteri.it\/it\/wp-json\/wp\/v2\/comments?post=45289"}],"version-history":[{"count":0,"href":"https:\/\/www.esteri.it\/it\/wp-json\/wp\/v2\/pages\/45289\/revisions"}],"up":[{"embeddable":true,"href":"https:\/\/www.esteri.it\/it\/wp-json\/wp\/v2\/pages\/28777"}],"wp:attachment":[{"href":"https:\/\/www.esteri.it\/it\/wp-json\/wp\/v2\/media?parent=45289"}],"curies":[{"name":"wp","href":"https:\/\/api.w.org\/{rel}","templated":true}]}}