{"id":45361,"date":"2021-10-06T18:38:32","date_gmt":"2021-10-06T16:38:32","guid":{"rendered":"https:\/\/www.esteri.it\/?page_id=45361"},"modified":"2022-10-17T11:21:29","modified_gmt":"2022-10-17T09:21:29","slug":"lapo_pistelli","status":"publish","type":"page","link":"https:\/\/www.esteri.it\/it\/ministero\/viceministri_sottosegretari\/lapo_pistelli\/","title":{"rendered":"Vice Ministro Lapo Pistelli"},"content":{"rendered":"<p align=\"left\"><img loading=\"lazy\" decoding=\"async\" class=\"alignnone size-full wp-image-45363 img-fluid\" src=\"http:\/\/www.esteri.it\/wp-content\/uploads\/2021\/10\/pistelli_54381.jpg\" alt=\"Foto Lapo Pistelli\" width=\"280\" height=\"300\" \/><\/p>\n<p align=\"left\">Deputato al Parlamento Italiano, eletto nelle fila del Partito Democratico, di cui \u00e8 stato Responsabile Affari Esteri e Relazioni Internazionali fino al maggio 2013.<\/p>\n<p align=\"left\">E\u2019 nato a Firenze nel 1964, \u00e8 sposato e ha tre figli.<\/p>\n<p align=\"left\">Laureato in Diritto Internazionale con il prof Antonio Cassese alla facolt\u00e0 di Scienze Politiche \u201cCesare Alfieri\u201d di Firenze.<\/p>\n<p align=\"left\">Deputato al Parlamento Italiano dal 1996 al 2001 e dal 2001 al 2004. E\u2019 stato deputato al Parlamento Europeo dal 2004 al 2008, e rieletto alla Camera dei Deputati nel 2008.<\/p>\n<p align=\"left\">Durante i mandati parlamentari nazionali \u00e8 stato membro della Commissione Affari Costituzionali, della Commissione Affari Comunitari e della Commissione Esteri ed \u00e8 stato dal 2001 al 2004 membro della Delegazione parlamentare italiana presso l\u2019Osce (Organizzazione per la Sicurezza e la Cooperazione in Europa), svolgendo numerose attivit\u00e0 di monitoraggio elettorale nelle democrazie in transizione.<\/p>\n<p align=\"left\">Al Parlamento Europeo \u00e8 stato membro ancora della Commissione Esteri, della Commissione Affari Economici e Finanziari, della Commissione Libert\u00e0 Civili, Giustizia e Affari Interni. Capogruppo della Delegazione italiana della Margherita \u00e8 stato, infine, per due anni Presidente della Delegazione Unione Europea-Sud Africa.<\/p>\n<p align=\"left\">Coordinatore della segreteria nazionale del Ppi dal 1999 al 2001, membro dell\u2019Esecutivo nazionale della Margherita e responsabile esteri e relazioni internazionali dal 2001 ad oggi prima nella Margherita e poi nel Partito Democratico.<\/p>\n<p align=\"left\">E\u2019 giornalista pubblicista, e ha insegnato Comunicazione Politica all\u2019Universit\u00e0 di Firenze e Politica Estera Italiana e altri corsi al Bing Overseas Studies Program della Stanford University a Firenze. Ha tenuto conferenze in varie universit\u00e0 straniere, fra le pi\u00f9 recenti l\u2019Universit\u00e0 di Ginevra, la Middle East University ad Ankara, la Kadir Has University e la Bilgis University a Istanbul, l\u2019Universit\u00e0 di Sidney e La Trobe University a Melbourne. Collabora inoltre con una serie di think tank progressisti come Policy Network a Londra, il Center for American Progress e Brookings Institution a Washington, la Fondation IDEAS a Madrid, lo European Council on Foreign Relations.<\/p>\n<p align=\"left\">In Italia, \u00e8 membro dello IAI (Istituto Affari Internazionali) e del CeSPI (Centro Studi Politici Internazionali), membro del Board of Editors di East (European and Asian Strategies), membro del Consiglio Direttivo della Fondazione Italianieuropei. Partecipa alle attivit\u00e0 del Consiglio Italia-Stati Uniti.<\/p>\n<p align=\"left\">Scrive di politica internazionale per i quotidiani Europa e Unit\u00e0, ha collaborato con Limes e Aspenia. Fra le altre pubblicazioni, ha contribuito alla redazione dell\u2019Atlante dei Diritti Umani (Utet), curando la voce dei diritti umani nell\u2019Unione. Il suo ultimo libro, \u201cIl nuovo sogno arabo \u2013 Dopo le rivoluzioni\u201d, Feltrinelli 2012, analizza le origine e le sfide della Primavera Araba\u00a0 e il suo impatto sullo scenario geo-politico del Nord Africa e del Medio Oriente.<\/p>\n<p align=\"left\">\n","protected":false},"excerpt":{"rendered":"Deputato al Parlamento Italiano, eletto nelle fila del Partito Democratico, di cui \u00e8 stato Responsabile Affari Esteri e Relazioni Internazionali fino al maggio 2013. E\u2019 nato a Firenze nel 1964, \u00e8 sposato e ha tre figli. Laureato in Diritto Internazionale con il prof Antonio Cassese alla facolt\u00e0 di Scienze Politiche \u201cCesare Alfieri\u201d di Firenze. Deputato [&hellip;]","protected":false},"author":1,"featured_media":0,"parent":28777,"menu_order":0,"comment_status":"closed","ping_status":"closed","template":"","meta":{"footnotes":""},"class_list":["post-45361","page","type-page","status-publish","hentry"],"_links":{"self":[{"href":"https:\/\/www.esteri.it\/it\/wp-json\/wp\/v2\/pages\/45361","targetHints":{"allow":["GET"]}}],"collection":[{"href":"https:\/\/www.esteri.it\/it\/wp-json\/wp\/v2\/pages"}],"about":[{"href":"https:\/\/www.esteri.it\/it\/wp-json\/wp\/v2\/types\/page"}],"author":[{"embeddable":true,"href":"https:\/\/www.esteri.it\/it\/wp-json\/wp\/v2\/users\/1"}],"replies":[{"embeddable":true,"href":"https:\/\/www.esteri.it\/it\/wp-json\/wp\/v2\/comments?post=45361"}],"version-history":[{"count":1,"href":"https:\/\/www.esteri.it\/it\/wp-json\/wp\/v2\/pages\/45361\/revisions"}],"predecessor-version":[{"id":88173,"href":"https:\/\/www.esteri.it\/it\/wp-json\/wp\/v2\/pages\/45361\/revisions\/88173"}],"up":[{"embeddable":true,"href":"https:\/\/www.esteri.it\/it\/wp-json\/wp\/v2\/pages\/28777"}],"wp:attachment":[{"href":"https:\/\/www.esteri.it\/it\/wp-json\/wp\/v2\/media?parent=45361"}],"curies":[{"name":"wp","href":"https:\/\/api.w.org\/{rel}","templated":true}]}}