{"id":45375,"date":"2021-10-06T18:52:54","date_gmt":"2021-10-06T16:52:54","guid":{"rendered":"https:\/\/www.esteri.it\/?page_id=45375"},"modified":"2021-10-07T12:17:00","modified_gmt":"2021-10-07T10:17:00","slug":"mistura","status":"publish","type":"page","link":"https:\/\/www.esteri.it\/it\/ministero\/viceministri_sottosegretari\/mistura\/","title":{"rendered":"Staffan de Mistura"},"content":{"rendered":"<p><img loading=\"lazy\" decoding=\"async\" class=\"alignnone size-full wp-image-45376 img-fluid\" src=\"http:\/\/www.esteri.it\/wp-content\/uploads\/2021\/10\/staffandemistura_medium_medium.jpg\" alt=\"Foto Staffan de Mistura\" width=\"160\" height=\"100\" \/><\/p>\n<p>Stoccolma (Svezia), 25 gennaio 1947<\/p>\n<p><strong>Studi<\/strong><br \/>\nLaurea in Scienze Politiche, Universit\u00e0 La Sapienza di Roma. Corsi universitari di specializzazione in\u201c Negoziati complessi, Economia dello Sviluppo, Gestione delle crisi nelle aree di conflitto\u201d<\/p>\n<p><strong>Lingue<br \/>\n<\/strong>Inglese, Francese, Tedesco, Spagnolo, Svedese, Arabo a livello colloquiale<\/p>\n<p><strong>Esperienze professionali<\/strong><\/p>\n<ul>\n<li>1971, Sud Sudan &#8211; Funzionario del Programma Alimentare Mondiale incaricato dell\u2019organizzazione di convogli per il trasporto di aiuti alimentari ai villaggi affetti da conflitti interni.<\/li>\n<li>1972-74, Roma &#8211; Funzionario FAO preposto alla raccolta dei fondi per progetti multibilaterali.<\/li>\n<li>1974-76, New York &#8211; Funzionario di collegamento della FAO con il Quartier generale delle Nazioni Unite.<\/li>\n<li>1976-85, Roma &#8211; Vice Capo di Gabinetto del Direttore Generale FAO.<\/li>\n<li>1984, Etiopia &#8211;\u00a0<em>Incarico Speciale<\/em>\u00a0per l\u2019organizzazione e attuazione dell\u2019operazione \u201cSan Bernardo\u201d nella quale sono state paracadutate ingenti quantit\u00e0 di generi alimentari utilizzando mezzi aerei NATO e del Patto di Varsavia per raggiungere 870.000 persone affamate<\/li>\n<li>1985-86, Sudan &#8211; Capo della campagna nazionale di vaccinazione UNICEF.<\/li>\n<li>1986, Sudan &#8211;\u00a0<em>Incarico Speciale<\/em>\u00a0per l\u2019organizzazione di lanci paracadutati di generi alimentari alla citt\u00e0 assediata di Juba (con l\u2019aiuto di Madre Teresa di Calcutta).<\/li>\n<li>1986-87, Sudan &#8211; Direttore delle operazioni Programma Alimentare Mondiale.<\/li>\n<li>1987-1988, Roma &#8211; Comandato dalle Nazioni Unite al World Wildlife Fund italiano in qualit\u00e0 di Direttore Generale per rilanciare la campagna ambientale del WWF nazionale e la raccolta di fondi.<\/li>\n<li>1989, Kabul &#8211;\u00a0<em>Incarico Speciale<\/em>\u00a0per l\u2019Organizzazione delle operazioni di assistenza nel settore della alimentazione per le popolazioni colpite dal conflitto tra sovietici e mujaheddin in Afghanistan.<\/li>\n<li>1990 , Tirana &#8211;\u00a0<em>Incarico Speciale<\/em>\u00a0per la soluzione della crisi delle ambasciate durante la quale 3.200 persone occuparono quattro rappresentanze diplomatiche per sfuggire al regime dittatoriale.<\/li>\n<li>1991,\u00a0 Kurdistan iracheno &#8211; Incarico Speciale per l\u2019Organizzazione dell\u2019assistenza alla popolazione curda a seguito della prima guerra del Golfo.<\/li>\n<li>1991, Baghdad &#8211;\u00a0<em>Incarico Speciale<\/em>\u00a0per guidare la missione per la Ricerca della popolazione sciita rifugiatasi nelle paludi meridionali dell\u2019Iraq in seguito alla sanguinosa repressione del regime dopo la prima guerra del Golfo.<\/li>\n<li>1992, Dubrovnik &#8211;\u00a0<em>Incarico Speciale<\/em>\u00a0per guidare la missione UNICEF incaricata di rompere l\u2019assedio della citt\u00e0 (nei tre mesi di assedio furono evacuate 4.750 persone).<\/li>\n<li>1992, Sarajevo &#8211;\u00a0<em>Incarico Speciale<\/em>\u00a0per guidare l\u2019Operazione invernale di assistenza alla popolazione civile della capitale bosniaca.<\/li>\n<li>1993, Mogadiscio &#8211; Rappresentante UNICEF in Somalia durante la crisi umanitaria e l\u2019intervento ONU-UNOSOM.<\/li>\n<li>1997, Baghdad &#8211; Coordinatore per le questioni umanitarie in Iraq<\/li>\n<li>1997-1999, Roma &#8211; Direttore del Centro Informazioni ONU. Durante tale periodo \u00e8 stato principalmente coinvolto in missioni in Kosovo, dove \u00e8 stato anche Amministratore Civile a.i. della regione di Mitrovica nonch\u00e9 Capo della missione speciale in Iraq per la \u201cCrisi dei palazzi presidenziali\u201d.<\/li>\n<li>2000-2004, Beirut &#8211; Rappresentante Personale del Segretario Generale ONU per il Libano meridionale.<\/li>\n<li>2006-2007, Torino &#8211; Direttore Esecutivo del System Staff College delle Nazioni Unite<\/li>\n<li>2007-2009, Baghdad &#8211; Rappresentante Speciale del Segretario Generale ONU in Iraq. Responsabile di tutte le operazioni delle Nazioni Unite nel Paese.<\/li>\n<li>2009-2010, Roma &#8211; Vice Direttore Esecutivo del Programma Alimentare Mondiale.<\/li>\n<li>2010-2011, Kabul &#8211; Rappresentante Speciale del Segretario Generale ONU in Afghanistan. Responsabile di tutte le operazioni delle Nazioni Unite nel Paese.<\/li>\n<\/ul>\n<p>&nbsp;<\/p>\n<p><strong>Onorificenze ed altri incarichi<\/strong><\/p>\n<p>Grande Ufficiale della Repubblica Italiana<\/p>\n<p>Laurea h.c in Scienze Strategiche, Universit\u00e0 di Torino<\/p>\n<p>1997-1999, Roma &#8211; \u201cVisiting Professor\u201d in\u00a0 Tecniche negoziali in situazioni di conflitto all\u2019 Universit\u00e0 LUISS di Roma<\/p>\n<p>&nbsp;<\/p>\n","protected":false},"excerpt":{"rendered":"Stoccolma (Svezia), 25 gennaio 1947 Studi Laurea in Scienze Politiche, Universit\u00e0 La Sapienza di Roma. Corsi universitari di specializzazione in\u201c Negoziati complessi, Economia dello Sviluppo, Gestione delle crisi nelle aree di conflitto\u201d Lingue Inglese, Francese, Tedesco, Spagnolo, Svedese, Arabo a livello colloquiale Esperienze professionali 1971, Sud Sudan &#8211; Funzionario del Programma Alimentare Mondiale incaricato dell\u2019organizzazione [&hellip;]","protected":false},"author":1,"featured_media":0,"parent":28777,"menu_order":0,"comment_status":"closed","ping_status":"closed","template":"","meta":{"footnotes":""},"class_list":["post-45375","page","type-page","status-publish","hentry"],"_links":{"self":[{"href":"https:\/\/www.esteri.it\/it\/wp-json\/wp\/v2\/pages\/45375","targetHints":{"allow":["GET"]}}],"collection":[{"href":"https:\/\/www.esteri.it\/it\/wp-json\/wp\/v2\/pages"}],"about":[{"href":"https:\/\/www.esteri.it\/it\/wp-json\/wp\/v2\/types\/page"}],"author":[{"embeddable":true,"href":"https:\/\/www.esteri.it\/it\/wp-json\/wp\/v2\/users\/1"}],"replies":[{"embeddable":true,"href":"https:\/\/www.esteri.it\/it\/wp-json\/wp\/v2\/comments?post=45375"}],"version-history":[{"count":0,"href":"https:\/\/www.esteri.it\/it\/wp-json\/wp\/v2\/pages\/45375\/revisions"}],"up":[{"embeddable":true,"href":"https:\/\/www.esteri.it\/it\/wp-json\/wp\/v2\/pages\/28777"}],"wp:attachment":[{"href":"https:\/\/www.esteri.it\/it\/wp-json\/wp\/v2\/media?parent=45375"}],"curies":[{"name":"wp","href":"https:\/\/api.w.org\/{rel}","templated":true}]}}