{"id":45953,"date":"2021-10-20T20:37:56","date_gmt":"2021-10-20T18:37:56","guid":{"rendered":"https:\/\/www.esteri.it\/?page_id=45953"},"modified":"2025-10-17T16:08:50","modified_gmt":"2025-10-17T14:08:50","slug":"sezione_viaggiare","status":"publish","type":"page","link":"https:\/\/www.esteri.it\/it\/sportello_info\/domandefrequenti\/sezione_viaggiare\/","title":{"rendered":"Viaggiare\/ Partire per l&#8217;estero"},"content":{"rendered":"<div class=\"mb-2\"><img loading=\"lazy\" decoding=\"async\" src=\"https:\/\/www.esteri.it\/mae\/resource\/img\/svg\/icone_faq_viaggiare_partire.svg\" alt=\"Viaggiare\/Partire per l'estero\" width=\"63\" height=\"52\" border=\"0\" \/><\/div>\n<div class=\"mb-3\">Informazioni su Paesi, assistenza in caso di furto o smarrimento documenti all&#8217;estero, assicurazione viaggio, passaporti, viaggiare con figli minorenni, unit\u00e0 di crisi, visti, carta d&#8217;identit\u00e0<\/div>\n<div id=\"collapseExample\" class=\"accordion\">\n<div class=\"accordion-item\">\n<h2 id=\"heading1c\" class=\"accordion-header \"><button class=\"accordion-button\" type=\"button\" data-bs-toggle=\"collapse\" data-bs-target=\"#collapse1c\" aria-expanded=\"true\" aria-controls=\"collapse1c\">Come faccio a sapere se \u00e8 pericoloso recarmi in un certo Paese?<br \/>\n<\/button><\/h2>\n<div id=\"collapse1c\" class=\"accordion-collapse collapse show\" role=\"region\" aria-labelledby=\"heading1c\">\n<div class=\"accordion-body\">\n<p>Nuovi fattori di rischio hanno fatto la loro comparsa su scala globale dando origine a minacce molteplici e difficilmente prevedibili, anche a fronte dell\u2019intenso lavoro di monitoraggio e analisi degli organi preposti. E\u2019 importante assumere scelte di viaggio consapevoli e responsabili, informarsi sulle condizioni di sicurezza e le normative in vigore nei propri Paesi di destinazione.<\/p>\n<p>Informazioni qualificate sono messe a disposizione degli utenti su questo portale: <a href=\"https:\/\/www.viaggiaresicuri.it\" target=\"_blank\" rel=\"nofollow noopener\">https:\/\/www.viaggiaresicuri.it<\/a><\/p>\n<\/div>\n<\/div>\n<\/div>\n<div class=\"accordion-item\">\n<h2 id=\"heading2c\" class=\"accordion-header \"><button class=\"accordion-button collapsed\" type=\"button\" data-bs-toggle=\"collapse\" data-bs-target=\"#collapse2c\" aria-expanded=\"false\" aria-controls=\"collapse2c\">Dove posso trovare informazioni aggiornate sul Paese che intendo visitare?<br \/>\n<\/button><\/h2>\n<div id=\"collapse2c\" class=\"accordion-collapse collapse\" role=\"region\" aria-labelledby=\"heading2c\">\n<div class=\"accordion-body\">\n<p>Se state per partire per un viaggio, \u00e8 importante informarsi sulle condizioni di sicurezza e le normative in vigore. L&#8217;Unit\u00e0 di Crisi mette a disposizione degli utenti il portale http:\/\/www.viaggiaresicuri.it, che contiene informazioni qualificate su tutti i Paesi del mondo.<\/p>\n<p>Consultate anche il sito della sede diplomatica o consolare del Paese dove vi recherete:<\/p>\n<p><a title=\"Vedi elenco sedi diplomatiche consolari\" href=\"https:\/\/www.esteri.it\/it\/ministero\/struttura\/laretediplomatica\/?tipoL%5B%5D=1&amp;c=&amp;capomissione=\">Elenco sedi diplomatiche consolari<\/a><\/p>\n<p><a title=\"Vedi elenco rappresentanze straniere in Italia\" href=\"https:\/\/www.esteri.it\/it\/ministero\/rappresentanze-straniere\/\">Elenco rappresentanze straniere in Italia<\/a><\/p>\n<\/div>\n<\/div>\n<\/div>\n<div class=\"accordion-item\">\n<h2 id=\"heading3c\" class=\"accordion-header \"><button class=\"accordion-button collapsed\" type=\"button\" data-bs-toggle=\"collapse\" data-bs-target=\"#collapse3c\" aria-expanded=\"false\" aria-controls=\"collapse3c\">\u00c8 consigliabile stipulare un&#8217;assicurazione di viaggio prima di partire per l&#8217;estero per non avere sorprese ?<br \/>\n<\/button><\/h2>\n<div id=\"collapse3c\" class=\"accordion-collapse collapse\" role=\"region\" aria-labelledby=\"heading3c\">\n<div class=\"accordion-body\">E&#8217; certamente consigliabile. Trovate tutte le informazioni necessarie in questa pagina <a href=\"https:\/\/www.esteri.it\/it\/sportello_info\/domandefrequenti\/viaggiare\/\">https:\/\/www.esteri.it\/it\/sportello_info\/domandefrequenti\/viaggiare\/<\/a><\/div>\n<\/div>\n<\/div>\n<div class=\"accordion-item\">\n<h2 id=\"heading4c\" class=\"accordion-header \"><button class=\"accordion-button collapsed\" type=\"button\" data-bs-toggle=\"collapse\" data-bs-target=\"#collapse4c\" aria-expanded=\"false\" aria-controls=\"collapse4c\">Come posso segnalare il mio viaggio per ricevere assistenza in caso di grave emergenza?<br \/>\n<\/button><\/h2>\n<div id=\"collapse4c\" class=\"accordion-collapse collapse\" role=\"region\" aria-labelledby=\"heading4c\">\n<div class=\"accordion-body\">\n<p>Prima di recarvi all\u2019estero, ed in particolare se la vostra destinazione \u00e8 un Paese considerato a rischio, vi consigliamo di registrare il vostro viaggio sul sito <a href=\"https:\/\/www.dovesiamonelmondo.it\/home.html\" target=\"_blank\" rel=\"nofollow noopener\">Dove siamo nel mondo<\/a> al fine di permettere all&#8217;Unit\u00e0 di Crisi della Farnesina, nell&#8217;eventualit\u00e0 in cui si verifichino situazioni di grave emergenza, di attivare i contatti e pianificare con maggiore rapidit\u00e0 e precisione interventi di soccorso.La registrazione pu\u00f2 essere fatta tramite web, sms, o telefono non prima di 30 giorni dalla data di partenza. Tutti i dati vengono cancellati automaticamente dalla banca dati dell&#8217;Unit\u00e0 di Crisi due giorni dopo la data di rientro in Italia indicata.<\/p>\n<\/div>\n<\/div>\n<\/div>\n<div class=\"accordion-item\">\n<h2 id=\"heading5c\" class=\"accordion-header \"><button class=\"accordion-button collapsed\" type=\"button\" data-bs-toggle=\"collapse\" data-bs-target=\"#collapse5c\" aria-expanded=\"false\" aria-controls=\"collapse5c\">Nel caso in cui voi sconsigliate i viaggi in un determinato Paese, il tour operator a cui mi rivolger\u00f2 sar\u00e0 tenuto a rimborsarmi il pacchetto turistico cancellato senza farmi pagare la penale oppure potr\u00e0 rifiutarsi di farlo?<br \/>\n<\/button><\/h2>\n<div id=\"collapse5c\" class=\"accordion-collapse collapse\" role=\"region\" aria-labelledby=\"heading5c\">\n<div class=\"accordion-body\">Il Ministero degli Affari Esteri e della Cooperazione Internazionale non interviene sul significato che ciascun tour-operator attribuisce alle informazioni riportate sul sito e rimane estraneo ai rapporti di natura privatistica, quali questioni attinenti alle norme che regolano i contratti di viaggio fra clienti e tour-operator\/agenzie.<\/div>\n<\/div>\n<\/div>\n<div class=\"accordion-item\">\n<h2 id=\"heading6c\" class=\"accordion-header \"><button class=\"accordion-button collapsed\" type=\"button\" data-bs-toggle=\"collapse\" data-bs-target=\"#collapse6c\" aria-expanded=\"false\" aria-controls=\"collapse6c\">Mi hanno rubato la valigia\/i documenti\/soldi: a chi devo rivolgermi?<br \/>\n<\/button><\/h2>\n<div id=\"collapse6c\" class=\"accordion-collapse collapse\" role=\"region\" aria-labelledby=\"heading6c\">\n<div class=\"accordion-body\">Prima di tutto dovete sporgere denuncia presso le locali autorit\u00e0 di polizia (ricordate che in tutti i Paesi Ue \u00e8 attivo il numero telefonico di pronto intervento 112).<br \/>\nLe Ambasciate e gli Uffici consolari di prima categoria, rilasciano un documento di viaggio provvisorio (ETD \u2013 Emergency Travel Document), come previsto dall\u2019art. 23, comma 3, del D.Lgs. n. 71\/2011, in caso di furto, smarrimento, distruzione o temporanea indisponibilit\u00e0 del passaporto o di altro documento di viaggio. Il predetto documento viene rilasciato dalle Rappresentanze diplomatico-consolari italiane presenti sia in Europa sia nei Paesi extra europei ed \u00e8 valido per un solo viaggio di rientro in Italia o verso lo Stato di residenza permanente o, eccezionalmente, verso un&#8217;altra destinazione. In area Schengen, nell\u2019ambito delle proprie policies commerciali, alcune compagnie aeree potrebbero consentire l\u2019imbarco previa esibizione della denuncia di furto o smarrimento resa presso le autorit\u00e0 di polizia localiPer ulteriori informazioni visitate le pagine:<a title=\"Vai a Furto e smarrimento documenti\" href=\"https:\/\/www.esteri.it\/it\/servizi-consolari-e-visti\/italiani-all-estero\/assistenzacittadiniestero\/furto_smarrimento_documenti\/\">Furto e smarrimento documenti<\/a><a title=\"Vai a Assistenza economica all'estero\" href=\"https:\/\/www.esteri.it\/it\/servizi-consolari-e-visti\/italiani-all-estero\/assistenzacittadiniestero\/assistenza_economica\">Assistenza economica all&#8217;estero<\/a><\/div>\n<\/div>\n<\/div>\n<div class=\"accordion-item\">\n<h2 id=\"heading7c\" class=\"accordion-header \"><button class=\"accordion-button collapsed\" type=\"button\" data-bs-toggle=\"collapse\" data-bs-target=\"#collapse7c\" aria-expanded=\"false\" aria-controls=\"collapse7c\">In caso di arresto cosa devo fare? quali sono i miei diritti come cittadino italiano?<br \/>\n<\/button><\/h2>\n<div id=\"collapse7c\" class=\"accordion-collapse collapse\" role=\"region\" aria-labelledby=\"heading7c\">\n<div class=\"accordion-body\">\n<p>Per sapere in che modo la rappresentanza diplomatico consolare pu\u00f2 venirvi in aiuto in caso di arresto in un Paese straniero visitate la pagina <a title=\"Vai a assistenza ai detenuti\" href=\"https:\/\/www.esteri.it\/it\/servizi-consolari-e-visti\/italiani-all-estero\/assistenzacittadiniestero\/assistenza_detenuti\">Assistenza ai detenuti<\/a><a title=\"Vai a elenco delle rappresentanze diplomatiche e consolari italiane nel mondo\" href=\"https:\/\/www.esteri.it\/it\/ministero\/struttura\/laretediplomatica\/\">Elenco delle rappresentanze diplomatiche e consolari italiane nel mondo<\/a><\/p>\n<\/div>\n<\/div>\n<\/div>\n<div class=\"accordion-item\">\n<h2 id=\"heading8c\" class=\"accordion-header \"><button class=\"accordion-button collapsed\" type=\"button\" data-bs-toggle=\"collapse\" data-bs-target=\"#collapse8c\" aria-expanded=\"false\" aria-controls=\"collapse8c\">Nel paese dove mi trovo non sono presenti sedi di rappresentanza italiane: a chi posso rivolgermi?<br \/>\n<\/button><\/h2>\n<div id=\"collapse8c\" class=\"accordion-collapse collapse\" role=\"region\" aria-labelledby=\"heading8c\">\n<div class=\"accordion-body\">\n<p>Se vi trovate in un Paese dove non c&#8217;\u00e8 un&#8217;Ambasciata o Consolato italiano, potete richiedere la protezione consolare ad una Rappresentanza diplomatico-consolare di uno Stato membro dell&#8217;Unione Europea.Per maggiori informazioni visitate la pagina <a title=\"Vai a servizi consolari\" href=\"https:\/\/www.esteri.it\/it\/servizi-consolari-e-visti\/\">Servizi consolari<\/a>.<\/p>\n<\/div>\n<\/div>\n<\/div>\n<div class=\"accordion-item\">\n<h2 id=\"heading9c\" class=\"accordion-header \"><button class=\"accordion-button collapsed\" type=\"button\" data-bs-toggle=\"collapse\" data-bs-target=\"#collapse9c\" aria-expanded=\"false\" aria-controls=\"collapse9c\">Cos&#8217;\u00e8 il Visa Waiver Program?<br \/>\n<\/button><\/h2>\n<div id=\"collapse9c\" class=\"accordion-collapse collapse\" role=\"region\" aria-labelledby=\"heading9c\">\n<div class=\"accordion-body\">\n<p>Il Visa Waiver Program \u00e8 il programma &#8220;Viaggio senza visto&#8221; del Governo degli Stati Uniti che permette di recarsi nel Paese senza richiedere un visto di ingresso. E&#8217; necessario per\u00f2 ottenere l&#8217;autorizzazione ESTA (Electronic System for Travel Authorization) prima di salire a bordo del mezzo di trasporto, aereo o navale, in rotta verso gli Stati Uniti.Per tutte le informazioni consultate il sito <a title=\"Vai al sito US Embassy in Italy\" href=\"https:\/\/it.usembassy.gov\/it\/\" target=\"_blank\" rel=\"nofollow noopener\">US Embassy in Italy<\/a>.<\/p>\n<\/div>\n<\/div>\n<\/div>\n<div class=\"accordion-item\">\n<h2 id=\"heading10c\" class=\"accordion-header \"><button class=\"accordion-button collapsed\" type=\"button\" data-bs-toggle=\"collapse\" data-bs-target=\"#collapse10c\" aria-expanded=\"false\" aria-controls=\"collapse10c\">Posso avere due passaporti?<br \/>\n<\/button><\/h2>\n<div id=\"collapse10c\" class=\"accordion-collapse collapse\" role=\"region\" aria-labelledby=\"heading10c\">\n<div class=\"accordion-body\">\n<p>Quando situazioni contingenti di particolare rilevanza limitano il diritto all&#8217;espatrio o la sicurezza dei cittadini italiani (ad esempio: visitare o vivere in paesi esteri fra di loro ostili), si pu\u00f2 procedere al rilascio di un secondo passaporto che avr\u00e0 la stessa scadenza del primo.Nel foglio annotazioni del primo e del secondo passaporto verr\u00e0 riportata la dicitura &#8220;duplicato del passaporto n.&#8221; apponendo in ognuno di essi il numero dell&#8217;altro passaporto. Il secondo passaporto pu\u00f2 essere rilasciato solo su richiesta specificamente motivata e solo quando tali motivazioni vengano riconosciute valide dall&#8217;ufficio che rilascia il passaporto (Questura o rappresentanza diplomatico-consolare).<\/p>\n<p><a title=\"Vai a recapiti della rete diplomatico consolare all'estero\" href=\"https:\/\/www.esteri.it\/it\/ministero\/struttura\/laretediplomatica\/\">Recapiti della rete diplomatico consolare all&#8217;estero<\/a><\/p>\n<p>La determinazione rilasciata dall&#8217;ufficio competente deve contenere anche la possibilit\u00e0 di detenere contemporaneamente i due passaporti o la prescrizione di depositarne di volta in volta uno presso l&#8217;autorit\u00e0 che ha emesso il passaporto.<\/p>\n<\/div>\n<\/div>\n<\/div>\n<div class=\"accordion-item\">\n<h2 id=\"heading12c\" class=\"accordion-header \"><button class=\"accordion-button collapsed\" type=\"button\" data-bs-toggle=\"collapse\" data-bs-target=\"#collapse12c\" aria-expanded=\"false\" aria-controls=\"collapse12c\">Sto per partire per un Paese arabo, ma ho un timbro di Israele sul passaporto. Potr\u00f2 avere dei problemi?<br \/>\n<\/button><\/h2>\n<div id=\"collapse12c\" class=\"accordion-collapse collapse\" role=\"region\" aria-labelledby=\"heading12c\">\n<div class=\"accordion-body\">Considerato che il timbro israeliano sul passaporto pu\u00f2 causare problemi per l&#8217;ingresso in alcuni Paesi, consigliamo di consultare la scheda del Paese di destinazione sul sito <a title=\"Vai al sito Viaggiare Sicuri\" href=\"https:\/\/www.viaggiaresicuri.it\/\" target=\"_blank\" rel=\"nofollow noopener\">Viaggiare sicuri<\/a> o di interpellare la <a title=\"Vai a rappresentanza diplomatico-consolare in Italia\" href=\"https:\/\/www.esteri.it\/it\/ministero\/struttura\/laretediplomatica\/\">rappresentanza diplomatico-consolare in Italia<\/a> del Paese in cui si intende viaggiare. Ad ogni modo, potrete richiedere alle Autorit\u00e0 israeliane di frontiera che i timbri d&#8217;entrata e d&#8217;uscita non vengano apposti sul passaporto.<\/div>\n<\/div>\n<\/div>\n<div class=\"accordion-item\">\n<h2 id=\"heading13c\" class=\"accordion-header \"><button class=\"accordion-button collapsed\" type=\"button\" data-bs-toggle=\"collapse\" data-bs-target=\"#collapse13c\" aria-expanded=\"false\" aria-controls=\"collapse13c\">In Comune mi hanno rinnovato la carta d&#8217;identit\u00e0 valida per l&#8217;espatrio con l&#8217;apposizione di un timbro. Ho saputo che alcuni Paesi non riconoscono questo tipo di rinnovo. Cosa posso fare? Esiste una lista degli Stati che pongono questo problema?<br \/>\n<\/button><\/h2>\n<div id=\"collapse13c\" class=\"accordion-collapse collapse\" role=\"region\" aria-labelledby=\"heading13c\">\n<div class=\"accordion-body\">\n<p>Alcuni Paesi non riconoscono la proroga della validit\u00e0 della carta di identit\u00e0 (con timbro sul documento cartaceo o con il certificato per la carta d&#8217;identit\u00e0 elettronica).Non essendo possibile stilare un elenco preciso di questi Paesi, il Ministero dell&#8217;Interno autorizza chi possiede una carta scaduta ma prorogabile o gi\u00e0 prorogata a chiederne al proprio Comune la sostituzione con una nuova. Vi consigliamo di visitare la voce &#8220;FOCUS&#8221; del sito <a title=\"Vai al sito Viaggiare Sicuri\" href=\"https:\/\/www.viaggiaresicuri.it\/\" target=\"_blank\" rel=\"nofollow noopener\">Viaggiare sicuri<\/a> e\/o di informarsi presso la <a title=\"Vai a rappresentanza diplomatico-consolare in Italia\" href=\"https:\/\/www.esteri.it\/it\/ministero\/struttura\/laretediplomatica\/\">rappresentanza diplomatico-consolare presente in Italia<\/a> del Paese in cui si vuole viaggiare.<\/p>\n<\/div>\n<\/div>\n<\/div>\n<div class=\"accordion-item\">\n<h2 id=\"heading14c\" class=\"accordion-header \"><button class=\"accordion-button collapsed\" type=\"button\" data-bs-toggle=\"collapse\" data-bs-target=\"#collapse14c\" aria-expanded=\"false\" aria-controls=\"collapse14c\">Posso guidare all&#8217;estero con la patente italiana?<br \/>\n<\/button><\/h2>\n<div id=\"collapse14c\" class=\"accordion-collapse collapse\" role=\"region\" aria-labelledby=\"heading14c\">\n<div class=\"accordion-body\">Potete visitare la scheda dedicata al Paese di destinazione sul sito <a title=\"Vai al sito Viaggiare Sicuri\" href=\"https:\/\/www.viaggiaresicuri.it\/\" target=\"_blank\" rel=\"nofollow noopener\">Viaggiare sicuri<\/a> sotto la voce &#8220;viabilit\u00e0&#8221;. Trovate le altre informazioni a carattere generale alla pagina <a title=\"Vai a autoveicoli e patenti\" href=\"https:\/\/www.esteri.it\/it\/servizi-consolari-e-visti\/italiani-all-estero\/autoveicoli_e_patenti\/\">Autoveicoli e patenti<\/a>.<\/div>\n<\/div>\n<\/div>\n<div class=\"accordion-item\">\n<h2 id=\"heading15c\" class=\"accordion-header \"><button class=\"accordion-button collapsed\" type=\"button\" data-bs-toggle=\"collapse\" data-bs-target=\"#collapse15c\" aria-expanded=\"false\" aria-controls=\"collapse15c\">I miei figli minori di 14 anni possono viaggiare da soli?<br \/>\n<\/button><\/h2>\n<div id=\"collapse15c\" class=\"accordion-collapse collapse\" role=\"region\" aria-labelledby=\"heading15c\">\n<div class=\"accordion-body\">Il minore di 14 anni pu\u00f2 viaggiare all&#8217;estero non accompagnato portando con s\u00e9 una dichiarazione di accompagno in cui deve essere riportato il nome della persona o dell&#8217;ente cui il minore viene affidato, sottoscritta da chi esercita sul minore la potest\u00e0 e vistata dagli organi competenti al rilascio del passaporto.<br \/>\nE&#8217; bene rivolgersi anche alle autorit\u00e0 del paese di destinazione per informazioni sulle norme che riguardano l&#8217;ingresso dei minori ed eventualmente verificare con la compagnia di trasporto la procedura contrattuale per i minori non accompagnati.<a title=\"Vai alla pagina passaporto\" href=\"https:\/\/www.esteri.it\/it\/servizi-consolari-e-visti\/italiani-all-estero\/documenti_di_viaggio\/passaporto\/\">Per maggiori informazioni cliccate qui<\/a><a title=\"Vai alla pagina Rappresentanze straniere\" href=\"https:\/\/www.esteri.it\/it\/ministero\/rappresentanze-straniere\/\">Qui trovate i recapiti delle rappresentanze diplomatico-consolare straniere in Italia<\/a><\/p>\n<p>notare un viaggio o acquistare un biglietto, verificate sempre le prescrizioni sui documenti accettati dal Paese dove volete recarvi sul sito <a title=\"Vai al sito Viaggiare Sicuri\" href=\"https:\/\/www.viaggiaresicuri.it\/\" target=\"_blank\" rel=\"nofollow noopener\">www.viaggiaresicuri.it<\/a> ed il sito <a title=\"Vai al sito della Polizia di Stato\" href=\"https:\/\/www.poliziadistato.it\/\" target=\"_blank\" rel=\"nofollow noopener\">www.poliziadistato.it<\/a><\/p>\n<\/div>\n<\/div>\n<div class=\"accordion-item\">\n<h2 id=\"heading16c\" class=\"accordion-header \"><button class=\"accordion-button collapsed\" type=\"button\" data-bs-toggle=\"collapse\" data-bs-target=\"#collapse16c\" aria-expanded=\"false\" aria-controls=\"collapse16c\">I miei figli minorenni non hanno il passaporto: sono obbligati ad averlo?<br \/>\n<\/button><\/h2>\n<div id=\"collapse16c\" class=\"accordion-collapse collapse\" role=\"region\" aria-labelledby=\"heading16c\">\n<div class=\"accordion-body\">S\u00ec. Tutti i minori per viaggiare devono essere in possesso di documento individuale.<br \/>\nPer informazioni approfondite consultare il sito della <a title=\"Vai al sito della Polizia di Stato\" href=\"https:\/\/www.poliziadistato.it\/\" target=\"_blank\" rel=\"nofollow noopener\">Polizia di Stato<\/a> e la pagina <a title=\"Vai alla pagina passaporto\" href=\"https:\/\/www.esteri.it\/it\/servizi-consolari-e-visti\/italiani-all-estero\/documenti_di_viaggio\/passaporto\/\">Passaporto<\/a>.<\/div>\n<\/div>\n<\/div>\n<div class=\"accordion-item\">\n<h2 id=\"heading17c\" class=\"accordion-header \"><button class=\"accordion-button collapsed\" type=\"button\" data-bs-toggle=\"collapse\" data-bs-target=\"#collapse17c\" aria-expanded=\"false\" aria-controls=\"collapse17c\">\u00c8 obbligatorio avere l&#8217;assenso del coniuge sul passaporto di mio figlio minore?<br \/>\n<\/button><\/h2>\n<div id=\"collapse17c\" class=\"accordion-collapse collapse\" role=\"region\" aria-labelledby=\"heading17c\">\n<div class=\"accordion-body\">\n<p>S\u00ec. Per il rilascio del passaporto a un minore di 18 anni, \u00e8 sempre necessario l&#8217;assenso di entrambi i genitori (coniugati, conviventi, separati, divorziati o genitori naturali) da prestare davanti all&#8217;ufficio che rilascia il passaporto. Se uno dei due genitori non pu\u00f2 presentarsi di persona, pu\u00f2 essere allegata una fotocopia del suo documento firmato in originale. Se uno dei due genitori non vuole prestare l&#8217;assenso, si deve essere in possesso del nulla osta del giudice tutelare. Ulteriori informazioni sono alla pagina <a title=\"Vai alla pagina passaporto\" href=\"https:\/\/www.esteri.it\/it\/servizi-consolari-e-visti\/italiani-all-estero\/documenti_di_viaggio\/passaporto\/\">Passaporto<\/a>.<\/p>\n<\/div>\n<\/div>\n<\/div>\n<div class=\"accordion-item\">\n<h2 id=\"heading18c\" class=\"accordion-header \"><button class=\"accordion-button collapsed\" type=\"button\" data-bs-toggle=\"collapse\" data-bs-target=\"#collapse18c\" aria-expanded=\"false\" aria-controls=\"collapse18c\">Ho un figlio minorenne, devo ottenere obbligatoriamente l&#8217;assenso dell&#8217;altro coniuge sul mio passaporto?<br \/>\n<\/button><\/h2>\n<div id=\"collapse18c\" class=\"accordion-collapse collapse\" role=\"region\" aria-labelledby=\"heading18c\">\n<div class=\"accordion-body\">A partire dal 14 giugno 2023 non \u00e8 pi\u00f9 necessario presentare l\u2019atto di assenso dell\u2019altro genitore ai fini del rilascio del proprio documento d\u2019identit\u00e0 (passaporto e carta di identit\u00e0 elettronica), ai sensi del Decreto Legge n. 69\/2023.<br \/>\nNello specifico il testo dell\u2019articolo 3-bis della Legge n. 1185\/1967 indica che, quando vi \u00e8 concreto e attuale pericolo che a causa del rilascio del documento il genitore richiedente possa sottrarsi all\u2019adempimento dei suoi obblighi verso i figli, sar\u00e0 possibile per l\u2019altro genitore richiedere una inibitoria al rilascio del documento.<br \/>\nL\u2019istanza potr\u00e0 essere presentata presso il giudice competente presso il Tribunale ordinario in cui il minore ha la residenza abituale ovvero, se il minore \u00e8 residente all\u2019estero, il Tribunale nel cui circondario si trova il suo Comune di iscrizione A.I.R.E.<br \/>\nAi fini del rilascio dei documenti per i minori, invece, resta l\u2019obbligo dell\u2019assenso firmato da entrambi i genitori o da chi esercita la responsabilit\u00e0 genitoriale. Ulteriori informazioni sono alla pagina <a title=\"Vai alla pagina passaporto\" href=\"https:\/\/www.esteri.it\/it\/servizi-consolari-e-visti\/italiani-all-estero\/documenti_di_viaggio\/passaporto\/\">Passaporto<\/a>.<\/div>\n<\/div>\n<\/div>\n<div class=\"accordion-item\">\n<h2 id=\"heading19c\" class=\"accordion-header \"><button class=\"accordion-button collapsed\" type=\"button\" data-bs-toggle=\"collapse\" data-bs-target=\"#collapse19c\" aria-expanded=\"false\" aria-controls=\"collapse19c\">Dove posso trovare informazioni aggiornate sulle principali disposizioni doganali che regolano bagagli, cose e animali al seguito del viaggiatore?<br \/>\n<\/button><\/h2>\n<div id=\"collapse19c\" class=\"accordion-collapse collapse\" role=\"region\" aria-labelledby=\"heading19c\">\n<div class=\"accordion-body\">\n<p>L&#8217;agenzia delle dogane ha realizzato una <a title=\"Vai al sito per info carta doganale\" href=\"https:\/\/www.adm.gov.it\/portale\/carta-doganale-viaggiatore\" target=\"_blank\" rel=\"nofollow noopener\">carta doganale dei viaggiatori<\/a> che contiene le informazioni necessarie per lo sdoganamento dei beni che pi\u00f9 frequentemente i viaggiatori portano al seguito e che \u00e8 consultabile sul sito dell&#8217;Agenzia.Ulteriori informazioni sono alla pagina <a title=\"Vai alla pagina passaporto\" href=\"https:\/\/www.esteri.it\/it\/servizi-consolari-e-visti\/italiani-all-estero\/documenti_di_viaggio\/passaporto\/\">Passaporto<\/a>.<\/p>\n<p>E&#8217; una guida di facile e pronta consultazione per conoscere le principali disposizioni doganali che regolano bagagli, cose e animali al seguito del viaggiatore. Uno strumento di aiuto per chi arriva o parte dal nostro Paese, per essere in grado di predisporre in anticipo gli eventuali documenti necessari alla dogana. Fornisce inoltre utili informazioni a chi effettua l&#8217;acquisto di prodotti tramite internet.<\/p>\n<\/div>\n<\/div>\n<\/div>\n<\/div>\n<p>&nbsp;<\/p>\n<p>&nbsp;<\/p>\n<\/div>\n","protected":false},"excerpt":{"rendered":"Informazioni su Paesi, assistenza in caso di furto o smarrimento documenti all&#8217;estero, assicurazione viaggio, passaporti, viaggiare con figli minorenni, unit\u00e0 di crisi, visti, carta d&#8217;identit\u00e0 Come faccio a sapere se \u00e8 pericoloso recarmi in un certo Paese? Nuovi fattori di rischio hanno fatto la loro comparsa su scala globale dando origine a minacce molteplici e [&hellip;]","protected":false},"author":1,"featured_media":0,"parent":45948,"menu_order":0,"comment_status":"closed","ping_status":"closed","template":"","meta":{"footnotes":""},"class_list":["post-45953","page","type-page","status-publish","hentry"],"_links":{"self":[{"href":"https:\/\/www.esteri.it\/it\/wp-json\/wp\/v2\/pages\/45953","targetHints":{"allow":["GET"]}}],"collection":[{"href":"https:\/\/www.esteri.it\/it\/wp-json\/wp\/v2\/pages"}],"about":[{"href":"https:\/\/www.esteri.it\/it\/wp-json\/wp\/v2\/types\/page"}],"author":[{"embeddable":true,"href":"https:\/\/www.esteri.it\/it\/wp-json\/wp\/v2\/users\/1"}],"replies":[{"embeddable":true,"href":"https:\/\/www.esteri.it\/it\/wp-json\/wp\/v2\/comments?post=45953"}],"version-history":[{"count":7,"href":"https:\/\/www.esteri.it\/it\/wp-json\/wp\/v2\/pages\/45953\/revisions"}],"predecessor-version":[{"id":153752,"href":"https:\/\/www.esteri.it\/it\/wp-json\/wp\/v2\/pages\/45953\/revisions\/153752"}],"up":[{"embeddable":true,"href":"https:\/\/www.esteri.it\/it\/wp-json\/wp\/v2\/pages\/45948"}],"wp:attachment":[{"href":"https:\/\/www.esteri.it\/it\/wp-json\/wp\/v2\/media?parent=45953"}],"curies":[{"name":"wp","href":"https:\/\/api.w.org\/{rel}","templated":true}]}}