{"id":45958,"date":"2021-10-20T20:52:52","date_gmt":"2021-10-20T18:52:52","guid":{"rendered":"https:\/\/www.esteri.it\/?page_id=45958"},"modified":"2024-02-16T14:01:58","modified_gmt":"2024-02-16T13:01:58","slug":"sezione_trasferirsi","status":"publish","type":"page","link":"https:\/\/www.esteri.it\/it\/sportello_info\/domandefrequenti\/sezione_trasferirsi\/","title":{"rendered":"Trasferirsi all\u2019estero"},"content":{"rendered":"<div class=\"mb-1\"><img loading=\"lazy\" decoding=\"async\" src=\"https:\/\/www.esteri.it\/mae\/resource\/img\/svg\/icone_faq_trasferirsi_estero.svg\" alt=\"Trasferirsi all'estero\" width=\"58\" height=\"53\" border=\"0\" \/><\/div>\n<div class=\"mb-3\">Aire, assistenza sanitaria, borse di studio, scuole italiane, aziende italiane, titoli di studio, patente all&#8217;estero<\/div>\n<div id=\"collapseDiv1\" class=\"collapse-div\" role=\"tablist\">\n<div class=\"accordion-item\">\n<h2 id=\"heading1\" class=\"accordion-header\"><button class=\"accordion-button\" type=\"button\" data-bs-toggle=\"collapse\" data-bs-target=\"#collapse1\" aria-expanded=\"true\" aria-controls=\"collapse1\">Di che documenti ho bisogno per potermi trasferire in un determinato Paese?<\/button><\/h2>\n<div id=\"collapse1\" class=\"accordion-collapse collapse show\" role=\"region\" aria-labelledby=\"heading1\">\n<div class=\"accordion-body\">Le disposizioni relative all&#8217;entrata e al soggiorno degli stranieri sul territorio sono materia di competenza di ogni singolo Stato. Per ogni informazione dovete rivolgervi direttamente alle Rappresentanze consolari in Italia del Paese di destinazione.<br \/>\nL&#8217;elenco delle Rappresentanze straniere in Italia si trova <a title=\"Vai alla pagina Rete diplomatica\" href=\"https:\/\/www.esteri.it\/it\/ministero\/struttura\/laretediplomatica\/\">qui<\/a> .Se vi trasferite in un Paese dell\u2019Unione Europea, potrete trovare utili informazioni sul <a title=\"Vai al sito ufficiale UE\" href=\"https:\/\/europa.eu\/european-union\/index_it\" target=\"_blank\" rel=\"nofollow noopener\">sito ufficiale dell\u2019UE<\/a>.<\/div>\n<\/div>\n<\/div>\n<div class=\"accordion-item\">\n<h2 id=\"heading2\" class=\"accordion-header\"><button class=\"accordion-button collapsed\" type=\"button\" data-bs-toggle=\"collapse\" data-bs-target=\"#collapse2\" aria-expanded=\"false\" aria-controls=\"collapse2\">Mi sono trasferito all&#8217;estero: a quali autorit\u00e0 italiane devo comunicare i miei nuovi recapiti e come?<\/button><\/h2>\n<div id=\"collapse2\" class=\"accordion-collapse collapse\" role=\"region\" aria-labelledby=\"heading2\">\n<div class=\"accordion-body\">\n<p>Se vi trasferite all\u2019estero stabilmente, dovete richiedere all\u2019ufficio consolare competente per territorio l\u2019iscrizione all\u2019AIRE (Anagrafe degli Italiani Residenti all\u2019Estero).<br \/>\nPer individuare il Consolato competente cliccate sul link:\u00a0<a href=\"https:\/\/serviziconsolari.esteri.it\/ScoFE\/services\/consulate\/find-consulate.sco\">https:\/\/serviziconsolari.esteri.it\/ScoFE\/services\/consulate\/find-consulate.sco<\/a><br \/>\nTroverete il formulario sul sito web dell\u2019Ambasciata\/Consolato. In molti Consolati sar\u00e0 possibile iscriversi attraverso il nuovo portale\u00a0<a href=\"https:\/\/serviziconsolarionline.esteri.it\/ScoFE\/index.sco\">Fast It<\/a>\u00a0(Farnesina servizi telematici per italiani all\u2019estero). Se cambiate indirizzo nella stessa circoscrizione consolare dovete comunicare la variazione allo stesso Ufficio consolare. Se vi trasferite da una circoscrizione consolare ad un\u2019altra, dovrete prendere contatto con l\u2019Ufficio consolare competente per la nuova residenza.\u00a0 Sempre attraverso il portale Fast.it sar\u00e0 possibile comunicare sia il cambio di indirizzo all\u2019interno della stessa circoscrizione consolare, sia la variazione di residenza da una circoscrizione consolare ad un\u2019altra.<\/p>\n<p>La funzione dell\u2019ufficio consolare \u00e8 trasmettere al Comune la richiesta di iscrizione AIRE e, al tempo stesso, conservare i vostri dati in una banca dati consolare. Il Comune, una volta ricevuta ed approvata la richiesta di iscrizione AIRE, vi cancella dall\u2019Anagrafe della Popolazione Residente (A.P.R.) e vi iscrive nell\u2019Anagrafe degli Italiani Residenti all\u2019Estero (AIRE).<br \/>\n\u00c8 inoltre obbligatorio informare lo Stato italiano (se risiedete all\u2019estero, attraverso il Consolato) di ogni mutamento di stato civile e di ogni variazione (nascite e decessi, matrimoni e divorzi) del nucleo familiare.<br \/>\nPer maggiori informazioni consultate la pagina\u00a0<a href=\"https:\/\/www.esteri.it\/it\/servizi-consolari-e-visti\/italiani-all-estero\/aire_0\/\">AIRE<\/a><\/p>\n<p><a title=\"Vedi elenco sedi diplomatiche consolari\" href=\"https:\/\/www.esteri.it\/it\/ministero\/struttura\/laretediplomatica\/\">Elenco delle sedi diplomatiche e consolari nel mondo<\/a><\/p>\n<\/div>\n<\/div>\n<\/div>\n<div class=\"accordion-item\">\n<h2 id=\"heading3a\" class=\"accordion-header\"><button class=\"accordion-button collapsed\" type=\"button\" data-bs-toggle=\"collapse\" data-bs-target=\"#collapse3a\" aria-expanded=\"false\" aria-controls=\"collapse3a\">A chi posso richiedere le certificazioni anagrafiche?<\/button><\/h2>\n<div id=\"collapse3a\" class=\"accordion-collapse collapse\" role=\"region\" aria-labelledby=\"heading3a\">\n<div class=\"accordion-body\">\n<p>Occorre rivolgersi al Comune di iscrizione Aire per ottenere un certificato di iscrizione all\u2019AIRE. Inoltre i certificati anagrafici personali (compresi, ad esempio: residenza, cittadinanza, esistenza in vita) possono essere scaricati online gratuitamente direttamente dagli interessati, dal portale:<br \/>\n<a href=\"https:\/\/www.anagrafenazionale.interno.it\/\">ANAGRAFE NAZIONALE \u2013 Unica. Per tutti. (interno.it)<\/a> al quale si accede con la propria identit\u00e0 digitale (SPID, Carta d\u2019Identit\u00e0 Elettronica, Carta Nazionale dei Servizi).<\/p>\n<\/div>\n<\/div>\n<\/div>\n<div class=\"accordion-item\">\n<h2 id=\"heading3b\" class=\"accordion-header\"><button class=\"accordion-button collapsed\" type=\"button\" data-bs-toggle=\"collapse\" data-bs-target=\"#collapse3b\" aria-expanded=\"false\" aria-controls=\"collapse3b\">Sono obbligato ad iscrivermi all\u2019AIRE (Anagrafe degli Italiani Residenti all\u2019Estero) se mi trasferisco all\u2019estero?<\/button><\/h2>\n<div id=\"collapse3b\" class=\"accordion-collapse collapse\" role=\"region\" aria-labelledby=\"heading3b\">\n<div class=\"accordion-body\">S\u00ec, l\u2019iscrizione all\u2019AIRE costituisce un obbligo di legge per chi trasferisce la propria residenza all\u2019estero (art. 6, Legge 470\/1988).<\/div>\n<\/div>\n<\/div>\n<div class=\"accordion-item\">\n<h2 id=\"heading3c\" class=\"accordion-header\"><button class=\"accordion-button collapsed\" type=\"button\" data-bs-toggle=\"collapse\" data-bs-target=\"#collapse3c\" aria-expanded=\"false\" aria-controls=\"collapse3c\">Sono previste delle sanzioni in caso di tardiva o omessa richiesta di iscrizione all\u2019AIRE (Anagrafe degli Italiani Residenti all\u2019Estero)?<\/button><\/h2>\n<div id=\"collapse3c\" class=\"accordion-collapse collapse\" role=\"region\" aria-labelledby=\"heading3c\">\n<div class=\"accordion-body\">A partire dall\u20191 gennaio 2024 la legge ha introdotto delle sanzioni pecuniarie amministrative per coloro che non chiedono al consolato competente per territorio di iscriversi all\u2019AIRE entro i termini previsti: 90 giorni dal trasferimento all\u2019estero della residenza (art. 11, Legge 24 dicembre 1954 n. 1228, come modificato dalla Legge 30 dicembre 2023 n. 213).<\/div>\n<\/div>\n<\/div>\n<div class=\"accordion-item\">\n<h2 id=\"heading3d\" class=\"accordion-header\"><button class=\"accordion-button collapsed\" type=\"button\" data-bs-toggle=\"collapse\" data-bs-target=\"#collapse3d\" aria-expanded=\"false\" aria-controls=\"collapse3d\">Qual \u00e8 l\u2019autorit\u00e0 competente all\u2019accertamento e all\u2019irrogazione della sanzione in caso di ritardata o omessa iscrizione all\u2019AIRE (Anagrafe degli Italiani Residenti all\u2019Estero)?<\/button><\/h2>\n<div id=\"collapse3d\" class=\"accordion-collapse collapse\" role=\"region\" aria-labelledby=\"heading3d\">\n<div class=\"accordion-body\">L\u2019autorit\u00e0 competente all\u2019accertamento e all\u2019irrogazione della sanzione \u00e8 il Comune nella cui anagrafe \u00e8 iscritto il trasgressore.<\/div>\n<\/div>\n<\/div>\n<div class=\"accordion-item\">\n<h2 id=\"heading3\" class=\"accordion-header\"><button class=\"accordion-button collapsed\" type=\"button\" data-bs-toggle=\"collapse\" data-bs-target=\"#collapse3\" aria-expanded=\"false\" aria-controls=\"collapse3\">Sono obbligato ad iscrivermi all&#8217;AIRE (Anagrafe degli Italiani Residenti all&#8217;Estero) se resto all&#8217;estero per meno di 12 mesi?<\/button><\/h2>\n<div id=\"collapse3\" class=\"accordion-collapse collapse\" role=\"region\" aria-labelledby=\"heading3\">\n<div class=\"accordion-body\">L\u2019iscrizione in Aire \u00e8 obbligatoria per i cittadini italiani che trasferiscono la loro residenza all&#8217;estero: essi devono fare richiesta di iscrizione all\u2019AIRE all\u2019ufficio consolare territorialmente competente entro 90 giorni dall\u2019avvenuto trasferimento. A partire dall\u20191 gennaio 2024 (data di entrata in vigore della Legge 30 dicembre 2023 n. 213, che ha modificato la 24 dicembre 1954, n. 1228), chi non rispetta il termine di 90 giorni \u00e8 soggetto a sanzioni pecuniarie amministrative.<br \/>\nLa residenza \u00e8 definita nel Codice Civile (art. 43) come il luogo nel quale una persona ha la propria dimora abituale, cio\u00e8 il luogo dove solitamente si svolge la vita familiare, lavorativa e sociale. La residenza di una persona \u00e8 determinata dalla sua abituale e volontaria dimora in un determinato luogo, cio\u00e8 dall&#8217;elemento obiettivo della permanenza in tale luogo e dall&#8217;elemento soggettivo dell&#8217;intenzione di abitarvi stabilmente, rivelata dalle consuetudini di vita e dallo svolgimento delle normali relazioni sociali.<br \/>\nIl termine di 12 mesi \u00e8 solo indicativo mentre ci\u00f2 che conta \u00e8 l\u2019effettivo trasferimento della residenza all\u2019estero.<\/div>\n<\/div>\n<\/div>\n<div class=\"accordion-item\">\n<h2 id=\"heading5\" class=\"accordion-header\"><button class=\"accordion-button collapsed\" type=\"button\" data-bs-toggle=\"collapse\" data-bs-target=\"#collapse5\" aria-expanded=\"false\" aria-controls=\"collapse5\">Se mi iscrivo all&#8217;AIRE (Anagrafe degli Italiani Residenti all&#8217;Estero) perdo il diritto all&#8217;assistenza sanitaria fornita dal Sistema Sanitario Nazionale (SSN) in Italia?<\/button><\/h2>\n<div id=\"collapse5\" class=\"accordion-collapse collapse\" role=\"region\" aria-labelledby=\"heading5\">\n<div class=\"accordion-body\">\n<p>L\u2019iscrizione all\u2019A.I.R.E. comporta la cancellazione dal Servizio Sanitario Nazionale.<em><br \/>\n<\/em>Un cittadino italiano che si trasferisca in un Paese dell\u2019Unione Europea ha diritto al trattamento che quello Stato fornisce ad un proprio cittadino. Per approfondire vi suggeriamo di visitare\u00a0la pagina <a href=\"https:\/\/www.esteri.it\/it\/servizi-consolari-e-visti\/italiani-all-estero\/assistenzacittadiniestero\/assistenza_sanitaria\/\">Assistenza sanitaria<\/a> del sito web di questo Ministero e <a href=\"https:\/\/europa.eu\/european-union\/life\/healthcare_it\">questa pagina<\/a>\u00a0del\u00a0<a href=\"https:\/\/europa.eu\/european-union\/index_it\">sito web ufficiale dell\u2019Unione<\/a>.<\/p>\n<p>Per l\u2019assistenza sanitaria nei Paesi extra UE e per maggiori informazioni consultate la pagina <a href=\"https:\/\/www.esteri.it\/it\/servizi-consolari-e-visti\/italiani-all-estero\/assistenzacittadiniestero\/assistenza_sanitaria\/\">Assistenza sanitaria<\/a> del sito web di questo Ministero e la pagina\u00a0<a href=\"https:\/\/www.salute.gov.it\/portale\/temi\/p2_6.jsp?lingua=italiano&amp;id=897&amp;area=Assistenza%20sanitaria&amp;menu=italiani\">Se parto per\u2026<\/a>\u00a0del\u00a0<a href=\"https:\/\/www.salute.gov.it\/\">sito del Ministero della Salute<\/a>.<\/p>\n<\/div>\n<\/div>\n<\/div>\n<div class=\"accordion-item\">\n<h2 id=\"heading6\" class=\"accordion-header\"><button class=\"accordion-button collapsed\" type=\"button\" data-bs-toggle=\"collapse\" data-bs-target=\"#collapse6\" aria-expanded=\"false\" aria-controls=\"collapse6\">Se mi iscrivo all&#8217;AIRE (Anagrafe degli Italiani Residenti all&#8217;Estero) perdo i benefici fiscali e tributari sulla cosiddetta prima casa?<\/button><\/h2>\n<div id=\"collapse6\" class=\"accordion-collapse collapse\" role=\"region\" aria-labelledby=\"heading6\">\n<div class=\"accordion-body\">\n<p>La normativa tributaria in materia residenziale \u00e8 disciplinata a livello locale: dovrete quindi rivolgervi all\u2019Ufficio Tributi del vostro Comune italiano di provenienza o di iscrizione AIRE. L\u2019Agenzia delle Entrate ha messo a disposizione dei contribuenti una <a href=\"https:\/\/www.agenziaentrate.gov.it\/portale\/documents\/20143\/233439\/Lavoratori+italiani+all+estero+it_Guida_Italiani_all%27estero.pdf\/b233a268-e24f-64d9-7e0c-f13322979667%20\">guida fiscale per i residenti all\u2019estero<\/a>.<\/p>\n<\/div>\n<\/div>\n<\/div>\n<div class=\"accordion-item\">\n<h2 id=\"heading7\" class=\"accordion-header\"><button class=\"accordion-button collapsed\" type=\"button\" data-bs-toggle=\"collapse\" data-bs-target=\"#collapse7\" aria-expanded=\"false\" aria-controls=\"collapse7\">Che vantaggi ci sono ad iscriversi all&#8217;AIRE (Anagrafe degli Italiani Residenti all&#8217;Estero) oltre al fatto di essere in regola con le disposizioni di legge ed evitare sanzioni?<\/button><\/h2>\n<div id=\"collapse7\" class=\"accordion-collapse collapse\" role=\"region\" aria-labelledby=\"heading7\">\n<div class=\"accordion-body\">\n<p>L\u2019iscrizione all\u2019AIRE , oltre a costituire un obbligo sancito dalla legge (n. 470 del 1988), vi consente di usufruire di una serie di servizi forniti dalle Rappresentanze consolari italiane all&#8217;estero e di esercitare il diritto di voto dall&#8217;estero.<\/p>\n<p>Per ulteriori informazioni consultate la pagina <a title=\"Vai alla pagina AIRE\" href=\"https:\/\/www.esteri.it\/it\/servizi-consolari-e-visti\/italiani-all-estero\/aire_0\/\">AIRE<\/a>.<\/p>\n<\/div>\n<\/div>\n<\/div>\n<div class=\"accordion-item\">\n<h2 id=\"heading8\" class=\"accordion-header\"><button class=\"accordion-button collapsed\" type=\"button\" data-bs-toggle=\"collapse\" data-bs-target=\"#collapse8\" aria-expanded=\"false\" aria-controls=\"collapse8\">Dove trovo l&#8217;elenco delle borse di studio per studiare all&#8217;estero?<\/button><\/h2>\n<div id=\"collapse8\" class=\"accordion-collapse collapse\" role=\"region\" aria-labelledby=\"heading8\">\n<div class=\"accordion-body\">\n<p>Potete trovare l&#8217;elenco delle borse di studio per cittadini italiani offerte da Paesi e istituzioni straniere per ciascun anno accademico collegandovi alla pagina <a title=\"Vai alla pagina Oppotunit\u00e0 di studio\" href=\"https:\/\/www.esteri.it\/it\/opportunita\/borse-di-studio\/di_studio\/\">Opportunit\u00e0 di studio<\/a>.<\/p>\n<p>Per presentare la vostra candidatura collegatevi al portale Borse di studio on line.<\/p>\n<\/div>\n<\/div>\n<\/div>\n<div class=\"accordion-item\">\n<h2 id=\"heading9\" class=\"accordion-header\"><button class=\"accordion-button collapsed\" type=\"button\" data-bs-toggle=\"collapse\" data-bs-target=\"#collapse9\" aria-expanded=\"false\" aria-controls=\"collapse9\">Mi sto trasferendo all&#8217;estero assieme alla mia famiglia. Come faccio a sapere se ci sono scuole italiane in quel Paese?<\/button><\/h2>\n<div id=\"collapse9\" class=\"accordion-collapse collapse\" role=\"region\" aria-labelledby=\"heading9\">\n<div class=\"accordion-body\">Per conoscere l&#8217;elenco delle scuole italiane ed europee all&#8217;estero visitate la pagina <a title=\"Vai alla pagina Istituzioni scolastiche all'estero\" href=\"https:\/\/www.esteri.it\/it\/diplomazia-culturale-e-diplomazia-scientifica\/cultura\/sistema-della-formazione-italiana-nel-mondo\/approfondimento-sulle-scuole-statali-italiane-allestero\/\">Istituzioni scolastiche all&#8217;estero<\/a>.<\/div>\n<\/div>\n<\/div>\n<div class=\"accordion-item\">\n<h2 id=\"heading10\" class=\"accordion-header\"><button class=\"accordion-button collapsed\" type=\"button\" data-bs-toggle=\"collapse\" data-bs-target=\"#collapse10\" aria-expanded=\"false\" aria-controls=\"collapse10\">Dove posso trovare una lista di aziende italiane che operano in un certo Paese?<\/button><\/h2>\n<div id=\"collapse10\" class=\"accordion-collapse collapse\" role=\"region\" aria-labelledby=\"heading10\">\n<div class=\"accordion-body\">\n<p>Alcune informazioni sulla presenza italiana in un determinato Paese sono disponibili all&#8217;interno della piattaforma di <a title=\"Vai alla pagina info mercati esteri\" href=\"https:\/\/www.esteri.it\/it\/diplomazia-economica-e-politica-commerciale\/diplomaziaeconomica\/strumenti-e-servizi-informativi-per-le-imprese\/infomercatiesteri-osservatorio-economico\/\">infoMercatiEsteri<\/a> (sezione Rapporti con l&#8217;Italia all&#8217;interno di ciascuna pagina Paese).<br \/>\nPotete rivolgervi anche direttamente all&#8217;Ufficio commerciale dell&#8217;Ambasciata italiana nel Paese di vostro interesse o all&#8217;Unit\u00e0 Operativa dell&#8217;Agenzia ICE e alla Camera di Commercio italiana, se presenti nel Paese.<\/p>\n<\/div>\n<\/div>\n<\/div>\n<div class=\"accordion-item\">\n<h2 id=\"heading11\" class=\"accordion-header\"><button class=\"accordion-button collapsed\" type=\"button\" data-bs-toggle=\"collapse\" data-bs-target=\"#collapse11\" aria-expanded=\"false\" aria-controls=\"collapse11\">Mi sono laureato all&#8217;estero. Il mio titolo di studio \u00e8 riconosciuto in Italia?<\/button><\/h2>\n<div id=\"collapse11\" class=\"accordion-collapse collapse\" role=\"region\" aria-labelledby=\"heading11\">\n<div class=\"accordion-body\">I titoli di studio stranieri non sono automaticamente riconosciuti in Italia. Per informazioni su come ottenere il riconoscimento consultate il sito del Centro Informazioni sulla Mobilit\u00e0 e le Equivalenze Accademiche <a title=\"Vai al sito Cimea\" href=\"https:\/\/www.cimea.it\/\" target=\"_blank\" rel=\"nofollow noopener\">CIMEA<\/a>.<\/div>\n<\/div>\n<\/div>\n<div class=\"accordion-item\">\n<h2 id=\"heading12\" class=\"accordion-header\"><button class=\"accordion-button collapsed\" type=\"button\" data-bs-toggle=\"collapse\" data-bs-target=\"#collapse12\" aria-expanded=\"false\" aria-controls=\"collapse12\">Se richiedo l\u2019iscrizione all&#8217;AIRE (Anagrafe degli Italiani Residenti all&#8217;Estero) da quando risulter\u00f2 iscritto?<\/button><\/h2>\n<div id=\"collapse12\" class=\"accordion-collapse collapse\" role=\"region\" aria-labelledby=\"heading12\">\n<div class=\"accordion-body\">\n<p>La decorrenza dell\u2019iscrizione all\u2019AIRE \u00e8 disciplinata dall\u2019art. 6, comma 9-bis, della Legge 27 ottobre 1988, n. 470, per cui gli effetti della dichiarazione resa all&#8217;Ufficio consolare, ai sensi dei commi 1 e 3 dell\u2019art. 6 della Legge, hanno decorrenza dalla data di presentazione della stessa all\u2019Ufficio consolare qualora non sia stata gi\u00e0 resa la dichiarazione di trasferimento di residenza all&#8217;estero presso il Comune di ultima residenza. Se il connazionale, prima di espatriare, ha reso al Comune italiano la dichiarazione di trasferimento all\u2019estero ed ha presentato la richiesta di iscrizione in AIRE all\u2019Ufficio consolare entro 90 giorni dall\u2019espatrio, la conseguente iscrizione all\u2019AIRE decorre dal giorno della dichiarazione resa in Comune.<\/p>\n<\/div>\n<\/div>\n<\/div>\n<div class=\"accordion-item\">\n<h2 id=\"heading13a\" class=\"accordion-header\"><button class=\"accordion-button collapsed\" type=\"button\" data-bs-toggle=\"collapse\" data-bs-target=\"#collapse13a\" aria-expanded=\"false\" aria-controls=\"collapse13a\">Se torno a vivere in Italia, cosa devo fare per comunicare il rimpatrio?<\/button><\/h2>\n<div id=\"collapse13a\" class=\"accordion-collapse collapse\" role=\"region\" aria-labelledby=\"heading13a\">\n<div class=\"accordion-body\">Se tornate a vivere in Italia, dovrete informare il Comune italiano presso cui fissate la vostra residenza e il Comune italiano provveder\u00e0 alla cancellazione dall\u2019Anagrafe degli italiani residenti all\u2019estero e all\u2019iscrizione in APR (Anagrafe Popolazione Residente).<\/div>\n<\/div>\n<\/div>\n<div class=\"accordion-item\">\n<h2 id=\"heading13b\" class=\"accordion-header\"><button class=\"accordion-button collapsed\" type=\"button\" data-bs-toggle=\"collapse\" data-bs-target=\"#collapse13b\" aria-expanded=\"false\" aria-controls=\"collapse13b\">Sono obbligato a informare il Comune in Italia se torno a vivere in Italia? Sono previste delle sanzioni in caso di tardiva o omessa comunicazione al Comune?<\/button><\/h2>\n<div id=\"collapse13b\" class=\"accordion-collapse collapse\" role=\"region\" aria-labelledby=\"heading13b\">\n<div class=\"accordion-body\">\n<p>S\u00ec. I cittadini iscritti all\u2019AIRE che\u00a0<strong>rientrano definitivamente in Italia<\/strong>\u00a0dovranno contattare il\u00a0<strong>Comune Italiano<\/strong><strong>\u00a0<\/strong>dove hanno deciso di stabilirsi per dichiarare il nuovo indirizzo di residenza entro i termini previsti dal decreto del Presidente della Repubblica 30 maggio 1989, n. 223.\u00a0<strong>L\u2019omissione o la presentazione tardiva della dichiarazione di rimpatrio \u00e8 punita con sanzione pecuniaria amministrativa.<\/strong><strong>\u00a0<\/strong>Nella stessa data il Comune provveder\u00e0 alla cancellazione dall\u2019AIRE con contestuale iscrizione in APR (Anagrafe Popolazione Residente). Sar\u00e0 cura del Comune comunicare ufficialmente la data di decorrenza del rimpatrio al Consolato di provenienza che registrer\u00e0 nei propri schedari consolari il rimpatrio.<\/p>\n<p>Per ulteriori informazioni consultate la pagina\u00a0<a href=\"https:\/\/www.esteri.it\/it\/servizi-consolari-e-visti\/italiani-all-estero\/aire_0\/\">AIRE<\/a>.<\/p>\n<\/div>\n<\/div>\n<\/div>\n<div class=\"accordion-item\">\n<h2 id=\"heading13\" class=\"accordion-header\"><button class=\"accordion-button collapsed\" type=\"button\" data-bs-toggle=\"collapse\" data-bs-target=\"#collapse13\" aria-expanded=\"false\" aria-controls=\"collapse13\">Posso rinnovare la patente italiana all&#8217;estero?<\/button><\/h2>\n<div id=\"collapse13\" class=\"accordion-collapse collapse\" role=\"region\" aria-labelledby=\"heading13\">\n<div class=\"accordion-body\">\n<p>Per guidare all&#8217;estero si applicano regole differenti in base al Paese di destinazione ed alla durata del periodo di soggiorno. Per maggiori dettagli visitate la pagina <a title=\"Vai alla pagina autoveicoli e patenti\" href=\"https:\/\/www.esteri.it\/it\/servizi-consolari-e-visti\/italiani-all-estero\/autoveicoli_e_patenti\/\">Autoveicoli e patenti<\/a>.<\/p>\n<\/div>\n<\/div>\n<\/div>\n<div class=\"accordion-item\">\n<h2 id=\"heading14\" class=\"accordion-header\"><button class=\"accordion-button collapsed\" type=\"button\" data-bs-toggle=\"collapse\" data-bs-target=\"#collapse14\" aria-expanded=\"false\" aria-controls=\"collapse14\">Posso guidare all&#8217;estero con la patente italiana?<\/button><\/h2>\n<div id=\"collapse14\" class=\"accordion-collapse collapse\" role=\"region\" aria-labelledby=\"heading14\">\n<div class=\"accordion-body\">\n<p>Per la guida all&#8217;estero si applicano regole differenti nei diversi Paesi di destinazione e a seconda della durata del periodo di soggiorno. Per brevi permanenze vi suggeriamo di prendere visione della scheda dedicata al Paese di vostro interesse sul sito <a title=\"Vai al sito Viaggiare Sicuri\" href=\"https:\/\/www.viaggiaresicuri.it\/\" target=\"_blank\" rel=\"nofollow noopener\">Viaggiare sicuri<\/a> sotto la voce &#8220;viabilit\u00e0&#8221;. Se programmate di trasferirvi, vi invitiamo a cercare le informazioni anche sul sito della rappresentanza diplomatica o consolare (<a title=\"Vai alla pagina delle sedi diplomatiche consolari\" href=\"https:\/\/www.esteri.it\/it\/ministero\/struttura\/laretediplomatica\/\">Elenco delle sedi diplomatiche e consolari nel mondo<\/a>).Trovate le informazioni a carattere generale alla pagina <a title=\"Vai al sito ACI per i docuemnti necessari\" href=\"https:\/\/www.aci.it\/il-club\/soci-in-viaggio\/per-chi-va-allestero\/documenti-necessari.html\" target=\"_blank\" rel=\"nofollow noopener\">ACI &#8211; Per viaggiare all&#8217;estero: Documenti necessari<\/a><\/p>\n<\/div>\n<\/div>\n<\/div>\n<\/div>\n<p>&nbsp;<\/p>\n<p>&nbsp;<\/p>\n","protected":false},"excerpt":{"rendered":"Aire, assistenza sanitaria, borse di studio, scuole italiane, aziende italiane, titoli di studio, patente all&#8217;estero Di che documenti ho bisogno per potermi trasferire in un determinato Paese? Le disposizioni relative all&#8217;entrata e al soggiorno degli stranieri sul territorio sono materia di competenza di ogni singolo Stato. Per ogni informazione dovete rivolgervi direttamente alle Rappresentanze consolari [&hellip;]","protected":false},"author":1,"featured_media":0,"parent":45948,"menu_order":0,"comment_status":"closed","ping_status":"closed","template":"","meta":{"footnotes":""},"class_list":["post-45958","page","type-page","status-publish","hentry"],"_links":{"self":[{"href":"https:\/\/www.esteri.it\/it\/wp-json\/wp\/v2\/pages\/45958","targetHints":{"allow":["GET"]}}],"collection":[{"href":"https:\/\/www.esteri.it\/it\/wp-json\/wp\/v2\/pages"}],"about":[{"href":"https:\/\/www.esteri.it\/it\/wp-json\/wp\/v2\/types\/page"}],"author":[{"embeddable":true,"href":"https:\/\/www.esteri.it\/it\/wp-json\/wp\/v2\/users\/1"}],"replies":[{"embeddable":true,"href":"https:\/\/www.esteri.it\/it\/wp-json\/wp\/v2\/comments?post=45958"}],"version-history":[{"count":6,"href":"https:\/\/www.esteri.it\/it\/wp-json\/wp\/v2\/pages\/45958\/revisions"}],"predecessor-version":[{"id":112702,"href":"https:\/\/www.esteri.it\/it\/wp-json\/wp\/v2\/pages\/45958\/revisions\/112702"}],"up":[{"embeddable":true,"href":"https:\/\/www.esteri.it\/it\/wp-json\/wp\/v2\/pages\/45948"}],"wp:attachment":[{"href":"https:\/\/www.esteri.it\/it\/wp-json\/wp\/v2\/media?parent=45958"}],"curies":[{"name":"wp","href":"https:\/\/api.w.org\/{rel}","templated":true}]}}