{"id":45970,"date":"2021-10-20T21:04:33","date_gmt":"2021-10-20T19:04:33","guid":{"rendered":"https:\/\/www.esteri.it\/?page_id=45970"},"modified":"2025-12-17T16:49:41","modified_gmt":"2025-12-17T15:49:41","slug":"sezione_lavorare_allestero","status":"publish","type":"page","link":"https:\/\/www.esteri.it\/it\/sportello_info\/domandefrequenti\/sezione_lavorare_allestero\/","title":{"rendered":"Cerco opportunit\u00e0 di lavoro"},"content":{"rendered":"<div><img loading=\"lazy\" decoding=\"async\" src=\"https:\/\/www.esteri.it\/mae\/resource\/img\/svg\/icone_faq_opportunita_di_lavoro.svg\" alt=\"Voglio investire \/Lavorare all'estero\" width=\"58\" height=\"53\" border=\"0\" \/><\/div>\n<div class=\"mb-2\">Stage, tirocini, lavoro al Mae, cooperazione allo sviluppo, agevolazioni internazionalizzazione, investimenti, bandi e gare estero, reciprocit\u00e0, visto per lavoro, insegnamento all&#8217;estero<\/div>\n<div id=\"collapseDiv1\" class=\"accordion\" role=\"tablist\">\n<div class=\"accordion-item\">\n<h2 id=\"heading1\" class=\"accordion-header\"><button class=\"accordion-button\" type=\"button\" data-bs-toggle=\"collapse\" data-bs-target=\"#collapse1\" aria-expanded=\"true\" aria-controls=\"collapse1\">Come posso candidarmi per uno stage presso un\u2019Ambasciata\/Consolato?<\/button><\/h2>\n<div id=\"collapse1\" class=\"accordion-collapse collapse show\" role=\"region\" aria-labelledby=\"heading1\">\n<div class=\"accordion-body\">Per aggiornamenti ed informazioni sui tirocini presso le Sedi estere del Ministero, visitate l\u2019apposita sezione.<\/div>\n<\/div>\n<\/div>\n<div class=\"accordion-item\">\n<h2 id=\"heading2\" class=\"accordion-header \"><button class=\"accordion-button collapsed\" type=\"button\" data-bs-toggle=\"collapse\" data-bs-target=\"#collapse2\" aria-expanded=\"false\" aria-controls=\"collapse2\">Sto per trasferirmi con la mia famiglia all\u2019estero. Posso fare domanda di lavoro presso il consolato italiano?<\/button><\/h2>\n<div id=\"collapse2\" class=\"accordion-collapse collapse\" role=\"region\" aria-labelledby=\"heading2\">\n<div class=\"accordion-body\">\n<p>L\u2019assunzione del personale a contratto all\u2019estero viene fatta direttamente dalle Ambasciate, dai Consolati e dagli Istituti Italiani di Cultura in loco, sulla base di un avviso di selezione che viene pubblicato sul sito della sede. Contattate l&#8217;ufficio consolare pi\u00f9 vicino al luogo in cui vi trasferirete per ulteriori informazioni.<\/p>\n<\/div>\n<\/div>\n<\/div>\n<div class=\"accordion-item\">\n<h2 id=\"heading3\" class=\"accordion-header \"><button class=\"accordion-button collapsed\" type=\"button\" data-bs-toggle=\"collapse\" data-bs-target=\"#collapse3\" aria-expanded=\"false\" aria-controls=\"collapse3\">Come faccio a lavorare nella cooperazione internazionale? Posso partire per l\u2019estero come volontaria di una ONG (Organizzazioni Non Governative)?<\/button><\/h2>\n<div id=\"collapse3\" class=\"accordion-collapse collapse\" role=\"region\" aria-labelledby=\"heading3\">\n<div class=\"accordion-body\">Le posizioni di lavoro aperte finanziate dalla Cooperazione italiana ma anche le \u2018vacancies\u2019 disponibili presso le ONG accreditate sono consultabili sul portale della Cooperazione italiana alla pagina Opportunit\u00e0 di lavoro e studio.<\/div>\n<\/div>\n<\/div>\n<div class=\"accordion-item\">\n<h2 id=\"heading4\" class=\"accordion-header \"><button class=\"accordion-button collapsed\" type=\"button\" data-bs-toggle=\"collapse\" data-bs-target=\"#collapse4\" aria-expanded=\"false\" aria-controls=\"collapse4\">Sono straniero e voglio comprare un immobile in Italia: lo posso fare?<\/button><\/h2>\n<div id=\"collapse4\" class=\"accordion-collapse collapse\" role=\"region\" aria-labelledby=\"heading4\">\n<div class=\"accordion-body\">\n<p>I cittadini stranieri parificati ai cittadini italiani per quanto riguarda il godimento dei diritti civili sono:<\/p>\n<ul>\n<li>i cittadini (persone fisiche o giuridiche) degli Stati membri dell\u2019Unione Europea nonch\u00e9 i cittadini dei Paesi Spazio Economico Europeo (Islanda, Liechtenstein e Norvegia);<\/li>\n<li>i cittadini extracomunitari che soggiornino in territorio italiano e siano titolari della carta di soggiorno o di un regolare permesso di soggiorno rilasciato per motivi di lavoro subordinato, di lavoro autonomo, per l\u2019esercizio di un\u2019impresa individuale, per motivi di famiglia, per motivi umanitari e per motivi di studio;<\/li>\n<li>gli apolidi residenti in Italia da almeno 3 anni;<\/li>\n<li>i rifugiati residenti da almeno 3 anni.<\/li>\n<\/ul>\n<p>Se risiedete in un Paese che non appartiene all\u2019UE o allo SEE, va verificata la condizione di reciprocit\u00e0, cio\u00e8 va verificato se nel vostro Paese \u00e8 permesso ad un italiano di acquistare un immobile.<\/p>\n<p>Si pu\u00f2 ovviare all\u2019accertamento della condizione di reciprocit\u00e0 se il Paese in cui risiedete ha firmato con l\u2019Italia un Accordo bilaterale in materia di promozione e protezione degli investimenti.<\/p>\n<p>Per maggiori informazioni, consultate la pagina: <a title=\"Vai alla pagina condizioni reciprocit\u00e0\" href=\"https:\/\/www.esteri.it\/it\/politica-estera-e-cooperazione-allo-sviluppo\/diplomazia-giuridica\/condizreciprocita\/\">Lo straniero e la condizione di reciprocit\u00e0<\/a>.<\/p>\n<\/div>\n<\/div>\n<\/div>\n<div class=\"accordion-item\">\n<h2 id=\"heading5\" class=\"accordion-header \"><button class=\"accordion-button collapsed\" type=\"button\" data-bs-toggle=\"collapse\" data-bs-target=\"#collapse5\" aria-expanded=\"false\" aria-controls=\"collapse5\">Pu\u00f2 uno straniero acquistare quote societarie o partecipare al capitale di un\u2019azienda italiana?<\/button><\/h2>\n<div id=\"collapse5\" class=\"accordion-collapse collapse\" role=\"region\" aria-labelledby=\"heading5\">\n<div class=\"accordion-body\">\n<p>I cittadini stranieri parificati ai cittadini italiani per quanto riguarda il godimento dei diritti civili sono:<\/p>\n<ul>\n<li>i cittadini (persone fisiche o giuridiche) degli Stati membri dell\u2019Unione Europea nonch\u00e9 i cittadini dei Paesi Spazio Economico Europeo (Islanda, Liechtenstein e Norvegia);<\/li>\n<li>i cittadini extracomunitari che soggiornino in territorio italiano e siano titolari della carta di soggiorno o di un regolare permesso di soggiorno rilasciato per motivi di lavoro subordinato, di lavoro autonomo, per l\u2019esercizio di un\u2019impresa individuale, per motivi di famiglia, per motivi umanitari e per motivi di studio;<\/li>\n<li>gli apolidi residenti in Italia da almeno 3 anni;<\/li>\n<li>i rifugiati residenti da almeno 3 anni.<\/li>\n<\/ul>\n<p>Se risiedete in un Paese che non appartiene all\u2019UE o allo SEE, va verificata la condizione di reciprocit\u00e0, cio\u00e8 va verificato se nel vostro Paese \u00e8 permesso ad un italiano di costituire una societ\u00e0 o qualunque altra operazione connessa.<\/p>\n<p>A volte la reciprocit\u00e0 pu\u00f2 sussistere solo per determinate materie. Quindi, potrebbe accadere che in un determinato Paese un italiano pu\u00f2 costituire una societ\u00e0 ma per esempio non pu\u00f2 comprare una casa. Stessa cosa varr\u00e0 per i cittadini stranieri provenienti da quel Paese e non regolarmente soggiornanti in Italia.<\/p>\n<p>Si pu\u00f2 ovviare all\u2019accertamento della condizione di reciprocit\u00e0 se il Paese in cui risiedete ha firmato con l\u2019Italia un Accordo bilaterale in materia di promozione e protezione degli investimenti.<\/p>\n<p>Nel caso della particolare tematica dell\u2019assunzione delle cariche sociali, se non \u00e8 prevista da un Accordo bilaterale di promozione e protezione degli investimenti, deve essere verificata la condizione di reciprocit\u00e0 caso per caso.<\/p>\n<p>Per maggiori informazioni, consultate la pagina: <a title=\"Vai alla pagina condizioni reciprocit\u00e0\" href=\"https:\/\/www.esteri.it\/it\/politica-estera-e-cooperazione-allo-sviluppo\/diplomazia-giuridica\/condizreciprocita\/\">Lo straniero e la condizione di reciprocit\u00e0<\/a>.<\/p>\n<\/div>\n<\/div>\n<\/div>\n<div class=\"accordion-item\">\n<h2 id=\"heading6\" class=\"accordion-header \"><button class=\"accordion-button collapsed\" type=\"button\" data-bs-toggle=\"collapse\" data-bs-target=\"#collapse6\" aria-expanded=\"false\" aria-controls=\"collapse6\">Come faccio a lavorare presso una Organizzazione Internazionale?<\/button><\/h2>\n<div id=\"collapse6\" class=\"accordion-collapse collapse\" role=\"region\" aria-labelledby=\"heading6\">\n<div class=\"accordion-body\">\n<p>Il Ministero degli Affari Esteri e della Cooperazione Internazionale mette a disposizione degli utenti un nuovo portale dedicato alla promozione delle candidature italiane nelle Organizzazioni Internazionali. Il motore di ricerca <strong>JOIN-IT<\/strong> consente a chiunque sia interessato ad una carriera internazionale di cercare e selezionare le opportunit\u00e0 professionali pubblicate dalle OOII e di aprire un canale diretto di comunicazione con il Ministero degli Esteri per segnalare lo status di avanzamento delle candidature stesse.Per ulteriori informazioni consultate la pagina <a title=\"Vai alla pagina opportunit\u00e0 nelle Organizzazioni Internazionali\" href=\"https:\/\/www.esteri.it\/it\/opportunita\/nelle_oo_ii\/\">Opportunit\u00e0 nelle Organizzazioni internazionali<\/a>, oppure accedi direttamente al portale <a title=\"Vai al portale JOIN-IT\" href=\"https:\/\/joinit.esteri.it\/\" target=\"_blank\" rel=\"nofollow noopener\">JOIN-IT<\/a>.<\/p>\n<\/div>\n<\/div>\n<\/div>\n<div class=\"accordion-item\">\n<h2 id=\"heading7\" class=\"accordion-header \"><button class=\"accordion-button collapsed\" type=\"button\" data-bs-toggle=\"collapse\" data-bs-target=\"#collapse7\" aria-expanded=\"false\" aria-controls=\"collapse7\">Come faccio a fare un\u2019esperienza come Esperto Nazionale Distaccato o come Esperto Nazionale in Formazione Professionale?<\/button><\/h2>\n<div id=\"collapse7\" class=\"accordion-collapse collapse\" role=\"region\" aria-labelledby=\"heading7\">\n<div class=\"accordion-body\">Per sapere come candidarvi e per avere maggiori informazioni sugli END e sugli ENFP, sia nelle Istituzioni che nelle Agenzie e Organismi dell\u2019Unione Europea, visitate la pagina <a title=\"Vai alla pagina opportunit\u00e0 di lavoro nella UE\" href=\"https:\/\/www.esteri.it\/it\/servizi-opportunita\/opportunita\/nella_ue\/\">Opportunit\u00e0 di lavoro nella UE<\/a>.<\/div>\n<\/div>\n<\/div>\n<div class=\"accordion-item\">\n<h2 id=\"heading8\" class=\"accordion-header \"><button class=\"accordion-button collapsed\" type=\"button\" data-bs-toggle=\"collapse\" data-bs-target=\"#collapse8\" aria-expanded=\"false\" aria-controls=\"collapse8\">Come faccio a candidarmi per lavorare presso l\u2019UE?<\/button><\/h2>\n<div id=\"collapse8\" class=\"accordion-collapse collapse\" role=\"region\" aria-labelledby=\"heading8\">\n<div class=\"accordion-body\">\n<p>Per avere informazioni sulle occasioni di lavoro presso le Istituzioni dell\u2019Unione Europea e sugli eventuali concorsi, dovete consultare il sito ufficiale dell\u2019Ufficio Selezione del Personale Europeo (<a title=\"Vai al sito EPSO\" href=\"https:\/\/europa.eu\/epso\/index_it.htm\" target=\"_blank\" rel=\"nofollow noopener\">EPSO<\/a>) o direttamente la Gazzetta ufficiale dell\u2019Unione Europea e i siti delle singole Istituzioni.Per ulteriori informazioni potete consultare la sezione <a title=\"Vai alla pagina opportunit\u00e0 di lavoro nella UE\" href=\"https:\/\/www.esteri.it\/it\/servizi-opportunita\/opportunita\/nella_ue\/\">Opportunit\u00e0 di lavoro nella UE<\/a>.<\/p>\n<\/div>\n<\/div>\n<\/div>\n<div class=\"accordion-item\">\n<h2 id=\"heading9\" class=\"accordion-header\"><button class=\"accordion-button collapsed\" type=\"button\" data-bs-toggle=\"collapse\" data-bs-target=\"#collapse9\" aria-expanded=\"false\" aria-controls=\"collapse9\">Sono insegnante precario. Posso andare ad insegnare all\u2019estero presso scuole italiane?<\/button><\/h2>\n<div id=\"collapse9\" class=\"accordion-collapse collapse\" role=\"region\" aria-labelledby=\"heading9\">\n<div class=\"accordion-body\">Esistono delle graduatorie per il conferimento di supplenze all\u2019estero su posti di contingente statale, su cui \u00e8 possibile fare domanda di inserimento anche se non si \u00e8 docenti di ruolo.<br \/>\nBisogna essere in possesso del titolo di studio idoneo all\u2019insegnamento per il posto o la classe di concorso per cui si chiede l\u2019inserimento in graduatoria.<br \/>\nIl possesso dell\u2019abilitazione all\u2019insegnamento, l\u2019inclusione nelle graduatorie a esaurimento in Italia e la residenza nel paese in cui si trova l\u2019istituzione scolastica non sono requisiti obbligatori. Si tratta solo di titoli preferenziali. Per ogni altra informazione, consultate la pagina <a title=\"Vai alla pagina supplenze estero\" href=\"https:\/\/www.esteri.it\/it\/diplomazia-culturale-e-diplomazia-scientifica\/cultura\/scuoleitalianeallestero\/PersonaleScolastico\/\">Supplenze estero<\/a> in particolare tutti gli Approfondimenti che appaiono nella parte destra dello schermo (informazioni generali sulle supplenze all\u2019estero, domande pi\u00f9 frequenti, guida alla presentazione della domanda di inserimento in graduatoria).<\/div>\n<\/div>\n<\/div>\n<div class=\"accordion-item\">\n<h2 id=\"heading10\" class=\"accordion-header \"><button class=\"accordion-button collapsed\" type=\"button\" data-bs-toggle=\"collapse\" data-bs-target=\"#collapse10\" aria-expanded=\"false\" aria-controls=\"collapse10\">Sono insegnante di ruolo. Come faccio per insegnare presso le scuole italiane all\u2019estero?<\/button><\/h2>\n<div id=\"collapse10\" class=\"accordion-collapse collapse\" role=\"region\" aria-labelledby=\"heading10\">\n<div class=\"accordion-body\">Per poter insegnare all\u2019estero (nelle scuole italiane statali, scuole paritarie, scuole europee, scuole bilingui, cattedre di italiano in scuole straniere, corsi di italiano per le collettivit\u00e0 italiane all\u2019estero e lettorati presso universit\u00e0 straniere) \u00e8 necessario essere docenti di ruolo della scuola italiana da almeno due anni.<br \/>\nSi devono superare delle prove di accertamento della conoscenza delle lingue straniere ed essere in possesso di specifici requisiti. Le prove linguistiche vengono indette all\u2019incirca ogni tre anni.<br \/>\nL\u2019idoneit\u00e0 conseguita nelle prove di accertamento linguistico, insieme alla valutazione dei titoli culturali, professionali e di servizio, comporta l\u2019inserimento in una graduatoria, che si aggiorner\u00e0 con le successive prove linguistiche.<br \/>\nL\u2019idoneit\u00e0 conseguita conserva la sua validit\u00e0 per 9 anni.<br \/>\nSulla base dell\u2019art.2, comma 4 novies della Legge del 26 febbraio 2011, n.10, la durata del servizio all\u2019estero non pu\u00f2 essere superiore ai nove anni scolastici.Per maggiori informazioni consultate la pagina <a title=\"Vai alla pagina Istituzioni scolastiche\" href=\"https:\/\/www.esteri.it\/it\/diplomazia-culturale-e-diplomazia-scientifica\/cultura\/sistema-della-formazione-italiana-nel-mondo\/\">Istituzioni scolastiche<\/a>.<\/div>\n<\/div>\n<\/div>\n<div class=\"accordion-item\">\n<h2 id=\"heading10\" class=\"accordion-header \"><button class=\"accordion-button collapsed\" type=\"button\" data-bs-toggle=\"collapse\" data-bs-target=\"#collapse10\" aria-expanded=\"false\" aria-controls=\"collapse10\">Mio figlio minore vuole fare un\u2019esperienza di lavoro\/studio\/volontariato all\u2019estero. A chi posso rivolgermi per avere maggiori informazioni?<\/button><\/h2>\n<div id=\"collapse10\" class=\"accordion-collapse collapse\" role=\"region\" aria-labelledby=\"heading10\">\n<div class=\"accordion-body\">E\u2019 consigliabile chiedere informazioni alle autorit\u00e0 diplomatico-consolari del Paese di interesse.<br \/>\nTutti i recapiti delle <a title=\"Vai alla pagina Rappresentanze straniere\" href=\"https:\/\/www.esteri.it\/it\/ministero\/rappresentanze-straniere\/\">Rappresentanze straniere in Italia<\/a>.<\/div>\n<\/div>\n<\/div>\n<\/div>\n","protected":false},"excerpt":{"rendered":"Stage, tirocini, lavoro al Mae, cooperazione allo sviluppo, agevolazioni internazionalizzazione, investimenti, bandi e gare estero, reciprocit\u00e0, visto per lavoro, insegnamento all&#8217;estero Come posso candidarmi per uno stage presso un\u2019Ambasciata\/Consolato? Per aggiornamenti ed informazioni sui tirocini presso le Sedi estere del Ministero, visitate l\u2019apposita sezione. Sto per trasferirmi con la mia famiglia all\u2019estero. Posso fare domanda [&hellip;]","protected":false},"author":1,"featured_media":0,"parent":45948,"menu_order":0,"comment_status":"closed","ping_status":"closed","template":"","meta":{"footnotes":""},"class_list":["post-45970","page","type-page","status-publish","hentry"],"_links":{"self":[{"href":"https:\/\/www.esteri.it\/it\/wp-json\/wp\/v2\/pages\/45970","targetHints":{"allow":["GET"]}}],"collection":[{"href":"https:\/\/www.esteri.it\/it\/wp-json\/wp\/v2\/pages"}],"about":[{"href":"https:\/\/www.esteri.it\/it\/wp-json\/wp\/v2\/types\/page"}],"author":[{"embeddable":true,"href":"https:\/\/www.esteri.it\/it\/wp-json\/wp\/v2\/users\/1"}],"replies":[{"embeddable":true,"href":"https:\/\/www.esteri.it\/it\/wp-json\/wp\/v2\/comments?post=45970"}],"version-history":[{"count":4,"href":"https:\/\/www.esteri.it\/it\/wp-json\/wp\/v2\/pages\/45970\/revisions"}],"predecessor-version":[{"id":165257,"href":"https:\/\/www.esteri.it\/it\/wp-json\/wp\/v2\/pages\/45970\/revisions\/165257"}],"up":[{"embeddable":true,"href":"https:\/\/www.esteri.it\/it\/wp-json\/wp\/v2\/pages\/45948"}],"wp:attachment":[{"href":"https:\/\/www.esteri.it\/it\/wp-json\/wp\/v2\/media?parent=45970"}],"curies":[{"name":"wp","href":"https:\/\/api.w.org\/{rel}","templated":true}]}}